{"id":132225,"date":"2025-11-21T16:56:21","date_gmt":"2025-11-21T13:57:23","guid":{"rendered":"https:\/\/factory.sale\/?post_type=product&#038;p=132225"},"modified":"2026-02-05T15:19:53","modified_gmt":"2026-02-05T12:19:53","slug":"skamet-sy-116-puukuttega-saunaahi-ummarguse-vorkkorpusega-8-18-m%c2%b3-leiliruumidesse-koetav-samast-ruumist","status":"publish","type":"product","link":"https:\/\/factory.sale\/et\/toode\/skamet-sy-116-puukuttega-saunaahi-ummarguse-vorkkorpusega-8-18-m%c2%b3-leiliruumidesse-koetav-samast-ruumist\/","title":{"rendered":"Skamet SY-116 puuk\u00fcttega saunaahi \u00fcmmarguse v\u00f5rkkorpusega 8\u201318 m\u00b3 leiliruumidesse, k\u00f6etav samast ruumist"},"content":{"rendered":"<p>Skamet SY-116 on loodud keskmise suurusega, 8\u201318 m\u00b3 leiliruumide jaoks ning selle erip\u00e4raks on \u00fcmar v\u00f5rkkorpus, mis toob kivimassi visuaalselt h\u00e4sti esile ja tagab samal ajal k\u00f5rge soojusj\u00f5udluse. Tulekolle avatakse otse leiliruumi poole, v\u00f5imaldades traditsioonilist saunaelamust ja mugavat kasutust.<\/p>\n<p>Ahi mahutab ligikaudu 140 kg kerisekive ning selle m\u00f5\u00f5dud (k\u00f5rgus umbes 78 cm, l\u00e4bim\u00f5\u00f5t 56 cm) sobituvad h\u00e4sti erinevatesse paigalduslahendustesse. Suitsutoru standardne \u00fchendus on pealt (115 mm), ning kasutada saab kuni 50 cm pikkuseid k\u00fcttepuid.<\/p>\n<p>Tugevatest materjalidest valmistatud ja kuumakindla viimistlusega SY-116 pakub aastaid t\u00f6\u00f6kindlat saunaelamust, tuues \u00fchtlase soojuse ja visuaalselt avatud kivikambri kaudu leilile juurde s\u00fcgavust ja pehmust.<\/p>\n<p><strong>Tehnilised andmed:<\/strong><\/p>\n<ul>\n<li>K\u00f6etav ruumala: 8\u201318 m\u00b3<\/li>\n<li>K\u00f5rgus: 78 cm<\/li>\n<li>L\u00e4bim\u00f5\u00f5t: 56 cm<\/li>\n<li>Kivide kogus: ~140 kg<\/li>\n<li>K\u00fcttepuude pikkus: kuni 50 cm<\/li>\n<li>Suitsutoru l\u00e4bim\u00f5\u00f5t: 115 mm (pealt)<\/li>\n<li>Paigaldus: eesk\u00fctmine, samast ruumist<\/li>\n<\/ul>\n<p><strong>Standardvarustus:<\/strong><\/p>\n<ul>\n<li>\u00dcmar v\u00f5rkkorpus n\u00e4htava kivimassiga<\/li>\n<li>Eesk\u00fctmine (tulekolle samast ruumist)<\/li>\n<li>Suur kivimass \u00fchtlaseks ja s\u00fcgavaks leiliks<\/li>\n<li>Tugev konstruktsioon ja kuumakindel viimistlus<\/li>\n<\/ul>\n<p><strong>Valikulised lisad:<\/strong><\/p>\n<ul>\n<li>Klaasuks (230 \u00d7 230 mm)<\/li>\n<li>Korstna\u00fchendus tagant<\/li>\n<li>Uksehinged paremal<\/li>\n<li>Veepaagi v\u00f5i soojusvaheti \u00fchendus (vasakul, paremal v\u00f5i tagant)<\/li>\n<\/ul>\n<p><strong>Saadaval mudelid:<br \/>\n<\/strong><br \/>\nMudel\u00a0 \u00a0 \u00a0 \u00a0 \u00a0 \u00a0 \u00a0 \u00a0 \u00a0 \u00a0 \u00a0 \u00a0 \u00a0 \u00a0 \u00a0 \u00a0 \u00a0 \u00a0 \u00a0 \u00a0 \u00a0 \u00a0 \u00a0 \u00a0 \u00a0 \u00a0 \u00a0 \u00a0 \u00a0 \u00a0 \u00a0 \u00a0 Kirjeldus\u00a0 \u00a0 \u00a0 \u00a0 \u00a0 \u00a0 \u00a0 \u00a0 \u00a0 \u00a0 \u00a0 \u00a0 \u00a0 \u00a0 \u00a0 \u00a0 \u00a0 \u00a0 \u00a0 \u00a0 \u00a0 \u00a0 \u00a0 \u00a0 \u00a0 \u00a0 \u00a0 \u00a0 \u00a0 \u00a0 \u00a0 \u00a0 \u00a0 \u00a0 \u00a0 \u00a0 \u00a0 \u00a0 \u00a0 \u00a0 \u00a0 \u00a0 \u00a0 \u00a0EAN\u00a0 \u00a0 \u00a0 \u00a0 \u00a0 \u00a0 \u00a0 \u00a0 \u00a0Hind<br \/>\nSY-116\u00a0 \u00a0 \u00a0 \u00a0 \u00a0 \u00a0 \u00a0 \u00a0 \u00a0Saunaahi (8\u201318 m\u00b3), ilma veepaagi \u00fchenduseta, \u00fcmar v\u00f5rkkorpus\u00a0 \u00a0 \u00a0 \u00a0 \u00a0 \u00a0 \u00a0 \u00a0 \u00a0 \u00a0 \u00a0 \u00a0 \u00a0 \u00a0 \u00a04742482001163\u00a0 \u00a0 431.25 \u20ac<br \/>\nSY-116 GL\u00a0 \u00a0 \u00a0 \u00a0 \u00a0 \u00a0Saunaahi (8\u201318 m\u00b3), klaasuksega, ilma veepaagi \u00fchenduseta\u00a0 \u00a0 \u00a0 \u00a0 \u00a0 \u00a0 \u00a0 \u00a0 \u00a0 \u00a0 \u00a0 \u00a0 \u00a0 \u00a0 \u00a0 \u00a0 \u00a0 \u00a0 4742482001200\u00a0 \u00a0 448.50 \u20ac<br \/>\nSY-116 BP\u00a0 \u00a0 \u00a0 \u00a0 \u00a0 \u00a0Saunaahi (8\u201318 m\u00b3), veepaagi \u00fchendus paremal\u00a0 \u00a0 \u00a0 \u00a0 \u00a0 \u00a0 \u00a0 \u00a0 \u00a0 \u00a0 \u00a0 \u00a0 \u00a0 \u00a0 \u00a0 \u00a0 \u00a0 \u00a0 \u00a0 \u00a0 \u00a0 \u00a0 \u00a0 \u00a0 \u00a0 \u00a0 \u00a0 \u00a0 \u00a0 \u00a04742482001170\u00a0 \u00a0 471.50 \u20ac<br \/>\nSY-116 BPGL\u00a0 \u00a0 \u00a0 Saunaahi (8\u201318 m\u00b3), veepaagi \u00fchendus paremal, klaasuksega\u00a0 \u00a0 \u00a0 \u00a0 \u00a0 \u00a0 \u00a0 \u00a0 \u00a0 \u00a0 \u00a0 \u00a0 \u00a0 \u00a0 \u00a0 \u00a0 \u00a0 \u00a04742482001217\u00a0 \u00a0 488.75 \u20ac<br \/>\nSY-116 BV\u00a0 \u00a0 \u00a0 \u00a0 \u00a0 \u00a0Saunaahi (8\u201318 m\u00b3), veepaagi \u00fchendus vasakul\u00a0 \u00a0 \u00a0 \u00a0 \u00a0 \u00a0 \u00a0 \u00a0 \u00a0 \u00a0 \u00a0 \u00a0 \u00a0 \u00a0 \u00a0 \u00a0 \u00a0 \u00a0 \u00a0 \u00a0 \u00a0 \u00a0 \u00a0 \u00a0 \u00a0 \u00a0 \u00a0 \u00a0 \u00a0 \u00a0 \u00a04742482001187\u00a0 \u00a0 471.50 \u20ac<br \/>\nSY-116 BVGL\u00a0 \u00a0 \u00a0 Saunaahi (8\u201318 m\u00b3), veepaagi \u00fchendus vasakul, klaasuksega\u00a0 \u00a0 \u00a0 \u00a0 \u00a0 \u00a0 \u00a0 \u00a0 \u00a0 \u00a0 \u00a0 \u00a0 \u00a0 \u00a0 \u00a0 \u00a0 \u00a0 \u00a0 \u00a04742482001224\u00a0 \u00a0 488.75 \u20ac<br \/>\nSY-116 BT\u00a0 \u00a0 \u00a0 \u00a0 \u00a0 \u00a0Saunaahi (8\u201318 m\u00b3), veepaagi \u00fchendus tagant\u00a0 \u00a0 \u00a0 \u00a0 \u00a0 \u00a0 \u00a0 \u00a0 \u00a0 \u00a0 \u00a0 \u00a0 \u00a0 \u00a0 \u00a0 \u00a0 \u00a0 \u00a0 \u00a0 \u00a0 \u00a0 \u00a0 \u00a0 \u00a0 \u00a0 \u00a0 \u00a0 \u00a0 \u00a0 \u00a0 \u00a0 \u00a04742482001194\u00a0 \u00a0 471.50 \u20ac<br \/>\nSY-116 BTGL\u00a0 \u00a0 \u00a0 Saunaahi (8\u201318 m\u00b3), veepaagi \u00fchendus tagant, klaasuksega\u00a0 \u00a0 \u00a0 \u00a0 \u00a0 \u00a0 \u00a0 \u00a0 \u00a0 \u00a0 \u00a0 \u00a0 \u00a0 \u00a0 \u00a0 \u00a0 \u00a0 \u00a0 \u00a0 \u00a04742482001231\u00a0 \u00a0 488.75 \u20ac<\/p>\n<p>&nbsp;<\/p>\n<p><img loading=\"lazy\" decoding=\"async\" class=\"alignnone wp-image-132152\" src=\"https:\/\/factory.sale\/wp-content\/uploads\/2025\/11\/Banner-300x200.jpg\" alt=\"\" width=\"1227\" height=\"818\" srcset=\"https:\/\/factory.sale\/wp-content\/uploads\/2025\/11\/Banner-300x200.jpg 300w, https:\/\/factory.sale\/wp-content\/uploads\/2025\/11\/Banner-1024x683.jpg 1024w, https:\/\/factory.sale\/wp-content\/uploads\/2025\/11\/Banner-150x100.jpg 150w, https:\/\/factory.sale\/wp-content\/uploads\/2025\/11\/Banner-768x512.jpg 768w, https:\/\/factory.sale\/wp-content\/uploads\/2025\/11\/Banner-1536x1024.jpg 1536w, https:\/\/factory.sale\/wp-content\/uploads\/2025\/11\/Banner-600x400.jpg 600w, https:\/\/factory.sale\/wp-content\/uploads\/2025\/11\/Banner.jpg 2016w\" sizes=\"auto, (max-width: 1227px) 100vw, 1227px\" \/><\/p>\n","protected":false},"excerpt":{"rendered":"<p>Skamet SY-116 pakub visuaalselt avatud \u00fcmarat v\u00f5rkkorpust, mis \u00fcmbritseb kivimassi ning tagab \u00fchtlase leili ja tugeva soojusj\u00f5udluse. Sobib 8\u201318 m\u00b3 leiliruumidesse ning pakub traditsioonilist, samast ruumist k\u00f6etavat saunaelamust.<\/p>\n","protected":false},"featured_media":131627,"comment_status":"open","ping_status":"closed","template":"","meta":{"_acf_changed":false},"factory":[],"free-shipment":[],"product_brand":[4640],"product_cat":[306,4638],"product_tag":[],"class_list":{"0":"post-132225","1":"product","2":"type-product","3":"status-publish","4":"has-post-thumbnail","6":"product_brand-skamet","7":"product_cat-saunakerised","8":"product_cat-skamet-et","10":"first","11":"instock","12":"sale","13":"taxable","14":"shipping-taxable","15":"purchasable","16":"product-type-simple"},"acf":[],"_links":{"self":[{"href":"https:\/\/factory.sale\/et\/wp-json\/wp\/v2\/product\/132225","targetHints":{"allow":["GET"]}}],"collection":[{"href":"https:\/\/factory.sale\/et\/wp-json\/wp\/v2\/product"}],"about":[{"href":"https:\/\/factory.sale\/et\/wp-json\/wp\/v2\/types\/product"}],"replies":[{"embeddable":true,"href":"https:\/\/factory.sale\/et\/wp-json\/wp\/v2\/comments?post=132225"}],"wp:featuredmedia":[{"embeddable":true,"href":"https:\/\/factory.sale\/et\/wp-json\/wp\/v2\/media\/131627"}],"wp:attachment":[{"href":"https:\/\/factory.sale\/et\/wp-json\/wp\/v2\/media?parent=132225"}],"wp:term":[{"taxonomy":"factory","embeddable":true,"href":"https:\/\/factory.sale\/et\/wp-json\/wp\/v2\/factory?post=132225"},{"taxonomy":"free-shipment","embeddable":true,"href":"https:\/\/factory.sale\/et\/wp-json\/wp\/v2\/free-shipment?post=132225"},{"taxonomy":"product_brand","embeddable":true,"href":"https:\/\/factory.sale\/et\/wp-json\/wp\/v2\/product_brand?post=132225"},{"taxonomy":"product_cat","embeddable":true,"href":"https:\/\/factory.sale\/et\/wp-json\/wp\/v2\/product_cat?post=132225"},{"taxonomy":"product_tag","embeddable":true,"href":"https:\/\/factory.sale\/et\/wp-json\/wp\/v2\/product_tag?post=132225"}],"curies":[{"name":"wp","href":"https:\/\/api.w.org\/{rel}","templated":true}]}}