{"id":132223,"date":"2025-11-21T16:53:40","date_gmt":"2025-11-21T13:56:55","guid":{"rendered":"https:\/\/factory.sale\/?post_type=product&#038;p=132223"},"modified":"2026-03-18T09:28:04","modified_gmt":"2026-03-18T06:28:04","slug":"skamet-p-120-puukuttega-saunaahi-metallkorpusega-16-25-m%c2%b3-leiliruumidesse-koetav-samast-ruumist","status":"publish","type":"product","link":"https:\/\/factory.sale\/et\/toode\/skamet-p-120-puukuttega-saunaahi-metallkorpusega-16-25-m%c2%b3-leiliruumidesse-koetav-samast-ruumist\/","title":{"rendered":"Skamet P-120 puuk\u00fcttega saunaahi metallkorpusega 16\u201325 m\u00b3 leiliruumidesse, k\u00f6etav samast ruumist"},"content":{"rendered":"<p>Skamet P-120 on m\u00f5eldud 16\u201325 m\u00b3 leiliruumidele ning on varustatud tugeva teraskorpusega. 81 cm k\u00f5rgune ja kompaktse jalaj\u00e4ljega mudel sobitub h\u00e4sti suurematesse leiliruumidesse, pakkudes t\u00f5husat ja stabiilset k\u00fctmist. Keris mahutab kuni 50 kg kerisekive ning v\u00f5imaldab kasutada umbes 40\u201350 cm pikkuseid k\u00fcttepuid. Suitsutoru l\u00e4bim\u00f5\u00f5t on 115 mm ning paigaldamisel saab valida kas pealt- v\u00f5i tagant\u00fchenduse.<\/p>\n<p>Standardvarustuses on metalluks puidust k\u00e4epidemega, kuid soovi korral saab valida lisasid, nagu klaasuks (230 \u00d7 230 mm), veepaagi \u00fchendus (vasakul, paremal v\u00f5i tagant) v\u00f5i teistsugune uksehingede suund. P-120 on valmistatud vastavalt k\u00f5rgetele kvaliteedin\u00f5uetele ning sobib nii kodustesse kui ka v\u00e4iksema koormusega \u00e4rilistes saunadesse.<\/p>\n<p><strong>Tehnilised andmed:<\/strong><\/p>\n<ul>\n<li>K\u00f6etav ruumala: 16\u201325 m\u00b3<\/li>\n<li>K\u00f5rgus: 81 cm<\/li>\n<li>Laius: 43 cm<\/li>\n<li>S\u00fcgavus: 51 cm<\/li>\n<li>Kaal: 55 kg<\/li>\n<li>Kivide kogus: kuni 50 kg<\/li>\n<li>K\u00fcttepuude pikkus: kuni 40 cm<\/li>\n<li>Suitsutoru l\u00e4bim\u00f5\u00f5t: 115 mm<\/li>\n<li>Paigaldus: eesk\u00fctmine, samast ruumist<\/li>\n<li>Korpuse t\u00fc\u00fcp: metallkorpus<\/li>\n<\/ul>\n<p><strong>Standardvarustus:<\/strong><\/p>\n<ul>\n<li>Terasuks puidust k\u00e4epidemega<\/li>\n<li>Korstna\u00fchendus pealt v\u00f5i tagant<\/li>\n<li>Must kuumakindel v\u00e4rvkate<\/li>\n<li>M\u00f5eldud 16\u201325 m\u00b3 leiliruumidele<\/li>\n<li>Tugev teraskorpus<\/li>\n<li>Uksehinged vasakul<\/li>\n<\/ul>\n<p><strong>Valikulised lisad:<\/strong><\/p>\n<ul>\n<li>Klaasuks (230 \u00d7 230 mm)<\/li>\n<li>Veepaagi v\u00f5i soojusvaheti \u00fchendus (vasak, parem v\u00f5i taga)<\/li>\n<li>Uksehinged paremal<\/li>\n<li>Korpuse viimistlus roostevabast terasest v\u00f5i punane-must<\/li>\n<li>Korpuse \u00fclemine serv roostevabast terasest<\/li>\n<\/ul>\n<p><strong>Saadaval mudelid:<\/strong><br \/>\nMudel\u00a0 \u00a0 \u00a0 \u00a0 \u00a0 \u00a0 \u00a0 \u00a0 \u00a0 \u00a0 \u00a0 \u00a0 \u00a0 \u00a0 \u00a0 \u00a0 \u00a0 \u00a0 \u00a0 \u00a0 \u00a0 \u00a0 \u00a0 \u00a0 \u00a0 \u00a0 \u00a0 \u00a0 \u00a0 \u00a0 \u00a0 \u00a0 \u00a0 \u00a0 \u00a0Kirjeldus\u00a0 \u00a0 \u00a0 \u00a0 \u00a0 \u00a0 \u00a0 \u00a0 \u00a0 \u00a0 \u00a0 \u00a0 \u00a0 \u00a0 \u00a0 \u00a0 \u00a0 \u00a0 \u00a0 \u00a0 \u00a0 \u00a0 \u00a0 \u00a0 \u00a0 \u00a0 \u00a0 \u00a0 \u00a0 \u00a0 \u00a0 \u00a0 \u00a0 \u00a0 \u00a0 \u00a0 \u00a0 \u00a0 \u00a0 \u00a0 \u00a0 \u00a0 \u00a0 \u00a0 \u00a0EAN\u00a0 \u00a0 \u00a0 \u00a0 \u00a0 \u00a0 \u00a0 \u00a0 \u00a0 \u00a0 Hind<br \/>\nP-120\u00a0 \u00a0 \u00a0 \u00a0 \u00a0 \u00a0 \u00a0 \u00a0 \u00a0 \u00a0 \u00a0 \u00a0 \u00a0 Saunaahi (16\u201325 m\u00b3), ilma veepaagi \u00fchenduseta, teraskorpus\u00a0 \u00a0 \u00a0 \u00a0 \u00a0 \u00a0 \u00a0 \u00a0 \u00a0 \u00a0 \u00a0 \u00a0 \u00a0 \u00a0 \u00a0 \u00a0 \u00a0 \u00a0 4742482000500\u00a0 \u00a0 396.75 \u20ac<br \/>\nP-120 GL\u00a0 \u00a0 \u00a0 \u00a0 \u00a0 \u00a0 \u00a0 \u00a0 \u00a0 \u00a0 Saunaahi (16\u201325 m\u00b3), klaasuksega, ilma veepaagi \u00fchenduseta\u00a0 \u00a0 \u00a0 \u00a0 \u00a0 \u00a0 \u00a0 \u00a0 \u00a0 \u00a0 \u00a0 \u00a0 \u00a0 \u00a0 \u00a0 \u00a0 \u00a0 4742482000548\u00a0 \u00a0 414.00 \u20ac<br \/>\nP-120 BP\u00a0 \u00a0 \u00a0 \u00a0 \u00a0 \u00a0 \u00a0 \u00a0 \u00a0 \u00a0 Saunaahi (16\u201325 m\u00b3), veepaagi \u00fchendus paremal\u00a0 \u00a0 \u00a0 \u00a0 \u00a0 \u00a0 \u00a0 \u00a0 \u00a0 \u00a0 \u00a0 \u00a0 \u00a0 \u00a0 \u00a0 \u00a0 \u00a0 \u00a0 \u00a0 \u00a0 \u00a0 \u00a0 \u00a0 \u00a0 \u00a0 \u00a0 \u00a0 \u00a0 \u00a04742482000517\u00a0 \u00a0 442.75 \u20ac<br \/>\nP-120 BPGL\u00a0 \u00a0 \u00a0 \u00a0 \u00a0 \u00a0 \u00a0 \u00a0Saunaahi (16\u201325 m\u00b3), veepaagi \u00fchendus paremal, klaasuksega\u00a0 \u00a0 \u00a0 \u00a0 \u00a0 \u00a0 \u00a0 \u00a0 \u00a0 \u00a0 \u00a0 \u00a0 \u00a0 \u00a0 \u00a0 \u00a0 \u00a04742482000555\u00a0 \u00a0 460.00 \u20ac<br \/>\nP-120 BV\u00a0 \u00a0 \u00a0 \u00a0 \u00a0 \u00a0 \u00a0 \u00a0 \u00a0 \u00a0 \u00a0Saunaahi (16\u201325 m\u00b3), veepaagi \u00fchendus vasakul\u00a0 \u00a0 \u00a0 \u00a0 \u00a0 \u00a0 \u00a0 \u00a0 \u00a0 \u00a0 \u00a0 \u00a0 \u00a0 \u00a0 \u00a0 \u00a0 \u00a0 \u00a0 \u00a0 \u00a0 \u00a0 \u00a0 \u00a0 \u00a0 \u00a0 \u00a0 \u00a0 \u00a0 \u00a0 4742482000524\u00a0 \u00a0 442.75 \u20ac<br \/>\nP-120 BVGL\u00a0 \u00a0 \u00a0 \u00a0 \u00a0 \u00a0 \u00a0 \u00a0 Saunaahi (16\u201325 m\u00b3), veepaagi \u00fchendus vasakul, klaasuksega\u00a0 \u00a0 \u00a0 \u00a0 \u00a0 \u00a0 \u00a0 \u00a0 \u00a0 \u00a0 \u00a0 \u00a0 \u00a0 \u00a0 \u00a0 \u00a0 \u00a0 4742482000562\u00a0 \u00a0 460.00 \u20ac<br \/>\nP-120 BT\u00a0 \u00a0 \u00a0 \u00a0 \u00a0 \u00a0 \u00a0 \u00a0 \u00a0 \u00a0 \u00a0Saunaahi (16\u201325 m\u00b3), veepaagi \u00fchendus tagant\u00a0 \u00a0 \u00a0 \u00a0 \u00a0 \u00a0 \u00a0 \u00a0 \u00a0 \u00a0 \u00a0 \u00a0 \u00a0 \u00a0 \u00a0 \u00a0 \u00a0 \u00a0 \u00a0 \u00a0 \u00a0 \u00a0 \u00a0 \u00a0 \u00a0 \u00a0 \u00a0 \u00a0 \u00a0 \u00a0 4742482000531\u00a0 \u00a0 442.75 \u20ac<br \/>\nP-120 BTGL\u00a0 \u00a0 \u00a0 \u00a0 \u00a0 \u00a0 \u00a0 \u00a0 Saunaahi (16\u201325 m\u00b3), veepaagi \u00fchendus tagant, klaasuksega\u00a0 \u00a0 \u00a0 \u00a0 \u00a0 \u00a0 \u00a0 \u00a0 \u00a0 \u00a0 \u00a0 \u00a0 \u00a0 \u00a0 \u00a0 \u00a0 \u00a0 \u00a0 4742482000579\u00a0 \u00a0 460.00 \u20ac<\/p>\n<p>&nbsp;<\/p>\n<p><img loading=\"lazy\" decoding=\"async\" class=\"alignnone wp-image-132152\" src=\"https:\/\/factory.sale\/wp-content\/uploads\/2025\/11\/Banner-300x200.jpg\" alt=\"\" width=\"1227\" height=\"818\" srcset=\"https:\/\/factory.sale\/wp-content\/uploads\/2025\/11\/Banner-300x200.jpg 300w, https:\/\/factory.sale\/wp-content\/uploads\/2025\/11\/Banner-1024x683.jpg 1024w, https:\/\/factory.sale\/wp-content\/uploads\/2025\/11\/Banner-150x100.jpg 150w, https:\/\/factory.sale\/wp-content\/uploads\/2025\/11\/Banner-768x512.jpg 768w, https:\/\/factory.sale\/wp-content\/uploads\/2025\/11\/Banner-1536x1024.jpg 1536w, https:\/\/factory.sale\/wp-content\/uploads\/2025\/11\/Banner-600x400.jpg 600w, https:\/\/factory.sale\/wp-content\/uploads\/2025\/11\/Banner.jpg 2016w\" sizes=\"auto, (max-width: 1227px) 100vw, 1227px\" \/><\/p>\n","protected":false},"excerpt":{"rendered":"<p>Skamet P-120 on vastupidav puuk\u00fcttega saunaahi 16\u201325 m\u00b3 leiliruumidesse. Tugev metallkorpus, t\u00f5hus k\u00fcttev\u00f5imsus ja v\u00f5imalus lisada klaasuks v\u00f5i veepaagi \u00fchendus teevad selle paindlikuks ja t\u00f6\u00f6kindlaks lahenduseks igasse suuremasse sauna.<\/p>\n","protected":false},"featured_media":131707,"comment_status":"open","ping_status":"closed","template":"","meta":{"_acf_changed":false},"factory":[],"free-shipment":[],"product_brand":[4640],"product_cat":[306,4638],"product_tag":[],"class_list":{"0":"post-132223","1":"product","2":"type-product","3":"status-publish","4":"has-post-thumbnail","6":"product_brand-skamet","7":"product_cat-saunakerised","8":"product_cat-skamet-et","10":"first","11":"instock","12":"sale","13":"taxable","14":"shipping-taxable","15":"purchasable","16":"product-type-simple"},"acf":[],"_links":{"self":[{"href":"https:\/\/factory.sale\/et\/wp-json\/wp\/v2\/product\/132223","targetHints":{"allow":["GET"]}}],"collection":[{"href":"https:\/\/factory.sale\/et\/wp-json\/wp\/v2\/product"}],"about":[{"href":"https:\/\/factory.sale\/et\/wp-json\/wp\/v2\/types\/product"}],"replies":[{"embeddable":true,"href":"https:\/\/factory.sale\/et\/wp-json\/wp\/v2\/comments?post=132223"}],"wp:featuredmedia":[{"embeddable":true,"href":"https:\/\/factory.sale\/et\/wp-json\/wp\/v2\/media\/131707"}],"wp:attachment":[{"href":"https:\/\/factory.sale\/et\/wp-json\/wp\/v2\/media?parent=132223"}],"wp:term":[{"taxonomy":"factory","embeddable":true,"href":"https:\/\/factory.sale\/et\/wp-json\/wp\/v2\/factory?post=132223"},{"taxonomy":"free-shipment","embeddable":true,"href":"https:\/\/factory.sale\/et\/wp-json\/wp\/v2\/free-shipment?post=132223"},{"taxonomy":"product_brand","embeddable":true,"href":"https:\/\/factory.sale\/et\/wp-json\/wp\/v2\/product_brand?post=132223"},{"taxonomy":"product_cat","embeddable":true,"href":"https:\/\/factory.sale\/et\/wp-json\/wp\/v2\/product_cat?post=132223"},{"taxonomy":"product_tag","embeddable":true,"href":"https:\/\/factory.sale\/et\/wp-json\/wp\/v2\/product_tag?post=132223"}],"curies":[{"name":"wp","href":"https:\/\/api.w.org\/{rel}","templated":true}]}}