{"id":132210,"date":"2025-11-21T16:56:20","date_gmt":"2025-11-21T13:57:26","guid":{"rendered":"https:\/\/factory.sale\/?post_type=product&#038;p=132210"},"modified":"2026-03-18T09:08:43","modified_gmt":"2026-03-18T06:08:43","slug":"skamet-s-120-puukuttega-saunaahi-kandilise-vorkkorpusega-16-25-m%c2%b3-leiliruumidesse-koetav-samast-ruumist","status":"publish","type":"product","link":"https:\/\/factory.sale\/et\/toode\/skamet-s-120-puukuttega-saunaahi-kandilise-vorkkorpusega-16-25-m%c2%b3-leiliruumidesse-koetav-samast-ruumist\/","title":{"rendered":"Skamet S-120 puuk\u00fcttega saunaahi kandilise v\u00f5rkkorpusega 16\u201325 m\u00b3 leiliruumidesse, k\u00f6etav samast ruumist"},"content":{"rendered":"<p>Skamet S-120 on m\u00f5eldud 16\u201325 m\u00b3 leiliruumidele ning on varustatud samast ruumist k\u00f6etava tulekoldega. Kandiline v\u00f5rkkorpus \u00fcmbritseb mahukat kivimassi, tagades suurep\u00e4rase \u00f5huringluse, kauni vaate kividele ning pikaajalise ja \u00fchtlase soojuse.<\/p>\n<p>Tugevast terasest valmistatud ning musta kuumakindla v\u00e4rviga viimistletud S-120 pakub k\u00f5rget kasutegurit ja t\u00f6\u00f6kindlust aastateks. Mudel v\u00f5imaldab kasutada kuni 60 cm pikkuseid k\u00fcttepuid, mis tagab kiire k\u00fctmise ja p\u00fcsiva kuumuse.<\/p>\n<p>Eestis valmistatud S-120 vastab EN 15821:2010 n\u00f5uetele, tagades kvaliteedi, ohutuse ja energiat\u00f5hususe vastavalt Euroopa standarditele.<\/p>\n<p><strong>Tehnilised andmed:<\/strong><\/p>\n<ul>\n<li>K\u00f6etav ruumala: 16\u201325 m\u00b3<\/li>\n<li>K\u00f5rgus: 84 cm<\/li>\n<li>Laius: 49 cm<\/li>\n<li>S\u00fcgavus: 61 cm<\/li>\n<li>Kaal: 65 kg<\/li>\n<li>Kivide kogus: ~160 kg<\/li>\n<li>K\u00fcttepuude pikkus: kuni 50 cm<\/li>\n<li>Suitsutoru l\u00e4bim\u00f5\u00f5t: 115 mm (pealt)<\/li>\n<li>Paigaldus: eesk\u00fctmine, samast ruumist<\/li>\n<li>Korpuse t\u00fc\u00fcp: kandiline v\u00f5rkkorpus<\/li>\n<\/ul>\n<p><strong>Standardvarustus:<\/strong><\/p>\n<ul>\n<li>Kandiline v\u00f5rkkorpus n\u00e4htava kivimassiga<\/li>\n<li>Terasuks (standard)<\/li>\n<li>Korstna\u00fchendus pealt<\/li>\n<li>Must kuumakindel v\u00e4rvkate<\/li>\n<li>Uksehinged vasakul<\/li>\n<li>M\u00f5eldud 16\u201325 m\u00b3 leiliruumidele<\/li>\n<li>Valmistatud Eestis (vastab EN 15821:2010 standardile)<\/li>\n<\/ul>\n<p><strong>Valikulised lisad:<\/strong><\/p>\n<ul>\n<li>Klaasuks (230 \u00d7 230 mm)<\/li>\n<li>Uksehinged paremal<\/li>\n<li>Korstna\u00fchendus tagant<\/li>\n<li>Veepaagi v\u00f5i soojusvaheti \u00fchendus (vasak, parem v\u00f5i taga)<\/li>\n<\/ul>\n<p><strong>Saadaval mudelid:<br \/>\n<\/strong><br \/>\nMudel\u00a0 \u00a0 \u00a0 \u00a0 \u00a0 \u00a0 \u00a0 \u00a0 \u00a0 \u00a0 \u00a0 \u00a0 \u00a0 \u00a0 \u00a0 \u00a0 \u00a0 \u00a0 \u00a0 \u00a0 \u00a0 \u00a0 \u00a0 \u00a0 \u00a0 \u00a0 \u00a0 \u00a0 \u00a0 \u00a0 \u00a0 \u00a0 \u00a0 \u00a0 \u00a0 \u00a0 \u00a0 \u00a0 \u00a0 \u00a0 \u00a0 \u00a0 \u00a0 \u00a0 \u00a0 \u00a0Kirjeldus\u00a0 \u00a0 \u00a0 \u00a0 \u00a0 \u00a0 \u00a0 \u00a0 \u00a0 \u00a0 \u00a0 \u00a0 \u00a0 \u00a0 \u00a0 \u00a0 \u00a0 \u00a0 \u00a0 \u00a0 \u00a0 \u00a0 \u00a0 \u00a0 \u00a0 \u00a0 \u00a0 \u00a0 \u00a0 \u00a0 \u00a0 \u00a0 \u00a0 \u00a0 \u00a0 \u00a0 \u00a0 \u00a0 \u00a0 EAN\u00a0 \u00a0 \u00a0 \u00a0 \u00a0 \u00a0 \u00a0 \u00a0 \u00a0Hind<br \/>\nS-120\u00a0 \u00a0 \u00a0 \u00a0 \u00a0 \u00a0 \u00a0 \u00a0 \u00a0 \u00a0 \u00a0 \u00a0 Saunaahi (16\u201325 m\u00b3), ilma veepaagi \u00fchenduseta, kandiline v\u00f5rkkorpus\u00a0 \u00a0 \u00a0 \u00a0 \u00a0 \u00a0 \u00a0 \u00a0 \u00a0 \u00a0 \u00a0 \u00a0 \u00a0 \u00a0 \u00a0 \u00a0 4742482001507\u00a0 \u00a0 \u00a0471.50 \u20ac<br \/>\nS-120 GL\u00a0 \u00a0 \u00a0 \u00a0 \u00a0 \u00a0 \u00a0 \u00a0 \u00a0 Saunaahi (16\u201325 m\u00b3), klaasuksega, ilma veepaagi \u00fchenduseta\u00a0 \u00a0 \u00a0 \u00a0 \u00a0 \u00a0 \u00a0 \u00a0 \u00a0 \u00a0 \u00a0 \u00a0 \u00a0 \u00a0 \u00a0 \u00a0 \u00a0 \u00a0 \u00a0 \u00a0 \u00a0 \u00a0 \u00a0 4742482001545\u00a0 \u00a0 \u00a0488.75 \u20ac<br \/>\nS-120 BP\u00a0 \u00a0 \u00a0 \u00a0 \u00a0 \u00a0 \u00a0 \u00a0 \u00a0 Saunaahi (16\u201325 m\u00b3), veepaagi \u00fchendus paremal\u00a0 \u00a0 \u00a0 \u00a0 \u00a0 \u00a0 \u00a0 \u00a0 \u00a0 \u00a0 \u00a0 \u00a0 \u00a0 \u00a0 \u00a0 \u00a0 \u00a0 \u00a0 \u00a0 \u00a0 \u00a0 \u00a0 \u00a0 \u00a0 \u00a0 \u00a0 \u00a0 \u00a0 \u00a0 \u00a0 \u00a0 \u00a0 \u00a0 \u00a0 \u00a04742482001514\u00a0 \u00a0 \u00a0511.75 \u20ac<br \/>\nS-120 BPGL\u00a0 \u00a0 \u00a0 \u00a0 \u00a0 \u00a0 \u00a0Saunaahi (16\u201325 m\u00b3), veepaagi \u00fchendus paremal, klaasuksega\u00a0 \u00a0 \u00a0 \u00a0 \u00a0 \u00a0 \u00a0 \u00a0 \u00a0 \u00a0 \u00a0 \u00a0 \u00a0 \u00a0 \u00a0 \u00a0 \u00a0 \u00a0 \u00a0 \u00a0 \u00a0 \u00a0 \u00a04742482001552\u00a0 \u00a0 \u00a0529.00 \u20ac<br \/>\nS-120 BV\u00a0 \u00a0 \u00a0 \u00a0 \u00a0 \u00a0 \u00a0 \u00a0 \u00a0 Saunaahi (16\u201325 m\u00b3), veepaagi \u00fchendus vasakul\u00a0 \u00a0 \u00a0 \u00a0 \u00a0 \u00a0 \u00a0 \u00a0 \u00a0 \u00a0 \u00a0 \u00a0 \u00a0 \u00a0 \u00a0 \u00a0 \u00a0 \u00a0 \u00a0 \u00a0 \u00a0 \u00a0 \u00a0 \u00a0 \u00a0 \u00a0 \u00a0 \u00a0 \u00a0 \u00a0 \u00a0 \u00a0 \u00a0 \u00a0 \u00a0 \u00a04742482001521\u00a0 \u00a0 \u00a0511.75 \u20ac<br \/>\nS-120 BVGL\u00a0 \u00a0 \u00a0 \u00a0 \u00a0 \u00a0 \u00a0Saunaahi (16\u201325 m\u00b3), veepaagi \u00fchendus vasakul, klaasuksega\u00a0 \u00a0 \u00a0 \u00a0 \u00a0 \u00a0 \u00a0 \u00a0 \u00a0 \u00a0 \u00a0 \u00a0 \u00a0 \u00a0 \u00a0 \u00a0 \u00a0 \u00a0 \u00a0 \u00a0 \u00a0 \u00a0 \u00a0 \u00a04742482001569\u00a0 \u00a0 \u00a0529.00 \u20ac<br \/>\nS-120 BT\u00a0 \u00a0 \u00a0 \u00a0 \u00a0 \u00a0 \u00a0 \u00a0 \u00a0 \u00a0Saunaahi (16\u201325 m\u00b3), veepaagi \u00fchendus tagant\u00a0 \u00a0 \u00a0 \u00a0 \u00a0 \u00a0 \u00a0 \u00a0 \u00a0 \u00a0 \u00a0 \u00a0 \u00a0 \u00a0 \u00a0 \u00a0 \u00a0 \u00a0 \u00a0 \u00a0 \u00a0 \u00a0 \u00a0 \u00a0 \u00a0 \u00a0 \u00a0 \u00a0 \u00a0 \u00a0 \u00a0 \u00a0 \u00a0 \u00a0 \u00a0 \u00a0 4742482001538\u00a0 \u00a0 \u00a0511.75 \u20ac<br \/>\nS-120 BTGL\u00a0 \u00a0 \u00a0 \u00a0 \u00a0 \u00a0 \u00a0Saunaahi (16\u201325 m\u00b3), veepaagi \u00fchendus tagant, klaasuksega\u00a0 \u00a0 \u00a0 \u00a0 \u00a0 \u00a0 \u00a0 \u00a0 \u00a0 \u00a0 \u00a0 \u00a0 \u00a0 \u00a0 \u00a0 \u00a0 \u00a0 \u00a0 \u00a0 \u00a0 \u00a0 \u00a0 \u00a0 \u00a0 \u00a04742482001576\u00a0 \u00a0 \u00a0529.00 \u20ac<\/p>\n<p>&nbsp;<\/p>\n<p><img loading=\"lazy\" decoding=\"async\" class=\"alignnone wp-image-132152\" src=\"https:\/\/factory.sale\/wp-content\/uploads\/2025\/11\/Banner-300x200.jpg\" alt=\"\" width=\"1194\" height=\"796\" srcset=\"https:\/\/factory.sale\/wp-content\/uploads\/2025\/11\/Banner-300x200.jpg 300w, https:\/\/factory.sale\/wp-content\/uploads\/2025\/11\/Banner-1024x683.jpg 1024w, https:\/\/factory.sale\/wp-content\/uploads\/2025\/11\/Banner-150x100.jpg 150w, https:\/\/factory.sale\/wp-content\/uploads\/2025\/11\/Banner-768x512.jpg 768w, https:\/\/factory.sale\/wp-content\/uploads\/2025\/11\/Banner-1536x1024.jpg 1536w, https:\/\/factory.sale\/wp-content\/uploads\/2025\/11\/Banner-600x400.jpg 600w, https:\/\/factory.sale\/wp-content\/uploads\/2025\/11\/Banner.jpg 2016w\" sizes=\"auto, (max-width: 1194px) 100vw, 1194px\" \/><\/p>\n","protected":false},"excerpt":{"rendered":"<p>Skamet S-120 on v\u00f5imas ja vastupidav puuk\u00fcttega saunaahi 16\u201325 m\u00b3 leiliruumidesse. Kandiline v\u00f5rkkorpus mahutab suure koguse kive, pakkudes pikaajalist soojust ja pehmet leili. Samast ruumist k\u00fctmine loob traditsioonilise saunaelamuse ja vahetu kasutusmugavuse.<\/p>\n","protected":false},"featured_media":131813,"comment_status":"open","ping_status":"closed","template":"","meta":{"_acf_changed":false},"factory":[],"free-shipment":[],"product_brand":[4640],"product_cat":[306,4638],"product_tag":[],"class_list":{"0":"post-132210","1":"product","2":"type-product","3":"status-publish","4":"has-post-thumbnail","6":"product_brand-skamet","7":"product_cat-saunakerised","8":"product_cat-skamet-et","10":"first","11":"instock","12":"sale","13":"taxable","14":"shipping-taxable","15":"purchasable","16":"product-type-simple"},"acf":[],"_links":{"self":[{"href":"https:\/\/factory.sale\/et\/wp-json\/wp\/v2\/product\/132210","targetHints":{"allow":["GET"]}}],"collection":[{"href":"https:\/\/factory.sale\/et\/wp-json\/wp\/v2\/product"}],"about":[{"href":"https:\/\/factory.sale\/et\/wp-json\/wp\/v2\/types\/product"}],"replies":[{"embeddable":true,"href":"https:\/\/factory.sale\/et\/wp-json\/wp\/v2\/comments?post=132210"}],"wp:featuredmedia":[{"embeddable":true,"href":"https:\/\/factory.sale\/et\/wp-json\/wp\/v2\/media\/131813"}],"wp:attachment":[{"href":"https:\/\/factory.sale\/et\/wp-json\/wp\/v2\/media?parent=132210"}],"wp:term":[{"taxonomy":"factory","embeddable":true,"href":"https:\/\/factory.sale\/et\/wp-json\/wp\/v2\/factory?post=132210"},{"taxonomy":"free-shipment","embeddable":true,"href":"https:\/\/factory.sale\/et\/wp-json\/wp\/v2\/free-shipment?post=132210"},{"taxonomy":"product_brand","embeddable":true,"href":"https:\/\/factory.sale\/et\/wp-json\/wp\/v2\/product_brand?post=132210"},{"taxonomy":"product_cat","embeddable":true,"href":"https:\/\/factory.sale\/et\/wp-json\/wp\/v2\/product_cat?post=132210"},{"taxonomy":"product_tag","embeddable":true,"href":"https:\/\/factory.sale\/et\/wp-json\/wp\/v2\/product_tag?post=132210"}],"curies":[{"name":"wp","href":"https:\/\/api.w.org\/{rel}","templated":true}]}}