{"id":132206,"date":"2025-11-21T16:56:19","date_gmt":"2025-11-21T13:57:26","guid":{"rendered":"https:\/\/factory.sale\/?post_type=product&#038;p=132206"},"modified":"2026-02-05T15:20:23","modified_gmt":"2026-02-05T12:20:23","slug":"skamet-sy-120-puukuttega-saunaahi-ummarguse-vorkkorpusega-16-25-m%c2%b3-leiliruumidesse-koetav-samast-ruumist","status":"publish","type":"product","link":"https:\/\/factory.sale\/et\/toode\/skamet-sy-120-puukuttega-saunaahi-ummarguse-vorkkorpusega-16-25-m%c2%b3-leiliruumidesse-koetav-samast-ruumist\/","title":{"rendered":"Skamet SY-120 puuk\u00fcttega saunaahi \u00fcmmarguse v\u00f5rkkorpusega 16\u201325 m\u00b3 leiliruumidesse, k\u00f6etav samast ruumist"},"content":{"rendered":"<p>Skamet SY-120 on loodud 16\u201325 m\u00b3 leiliruumidele ning pakub t\u00f6\u00f6kindlat ja t\u00f5husat k\u00fctmist eesk\u00fcttes\u00fcsteemiga \u2014 tulekolle avatakse otse leiliruumi poole. \u00dcmar v\u00f5rkkorpus mahutab suure kivimassi, mis tagab pikaajalise soojuse ning pehme, stabiilse leili.<\/p>\n<p>Ligikaudu 84 cm k\u00f5rgune ahi on piisava kivimahutavusega, et pakkuda soojust suuremates saunades, kuid samas s\u00e4ilitab kompaktse jalaj\u00e4lje. Korpusesse mahub kuni 110 kg kerisekive ning kasutada saab kuni 50 cm pikkuseid k\u00fcttepuid, mis tagab v\u00f5imsuse ja paindlikud k\u00fctmisv\u00f5imalused. Vastupidavast terasest valmistatud ja kuumakindla musta v\u00e4rviga viimistletud SY-120 sobib nii kodustesse kui ka v\u00e4iksematesse \u00e4rilise kasutusega saunadesse.<\/p>\n<p><strong>Tehnilised andmed:<\/strong><\/p>\n<ul>\n<li>K\u00f6etav ruumala: 16\u201325 m\u00b3<\/li>\n<li>K\u00f5rgus: 84 cm<\/li>\n<li>L\u00e4bim\u00f5\u00f5t: 56 cm<\/li>\n<li>Kaal: 65 kg<\/li>\n<li>Kivide kogus: 110 kg<\/li>\n<li>K\u00fcttepuude pikkus: kuni 50 cm<\/li>\n<li>Suitsutoru l\u00e4bim\u00f5\u00f5t: 115 mm (pealt)<\/li>\n<li>Paigaldus: eesk\u00fctmine, samast ruumist<\/li>\n<li>Korpuse t\u00fc\u00fcp: \u00fcmar v\u00f5rkkorpus<\/li>\n<\/ul>\n<p><strong>Standardvarustus:<\/strong><\/p>\n<ul>\n<li>\u00dcmar v\u00f5rkkorpus n\u00e4htava kivimassiga<\/li>\n<li>Metalluks<\/li>\n<li>Korstna\u00fchendus pealt<\/li>\n<li>Must kuumakindel v\u00e4rvkate<\/li>\n<li>Uksehinged vasakul<\/li>\n<li>M\u00f5eldud 16\u201325 m\u00b3 leiliruumidele<\/li>\n<li>Valmistatud Eestis<\/li>\n<\/ul>\n<p><strong>Valikulised lisad:<\/strong><\/p>\n<ul>\n<li>Klaasuks (230 \u00d7 230 mm)<\/li>\n<li>Uksehinged paremal<\/li>\n<li>Korstna\u00fchendus tagant<\/li>\n<li>Veepaagi v\u00f5i soojusvaheti \u00fchendus (vasak, parem v\u00f5i taga)<\/li>\n<\/ul>\n<p><strong>Saadaval mudelid:<br \/>\n<\/strong><br \/>\nMudel\u00a0 \u00a0 \u00a0 \u00a0 \u00a0 \u00a0 \u00a0 \u00a0 \u00a0 \u00a0 \u00a0 \u00a0 \u00a0 \u00a0 \u00a0 \u00a0 \u00a0 \u00a0 \u00a0 \u00a0 \u00a0 \u00a0 \u00a0 \u00a0 \u00a0 \u00a0 \u00a0 \u00a0 \u00a0 \u00a0 \u00a0 \u00a0 \u00a0 \u00a0 \u00a0 \u00a0 \u00a0 \u00a0 \u00a0 \u00a0 \u00a0 \u00a0 \u00a0 Kirjeldus\u00a0 \u00a0 \u00a0 \u00a0 \u00a0 \u00a0 \u00a0 \u00a0 \u00a0 \u00a0 \u00a0 \u00a0 \u00a0 \u00a0 \u00a0 \u00a0 \u00a0 \u00a0 \u00a0 \u00a0 \u00a0 \u00a0 \u00a0 \u00a0 \u00a0 \u00a0 \u00a0 \u00a0 \u00a0 \u00a0 \u00a0 \u00a0 \u00a0 \u00a0 \u00a0 \u00a0 \u00a0 \u00a0 \u00a0 \u00a0 \u00a0 \u00a0 \u00a0EAN\u00a0 \u00a0 \u00a0 \u00a0 \u00a0 \u00a0 \u00a0 \u00a0 \u00a0 Hind<br \/>\nSY-120\u00a0 \u00a0 \u00a0 \u00a0 \u00a0 \u00a0 \u00a0 \u00a0Saunaahi (16\u201325 m\u00b3), ilma veepaagi \u00fchenduseta, \u00fcmar v\u00f5rkkorpus\u00a0 \u00a0 \u00a0 \u00a0 \u00a0 \u00a0 \u00a0 \u00a0 \u00a0 \u00a0 \u00a0 \u00a0 \u00a0 \u00a0 \u00a0 \u00a0 \u00a0 \u00a0 \u00a0 \u00a0 \u00a0 \u00a0 \u00a0 \u00a04742482001668\u00a0 \u00a0 471.50 \u20ac<br \/>\nSY-120 GL\u00a0 \u00a0 \u00a0 \u00a0 \u00a0Saunaahi (16\u201325 m\u00b3), klaasuksega, ilma veepaagi \u00fchenduseta, \u00fcmar v\u00f5rkkorpus\u00a0 \u00a0 \u00a0 \u00a0 \u00a0 \u00a0 \u00a0 \u00a0 \u00a0 \u00a0 \u00a0 \u00a04742482001705\u00a0 \u00a0 488.75 \u20ac<br \/>\nSY-120 BP\u00a0 \u00a0 \u00a0 \u00a0 \u00a0Saunaahi (16\u201325 m\u00b3), veepaagi \u00fchendus paremal, \u00fcmar v\u00f5rkkorpus\u00a0 \u00a0 \u00a0 \u00a0 \u00a0 \u00a0 \u00a0 \u00a0 \u00a0 \u00a0 \u00a0 \u00a0 \u00a0 \u00a0 \u00a0 \u00a0 \u00a0 \u00a0 \u00a0 \u00a0 \u00a0 \u00a0 \u00a0 4742482001675\u00a0 \u00a0 511.75 \u20ac<br \/>\nSY-120 BPGL\u00a0 \u00a0 Saunaahi (16\u201325 m\u00b3), veepaagi \u00fchendus paremal, klaasuksega, \u00fcmar v\u00f5rkkorpus\u00a0 \u00a0 \u00a0 \u00a0 \u00a0 \u00a0 \u00a0 \u00a0 \u00a0 \u00a0 \u00a0 4742482001712\u00a0 \u00a0 529.00 \u20ac<br \/>\nSY-120 BV\u00a0 \u00a0 \u00a0 \u00a0 \u00a0Saunaahi (16\u201325 m\u00b3), veepaagi \u00fchendus vasakul, \u00fcmar v\u00f5rkkorpus\u00a0 \u00a0 \u00a0 \u00a0 \u00a0 \u00a0 \u00a0 \u00a0 \u00a0 \u00a0 \u00a0 \u00a0 \u00a0 \u00a0 \u00a0 \u00a0 \u00a0 \u00a0 \u00a0 \u00a0 \u00a0 \u00a0 \u00a0 \u00a0 4742482001682\u00a0 \u00a0 511.75 \u20ac<br \/>\nSY-120 BVGL\u00a0 \u00a0 Saunaahi (16\u201325 m\u00b3), veepaagi \u00fchendus vasakul, klaasuksega, \u00fcmar v\u00f5rkkorpus\u00a0 \u00a0 \u00a0 \u00a0 \u00a0 \u00a0 \u00a0 \u00a0 \u00a0 \u00a0 \u00a0 \u00a0 4742482001729\u00a0 \u00a0 529.00 \u20ac<br \/>\nSY-120 BT\u00a0 \u00a0 \u00a0 \u00a0 \u00a0Saunaahi (16\u201325 m\u00b3), veepaagi \u00fchendus tagant, \u00fcmar v\u00f5rkkorpus\u00a0 \u00a0 \u00a0 \u00a0 \u00a0 \u00a0 \u00a0 \u00a0 \u00a0 \u00a0 \u00a0 \u00a0 \u00a0 \u00a0 \u00a0 \u00a0 \u00a0 \u00a0 \u00a0 \u00a0 \u00a0 \u00a0 \u00a0 \u00a0 \u00a0 4742482001699\u00a0 \u00a0 511.75 \u20ac<br \/>\nSY-120 BTGL\u00a0 \u00a0 Saunaahi (16\u201325 m\u00b3), veepaagi \u00fchendus tagant, klaasuksega, \u00fcmar v\u00f5rkkorpus\u00a0 \u00a0 \u00a0 \u00a0 \u00a0 \u00a0 \u00a0 \u00a0 \u00a0 \u00a0 \u00a0 \u00a0 \u00a0 4742482001736\u00a0 \u00a0 529.00 \u20ac<\/p>\n<p>&nbsp;<\/p>\n<p><img loading=\"lazy\" decoding=\"async\" class=\"alignnone wp-image-132152\" src=\"https:\/\/factory.sale\/wp-content\/uploads\/2025\/11\/Banner-300x200.jpg\" alt=\"\" width=\"1194\" height=\"796\" srcset=\"https:\/\/factory.sale\/wp-content\/uploads\/2025\/11\/Banner-300x200.jpg 300w, https:\/\/factory.sale\/wp-content\/uploads\/2025\/11\/Banner-1024x683.jpg 1024w, https:\/\/factory.sale\/wp-content\/uploads\/2025\/11\/Banner-150x100.jpg 150w, https:\/\/factory.sale\/wp-content\/uploads\/2025\/11\/Banner-768x512.jpg 768w, https:\/\/factory.sale\/wp-content\/uploads\/2025\/11\/Banner-1536x1024.jpg 1536w, https:\/\/factory.sale\/wp-content\/uploads\/2025\/11\/Banner-600x400.jpg 600w, https:\/\/factory.sale\/wp-content\/uploads\/2025\/11\/Banner.jpg 2016w\" sizes=\"auto, (max-width: 1194px) 100vw, 1194px\" \/><\/p>\n","protected":false},"excerpt":{"rendered":"<p>Skamet SY-120 on suure kivimassiga puuk\u00fcttega saunaahi 16\u201325 m\u00b3 leiliruumidesse. \u00dcmar v\u00f5rkkorpus \u00fcmbritseb kerist kividega, pakkudes \u00fchtlast ja pikaajalist soojust, samal ajal kui samast ruumist k\u00fctmine annab vahetu juurdep\u00e4\u00e4su ja traditsioonilise saunaelamuse.<\/p>\n","protected":false},"featured_media":131860,"comment_status":"open","ping_status":"closed","template":"","meta":{"_acf_changed":false},"factory":[],"free-shipment":[],"product_brand":[4640],"product_cat":[4638],"product_tag":[],"class_list":{"0":"post-132206","1":"product","2":"type-product","3":"status-publish","4":"has-post-thumbnail","6":"product_brand-skamet","7":"product_cat-skamet-et","9":"first","10":"instock","11":"sale","12":"taxable","13":"shipping-taxable","14":"purchasable","15":"product-type-simple"},"acf":[],"_links":{"self":[{"href":"https:\/\/factory.sale\/et\/wp-json\/wp\/v2\/product\/132206","targetHints":{"allow":["GET"]}}],"collection":[{"href":"https:\/\/factory.sale\/et\/wp-json\/wp\/v2\/product"}],"about":[{"href":"https:\/\/factory.sale\/et\/wp-json\/wp\/v2\/types\/product"}],"replies":[{"embeddable":true,"href":"https:\/\/factory.sale\/et\/wp-json\/wp\/v2\/comments?post=132206"}],"wp:featuredmedia":[{"embeddable":true,"href":"https:\/\/factory.sale\/et\/wp-json\/wp\/v2\/media\/131860"}],"wp:attachment":[{"href":"https:\/\/factory.sale\/et\/wp-json\/wp\/v2\/media?parent=132206"}],"wp:term":[{"taxonomy":"factory","embeddable":true,"href":"https:\/\/factory.sale\/et\/wp-json\/wp\/v2\/factory?post=132206"},{"taxonomy":"free-shipment","embeddable":true,"href":"https:\/\/factory.sale\/et\/wp-json\/wp\/v2\/free-shipment?post=132206"},{"taxonomy":"product_brand","embeddable":true,"href":"https:\/\/factory.sale\/et\/wp-json\/wp\/v2\/product_brand?post=132206"},{"taxonomy":"product_cat","embeddable":true,"href":"https:\/\/factory.sale\/et\/wp-json\/wp\/v2\/product_cat?post=132206"},{"taxonomy":"product_tag","embeddable":true,"href":"https:\/\/factory.sale\/et\/wp-json\/wp\/v2\/product_tag?post=132206"}],"curies":[{"name":"wp","href":"https:\/\/api.w.org\/{rel}","templated":true}]}}