{"id":132204,"date":"2025-11-21T16:53:41","date_gmt":"2025-11-21T13:56:54","guid":{"rendered":"https:\/\/factory.sale\/?post_type=product&#038;p=132204"},"modified":"2026-02-05T15:57:50","modified_gmt":"2026-02-05T12:57:50","slug":"skamet-sty-220-gl-puukuttega-saunaahi-suure-klaasukse-ja-ummarguse-vorkkorpusega-16-25-m%c2%b3-leiliruumidesse-koetav-korvalruumist","status":"publish","type":"product","link":"https:\/\/factory.sale\/et\/toode\/skamet-sty-220-gl-puukuttega-saunaahi-suure-klaasukse-ja-ummarguse-vorkkorpusega-16-25-m%c2%b3-leiliruumidesse-koetav-korvalruumist\/","title":{"rendered":"Skamet STY-220 GL puuk\u00fcttega saunaahi suure klaasukse ja \u00fcmmarguse v\u00f5rkkorpusega 16\u201325 m\u00b3 leiliruumidesse, k\u00f6etav k\u00f5rvalruumist"},"content":{"rendered":"<p>Skamet STY-220 GL on m\u00f5eldud 16\u201325 m\u00b3 leiliruumidele ning selle tulekolle avatakse k\u00f5rvalruumi v\u00f5i eesruumi poole, samal ajal kui leiliruum soojeneb seestpoolt. \u00dcmar v\u00f5rkkorpus mahutab v\u00e4ga suure kivimassi, mis tagab pehme ja \u00fchtlase leili ning stabiilse temperatuuri ka pikemate saunaseansside ajal.<\/p>\n<p>Ahi eristub eriti suure kuumakindla klaasuksega, mis loob hubase valguse ja pakub kaunist vaadet tulele ja h\u00f5\u00f5guvatele kividele. Ligikaudu 110 kg kivimassi mahutav konstruktsioon v\u00f5imaldab kasutada kuni 70 cm pikkuseid k\u00fcttepuusid. Tugevast teraskorpusest valmistatud ja kuumakindla musta v\u00e4rviga viimistletud STY-220 GL sobib nii kodustesse kui ka v\u00e4iksematesse \u00e4rilise kasutusega saunadesse.<\/p>\n<p><strong>Tehnilised andmed:<\/strong><\/p>\n<ul>\n<li>K\u00f6etav ruumala: 16\u201325 m\u00b3<\/li>\n<li>K\u00f5rgus: 84 cm<\/li>\n<li>L\u00e4bim\u00f5\u00f5t: 56 cm<\/li>\n<li>Tunneli s\u00fcgavus: 20 cm<\/li>\n<li>Kaal: 80 kg<\/li>\n<li>Kivide kogus: ~110 kg<\/li>\n<li>K\u00fcttepuude pikkus: kuni 70 cm<\/li>\n<li>Klaasukse m\u00f5\u00f5t: 33 \u00d7 33 cm<\/li>\n<li>Paigaldus: l\u00e4bi seina, k\u00fctmine k\u00f5rvalruumist<\/li>\n<li>Korpuse t\u00fc\u00fcp: \u00fcmar v\u00f5rkkorpus<\/li>\n<\/ul>\n<p><strong>Standardvarustus:<\/strong><\/p>\n<ul>\n<li>Suur kuumakindel klaasuks<\/li>\n<li>\u00dcmar v\u00f5rkkorpus n\u00e4htava kivimassiga<\/li>\n<li>Tulekolle l\u00e4bi seina \u2013 k\u00fctmine k\u00f5rvalruumist<\/li>\n<li>Korstna\u00fchendus pealt<\/li>\n<li>Must kuumakindel v\u00e4rvkate<\/li>\n<li>Uksehinged vasakul<\/li>\n<\/ul>\n<p><strong>Valikulised lisad:<\/strong><\/p>\n<ul>\n<li>Uksehinged paremal<\/li>\n<li>Puidust k\u00e4epide<\/li>\n<li>Veepaagi v\u00f5i soojusvaheti \u00fchendus (vasak, parem v\u00f5i taga)<\/li>\n<\/ul>\n<p><strong>Saadaval mudelid:<br \/>\n<\/strong><br \/>\nMudel\u00a0 \u00a0 \u00a0 \u00a0 \u00a0 \u00a0 \u00a0 \u00a0 \u00a0 \u00a0 \u00a0 \u00a0 \u00a0 \u00a0 \u00a0 \u00a0 \u00a0 \u00a0 \u00a0 \u00a0 \u00a0 \u00a0 \u00a0 \u00a0 \u00a0 \u00a0 \u00a0 \u00a0 \u00a0 \u00a0 \u00a0 \u00a0 \u00a0Kirjeldus\u00a0 \u00a0 \u00a0 \u00a0 \u00a0 \u00a0 \u00a0 \u00a0 \u00a0 \u00a0 \u00a0 \u00a0 \u00a0 \u00a0 \u00a0 \u00a0 \u00a0 \u00a0 \u00a0 \u00a0 \u00a0 \u00a0 \u00a0 \u00a0 \u00a0 \u00a0 \u00a0 \u00a0 \u00a0 \u00a0 \u00a0 \u00a0 \u00a0 \u00a0 \u00a0 \u00a0 \u00a0 \u00a0 \u00a0 \u00a0 \u00a0 \u00a0 \u00a0 \u00a0 \u00a0 \u00a0 \u00a0 \u00a0 \u00a0 \u00a0 \u00a0 \u00a0 \u00a0 \u00a0 \u00a0 \u00a0 \u00a0EAN\u00a0 \u00a0 \u00a0 \u00a0 \u00a0 \u00a0 \u00a0 \u00a0 \u00a0 \u00a0 \u00a0 Hind<br \/>\nSTY-220 GL\u00a0 \u00a0 \u00a0 \u00a0 Pikendatud tulekoldega saunaahi (16\u201325 m\u00b3) suure klaasuksega, ilma veepaagi \u00fchenduseta\u00a0 \u00a0 \u00a0 \u00a0 \u00a04742482003242\u00a0 \u00a0 \u00a0 741.75 \u20ac<br \/>\nSTY-220 BPGL\u00a0 \u00a0Pikendatud tulekoldega saunaahi (16\u201325 m\u00b3) suure klaasuksega, veepaagi \u00fchendus paremal\u00a0 \u00a0 \u00a0 \u00a0 4742482003259\u00a0 \u00a0 \u00a0 782.00 \u20ac<br \/>\nSTY-220 BVGL\u00a0 \u00a0Pikendatud tulekoldega saunaahi (16\u201325 m\u00b3) suure klaasuksega, veepaagi \u00fchendus vasakul\u00a0 \u00a0 \u00a0 \u00a0 \u00a0 4742482003266\u00a0 \u00a0 \u00a0 782.00 \u20ac<br \/>\nSTY-220 BTGL\u00a0 \u00a0Pikendatud tulekoldega saunaahi (16\u201325 m\u00b3) suure klaasuksega, veepaagi \u00fchendus tagant\u00a0 \u00a0 \u00a0 \u00a0 \u00a0 \u00a0 4742482003273\u00a0 \u00a0 \u00a0 782.00 \u20ac<\/p>\n<p>&nbsp;<\/p>\n<p><img loading=\"lazy\" decoding=\"async\" class=\"alignnone wp-image-132152\" src=\"https:\/\/factory.sale\/wp-content\/uploads\/2025\/11\/Banner-300x200.jpg\" alt=\"\" width=\"1194\" height=\"796\" srcset=\"https:\/\/factory.sale\/wp-content\/uploads\/2025\/11\/Banner-300x200.jpg 300w, https:\/\/factory.sale\/wp-content\/uploads\/2025\/11\/Banner-1024x683.jpg 1024w, https:\/\/factory.sale\/wp-content\/uploads\/2025\/11\/Banner-150x100.jpg 150w, https:\/\/factory.sale\/wp-content\/uploads\/2025\/11\/Banner-768x512.jpg 768w, https:\/\/factory.sale\/wp-content\/uploads\/2025\/11\/Banner-1536x1024.jpg 1536w, https:\/\/factory.sale\/wp-content\/uploads\/2025\/11\/Banner-600x400.jpg 600w, https:\/\/factory.sale\/wp-content\/uploads\/2025\/11\/Banner.jpg 2016w\" sizes=\"auto, (max-width: 1194px) 100vw, 1194px\" \/><\/p>\n","protected":false},"excerpt":{"rendered":"<p>STY-220 GL on suure kivimassiga puuk\u00fcttega saunaahi 16\u201325 m\u00b3 leiliruumidesse. Suur kuumakindel klaasuks loob kauni tulevaate, \u00fcmar v\u00f5rkkorpus \u00fcmbritseb kerist kividega ning l\u00e4bi seina paigaldatav tulekolle hoiab leiliruumi puhta ja mugavana.<\/p>\n","protected":false},"featured_media":131904,"comment_status":"open","ping_status":"closed","template":"","meta":{"_acf_changed":false},"factory":[],"free-shipment":[],"product_brand":[4640],"product_cat":[306,4638],"product_tag":[],"class_list":{"0":"post-132204","1":"product","2":"type-product","3":"status-publish","4":"has-post-thumbnail","6":"product_brand-skamet","7":"product_cat-saunakerised","8":"product_cat-skamet-et","10":"first","11":"instock","12":"sale","13":"taxable","14":"shipping-taxable","15":"purchasable","16":"product-type-simple"},"acf":[],"_links":{"self":[{"href":"https:\/\/factory.sale\/et\/wp-json\/wp\/v2\/product\/132204","targetHints":{"allow":["GET"]}}],"collection":[{"href":"https:\/\/factory.sale\/et\/wp-json\/wp\/v2\/product"}],"about":[{"href":"https:\/\/factory.sale\/et\/wp-json\/wp\/v2\/types\/product"}],"replies":[{"embeddable":true,"href":"https:\/\/factory.sale\/et\/wp-json\/wp\/v2\/comments?post=132204"}],"wp:featuredmedia":[{"embeddable":true,"href":"https:\/\/factory.sale\/et\/wp-json\/wp\/v2\/media\/131904"}],"wp:attachment":[{"href":"https:\/\/factory.sale\/et\/wp-json\/wp\/v2\/media?parent=132204"}],"wp:term":[{"taxonomy":"factory","embeddable":true,"href":"https:\/\/factory.sale\/et\/wp-json\/wp\/v2\/factory?post=132204"},{"taxonomy":"free-shipment","embeddable":true,"href":"https:\/\/factory.sale\/et\/wp-json\/wp\/v2\/free-shipment?post=132204"},{"taxonomy":"product_brand","embeddable":true,"href":"https:\/\/factory.sale\/et\/wp-json\/wp\/v2\/product_brand?post=132204"},{"taxonomy":"product_cat","embeddable":true,"href":"https:\/\/factory.sale\/et\/wp-json\/wp\/v2\/product_cat?post=132204"},{"taxonomy":"product_tag","embeddable":true,"href":"https:\/\/factory.sale\/et\/wp-json\/wp\/v2\/product_tag?post=132204"}],"curies":[{"name":"wp","href":"https:\/\/api.w.org\/{rel}","templated":true}]}}