{"id":1322,"date":"2019-08-28T17:20:09","date_gmt":"2019-08-28T17:20:09","guid":{"rendered":"https:\/\/factory.sale\/product\/polo\/"},"modified":"2024-06-26T03:14:11","modified_gmt":"2024-06-26T03:14:11","slug":"polo","status":"publish","type":"product","link":"https:\/\/factory.sale\/et\/toode\/polo\/","title":{"rendered":"ARPANEL CH PUR\/PIR jahutav sandwich-paneel"},"content":{"rendered":"<div class=\"prod-section current-target\" data-menulevel=\"1\" data-menutitle=\"Characteristics.\" data-menuindex=\"1\">\n<p dir=\"ltr\">ARPANEL CH PUR\/PIR sandwich paneel on parim lahendus k\u00fclmhoonete, j\u00e4\u00e4hoonete, panipaikade ja muude objektide seinte valguse arengu ettevalmistamiseks, kuna see on hallituse, seente ja kahjurite suhtes vastupidav.\u00a0Spetsiaalne lab\u00fcrintlukk ja j\u00e4igast pol\u00fcuretaanist (PUR) v\u00f5i pol\u00fcisots\u00fcanuraat (PIR) vahust valmistatud s\u00fcdamiku t\u00e4iuslikud soojusisolatsiooni parameetrid s\u00e4ilitavad ruumi tiheduse ja isolatsiooni ideaalselt. Teraslehed on kaetud pol\u00fcestri v\u00f5i m\u00f5ne muu orgaanilise kihiga, mis valitakse alati individuaalselt vastavalt hoone v\u00e4lis -ja siseseinte n\u00f5uetele. ARPANEL CH PUR\/PIR k\u00fclmutusseadme sandwich &#8211; paneeli iseloomustab t\u00e4iuslik mehaaniline omadus, mis tuleneb pol\u00fcuretaanist PUR\/PIR s\u00fcdamiku omadustest, samuti vastupidavast ja usaldusv\u00e4\u00e4rsest \u00fchendusest s\u00fcdamiku ja terasest kattekihi vahel.<\/p>\n<\/div>\n<div class=\"prod-section\" data-menulevel=\"1\" data-menutitle=\"Parametry .\" data-menuindex=\"2\">\n<p>ARPANE pakutavate jahutatavate sandwich-paneelide ARPANEL CH PUR \/ PIR parameetrid:<\/p>\n<p>&nbsp;<\/p>\n<table cellspacing=\"10\" cellpadding=\"10\">\n<tbody>\n<tr>\n<td><strong>Paksus [mm]<\/strong><\/td>\n<td>120\u00a0 140\u00a0 160\u00a0 200<\/td>\n<\/tr>\n<tr>\n<td><strong>Mooduli laius [mm]<\/strong><\/td>\n<td>1000 1100 1150<\/td>\n<\/tr>\n<tr>\n<td><strong>Pikkus[mm]<\/strong><\/td>\n<td>2000 \u2013 18500<\/td>\n<\/tr>\n<tr>\n<td><strong>Kattekihtide standardv\u00e4rvid [RAL]<\/strong><\/td>\n<td>5010 \u00a0 7016 \u00a0 7035 \u00a0 9002 \u00a0 9010 \u00a0 9006 \u00a0 9007<\/td>\n<\/tr>\n<tr>\n<td><strong>Paneelide kinnituss\u00fcsteemid konstruktsiooni k\u00fclge (lukk)<\/strong><\/td>\n<td>lab\u00fcrint<\/td>\n<\/tr>\n<tr>\n<td><strong>Paneeli t\u00fc\u00fcp<\/strong><\/td>\n<td>sein<\/td>\n<\/tr>\n<\/tbody>\n<\/table>\n<\/div>\n","protected":false},"excerpt":{"rendered":"<p><span style=\"font-weight: 400;\">ARPANEL CH PUR\/PIR sandwich &#8211; paneel on parim lahendus k\u00fclmhoonete, j\u00e4\u00e4hoonete, panipaikade ja muude objektide seinte valguse arengu ettevalmistamiseks, kuna see on hallituse, seente ja kahjurite suhtes vastupidav.\u00a0<\/span><span style=\"font-weight: 400;\">Spetsiaalne lab\u00fcrintlukk ja j\u00e4igast pol\u00fcuretaanist (PUR) v\u00f5i pol\u00fcisots\u00fcanuraat (PIR) vahust valmistatud s\u00fcdamiku t\u00e4iuslikud soojusisolatsiooni parameetrid s\u00e4ilitavad ruumi tiheduse ja isolatsiooni ideaalselt.<\/span><\/p>\n<p>Miinimumkogus 300 m2.<\/p>\n","protected":false},"featured_media":1324,"comment_status":"open","ping_status":"closed","template":"","meta":{"_acf_changed":false},"factory":[],"free-shipment":[],"product_brand":[],"product_cat":[200,197],"product_tag":[],"class_list":{"0":"post-1322","1":"product","2":"type-product","3":"status-publish","4":"has-post-thumbnail","6":"product_cat-sandwich-paneelid-pir-pur","7":"product_cat-sandwich-paneelid","9":"first","10":"instock","11":"sale","12":"taxable","13":"shipping-taxable","14":"purchasable","15":"product-type-simple"},"acf":[],"_links":{"self":[{"href":"https:\/\/factory.sale\/et\/wp-json\/wp\/v2\/product\/1322","targetHints":{"allow":["GET"]}}],"collection":[{"href":"https:\/\/factory.sale\/et\/wp-json\/wp\/v2\/product"}],"about":[{"href":"https:\/\/factory.sale\/et\/wp-json\/wp\/v2\/types\/product"}],"replies":[{"embeddable":true,"href":"https:\/\/factory.sale\/et\/wp-json\/wp\/v2\/comments?post=1322"}],"wp:featuredmedia":[{"embeddable":true,"href":"https:\/\/factory.sale\/et\/wp-json\/wp\/v2\/media\/1324"}],"wp:attachment":[{"href":"https:\/\/factory.sale\/et\/wp-json\/wp\/v2\/media?parent=1322"}],"wp:term":[{"taxonomy":"factory","embeddable":true,"href":"https:\/\/factory.sale\/et\/wp-json\/wp\/v2\/factory?post=1322"},{"taxonomy":"free-shipment","embeddable":true,"href":"https:\/\/factory.sale\/et\/wp-json\/wp\/v2\/free-shipment?post=1322"},{"taxonomy":"product_brand","embeddable":true,"href":"https:\/\/factory.sale\/et\/wp-json\/wp\/v2\/product_brand?post=1322"},{"taxonomy":"product_cat","embeddable":true,"href":"https:\/\/factory.sale\/et\/wp-json\/wp\/v2\/product_cat?post=1322"},{"taxonomy":"product_tag","embeddable":true,"href":"https:\/\/factory.sale\/et\/wp-json\/wp\/v2\/product_tag?post=1322"}],"curies":[{"name":"wp","href":"https:\/\/api.w.org\/{rel}","templated":true}]}}