{"id":132192,"date":"2025-11-21T16:53:42","date_gmt":"2025-11-21T13:56:52","guid":{"rendered":"https:\/\/factory.sale\/?post_type=product&#038;p=132192"},"modified":"2026-03-18T09:34:08","modified_gmt":"2026-03-18T06:34:08","slug":"skamet-p-216-puukuttega-saunaahi-metallkorpusega-8-18-m%c2%b3-leiliruumidesse-koetav-korvalruumist","status":"publish","type":"product","link":"https:\/\/factory.sale\/et\/toode\/skamet-p-216-puukuttega-saunaahi-metallkorpusega-8-18-m%c2%b3-leiliruumidesse-koetav-korvalruumist\/","title":{"rendered":"Skamet P-216 puuk\u00fcttega saunaahi metallkorpusega 8\u201318 m\u00b3 leiliruumidesse, k\u00f6etav k\u00f5rvalruumist"},"content":{"rendered":"<p>Skamet P-216 on loodud 8\u201318 m\u00b3 leiliruumidele ning selle tulekolle paikneb l\u00e4bi seina, v\u00f5imaldades ahju k\u00fctta k\u00f5rvalruumist \u2013 n\u00e4iteks eesruumist v\u00f5i pesuruumist. See hoiab leiliruumi puhta ja tuhavabana ning muudab puude lisamise mugavamaks.<\/p>\n<p>Ahi on kompaktne: k\u00f5rgus 73 cm, laius 43 cm ja s\u00fcgavus 51 cm, mist\u00f5ttu sobib see h\u00e4sti paigaldustesse, kus ruumi napib. Metallkorpus on kaetud musta kuumakindla v\u00e4rviga ning ahi mahutab umbes 40 kg kerisekive. K\u00fcttepuid saab kasutada kuni 60 cm pikkusena. Standardis on pealt \u00fchendatav korstnaots, vasakule avanev uks ning tugev teraskonstruktsioon.<\/p>\n<p>Lisavarustuses pakutakse klaasuksega varianti (230 \u00d7 230 mm), \u00fcmberp\u00f6\u00f6ratud sisuga mudelit, parempoolseid uksehingi, eriv\u00e4rvi korpust ja roostevabast terasest detaile. Samuti on v\u00f5imalik lisada boileri \u00fchendus paremale, vasakule v\u00f5i taha.<\/p>\n<p><strong>Tehnilised andmed:<\/strong><\/p>\n<ul>\n<li>K\u00f6etav ruumala: 8\u201318 m\u00b3<\/li>\n<li>K\u00f5rgus: 73 cm<\/li>\n<li>Laius: 43 cm<\/li>\n<li>S\u00fcgavus: 51 cm<\/li>\n<li>Tunneli s\u00fcgavus: 17 cm<\/li>\n<li>Kaal: 60 kg<\/li>\n<li>Kivide kogus: u. 40 kg<\/li>\n<li>K\u00fcttepuude pikkus: kuni 60 cm<\/li>\n<li>Suitsutoru l\u00e4bim\u00f5\u00f5t: 115 mm (\u00fchendus pealt)<\/li>\n<li>Paigaldus: k\u00f6etav k\u00f5rvalruumist \/ l\u00e4bi seina<\/li>\n<li>Korpus: metallkorpus, must kuumakindel viimistlus<\/li>\n<\/ul>\n<p><strong>Standardvarustus:<\/strong><\/p>\n<ul>\n<li>Metalluks<\/li>\n<li>Korstna \u00fchendamine pealt<\/li>\n<li>Uksehinged vasakul<\/li>\n<li>Must kuumakindel v\u00e4rvkate<\/li>\n<li>Korpus m\u00f5eldud k\u00f5rvalruumist k\u00fctmiseks<\/li>\n<\/ul>\n<p><strong>Valikulised lisad:<\/strong><\/p>\n<ul>\n<li>Klaasuks (230 \u00d7 230 mm)<\/li>\n<li>Uksehinged paremal<\/li>\n<li>Korpuse v\u00e4rvivalikud: punane-must, hall-must, roostevaba<\/li>\n<li>Korpuse \u00fclemine \u00e4\u00e4r roostevabast terasest<\/li>\n<li>Boileri \u00fchendus: paremalt, vasakult v\u00f5i tagant<\/li>\n<li>Viimistlusraam seinaava \u00e4\u00e4rde (soovitatav l\u00e4bi seina paigalduse puhul)<\/li>\n<\/ul>\n<p><strong>Saadaval mudelid:<br \/>\n<\/strong><br \/>\nMudel\u00a0 \u00a0 \u00a0 \u00a0 \u00a0 \u00a0 \u00a0 \u00a0 \u00a0 \u00a0 \u00a0 \u00a0 \u00a0 \u00a0 \u00a0 \u00a0 \u00a0 \u00a0 \u00a0 \u00a0 \u00a0 \u00a0 \u00a0 \u00a0 \u00a0 \u00a0 \u00a0 \u00a0 \u00a0 \u00a0 \u00a0 \u00a0 \u00a0 \u00a0 \u00a0 \u00a0 \u00a0 \u00a0 \u00a0 \u00a0 Kirjeldus\u00a0 \u00a0 \u00a0 \u00a0 \u00a0 \u00a0 \u00a0 \u00a0 \u00a0 \u00a0 \u00a0 \u00a0 \u00a0 \u00a0 \u00a0 \u00a0 \u00a0 \u00a0 \u00a0 \u00a0 \u00a0 \u00a0 \u00a0 \u00a0 \u00a0 \u00a0 \u00a0 \u00a0 \u00a0 \u00a0 \u00a0 \u00a0 \u00a0 \u00a0 \u00a0 \u00a0 \u00a0 \u00a0 \u00a0 \u00a0 \u00a0 \u00a0 \u00a0 \u00a0 \u00a0 \u00a0 \u00a0 \u00a0EAN\u00a0 \u00a0 \u00a0 \u00a0 \u00a0 \u00a0 \u00a0 \u00a0 \u00a0 \u00a0 \u00a0 Hind<br \/>\nP-216\u00a0 \u00a0 \u00a0 \u00a0 \u00a0 \u00a0 \u00a0 \u00a0Pikendatud koldega saunaahi (8\u201318 m\u00b3), ilma boileri \u00fchenduseta\u00a0 \u00a0 \u00a0 \u00a0 \u00a0 \u00a0 \u00a0 \u00a0 \u00a0 \u00a0 \u00a0 \u00a0 \u00a0 \u00a0 \u00a0 \u00a0 \u00a0 \u00a0 \u00a0 \u00a0 \u00a0 \u00a0 \u00a0 \u00a0 \u00a0 \u00a0 \u00a0 \u00a0 \u00a04742482000098\u00a0 \u00a0 \u00a0 \u00a0 \u00a0 431.25 \u20ac<br \/>\nP-216 GL\u00a0 \u00a0 \u00a0 \u00a0 \u00a0Pikendatud koldega saunaahi (8\u201318 m\u00b3), klaasuksega, ilma boileri \u00fchenduseta\u00a0 \u00a0 \u00a0 \u00a0 \u00a0 \u00a0 \u00a0 \u00a0 \u00a0 \u00a0 \u00a0 \u00a0 \u00a0 \u00a0 \u00a0 \u00a0 \u00a04742482000135\u00a0 \u00a0 \u00a0 \u00a0 \u00a0 \u00a0448.50 \u20ac<br \/>\nP-216 BP\u00a0 \u00a0 \u00a0 \u00a0 \u00a0Pikendatud koldega saunaahi (8\u201318 m\u00b3), boileri \u00fchendus paremalt\u00a0 \u00a0 \u00a0 \u00a0 \u00a0 \u00a0 \u00a0 \u00a0 \u00a0 \u00a0 \u00a0 \u00a0 \u00a0 \u00a0 \u00a0 \u00a0 \u00a0 \u00a0 \u00a0 \u00a0 \u00a0 \u00a0 \u00a0 \u00a0 \u00a0 \u00a0 \u00a0 \u00a04742482000104\u00a0 \u00a0 \u00a0 \u00a0 \u00a0 477.25 \u20ac<br \/>\nP-216 BPGL\u00a0 \u00a0 Pikendatud koldega saunaahi (8\u201318 m\u00b3), boileri \u00fchendus paremalt, klaasuksega\u00a0 \u00a0 \u00a0 \u00a0 \u00a0 \u00a0 \u00a0 \u00a0 \u00a0 \u00a0 \u00a0 \u00a0 \u00a0 \u00a0 \u00a0 \u00a04742482000142\u00a0 \u00a0 \u00a0 \u00a0 \u00a0 494.50 \u20ac<br \/>\nP-216 BV\u00a0 \u00a0 \u00a0 \u00a0 \u00a0Pikendatud koldega saunaahi (8\u201318 m\u00b3), boileri \u00fchendus vasakult\u00a0 \u00a0 \u00a0 \u00a0 \u00a0 \u00a0 \u00a0 \u00a0 \u00a0 \u00a0 \u00a0 \u00a0 \u00a0 \u00a0 \u00a0 \u00a0 \u00a0 \u00a0 \u00a0 \u00a0 \u00a0 \u00a0 \u00a0 \u00a0 \u00a0 \u00a0 \u00a0 \u00a0 \u00a04742482000111\u00a0 \u00a0 \u00a0 \u00a0 \u00a0 \u00a0 477.25 \u20ac<br \/>\nP-216 BVGL\u00a0 \u00a0 Pikendatud koldega saunaahi (8\u201318 m\u00b3), boileri \u00fchendus vasakult, klaasuksega\u00a0 \u00a0 \u00a0 \u00a0 \u00a0 \u00a0 \u00a0 \u00a0 \u00a0 \u00a0 \u00a0 \u00a0 \u00a0 \u00a0 \u00a0 \u00a0 \u00a04742482000159\u00a0 \u00a0 \u00a0 \u00a0 \u00a0 \u00a0494.50 \u20ac<br \/>\nP-216 BT\u00a0 \u00a0 \u00a0 \u00a0 \u00a0Pikendatud koldega saunaahi (8\u201318 m\u00b3), boileri \u00fchendus tagant\u00a0 \u00a0 \u00a0 \u00a0 \u00a0 \u00a0 \u00a0 \u00a0 \u00a0 \u00a0 \u00a0 \u00a0 \u00a0 \u00a0 \u00a0 \u00a0 \u00a0 \u00a0 \u00a0 \u00a0 \u00a0 \u00a0 \u00a0 \u00a0 \u00a0 \u00a0 \u00a0 \u00a0 \u00a0 \u00a0 4742482000128\u00a0 \u00a0 \u00a0 \u00a0 \u00a0 \u00a0477.25 \u20ac<br \/>\nP-216 BTGL\u00a0 \u00a0 Pikendatud koldega saunaahi (8\u201318 m\u00b3), boileri \u00fchendus tagant, klaasuksega\u00a0 \u00a0 \u00a0 \u00a0 \u00a0 \u00a0 \u00a0 \u00a0 \u00a0 \u00a0 \u00a0 \u00a0 \u00a0 \u00a0 \u00a0 \u00a0 \u00a0 \u00a0 4742482000166\u00a0 \u00a0 \u00a0 \u00a0 \u00a0 \u00a0494.50 \u20ac<\/p>\n<p>&nbsp;<\/p>\n<p><img loading=\"lazy\" decoding=\"async\" class=\"alignnone wp-image-132152\" src=\"https:\/\/factory.sale\/wp-content\/uploads\/2025\/11\/Banner-300x200.jpg\" alt=\"\" width=\"1194\" height=\"796\" srcset=\"https:\/\/factory.sale\/wp-content\/uploads\/2025\/11\/Banner-300x200.jpg 300w, https:\/\/factory.sale\/wp-content\/uploads\/2025\/11\/Banner-1024x683.jpg 1024w, https:\/\/factory.sale\/wp-content\/uploads\/2025\/11\/Banner-150x100.jpg 150w, https:\/\/factory.sale\/wp-content\/uploads\/2025\/11\/Banner-768x512.jpg 768w, https:\/\/factory.sale\/wp-content\/uploads\/2025\/11\/Banner-1536x1024.jpg 1536w, https:\/\/factory.sale\/wp-content\/uploads\/2025\/11\/Banner-600x400.jpg 600w, https:\/\/factory.sale\/wp-content\/uploads\/2025\/11\/Banner.jpg 2016w\" sizes=\"auto, (max-width: 1194px) 100vw, 1194px\" \/><\/p>\n","protected":false},"excerpt":{"rendered":"<p>Skamet P-216 on t\u00f6\u00f6kindel ja efektiivne puuk\u00fcttega saunaahi 8\u201318 m\u00b3 leiliruumidesse. Metallkorpus ja l\u00e4bi seina paiknev tulekolle tagavad puhta ja mugava kasutuse, samas kui kompaktne disain v\u00f5imaldab paigaldada ahju ka v\u00e4iksemale pinnale. Sobib suurep\u00e4raselt nii kodu- kui ka \u00e4rikasutusse.<\/p>\n","protected":false},"featured_media":131385,"comment_status":"open","ping_status":"closed","template":"","meta":{"_acf_changed":false},"factory":[],"free-shipment":[],"product_brand":[4640],"product_cat":[306,4638],"product_tag":[2176],"class_list":{"0":"post-132192","1":"product","2":"type-product","3":"status-publish","4":"has-post-thumbnail","6":"product_brand-skamet","7":"product_cat-saunakerised","8":"product_cat-skamet-et","9":"product_tag-sauna-heater-et","11":"first","12":"instock","13":"sale","14":"taxable","15":"shipping-taxable","16":"purchasable","17":"product-type-simple"},"acf":[],"_links":{"self":[{"href":"https:\/\/factory.sale\/et\/wp-json\/wp\/v2\/product\/132192","targetHints":{"allow":["GET"]}}],"collection":[{"href":"https:\/\/factory.sale\/et\/wp-json\/wp\/v2\/product"}],"about":[{"href":"https:\/\/factory.sale\/et\/wp-json\/wp\/v2\/types\/product"}],"replies":[{"embeddable":true,"href":"https:\/\/factory.sale\/et\/wp-json\/wp\/v2\/comments?post=132192"}],"wp:featuredmedia":[{"embeddable":true,"href":"https:\/\/factory.sale\/et\/wp-json\/wp\/v2\/media\/131385"}],"wp:attachment":[{"href":"https:\/\/factory.sale\/et\/wp-json\/wp\/v2\/media?parent=132192"}],"wp:term":[{"taxonomy":"factory","embeddable":true,"href":"https:\/\/factory.sale\/et\/wp-json\/wp\/v2\/factory?post=132192"},{"taxonomy":"free-shipment","embeddable":true,"href":"https:\/\/factory.sale\/et\/wp-json\/wp\/v2\/free-shipment?post=132192"},{"taxonomy":"product_brand","embeddable":true,"href":"https:\/\/factory.sale\/et\/wp-json\/wp\/v2\/product_brand?post=132192"},{"taxonomy":"product_cat","embeddable":true,"href":"https:\/\/factory.sale\/et\/wp-json\/wp\/v2\/product_cat?post=132192"},{"taxonomy":"product_tag","embeddable":true,"href":"https:\/\/factory.sale\/et\/wp-json\/wp\/v2\/product_tag?post=132192"}],"curies":[{"name":"wp","href":"https:\/\/api.w.org\/{rel}","templated":true}]}}