{"id":132188,"date":"2025-11-21T16:53:44","date_gmt":"2025-11-21T13:56:51","guid":{"rendered":"https:\/\/factory.sale\/?post_type=product&#038;p=132188"},"modified":"2026-02-05T15:30:52","modified_gmt":"2026-02-05T12:30:52","slug":"skamet-s-216-gl-puukuttega-saunaahi-kandilise-vorkkorpusega-8-18-m%c2%b3-leiliruumidesse-koetav-korvalruumist","status":"publish","type":"product","link":"https:\/\/factory.sale\/et\/toode\/skamet-s-216-gl-puukuttega-saunaahi-kandilise-vorkkorpusega-8-18-m%c2%b3-leiliruumidesse-koetav-korvalruumist\/","title":{"rendered":"Skamet S-216 GL puuk\u00fcttega saunaahi kandilise v\u00f5rkkorpusega 8\u201318 m\u00b3 leiliruumidesse, k\u00f6etav k\u00f5rvalruumist"},"content":{"rendered":"<p>Skamet S-216 GL kuulub Skameti k\u00f5rvalruumist k\u00f6etavate keriste seeriasse, kus tulekolle ulatub l\u00e4bi seina ning ukse avamine toimub eesruumi, pesuruumi v\u00f5i koridori poole. Selline lahendus hoiab leiliruumi puhta, tuhavaba ja korrastatud ning muudab k\u00fctmise oluliselt mugavamaks.<\/p>\n<p>Kandiline v\u00f5rkkorpus j\u00e4tab kerisekivid t\u00e4ielikult n\u00e4htavale, v\u00f5imaldades soojal \u00fchtlaselt levida ning lisades sauna sisekujundusse efektse ja modernse ilme. Tehasest tulles on tunneli pikkus 200 mm, kuid seda saab kohandada vastavalt seina paksusele.<\/p>\n<p>K\u00f5rgusega 78 cm, laiusega 49 cm ja ligikaudu 190 kg kivimahutavusega pakub S-216 GL tugevat ja stabiilset kuumust, mis sobib nii kodu- kui ka v\u00e4iksematesse \u00e4risaunadesse. Eestis toodetud ja vastavuses standardiga EN 15821:2010, tagab see mudel k\u00f5rge t\u00f6\u00f6kindluse ja pika kasutusea.<\/p>\n<p><strong>Tehnilised andmed:<\/strong><\/p>\n<ul>\n<li>K\u00f6etav ruumala: 8\u201318 m\u00b3<\/li>\n<li>K\u00f5rgus: 78 cm<\/li>\n<li>Laius: 49 cm<\/li>\n<li>S\u00fcgavus: 61 cm<\/li>\n<li>Tunneli pikkus: 200 mm (saadaval ka eripikkused)<\/li>\n<li>Kaal: 65 kg<\/li>\n<li>Kivide kogus: u. 190 kg<\/li>\n<li>K\u00fcttepuude pikkus: kuni 70 cm<\/li>\n<li>Paigaldus: l\u00e4bi seina \/ k\u00f6etav k\u00f5rvalruumist<\/li>\n<li>Korpus: kandiline v\u00f5rkkorpus<\/li>\n<li>Suitsutoru \u00fchendus: pealt, \u00d8 115 mm<\/li>\n<\/ul>\n<p><strong>Standardvarustus:<\/strong><\/p>\n<ul>\n<li>Kandiline v\u00f5rkkorpus suure kivimassi jaoks<\/li>\n<li>Tulekolle l\u00e4bi seina \u2013 k\u00f6etav k\u00f5rvalruumist<\/li>\n<li>Tunneli pikkus 200 mm<\/li>\n<li>Korstna \u00fchendus pealt<\/li>\n<li>Uksehinged vasakul (standard)<\/li>\n<li>Must kuumakindel v\u00e4rvkate<\/li>\n<li>Tugev teraskonstruktsioon<\/li>\n<li>Valmistatud Eestis, vastab standardile EN 15821:2010<\/li>\n<\/ul>\n<p><strong>Valikulised lisad:<\/strong><\/p>\n<ul>\n<li>Viimistlusraam seinaavasse (soovitatav l\u00e4bi seina paigalduse puhul)<\/li>\n<li>Klaasuks<\/li>\n<li>Uksehinged paremal<\/li>\n<li>Boileri \u00fchendus: paremalt, vasakult v\u00f5i tagant<\/li>\n<\/ul>\n<p><strong>Saadaval mudelid:<br \/>\n<\/strong><br \/>\nMudel\u00a0 \u00a0 \u00a0 \u00a0 \u00a0 \u00a0 \u00a0 \u00a0 \u00a0 \u00a0 \u00a0 \u00a0 \u00a0 \u00a0 \u00a0 \u00a0 \u00a0 \u00a0 \u00a0 \u00a0 \u00a0 \u00a0 \u00a0 \u00a0 \u00a0 \u00a0 \u00a0 \u00a0 \u00a0 \u00a0 \u00a0 \u00a0 \u00a0 \u00a0 \u00a0 \u00a0 \u00a0 \u00a0 \u00a0 \u00a0 \u00a0 \u00a0 \u00a0 \u00a0 \u00a0 \u00a0 \u00a0 \u00a0 \u00a0 \u00a0 \u00a0 \u00a0Kirjeldus\u00a0 \u00a0 \u00a0 \u00a0 \u00a0 \u00a0 \u00a0 \u00a0 \u00a0 \u00a0 \u00a0 \u00a0 \u00a0 \u00a0 \u00a0 \u00a0 \u00a0 \u00a0 \u00a0 \u00a0 \u00a0 \u00a0 \u00a0 \u00a0 \u00a0 \u00a0 \u00a0 \u00a0 \u00a0 \u00a0 \u00a0 \u00a0 \u00a0 \u00a0 \u00a0 \u00a0 \u00a0 \u00a0 \u00a0 \u00a0 \u00a0 \u00a0 \u00a0 \u00a0 \u00a0 \u00a0 \u00a0 \u00a0 \u00a0EAN\u00a0 \u00a0 \u00a0 \u00a0 \u00a0 \u00a0 \u00a0 \u00a0 \u00a0 \u00a0 \u00a0 Hind<br \/>\nS-216\u00a0 \u00a0 \u00a0 \u00a0 \u00a0 \u00a0 \u00a0 \u00a0Pikendatud koldega saunaahi (8\u201318 m\u00b3), ilma boileri \u00fchenduseta (kandiline v\u00f5rkkorpus)\u00a0 \u00a0 \u00a0 \u00a0 \u00a0 \u00a0 \u00a0 \u00a0 \u00a0 \u00a0 \u00a0 \u00a0 \u00a0 \u00a0 \u00a0 \u00a0 \u00a0 \u00a0 \u00a0 \u00a0 \u00a0 \u00a0 4742482001088\u00a0 \u00a0 488.75 \u20ac<br \/>\nS-216 GL\u00a0 \u00a0 \u00a0 \u00a0 \u00a0Pikendatud koldega saunaahi (8\u201318 m\u00b3), klaasuksega, ilma boileri \u00fchenduseta (kandiline v\u00f5rkkorpus)\u00a0 \u00a0 \u00a0 \u00a0 \u00a0 \u00a0 \u00a0 \u00a0 \u00a0 \u00a0 4742482001125\u00a0 \u00a0 506.00 \u20ac<br \/>\nS-216 BP\u00a0 \u00a0 \u00a0 \u00a0 \u00a0Pikendatud koldega saunaahi (8\u201318 m\u00b3), boileri \u00fchendus paremalt (kandiline v\u00f5rkkorpus)\u00a0 \u00a0 \u00a0 \u00a0 \u00a0 \u00a0 \u00a0 \u00a0 \u00a0 \u00a0 \u00a0 \u00a0 \u00a0 \u00a0 \u00a0 \u00a0 \u00a0 \u00a0 \u00a0 \u00a0 \u00a04742482001095\u00a0 \u00a0 529.00 \u20ac<br \/>\nS-216 BPGL\u00a0 \u00a0 Pikendatud koldega saunaahi (8\u201318 m\u00b3), boileri \u00fchendus paremalt, klaasuksega (kandiline v\u00f5rkkorpus)\u00a0 \u00a0 \u00a0 \u00a0 \u00a0 \u00a0 \u00a0 \u00a0 \u00a04742482001132\u00a0 \u00a0 546.25 \u20ac<br \/>\nS-216 BV\u00a0 \u00a0 \u00a0 \u00a0 \u00a0Pikendatud koldega saunaahi (8\u201318 m\u00b3), boileri \u00fchendus vasakult (kandiline v\u00f5rkkorpus)\u00a0 \u00a0 \u00a0 \u00a0 \u00a0 \u00a0 \u00a0 \u00a0 \u00a0 \u00a0 \u00a0 \u00a0 \u00a0 \u00a0 \u00a0 \u00a0 \u00a0 \u00a0 \u00a0 \u00a0 \u00a0 \u00a04742482001101\u00a0 \u00a0 529.00 \u20ac<br \/>\nS-216 BVGL\u00a0 \u00a0 Pikendatud koldega saunaahi (8\u201318 m\u00b3), boileri \u00fchendus vasakult, klaasuksega (kandiline v\u00f5rkkorpus)\u00a0 \u00a0 \u00a0 \u00a0 \u00a0 \u00a0 \u00a0 \u00a0 \u00a0 \u00a04742482001149\u00a0 \u00a0 546.25 \u20ac<br \/>\nS-216 BT\u00a0 \u00a0 \u00a0 \u00a0 \u00a0Pikendatud koldega saunaahi (8\u201318 m\u00b3), boileri \u00fchendus tagant (kandiline v\u00f5rkkorpus)\u00a0 \u00a0 \u00a0 \u00a0 \u00a0 \u00a0 \u00a0 \u00a0 \u00a0 \u00a0 \u00a0 \u00a0 \u00a0 \u00a0 \u00a0 \u00a0 \u00a0 \u00a0 \u00a0 \u00a0 \u00a0 \u00a0 \u00a0 4742482001118\u00a0 \u00a0 529.00 \u20ac<br \/>\nS-216 BTGL\u00a0 \u00a0 Pikendatud koldega saunaahi (8\u201318 m\u00b3), boileri \u00fchendus tagant, klaasuksega (kandiline v\u00f5rkkorpus)\u00a0 \u00a0 \u00a0 \u00a0 \u00a0 \u00a0 \u00a0 \u00a0 \u00a0 \u00a0 \u00a0 4742482001156\u00a0 \u00a0 546.25 \u20ac<\/p>\n<p>&nbsp;<\/p>\n<p><img loading=\"lazy\" decoding=\"async\" class=\"alignnone wp-image-132152\" src=\"https:\/\/factory.sale\/wp-content\/uploads\/2025\/11\/Banner-300x200.jpg\" alt=\"\" width=\"1194\" height=\"796\" srcset=\"https:\/\/factory.sale\/wp-content\/uploads\/2025\/11\/Banner-300x200.jpg 300w, https:\/\/factory.sale\/wp-content\/uploads\/2025\/11\/Banner-1024x683.jpg 1024w, https:\/\/factory.sale\/wp-content\/uploads\/2025\/11\/Banner-150x100.jpg 150w, https:\/\/factory.sale\/wp-content\/uploads\/2025\/11\/Banner-768x512.jpg 768w, https:\/\/factory.sale\/wp-content\/uploads\/2025\/11\/Banner-1536x1024.jpg 1536w, https:\/\/factory.sale\/wp-content\/uploads\/2025\/11\/Banner-600x400.jpg 600w, https:\/\/factory.sale\/wp-content\/uploads\/2025\/11\/Banner.jpg 2016w\" sizes=\"auto, (max-width: 1194px) 100vw, 1194px\" \/><\/p>\n","protected":false},"excerpt":{"rendered":"<p>Skamet S-216 GL on v\u00f5imas puuk\u00fcttega saunaahi 8\u201318 m\u00b3 leiliruumidesse. Kandiline v\u00f5rkkorpus mahutab v\u00e4ga suure koguse kerisekive, tagades pehme ja pika leili, samas kui l\u00e4bi seina paigaldatav tulekolle hoiab leiliruumi puhta ja mugavana. Ideaalne valik nii kodu- kui ka \u00e4rikasutuseks.<\/p>\n","protected":false},"featured_media":131634,"comment_status":"open","ping_status":"closed","template":"","meta":{"_acf_changed":false},"factory":[],"free-shipment":[],"product_brand":[4640],"product_cat":[306,4638],"product_tag":[],"class_list":{"0":"post-132188","1":"product","2":"type-product","3":"status-publish","4":"has-post-thumbnail","6":"product_brand-skamet","7":"product_cat-saunakerised","8":"product_cat-skamet-et","10":"first","11":"instock","12":"sale","13":"taxable","14":"shipping-taxable","15":"purchasable","16":"product-type-simple"},"acf":[],"_links":{"self":[{"href":"https:\/\/factory.sale\/et\/wp-json\/wp\/v2\/product\/132188","targetHints":{"allow":["GET"]}}],"collection":[{"href":"https:\/\/factory.sale\/et\/wp-json\/wp\/v2\/product"}],"about":[{"href":"https:\/\/factory.sale\/et\/wp-json\/wp\/v2\/types\/product"}],"replies":[{"embeddable":true,"href":"https:\/\/factory.sale\/et\/wp-json\/wp\/v2\/comments?post=132188"}],"wp:featuredmedia":[{"embeddable":true,"href":"https:\/\/factory.sale\/et\/wp-json\/wp\/v2\/media\/131634"}],"wp:attachment":[{"href":"https:\/\/factory.sale\/et\/wp-json\/wp\/v2\/media?parent=132188"}],"wp:term":[{"taxonomy":"factory","embeddable":true,"href":"https:\/\/factory.sale\/et\/wp-json\/wp\/v2\/factory?post=132188"},{"taxonomy":"free-shipment","embeddable":true,"href":"https:\/\/factory.sale\/et\/wp-json\/wp\/v2\/free-shipment?post=132188"},{"taxonomy":"product_brand","embeddable":true,"href":"https:\/\/factory.sale\/et\/wp-json\/wp\/v2\/product_brand?post=132188"},{"taxonomy":"product_cat","embeddable":true,"href":"https:\/\/factory.sale\/et\/wp-json\/wp\/v2\/product_cat?post=132188"},{"taxonomy":"product_tag","embeddable":true,"href":"https:\/\/factory.sale\/et\/wp-json\/wp\/v2\/product_tag?post=132188"}],"curies":[{"name":"wp","href":"https:\/\/api.w.org\/{rel}","templated":true}]}}