{"id":132186,"date":"2025-11-21T16:53:44","date_gmt":"2025-11-21T13:56:50","guid":{"rendered":"https:\/\/factory.sale\/?post_type=product&#038;p=132186"},"modified":"2026-02-05T15:31:13","modified_gmt":"2026-02-05T12:31:13","slug":"skamet-sy-216-puukuttega-saunaahi-umaras-vorkkorpuses-8-18-m%c2%b3-leiliruumidesse-koetav-korvalruumist","status":"publish","type":"product","link":"https:\/\/factory.sale\/et\/toode\/skamet-sy-216-puukuttega-saunaahi-umaras-vorkkorpuses-8-18-m%c2%b3-leiliruumidesse-koetav-korvalruumist\/","title":{"rendered":"Skamet SY-216 \u2013 puuk\u00fcttega saunaahi \u00fcmaras v\u00f5rkkorpuses 8\u201318 m\u00b3 leiliruumidesse, k\u00f6etav k\u00f5rvalruumist"},"content":{"rendered":"<p>Skamet SY-216 on m\u00f5eldud 8\u201318 m\u00b3 suurustele leiliruumidele ning seda k\u00f6etakse k\u00f5rvalruumist l\u00e4bi seina paigaldatud tulekolde kaudu. Selline lahendus hoiab leiliruumi puhta ja tuhavaba, samal ajal s\u00e4ilitades ehtsa puuk\u00fcttega sauna atmosf\u00e4\u00e4ri ning muutes puude lisamise mugavaks ja kiireks.<\/p>\n<p>Ahju \u00fcmar v\u00f5rkkorpus mahutab ligikaudu 140 kg kerisekive, mis tagab pehme ja \u00fchtlase leili ning pikaajalise sooja p\u00fcsimise. T\u00e4nu kuni 70 cm pikkustele k\u00fcttepuidule pakub SY-216 tugevat ja t\u00f6\u00f6kindlat k\u00fcttelahendust nii kodu- kui ka v\u00e4iksematesse \u00e4risaunadesse. Ahju teraskonstruktsioon on kaetud musta kuumakindla v\u00e4rviga ning valmistatud Eestis vastavalt EN 15821:2010 standardile.<\/p>\n<p>Kompaktne, kuid v\u00f5imekas SY-216 sobib suurep\u00e4raselt leiliruumidesse, kus eelistatakse suurt kivimassi, klassikalist tulekuma ja praktilist k\u00f5rvalruumist k\u00fctmist.<\/p>\n<p><strong>Tehnilised andmed:<\/strong><\/p>\n<ul>\n<li>K\u00f6etav ruumala: 8\u201318 m\u00b3<\/li>\n<li>K\u00f5rgus: 78 cm<\/li>\n<li>L\u00e4bim\u00f5\u00f5t: 56 cm<\/li>\n<li>Tunneli s\u00fcgavus: 20 cm<\/li>\n<li>Kaal: 60 kg<\/li>\n<li>Kivide kogus: u. 140 kg<\/li>\n<li>K\u00fcttepuude pikkus: kuni 70 cm<\/li>\n<li>Suitsutoru l\u00e4bim\u00f5\u00f5t: 115 mm (\u00fchendus pealt)<\/li>\n<li>Paigaldus: k\u00f6etav k\u00f5rvalruumist \/ l\u00e4bi seina<\/li>\n<li>Korpus: \u00fcmar v\u00f5rkkorpus<\/li>\n<\/ul>\n<p><strong>Standardvarustus:<\/strong><\/p>\n<ul>\n<li>Tugev terasest uksega tulekolle<\/li>\n<li>Roostevabast terasest k\u00e4epide<\/li>\n<li>\u00dcmar v\u00f5rkkorpus suure kivimassiga<\/li>\n<li>Korstna \u00fchendamine pealt<\/li>\n<li>Must kuumakindel v\u00e4rvkate<\/li>\n<li>Uksehinged vasakul<\/li>\n<li>Valmistatud Eestis<\/li>\n<\/ul>\n<p><strong>Valikulised lisad:<\/strong><\/p>\n<ul>\n<li>Klaasuks<\/li>\n<li>Uksehinged paremal<\/li>\n<li>Puidust k\u00e4epide<\/li>\n<li>Boileri \u00fchendus: paremalt, vasakult v\u00f5i tagant<\/li>\n<li>Viimistlusraam seinaava \u00e4\u00e4rde (soovitatav l\u00e4bi seina paigalduse puhul)<\/li>\n<\/ul>\n<p><strong>Saadaval mudelid:<br \/>\n<\/strong><br \/>\nMudel\u00a0 \u00a0 \u00a0 \u00a0 \u00a0 \u00a0 \u00a0 \u00a0 \u00a0 \u00a0 \u00a0 \u00a0 \u00a0 \u00a0 \u00a0 \u00a0 \u00a0 \u00a0 \u00a0 \u00a0 \u00a0 \u00a0 \u00a0 \u00a0 \u00a0 \u00a0 \u00a0 \u00a0 \u00a0 \u00a0 \u00a0 \u00a0 \u00a0 \u00a0 \u00a0 \u00a0 \u00a0 \u00a0 \u00a0 Kirjeldus\u00a0 \u00a0 \u00a0 \u00a0 \u00a0 \u00a0 \u00a0 \u00a0 \u00a0 \u00a0 \u00a0 \u00a0 \u00a0 \u00a0 \u00a0 \u00a0 \u00a0 \u00a0 \u00a0 \u00a0 \u00a0 \u00a0 \u00a0 \u00a0 \u00a0 \u00a0 \u00a0 \u00a0 \u00a0 \u00a0 \u00a0 \u00a0 \u00a0 \u00a0 \u00a0 \u00a0 \u00a0 \u00a0 \u00a0 \u00a0 \u00a0 \u00a0 \u00a0 \u00a0 \u00a0 \u00a0 \u00a0 \u00a0 \u00a0 \u00a0 \u00a0 \u00a0 \u00a0 \u00a0 \u00a0 \u00a0 \u00a0 \u00a0 \u00a0 \u00a0EAN\u00a0 \u00a0 \u00a0 \u00a0 \u00a0 \u00a0 \u00a0 \u00a0 \u00a0Hind<br \/>\nSY-216\u00a0 \u00a0 \u00a0 \u00a0 \u00a0 \u00a0 \u00a0 Pikendatud koldega saunaahi (8\u201318 m\u00b3), ilma boileri \u00fchenduseta (\u00fcmar v\u00f5rkkorpus)\u00a0 \u00a0 \u00a0 \u00a0 \u00a0 \u00a0 \u00a0 \u00a0 \u00a0 \u00a0 \u00a0 \u00a0 \u00a0 \u00a0 \u00a0 \u00a0 \u00a0 \u00a0 \u00a0 \u00a0 \u00a0 \u00a0 4742482001248\u00a0 \u00a0 488.75 \u20ac<br \/>\nSY-216 GL\u00a0 \u00a0 \u00a0 \u00a0 Pikendatud koldega saunaahi (8\u201318 m\u00b3), klaasuksega, ilma boileri \u00fchenduseta (\u00fcmar v\u00f5rkkorpus)\u00a0 \u00a0 \u00a0 \u00a0 \u00a0 \u00a0 \u00a0 \u00a0 \u00a0 \u00a0 4742482001286\u00a0 \u00a0 506.00 \u20ac<br \/>\nSY-216 BP\u00a0 \u00a0 \u00a0 \u00a0 Pikendatud koldega saunaahi (8\u201318 m\u00b3), boileri \u00fchendus paremalt (\u00fcmar v\u00f5rkkorpus)\u00a0 \u00a0 \u00a0 \u00a0 \u00a0 \u00a0 \u00a0 \u00a0 \u00a0 \u00a0 \u00a0 \u00a0 \u00a0 \u00a0 \u00a0 \u00a0 \u00a0 \u00a0 \u00a0 \u00a0 \u00a04742482001255\u00a0 \u00a0 529.00 \u20ac<br \/>\nSY-216 BPGL\u00a0 \u00a0Pikendatud koldega saunaahi (8\u201318 m\u00b3), boileri \u00fchendus paremalt, klaasuksega (\u00fcmar v\u00f5rkkorpus)\u00a0 \u00a0 \u00a0 \u00a0 \u00a0 \u00a0 \u00a0 \u00a0 \u00a04742482001293\u00a0 \u00a0 546.25 \u20ac<br \/>\nSY-216 BV\u00a0 \u00a0 \u00a0 \u00a0 Pikendatud koldega saunaahi (8\u201318 m\u00b3), boileri \u00fchendus vasakult (\u00fcmar v\u00f5rkkorpus)\u00a0 \u00a0 \u00a0 \u00a0 \u00a0 \u00a0 \u00a0 \u00a0 \u00a0 \u00a0 \u00a0 \u00a0 \u00a0 \u00a0 \u00a0 \u00a0 \u00a0 \u00a0 \u00a0 \u00a0 \u00a0 \u00a04742482001262\u00a0 \u00a0 529.00 \u20ac<br \/>\nSY-216 BVGL\u00a0 \u00a0Pikendatud koldega saunaahi (8\u201318 m\u00b3), boileri \u00fchendus vasakult, klaasuksega (\u00fcmar v\u00f5rkkorpus)\u00a0 \u00a0 \u00a0 \u00a0 \u00a0 \u00a0 \u00a0 \u00a0 \u00a0 \u00a04742482001309\u00a0 \u00a0 546.25 \u20ac<br \/>\nSY-216 BT\u00a0 \u00a0 \u00a0 \u00a0 Pikendatud koldega saunaahi (8\u201318 m\u00b3), boileri \u00fchendus tagant (\u00fcmar v\u00f5rkkorpus)\u00a0 \u00a0 \u00a0 \u00a0 \u00a0 \u00a0 \u00a0 \u00a0 \u00a0 \u00a0 \u00a0 \u00a0 \u00a0 \u00a0 \u00a0 \u00a0 \u00a0 \u00a0 \u00a0 \u00a0 \u00a0 \u00a0 \u00a0 4742482001279\u00a0 \u00a0 529.00 \u20ac<br \/>\nSY-216 BTGL\u00a0 \u00a0Pikendatud koldega saunaahi (8\u201318 m\u00b3), boileri \u00fchendus tagant, klaasuksega (\u00fcmar v\u00f5rkkorpus)\u00a0 \u00a0 \u00a0 \u00a0 \u00a0 \u00a0 \u00a0 \u00a0 \u00a0 \u00a0 \u00a0 4742482001316\u00a0 \u00a0 \u00a0546.25 \u20ac<\/p>\n<p>&nbsp;<\/p>\n<p><img loading=\"lazy\" decoding=\"async\" class=\"alignnone wp-image-132152\" src=\"https:\/\/factory.sale\/wp-content\/uploads\/2025\/11\/Banner-300x200.jpg\" alt=\"\" width=\"1194\" height=\"796\" srcset=\"https:\/\/factory.sale\/wp-content\/uploads\/2025\/11\/Banner-300x200.jpg 300w, https:\/\/factory.sale\/wp-content\/uploads\/2025\/11\/Banner-1024x683.jpg 1024w, https:\/\/factory.sale\/wp-content\/uploads\/2025\/11\/Banner-150x100.jpg 150w, https:\/\/factory.sale\/wp-content\/uploads\/2025\/11\/Banner-768x512.jpg 768w, https:\/\/factory.sale\/wp-content\/uploads\/2025\/11\/Banner-1536x1024.jpg 1536w, https:\/\/factory.sale\/wp-content\/uploads\/2025\/11\/Banner-600x400.jpg 600w, https:\/\/factory.sale\/wp-content\/uploads\/2025\/11\/Banner.jpg 2016w\" sizes=\"auto, (max-width: 1194px) 100vw, 1194px\" \/><\/p>\n","protected":false},"excerpt":{"rendered":"<p>Skamet SY-216 on v\u00f5imas ja t\u00f6\u00f6kindel puuk\u00fcttega saunaahi 8\u201318 m\u00b3 leiliruumidesse. \u00dcmar v\u00f5rkkorpus mahutab suure hulga kerisekive, mis tagab pehme ja kauakestva leili, ning l\u00e4bi seina paigaldatav tulekolle hoiab leiliruumi puhtana. Ideaalne lahendus nii kodu- kui ka \u00e4rikasutusse.<\/p>\n","protected":false},"featured_media":131656,"comment_status":"open","ping_status":"closed","template":"","meta":{"_acf_changed":false},"factory":[],"free-shipment":[],"product_brand":[4640],"product_cat":[306,4638],"product_tag":[],"class_list":{"0":"post-132186","1":"product","2":"type-product","3":"status-publish","4":"has-post-thumbnail","6":"product_brand-skamet","7":"product_cat-saunakerised","8":"product_cat-skamet-et","10":"first","11":"instock","12":"sale","13":"taxable","14":"shipping-taxable","15":"purchasable","16":"product-type-simple"},"acf":[],"_links":{"self":[{"href":"https:\/\/factory.sale\/et\/wp-json\/wp\/v2\/product\/132186","targetHints":{"allow":["GET"]}}],"collection":[{"href":"https:\/\/factory.sale\/et\/wp-json\/wp\/v2\/product"}],"about":[{"href":"https:\/\/factory.sale\/et\/wp-json\/wp\/v2\/types\/product"}],"replies":[{"embeddable":true,"href":"https:\/\/factory.sale\/et\/wp-json\/wp\/v2\/comments?post=132186"}],"wp:featuredmedia":[{"embeddable":true,"href":"https:\/\/factory.sale\/et\/wp-json\/wp\/v2\/media\/131656"}],"wp:attachment":[{"href":"https:\/\/factory.sale\/et\/wp-json\/wp\/v2\/media?parent=132186"}],"wp:term":[{"taxonomy":"factory","embeddable":true,"href":"https:\/\/factory.sale\/et\/wp-json\/wp\/v2\/factory?post=132186"},{"taxonomy":"free-shipment","embeddable":true,"href":"https:\/\/factory.sale\/et\/wp-json\/wp\/v2\/free-shipment?post=132186"},{"taxonomy":"product_brand","embeddable":true,"href":"https:\/\/factory.sale\/et\/wp-json\/wp\/v2\/product_brand?post=132186"},{"taxonomy":"product_cat","embeddable":true,"href":"https:\/\/factory.sale\/et\/wp-json\/wp\/v2\/product_cat?post=132186"},{"taxonomy":"product_tag","embeddable":true,"href":"https:\/\/factory.sale\/et\/wp-json\/wp\/v2\/product_tag?post=132186"}],"curies":[{"name":"wp","href":"https:\/\/api.w.org\/{rel}","templated":true}]}}