{"id":132182,"date":"2025-11-21T16:53:44","date_gmt":"2025-11-21T13:56:49","guid":{"rendered":"https:\/\/factory.sale\/?post_type=product&#038;p=132182"},"modified":"2026-02-05T15:56:50","modified_gmt":"2026-02-05T12:56:50","slug":"skamet-sty-216-gl-puukuttega-saunaahi-suure-klaasukse-ja-umara-vorkkorpusega-8-18-m%c2%b3-leiliruumidesse-koetav-korvalruumist","status":"publish","type":"product","link":"https:\/\/factory.sale\/et\/toode\/skamet-sty-216-gl-puukuttega-saunaahi-suure-klaasukse-ja-umara-vorkkorpusega-8-18-m%c2%b3-leiliruumidesse-koetav-korvalruumist\/","title":{"rendered":"Skamet STY-216 GL puuk\u00fcttega saunaahi suure klaasukse ja \u00fcmara v\u00f5rkkorpusega 8\u201318 m\u00b3 leiliruumidesse, k\u00f6etav k\u00f5rvalruumist"},"content":{"rendered":"<p>kamet STY-216 GL on loodud 8\u201318 m\u00b3 suurustele leiliruumidele ning seda k\u00f6etakse k\u00f5rvalruumist. Tulekolde uks avaneb l\u00e4bi seina n\u00e4iteks ees- v\u00f5i pesuruumi poole, mis muudab puude lisamise mugavaks ja hoiab leiliruumi t\u00e4iesti puhta, tuhavaba ja korrastatuna. Samas s\u00e4ilib ehtne ja meeldiv puuk\u00fcttega sauna kogemus.<\/p>\n<p>Ahi eristub oma suure kuumakindla klaasukse (330 \u00d7 330 mm) poolest, mis laseb tulel kaunilt paista ning loob k\u00f5rvalruumi m\u00f5nusa atmosf\u00e4\u00e4ri. \u00dcmar v\u00f5rkkorpus mahutab umbes 140 kg kerisekive, mis tagab pika ja \u00fchtlase soojuse ning v\u00f5imaldab pehmet ja kauakestvat leili.<\/p>\n<p>Ahi on valmistatud Eestis vastupidavast terasest ning viimistletud musta kuumakindla v\u00e4rviga. STY-216 GL vastab Euroopa standardile EN 15821:2010, sobides suurep\u00e4raselt nii kodukasutusse kui ka v\u00e4iksematesse \u00e4risaunadesse.<\/p>\n<p><strong>Tehnilised andmed:<\/strong><\/p>\n<ul>\n<li>K\u00f6etav ruumala: 8\u201318 m\u00b3<\/li>\n<li>K\u00f5rgus: 78 cm<\/li>\n<li>L\u00e4bim\u00f5\u00f5t: 56 cm<\/li>\n<li>Tunneli s\u00fcgavus: 20 cm<\/li>\n<li>Kaal: 80 kg<\/li>\n<li>Kivide kogus: u. 140 kg<\/li>\n<li>K\u00fcttepuude pikkus: kuni 70 cm<\/li>\n<li>Klaasukse m\u00f5\u00f5t: 330 \u00d7 330 mm<\/li>\n<li>Suitsutoru l\u00e4bim\u00f5\u00f5t: 115 mm (\u00fchendus pealt)<\/li>\n<li>Paigaldus: k\u00f6etav k\u00f5rvalruumist \/ l\u00e4bi seina<\/li>\n<li>Korpus: \u00fcmar v\u00f5rkkorpus<\/li>\n<\/ul>\n<p><strong>Standardvarustus:<\/strong><\/p>\n<ul>\n<li>Suur kuumakindel klaasuks (330 \u00d7 330 mm)<\/li>\n<li>\u00dcmar v\u00f5rkkorpus suure kivimassiga<\/li>\n<li>Tulekolle l\u00e4bi seina \u2013 k\u00f6etav k\u00f5rvalruumist<\/li>\n<li>Korstna \u00fchendamine pealt<\/li>\n<li>Roostevabast terasest k\u00e4epide<\/li>\n<li>Must kuumakindel v\u00e4rvkate<\/li>\n<li>Uksehinged vasakul<\/li>\n<li>Valmistatud Eestis, vastav EN 15821:2010 standardile<\/li>\n<\/ul>\n<p><strong>Valikulised lisad:<\/strong><\/p>\n<ul>\n<li>Viimistlusraam seinaava \u00e4\u00e4rde<\/li>\n<li>Uksehinged paremal<\/li>\n<li>Puidust k\u00e4epide<\/li>\n<li>Boileri \u00fchendus: paremalt, vasakult v\u00f5i tagant<\/li>\n<\/ul>\n<p><strong>Saadaval mudelid:<br \/>\n<\/strong><br \/>\nMudel\u00a0 \u00a0 \u00a0 \u00a0 \u00a0 \u00a0 \u00a0 \u00a0 \u00a0 \u00a0 \u00a0 \u00a0 \u00a0 \u00a0 \u00a0 \u00a0 \u00a0 \u00a0 \u00a0 \u00a0 \u00a0 \u00a0 \u00a0 \u00a0 \u00a0 \u00a0 \u00a0 \u00a0 \u00a0 \u00a0 \u00a0 \u00a0 \u00a0 \u00a0 \u00a0 \u00a0 \u00a0 \u00a0 \u00a0 \u00a0 \u00a0 \u00a0 \u00a0 \u00a0 \u00a0 \u00a0 \u00a0 \u00a0 \u00a0Kirjeldus\u00a0 \u00a0 \u00a0 \u00a0 \u00a0 \u00a0 \u00a0 \u00a0 \u00a0 \u00a0 \u00a0 \u00a0 \u00a0 \u00a0 \u00a0 \u00a0 \u00a0 \u00a0 \u00a0 \u00a0 \u00a0 \u00a0 \u00a0 \u00a0 \u00a0 \u00a0 \u00a0 \u00a0 \u00a0 \u00a0 \u00a0 \u00a0 \u00a0 \u00a0 \u00a0 \u00a0 \u00a0 \u00a0 \u00a0 \u00a0 \u00a0 \u00a0 \u00a0 \u00a0 \u00a0 \u00a0 \u00a0 \u00a0 \u00a0 \u00a0 EAN\u00a0 \u00a0 \u00a0 \u00a0 \u00a0 \u00a0 \u00a0 \u00a0 \u00a0 Hind<br \/>\nSTY-216 GL\u00a0 \u00a0 \u00a0 \u00a0Pikendatud koldega saunaahi (8\u201318 m\u00b3), suure klaasuksega, ilma boileri \u00fchenduseta (\u00fcmar v\u00f5rkkorpus)\u00a0 \u00a0 \u00a0 \u00a0 4742482003136\u00a0 \u00a0 \u00a0672.75 \u20ac<br \/>\nSTY-216 BPGL\u00a0 \u00a0Pikendatud koldega saunaahi (8\u201318 m\u00b3), suure klaasuksega, boileri \u00fchendus paremalt (\u00fcmar v\u00f5rkkorpus)\u00a0 \u00a0 4742482003211\u00a0 \u00a0 \u00a0 713.00 \u20ac<br \/>\nSTY-216 BVGL\u00a0 \u00a0Pikendatud koldega saunaahi (8\u201318 m\u00b3), suure klaasuksega, boileri \u00fchendus vasakult (\u00fcmar v\u00f5rkkorpus)\u00a0 \u00a0 \u00a0 4742482003228\u00a0 \u00a0 713.00 \u20ac<br \/>\nSTY-216 BTGL\u00a0 \u00a0Pikendatud koldega saunaahi (8\u201318 m\u00b3), suure klaasuksega, boileri \u00fchendus tagant (\u00fcmar v\u00f5rkkorpus)\u00a0 \u00a0 \u00a0 \u00a0 \u00a04742482003235\u00a0 \u00a0 713.00 \u20ac<\/p>\n<p>&nbsp;<\/p>\n<p><img loading=\"lazy\" decoding=\"async\" class=\"alignnone wp-image-132152\" src=\"https:\/\/factory.sale\/wp-content\/uploads\/2025\/11\/Banner-300x200.jpg\" alt=\"\" width=\"1194\" height=\"796\" srcset=\"https:\/\/factory.sale\/wp-content\/uploads\/2025\/11\/Banner-300x200.jpg 300w, https:\/\/factory.sale\/wp-content\/uploads\/2025\/11\/Banner-1024x683.jpg 1024w, https:\/\/factory.sale\/wp-content\/uploads\/2025\/11\/Banner-150x100.jpg 150w, https:\/\/factory.sale\/wp-content\/uploads\/2025\/11\/Banner-768x512.jpg 768w, https:\/\/factory.sale\/wp-content\/uploads\/2025\/11\/Banner-1536x1024.jpg 1536w, https:\/\/factory.sale\/wp-content\/uploads\/2025\/11\/Banner-600x400.jpg 600w, https:\/\/factory.sale\/wp-content\/uploads\/2025\/11\/Banner.jpg 2016w\" sizes=\"auto, (max-width: 1194px) 100vw, 1194px\" \/><\/p>\n","protected":false},"excerpt":{"rendered":"<p>Skamet STY-216 GL on v\u00f5imas puuk\u00fcttega saunaahi 8\u201318 m\u00b3 leiliruumidesse. Suur kuumakindel klaasuks (330 \u00d7 330 mm) laseb tulel kaunilt paista, samal ajal kui \u00fcmar v\u00f5rkkorpus mahutab suure koguse kive, tagades pehme ja kauakestva leili. Ahju k\u00f5rvalruumist k\u00fctmine hoiab leiliruumi puhta ja mugavana ning muudab puude lisamise lihtsaks.<\/p>\n","protected":false},"featured_media":131682,"comment_status":"open","ping_status":"closed","template":"","meta":{"_acf_changed":false},"factory":[],"free-shipment":[],"product_brand":[4640],"product_cat":[306,4638],"product_tag":[],"class_list":{"0":"post-132182","1":"product","2":"type-product","3":"status-publish","4":"has-post-thumbnail","6":"product_brand-skamet","7":"product_cat-saunakerised","8":"product_cat-skamet-et","10":"first","11":"instock","12":"sale","13":"taxable","14":"shipping-taxable","15":"purchasable","16":"product-type-simple"},"acf":[],"_links":{"self":[{"href":"https:\/\/factory.sale\/et\/wp-json\/wp\/v2\/product\/132182","targetHints":{"allow":["GET"]}}],"collection":[{"href":"https:\/\/factory.sale\/et\/wp-json\/wp\/v2\/product"}],"about":[{"href":"https:\/\/factory.sale\/et\/wp-json\/wp\/v2\/types\/product"}],"replies":[{"embeddable":true,"href":"https:\/\/factory.sale\/et\/wp-json\/wp\/v2\/comments?post=132182"}],"wp:featuredmedia":[{"embeddable":true,"href":"https:\/\/factory.sale\/et\/wp-json\/wp\/v2\/media\/131682"}],"wp:attachment":[{"href":"https:\/\/factory.sale\/et\/wp-json\/wp\/v2\/media?parent=132182"}],"wp:term":[{"taxonomy":"factory","embeddable":true,"href":"https:\/\/factory.sale\/et\/wp-json\/wp\/v2\/factory?post=132182"},{"taxonomy":"free-shipment","embeddable":true,"href":"https:\/\/factory.sale\/et\/wp-json\/wp\/v2\/free-shipment?post=132182"},{"taxonomy":"product_brand","embeddable":true,"href":"https:\/\/factory.sale\/et\/wp-json\/wp\/v2\/product_brand?post=132182"},{"taxonomy":"product_cat","embeddable":true,"href":"https:\/\/factory.sale\/et\/wp-json\/wp\/v2\/product_cat?post=132182"},{"taxonomy":"product_tag","embeddable":true,"href":"https:\/\/factory.sale\/et\/wp-json\/wp\/v2\/product_tag?post=132182"}],"curies":[{"name":"wp","href":"https:\/\/api.w.org\/{rel}","templated":true}]}}