{"id":132179,"date":"2025-11-21T16:53:45","date_gmt":"2025-11-21T13:57:32","guid":{"rendered":"https:\/\/factory.sale\/?post_type=product&#038;p=132179"},"modified":"2026-03-18T09:22:53","modified_gmt":"2026-03-18T06:22:53","slug":"skamet-p-220-puukuttega-saunaahi-metallkorpusega-16-25-m%c2%b3-koetav-korvalruumist","status":"publish","type":"product","link":"https:\/\/factory.sale\/et\/toode\/skamet-p-220-puukuttega-saunaahi-metallkorpusega-16-25-m%c2%b3-koetav-korvalruumist\/","title":{"rendered":"Skamet P-220 puuk\u00fcttega saunaahi metallkorpusega (16\u201325 m\u00b3), k\u00f6etav k\u00f5rvalruumist"},"content":{"rendered":"<p>Skamet P-220 on m\u00f5eldud suurematele leiliruumidele ning seda k\u00f6etakse k\u00f5rvalruumist. Tulekolde uks paikneb l\u00e4bi seina n\u00e4iteks ees- v\u00f5i pesuruumi poole, mis muudab puude lisamise mugavaks ja hoiab leiliruumi puhta, tuhavaba ja korrastatuna. Samas s\u00e4ilib ehtne puuk\u00fcttega sauna olemus.<\/p>\n<p>Ahi on varustatud vastupidava metallkorpusega, mis on viimistletud musta kuumakindla v\u00e4rviga. Ligikaudu 50 kg kerisekive ja kuni 60 cm pikkused k\u00fcttepuud tagavad tugeva ja \u00fchtlase kuumuse ning kiire soojenemise. P-220 on loodud t\u00f6\u00f6kindlaks kasutamiseks nii kodu- kui ka v\u00e4iksemates \u00e4risaunades.<\/p>\n<p>Toode on valmistatud Eestis ning vastab EN 15821:2010 ohutus- ja kvaliteedistandardile.<\/p>\n<p><strong>Tehnilised andmed:<\/strong><\/p>\n<ul>\n<li>K\u00f6etav ruumala: 16\u201325 m\u00b3<\/li>\n<li>K\u00f5rgus: 81 cm<\/li>\n<li>Laius: 43 cm<\/li>\n<li>S\u00fcgavus: 51 cm<\/li>\n<li>Tunnel: 17 cm<\/li>\n<li>Kaal: 65 kg<\/li>\n<li>Kivide kogus: u. 50 kg<\/li>\n<li>K\u00fcttepuude pikkus: kuni 60 cm<\/li>\n<li>Suitsutoru l\u00e4bim\u00f5\u00f5t: 115 mm (\u00fchendus pealt)<\/li>\n<li>Paigaldus: k\u00f6etav k\u00f5rvalruumist \/ l\u00e4bi seina<\/li>\n<li>Korpus: must metal-korpus, kuumakindel viimistlus<\/li>\n<\/ul>\n<p><strong>Standardvarustus:<\/strong><\/p>\n<ul>\n<li>Metalluks<\/li>\n<li>Tulekolle l\u00e4bi seina \u2013 k\u00f6etav k\u00f5rvalruumist<\/li>\n<li>Korstna \u00fchendamine pealt<\/li>\n<li>Must kuumakindel v\u00e4rvkate<\/li>\n<li>Uksehinged vasakul<\/li>\n<li>Vastupidav teraskonstruktsioon<\/li>\n<\/ul>\n<p><strong>Valikulised lisad:<\/strong><\/p>\n<ul>\n<li>Klaasuks (230 \u00d7 230 mm)<\/li>\n<li>Boileri \u00fchendus: paremalt, vasakult v\u00f5i tagant<\/li>\n<li>Uksehinged paremal<\/li>\n<li>Korpuse \u00fclemine \u00e4\u00e4r roostevabast terasest<\/li>\n<li>Viimistlusraam seinaava \u00e4\u00e4rde<\/li>\n<li>Korpuse v\u00e4rvivalikud: punane-must, hall-must, roostevaba<\/li>\n<\/ul>\n<p><strong>Saadaval mudelid:<\/strong><br \/>\nMudel\u00a0 \u00a0 \u00a0 \u00a0 \u00a0 \u00a0 \u00a0 \u00a0 \u00a0 \u00a0 \u00a0 \u00a0 \u00a0 \u00a0 \u00a0 \u00a0 \u00a0 \u00a0 \u00a0 \u00a0 \u00a0 \u00a0 \u00a0 \u00a0 \u00a0 \u00a0 \u00a0 \u00a0 \u00a0 \u00a0 \u00a0 \u00a0 \u00a0 \u00a0 \u00a0 \u00a0 \u00a0 \u00a0 \u00a0 \u00a0 \u00a0 \u00a0 \u00a0 \u00a0 \u00a0 \u00a0 Kirjeldus\u00a0 \u00a0 \u00a0 \u00a0 \u00a0 \u00a0 \u00a0 \u00a0 \u00a0 \u00a0 \u00a0 \u00a0 \u00a0 \u00a0 \u00a0 \u00a0 \u00a0 \u00a0 \u00a0 \u00a0 \u00a0 \u00a0 \u00a0 \u00a0 \u00a0 \u00a0 \u00a0 \u00a0 \u00a0 \u00a0 \u00a0 \u00a0 \u00a0 \u00a0 \u00a0 \u00a0 \u00a0 \u00a0 \u00a0 \u00a0 \u00a0 \u00a0 \u00a0 \u00a0 EAN\u00a0 \u00a0 \u00a0 \u00a0 \u00a0 \u00a0 \u00a0 \u00a0 \u00a0Hind<br \/>\nP-220\u00a0 \u00a0 \u00a0 \u00a0 \u00a0 \u00a0 \u00a0 \u00a0Pikendatud koldega saunaahi (16\u201325 m\u00b3), ilma boileri \u00fchenduseta\u00a0 \u00a0 \u00a0 \u00a0 \u00a0 \u00a0 \u00a0 \u00a0 \u00a0 \u00a0 \u00a0 \u00a0 \u00a0 \u00a0 \u00a0 \u00a0 \u00a0 \u00a0 \u00a0 \u00a0 \u00a0 \u00a0 \u00a0 \u00a0 \u00a0 \u00a0 \u00a0 \u00a0 \u00a0 \u00a04742482000586\u00a0 \u00a0 465.75 \u20ac<br \/>\nP-220 GL\u00a0 \u00a0 \u00a0 \u00a0 \u00a0Pikendatud koldega saunaahi (16\u201325 m\u00b3), klaasuksega, ilma boileri \u00fchenduseta\u00a0 \u00a0 \u00a0 \u00a0 \u00a0 \u00a0 \u00a0 \u00a0 \u00a0 \u00a0 \u00a0 \u00a0 \u00a0 \u00a0 \u00a0 \u00a0 \u00a0 \u00a04742482000623\u00a0 \u00a0 483.00 \u20ac<br \/>\nP-220 BP\u00a0 \u00a0 \u00a0 \u00a0 \u00a0Pikendatud koldega saunaahi (16\u201325 m\u00b3), boileri \u00fchendus paremalt\u00a0 \u00a0 \u00a0 \u00a0 \u00a0 \u00a0 \u00a0 \u00a0 \u00a0 \u00a0 \u00a0 \u00a0 \u00a0 \u00a0 \u00a0 \u00a0 \u00a0 \u00a0 \u00a0 \u00a0 \u00a0 \u00a0 \u00a0 \u00a0 \u00a0 \u00a0 \u00a0 \u00a0 4742482000593\u00a0 \u00a0 \u00a0511.75 \u20ac<br \/>\nP-220 BPGL\u00a0 \u00a0 Pikendatud koldega saunaahi (16\u201325 m\u00b3), boileri \u00fchendus paremalt, klaasuksega\u00a0 \u00a0 \u00a0 \u00a0 \u00a0 \u00a0 \u00a0 \u00a0 \u00a0 \u00a0 \u00a0 \u00a0 \u00a0 \u00a0 \u00a0 \u00a0 4742482000630\u00a0 \u00a0 \u00a0529.00 \u20ac<br \/>\nP-220 BV\u00a0 \u00a0 \u00a0 \u00a0 \u00a0Pikendatud koldega saunaahi (16\u201325 m\u00b3), boileri \u00fchendus vasakult\u00a0 \u00a0 \u00a0 \u00a0 \u00a0 \u00a0 \u00a0 \u00a0 \u00a0 \u00a0 \u00a0 \u00a0 \u00a0 \u00a0 \u00a0 \u00a0 \u00a0 \u00a0 \u00a0 \u00a0 \u00a0 \u00a0 \u00a0 \u00a0 \u00a0 \u00a0 \u00a0 \u00a0 \u00a0 4742482000609\u00a0 \u00a0 \u00a0511.75 \u20ac<br \/>\nP-220 BVGL\u00a0 \u00a0 Pikendatud koldega saunaahi (16\u201325 m\u00b3), boileri \u00fchendus vasakult, klaasuksega\u00a0 \u00a0 \u00a0 \u00a0 \u00a0 \u00a0 \u00a0 \u00a0 \u00a0 \u00a0 \u00a0 \u00a0 \u00a0 \u00a0 \u00a0 \u00a0 \u00a0 4742482000647\u00a0 \u00a0 \u00a0529.00 \u20ac<br \/>\nP-220 BT\u00a0 \u00a0 \u00a0 \u00a0 \u00a0Pikendatud koldega saunaahi (16\u201325 m\u00b3), boileri \u00fchendus tagant\u00a0 \u00a0 \u00a0 \u00a0 \u00a0 \u00a0 \u00a0 \u00a0 \u00a0 \u00a0 \u00a0 \u00a0 \u00a0 \u00a0 \u00a0 \u00a0 \u00a0 \u00a0 \u00a0 \u00a0 \u00a0 \u00a0 \u00a0 \u00a0 \u00a0 \u00a0 \u00a0 \u00a0 \u00a0 \u00a0 \u00a04742482000616\u00a0 \u00a0 \u00a0 511.75 \u20ac<br \/>\nP-220 BTGL\u00a0 \u00a0 Pikendatud koldega saunaahi (16\u201325 m\u00b3), boileri \u00fchendus tagant, klaasuksega\u00a0 \u00a0 \u00a0 \u00a0 \u00a0 \u00a0 \u00a0 \u00a0 \u00a0 \u00a0 \u00a0 \u00a0 \u00a0 \u00a0 \u00a0 \u00a0 \u00a0 \u00a0 \u00a04742482000654\u00a0 \u00a0 \u00a0529.00 \u20ac<\/p>\n<p>&nbsp;<\/p>\n<p><img loading=\"lazy\" decoding=\"async\" class=\"alignnone wp-image-132152\" src=\"https:\/\/factory.sale\/wp-content\/uploads\/2025\/11\/Banner-300x200.jpg\" alt=\"\" width=\"1194\" height=\"796\" srcset=\"https:\/\/factory.sale\/wp-content\/uploads\/2025\/11\/Banner-300x200.jpg 300w, https:\/\/factory.sale\/wp-content\/uploads\/2025\/11\/Banner-1024x683.jpg 1024w, https:\/\/factory.sale\/wp-content\/uploads\/2025\/11\/Banner-150x100.jpg 150w, https:\/\/factory.sale\/wp-content\/uploads\/2025\/11\/Banner-768x512.jpg 768w, https:\/\/factory.sale\/wp-content\/uploads\/2025\/11\/Banner-1536x1024.jpg 1536w, https:\/\/factory.sale\/wp-content\/uploads\/2025\/11\/Banner-600x400.jpg 600w, https:\/\/factory.sale\/wp-content\/uploads\/2025\/11\/Banner.jpg 2016w\" sizes=\"auto, (max-width: 1194px) 100vw, 1194px\" \/><\/p>\n","protected":false},"excerpt":{"rendered":"<p>Skamet P-220 on vastupidav puuk\u00fcttega saunaahi 16\u201325 m\u00b3 leiliruumidesse. Metallkorpus ja l\u00e4bi seina paiknev tulekolle tagavad puhta ja mugava kasutuse, samas kui tugev k\u00fcttetulemus muudab selle ideaalseks nii kodu- kui ka \u00e4rikasutuseks.<\/p>\n","protected":false},"featured_media":131735,"comment_status":"open","ping_status":"closed","template":"","meta":{"_acf_changed":false},"factory":[],"free-shipment":[],"product_brand":[4640],"product_cat":[306,4638],"product_tag":[],"class_list":{"0":"post-132179","1":"product","2":"type-product","3":"status-publish","4":"has-post-thumbnail","6":"product_brand-skamet","7":"product_cat-saunakerised","8":"product_cat-skamet-et","10":"first","11":"instock","12":"sale","13":"taxable","14":"shipping-taxable","15":"purchasable","16":"product-type-simple"},"acf":[],"_links":{"self":[{"href":"https:\/\/factory.sale\/et\/wp-json\/wp\/v2\/product\/132179","targetHints":{"allow":["GET"]}}],"collection":[{"href":"https:\/\/factory.sale\/et\/wp-json\/wp\/v2\/product"}],"about":[{"href":"https:\/\/factory.sale\/et\/wp-json\/wp\/v2\/types\/product"}],"replies":[{"embeddable":true,"href":"https:\/\/factory.sale\/et\/wp-json\/wp\/v2\/comments?post=132179"}],"wp:featuredmedia":[{"embeddable":true,"href":"https:\/\/factory.sale\/et\/wp-json\/wp\/v2\/media\/131735"}],"wp:attachment":[{"href":"https:\/\/factory.sale\/et\/wp-json\/wp\/v2\/media?parent=132179"}],"wp:term":[{"taxonomy":"factory","embeddable":true,"href":"https:\/\/factory.sale\/et\/wp-json\/wp\/v2\/factory?post=132179"},{"taxonomy":"free-shipment","embeddable":true,"href":"https:\/\/factory.sale\/et\/wp-json\/wp\/v2\/free-shipment?post=132179"},{"taxonomy":"product_brand","embeddable":true,"href":"https:\/\/factory.sale\/et\/wp-json\/wp\/v2\/product_brand?post=132179"},{"taxonomy":"product_cat","embeddable":true,"href":"https:\/\/factory.sale\/et\/wp-json\/wp\/v2\/product_cat?post=132179"},{"taxonomy":"product_tag","embeddable":true,"href":"https:\/\/factory.sale\/et\/wp-json\/wp\/v2\/product_tag?post=132179"}],"curies":[{"name":"wp","href":"https:\/\/api.w.org\/{rel}","templated":true}]}}