{"id":132174,"date":"2025-11-21T16:53:47","date_gmt":"2025-11-21T13:57:29","guid":{"rendered":"https:\/\/factory.sale\/?post_type=product&#038;p=132174"},"modified":"2026-02-05T15:29:15","modified_gmt":"2026-02-05T12:29:15","slug":"skamet-pt-220-gl-puukuttega-saunaahi-suure-klaasuksega-16-25-m%c2%b3-koetav-korvalruumist","status":"publish","type":"product","link":"https:\/\/factory.sale\/et\/toode\/skamet-pt-220-gl-puukuttega-saunaahi-suure-klaasuksega-16-25-m%c2%b3-koetav-korvalruumist\/","title":{"rendered":"Skamet PT-220 GL puuk\u00fcttega saunaahi suure klaasuksega (16\u201325 m\u00b3), k\u00f6etav k\u00f5rvalruumist"},"content":{"rendered":"<p>Skamet PT-220 GL \u00fchendab vastupidava konstruktsiooni ja elegantse disaini. See on m\u00f5eldud suurematele leiliruumidele ning paigaldamiseks l\u00e4bi seina, nii et tulekolde uks avaneb ees- v\u00f5i tehnoruumi poole. Selline lahendus muudab puude lisamise mugavaks ja hoiab leiliruumi t\u00e4iesti puhta ning tuhavabana.<\/p>\n<p>Selle mudeli silmapaistvaim omadus on suur kuumakindel klaasuks (330 \u00d7 330 mm), mis pakub laia ja selget vaadet tulele ning loob k\u00f5rvalruumis hubase ja tulevalgust t\u00e4is atmosf\u00e4\u00e4ri. Umbes 50 kg kivide mahutavus ja v\u00f5imalus kasutada kuni 60 cm pikkuseid k\u00fcttepuid tagavad tugeva ja \u00fchtlase kuumuse ning m\u00f5nusad, pikad leilid.<\/p>\n<p>PT-220 GL on valmistatud Eestis ning viimistletud musta kuumakindla v\u00e4rviga. Mudel vastab standardile EN 15821:2010, tagades pikaajalise t\u00f6\u00f6kindluse nii kodustes kui ka v\u00e4iksemates \u00e4risaunades.<\/p>\n<p><strong>Tehnilised andmed:<\/strong><\/p>\n<ul>\n<li>K\u00f6etav ruumala: 16\u201325 m\u00b3<\/li>\n<li>K\u00f5rgus: 81 cm<\/li>\n<li>Laius: 43 cm<\/li>\n<li>S\u00fcgavus: 51 cm<\/li>\n<li>Tunneli s\u00fcgavus: 17 cm<\/li>\n<li>Kaal: 70 kg<\/li>\n<li>Kivide kogus: u. 50 kg<\/li>\n<li>K\u00fcttepuude pikkus: kuni 60 cm<\/li>\n<li>Klaasukse m\u00f5\u00f5t: 330 \u00d7 330 mm<\/li>\n<li>Suitsutoru l\u00e4bim\u00f5\u00f5t: 115 mm (\u00fchendus pealt)<\/li>\n<li>Paigaldus: k\u00f6etav k\u00f5rvalruumist \/ l\u00e4bi seina<\/li>\n<li>Korpus: metallkorpus<\/li>\n<\/ul>\n<p><strong>Standardvarustus:<\/strong><\/p>\n<ul>\n<li>Suur kuumakindel klaasuks (330 \u00d7 330 mm)<\/li>\n<li>Tulekolle l\u00e4bi seina \u2014 k\u00f6etav k\u00f5rvalruumist<\/li>\n<li>Korstna \u00fchendamine pealt<\/li>\n<li>Must kuumakindel v\u00e4rvkatte<\/li>\n<li>Uksehinged vasakul (standard)<\/li>\n<li>Roostevabast terasest k\u00e4epide<\/li>\n<li>Sobib 16\u201325 m\u00b3 leiliruumidele<\/li>\n<li>Valmistatud Eestis, vastab EN 15821:2010 standardile<\/li>\n<\/ul>\n<p><strong>Valikulised lisad:<\/strong><\/p>\n<ul>\n<li>Uksehinged paremal<\/li>\n<li>Boileri \u00fchendus: paremalt, vasakult v\u00f5i tagant<\/li>\n<li>Viimistlusraam seinaava \u00e4\u00e4rde (soovitatav l\u00e4bi seina paigalduse puhul)<\/li>\n<\/ul>\n<p><strong>Saadaval mudelid:<br \/>\n<\/strong><br \/>\nMudel\u00a0 \u00a0 \u00a0 \u00a0 \u00a0 \u00a0 \u00a0 \u00a0 \u00a0 \u00a0 \u00a0 \u00a0 \u00a0 \u00a0 \u00a0 \u00a0 \u00a0 \u00a0 \u00a0 \u00a0 \u00a0 \u00a0 \u00a0 \u00a0 \u00a0 \u00a0 \u00a0 \u00a0 \u00a0 \u00a0 \u00a0 \u00a0 \u00a0 \u00a0 \u00a0 \u00a0 \u00a0 \u00a0 \u00a0 \u00a0 \u00a0 \u00a0 \u00a0 \u00a0 \u00a0 \u00a0 Kirjeldus\u00a0 \u00a0 \u00a0 \u00a0 \u00a0 \u00a0 \u00a0 \u00a0 \u00a0 \u00a0 \u00a0 \u00a0 \u00a0 \u00a0 \u00a0 \u00a0 \u00a0 \u00a0 \u00a0 \u00a0 \u00a0 \u00a0 \u00a0 \u00a0 \u00a0 \u00a0 \u00a0 \u00a0 \u00a0 \u00a0 \u00a0 \u00a0 \u00a0 \u00a0 \u00a0 \u00a0 \u00a0 \u00a0 \u00a0 \u00a0 \u00a0 \u00a0 \u00a0 \u00a0 \u00a0EAN\u00a0 \u00a0 \u00a0 \u00a0 \u00a0 \u00a0 \u00a0 \u00a0Hind<br \/>\nPT-220 GL\u00a0 \u00a0 \u00a0 \u00a0 Pikendatud koldega saunaahi (16\u201325 m\u00b3), suure klaasuksega, ilma boileri \u00fchenduseta\u00a0 \u00a0 \u00a0 \u00a0 \u00a0 \u00a0 \u00a0 \u00a0 \u00a0 \u00a0 4742482000661\u00a0 \u00a0 661.25 \u20ac<br \/>\nPT-220 BPGL\u00a0 \u00a0Pikendatud koldega saunaahi (16\u201325 m\u00b3), suure klaasuksega, boileri \u00fchendus paremalt\u00a0 \u00a0 \u00a0 \u00a0 \u00a0 \u00a0 \u00a0 \u00a0 \u00a04742482000678\u00a0 \u00a0 707.25 \u20ac<br \/>\nPT-220 BVGL\u00a0 \u00a0Pikendatud koldega saunaahi (16\u201325 m\u00b3), suure klaasuksega, boileri \u00fchendus vasakult\u00a0 \u00a0 \u00a0 \u00a0 \u00a0 \u00a0 \u00a0 \u00a0 \u00a0 \u00a04742482000685\u00a0 \u00a0 707.25 \u20ac<br \/>\nPT-220 BTGL\u00a0 \u00a0Pikendatud koldega saunaahi (16\u201325 m\u00b3), suure klaasuksega, boileri \u00fchendus tagant\u00a0 \u00a0 \u00a0 \u00a0 \u00a0 \u00a0 \u00a0 \u00a0 \u00a0 \u00a0 \u00a0 4742482000692\u00a0 \u00a0 707.25 \u20ac<\/p>\n<p>&nbsp;<\/p>\n<p><img loading=\"lazy\" decoding=\"async\" class=\"alignnone wp-image-132152\" src=\"https:\/\/factory.sale\/wp-content\/uploads\/2025\/11\/Banner-300x200.jpg\" alt=\"\" width=\"1194\" height=\"796\" srcset=\"https:\/\/factory.sale\/wp-content\/uploads\/2025\/11\/Banner-300x200.jpg 300w, https:\/\/factory.sale\/wp-content\/uploads\/2025\/11\/Banner-1024x683.jpg 1024w, https:\/\/factory.sale\/wp-content\/uploads\/2025\/11\/Banner-150x100.jpg 150w, https:\/\/factory.sale\/wp-content\/uploads\/2025\/11\/Banner-768x512.jpg 768w, https:\/\/factory.sale\/wp-content\/uploads\/2025\/11\/Banner-1536x1024.jpg 1536w, https:\/\/factory.sale\/wp-content\/uploads\/2025\/11\/Banner-600x400.jpg 600w, https:\/\/factory.sale\/wp-content\/uploads\/2025\/11\/Banner.jpg 2016w\" sizes=\"auto, (max-width: 1194px) 100vw, 1194px\" \/><\/p>\n","protected":false},"excerpt":{"rendered":"<p>Skamet PT-220 GL on v\u00f5imas puuk\u00fcttega saunaahi 16\u201325 m\u00b3 leiliruumidesse. Suur kuumakindel klaasuks (330 \u00d7 330 mm) pakub kauni vaate tulele k\u00f5rvalruumist, samas kui l\u00e4bi seina paiknev tulekolle hoiab leiliruumi puhta ja hooldusvaba. Vastupidav metallkorpus tagab usaldusv\u00e4\u00e4rse t\u00f6\u00f6 ja ehtsa puuk\u00fcttega saunaelamuse.<\/p>\n","protected":false},"featured_media":131753,"comment_status":"open","ping_status":"closed","template":"","meta":{"_acf_changed":false},"factory":[],"free-shipment":[],"product_brand":[4640],"product_cat":[306,4638],"product_tag":[],"class_list":{"0":"post-132174","1":"product","2":"type-product","3":"status-publish","4":"has-post-thumbnail","6":"product_brand-skamet","7":"product_cat-saunakerised","8":"product_cat-skamet-et","10":"first","11":"instock","12":"sale","13":"taxable","14":"shipping-taxable","15":"purchasable","16":"product-type-simple"},"acf":[],"_links":{"self":[{"href":"https:\/\/factory.sale\/et\/wp-json\/wp\/v2\/product\/132174","targetHints":{"allow":["GET"]}}],"collection":[{"href":"https:\/\/factory.sale\/et\/wp-json\/wp\/v2\/product"}],"about":[{"href":"https:\/\/factory.sale\/et\/wp-json\/wp\/v2\/types\/product"}],"replies":[{"embeddable":true,"href":"https:\/\/factory.sale\/et\/wp-json\/wp\/v2\/comments?post=132174"}],"wp:featuredmedia":[{"embeddable":true,"href":"https:\/\/factory.sale\/et\/wp-json\/wp\/v2\/media\/131753"}],"wp:attachment":[{"href":"https:\/\/factory.sale\/et\/wp-json\/wp\/v2\/media?parent=132174"}],"wp:term":[{"taxonomy":"factory","embeddable":true,"href":"https:\/\/factory.sale\/et\/wp-json\/wp\/v2\/factory?post=132174"},{"taxonomy":"free-shipment","embeddable":true,"href":"https:\/\/factory.sale\/et\/wp-json\/wp\/v2\/free-shipment?post=132174"},{"taxonomy":"product_brand","embeddable":true,"href":"https:\/\/factory.sale\/et\/wp-json\/wp\/v2\/product_brand?post=132174"},{"taxonomy":"product_cat","embeddable":true,"href":"https:\/\/factory.sale\/et\/wp-json\/wp\/v2\/product_cat?post=132174"},{"taxonomy":"product_tag","embeddable":true,"href":"https:\/\/factory.sale\/et\/wp-json\/wp\/v2\/product_tag?post=132174"}],"curies":[{"name":"wp","href":"https:\/\/api.w.org\/{rel}","templated":true}]}}