{"id":132167,"date":"2025-11-21T16:53:47","date_gmt":"2025-11-21T13:57:30","guid":{"rendered":"https:\/\/factory.sale\/?post_type=product&#038;p=132167"},"modified":"2026-03-18T09:17:00","modified_gmt":"2026-03-18T06:17:00","slug":"skamet-p-22040-puukuttega-saunaahi-metallkorpusega-ja-valikulise-40-l-veepaagiga-16-25-m%c2%b3-koetav-korvalruumist","status":"publish","type":"product","link":"https:\/\/factory.sale\/et\/toode\/skamet-p-22040-puukuttega-saunaahi-metallkorpusega-ja-valikulise-40-l-veepaagiga-16-25-m%c2%b3-koetav-korvalruumist\/","title":{"rendered":"Skamet P-22040 puuk\u00fcttega saunaahi metallkorpusega ja valikulise 40 L veepaagiga (16\u201325 m\u00b3), k\u00f6etav k\u00f5rvalruumist"},"content":{"rendered":"<p>Skamet P-22040 on m\u00f5eldud 16\u201325 m\u00b3 suurustele leiliruumidele ning seda k\u00f6etakse k\u00f5rvalruumist. Tulekolle paikneb l\u00e4bi seina, mis v\u00f5imaldab puude lisamist mugavalt ees- v\u00f5i k\u00f5rvalruumist ja hoiab leiliruumi puhta, avara ning tuhavabana.<\/p>\n<p>Selle mudeli erip\u00e4raks on valikuline 40-liitrine avatud roostevabast terasest veepaak, mis soojeneb sauna k\u00fctmise ajal ning tagab kasutajatele valmis kuuma vee. Paaki saab tellida paremale v\u00f5i vasakule k\u00fcljele, s\u00f5ltuvalt sauna ja pesuruumi paigutusest.<br \/>\nAhi mahutab umbes 50 kg kerisekive ning v\u00f5imaldab kasutada kuni 60 cm pikkuseid k\u00fcttepuid, tagades kiire soojenemise ja pika, \u00fchtlase leili. Vastupidav metallkorpus on viimistletud musta kuumakindla v\u00e4rviga ning m\u00f5eldud pikaajaliseks kasutamiseks.<\/p>\n<p>Ahi on valmistatud Eestis ning vastab standardile EN 15821:2010, mis tagab ohutu ja efektiivse t\u00f6\u00f6.<\/p>\n<p><strong>Tehnilised andmed:<\/strong><\/p>\n<ul>\n<li>K\u00f6etav ruumala: 16\u201325 m\u00b3<\/li>\n<li>K\u00f5rgus: 81 cm<\/li>\n<li>Laius: 61 cm<\/li>\n<li>S\u00fcgavus: 51 cm<\/li>\n<li>Tunneli s\u00fcgavus: 17 cm<\/li>\n<li>Kaal: 75 kg<\/li>\n<li>Kivide kogus: u. 50 kg<\/li>\n<li>Veepaak: 40 L roostevaba, paigaldus vasakul v\u00f5i paremal<\/li>\n<li>K\u00fcttepuude pikkus: kuni 60 cm<\/li>\n<li>Suitsutoru l\u00e4bim\u00f5\u00f5t: 115 mm (\u00fchendus pealt)<\/li>\n<li>Paigaldus: k\u00f6etav k\u00f5rvalruumist \/ l\u00e4bi seina<\/li>\n<li>Korpus: metallkorpus, must kuumakindel viimistlus<\/li>\n<\/ul>\n<p><strong>Standardvarustus:<\/strong><\/p>\n<ul>\n<li>Metallkorpus musta kuumakindla v\u00e4rviga<\/li>\n<li>Roostevabast terasest \u00fclemine \u00e4\u00e4r<\/li>\n<li>Tulekolle l\u00e4bi seina \u2014 k\u00f6etav k\u00f5rvalruumist<\/li>\n<li>Metalluks<\/li>\n<li>Korstna\u00fchendus pealt<\/li>\n<li>Uksehinged vasakul<\/li>\n<li>Valmistatud Eestis, vastab EN 15821:2010 n\u00f5uetele<\/li>\n<\/ul>\n<p><strong>Valikulised lisad:<\/strong><\/p>\n<ul>\n<li>Klaasuks (230 \u00d7 230 mm)<\/li>\n<li>40 L avatud roostevaba veepaak (vasak v\u00f5i parem k\u00fclg), kaanega<\/li>\n<li>Uksehinged paremal<\/li>\n<li>Boileri \u00fchendus (paremalt, vasakult v\u00f5i tagant)<\/li>\n<li>Korpuse v\u00e4rvivalikud: punane-must, hall-must, roostevaba<\/li>\n<li>Viimistlusraam seinaava \u00e4\u00e4rde (soovitatav l\u00e4bi seina paigalduse puhul)<\/li>\n<\/ul>\n<p><strong>Saadaval mudelid:<br \/>\n<\/strong><br \/>\nMudel\u00a0 \u00a0 \u00a0 \u00a0 \u00a0 \u00a0 \u00a0 \u00a0 \u00a0 \u00a0 \u00a0 \u00a0 \u00a0 \u00a0 \u00a0 \u00a0 \u00a0 \u00a0 \u00a0 \u00a0 \u00a0 \u00a0 \u00a0 \u00a0 \u00a0 \u00a0 \u00a0 \u00a0 \u00a0 \u00a0 \u00a0 \u00a0 \u00a0 \u00a0 \u00a0 \u00a0 \u00a0 \u00a0 \u00a0 \u00a0 Kirjeldus\u00a0 \u00a0 \u00a0 \u00a0 \u00a0 \u00a0 \u00a0 \u00a0 \u00a0 \u00a0 \u00a0 \u00a0 \u00a0 \u00a0 \u00a0 \u00a0 \u00a0 \u00a0 \u00a0 \u00a0 \u00a0 \u00a0 \u00a0 \u00a0 \u00a0 \u00a0 \u00a0 \u00a0 \u00a0 \u00a0 \u00a0 \u00a0 \u00a0 \u00a0 \u00a0 \u00a0 \u00a0 \u00a0 \u00a0 \u00a0 \u00a0 \u00a0 \u00a0 \u00a0 \u00a0 \u00a0 \u00a0 \u00a0 \u00a0 \u00a0 \u00a0 \u00a0 \u00a0 \u00a0 \u00a0 \u00a0 \u00a0 \u00a0 EAN\u00a0 \u00a0 \u00a0 \u00a0 \u00a0 \u00a0 \u00a0 \u00a0 \u00a0 \u00a0 Hind<br \/>\nP-22040 PI\u00a0 \u00a0 \u00a0 \u00a0 \u00a0 \u00a0 \u00a0 Pikendatud koldega saunaahi (16\u201325 m\u00b3), paagikoht paremal, ilma veepaagita\u00a0 \u00a0 \u00a0 \u00a0 \u00a0 \u00a0 \u00a0 \u00a0 \u00a0 \u00a0 \u00a0 \u00a0 \u00a0 \u00a0 \u00a0 \u00a0 \u00a0 \u00a0 \u00a0 \u00a0 \u00a0 \u00a0 \u00a04742482007967\u00a0 \u00a0 \u00a0529.00 \u20ac<br \/>\nP-22040 PRV\u00a0 \u00a0 \u00a0 \u00a0 \u00a0 Pikendatud koldega saunaahi (16\u201325 m\u00b3), 40 L roostevaba veepaak paremal, kraaniga\u00a0 \u00a0 \u00a0 \u00a0 \u00a0 \u00a0 \u00a0 \u00a0 \u00a0 \u00a0 \u00a0 \u00a0 \u00a0 \u00a0 \u00a0 \u00a0 4742482007851\u00a0 \u00a0 \u00a0713.00 \u20ac<br \/>\nP-22040 PRVGL\u00a0 \u00a0 \u00a0Pikendatud koldega saunaahi (16\u201325 m\u00b3), 40 L roostevaba veepaak paremal, kraaniga, klaasuksega\u00a0 \u00a0 \u00a0 \u00a0 4742482002986\u00a0 \u00a0 730.25 \u20ac<br \/>\nP-22040 VI\u00a0 \u00a0 \u00a0 \u00a0 \u00a0 \u00a0 \u00a0 Pikendatud koldega saunaahi (16\u201325 m\u00b3), paagikoht vasakul, ilma veepaagita\u00a0 \u00a0 \u00a0 \u00a0 \u00a0 \u00a0 \u00a0 \u00a0 \u00a0 \u00a0 \u00a0 \u00a0 \u00a0 \u00a0 \u00a0 \u00a0 \u00a0 \u00a0 \u00a0 \u00a0 \u00a0 \u00a0 \u00a0 \u00a04742482007974\u00a0 \u00a0 \u00a0529.00 \u20ac<br \/>\nP-22040 VRV\u00a0 \u00a0 \u00a0 \u00a0 \u00a0 Pikendatud koldega saunaahi (16\u201325 m\u00b3), 40 L roostevaba veepaak vasakul, kraaniga\u00a0 \u00a0 \u00a0 \u00a0 \u00a0 \u00a0 \u00a0 \u00a0 \u00a0 \u00a0 \u00a0 \u00a0 \u00a0 \u00a0 \u00a0 \u00a0 \u00a04742482007868\u00a0 \u00a0 \u00a0713.00 \u20ac<br \/>\nP-22040 VRVGL\u00a0 \u00a0 \u00a0Pikendatud koldega saunaahi (16\u201325 m\u00b3), 40 L roostevaba veepaak vasakul, kraaniga, klaasuksega\u00a0 \u00a0 \u00a0 \u00a0 \u00a04742482002993\u00a0 \u00a0 \u00a0730.25 \u20ac<\/p>\n<p>&nbsp;<\/p>\n<p><img loading=\"lazy\" decoding=\"async\" class=\"alignnone wp-image-132152\" src=\"https:\/\/factory.sale\/wp-content\/uploads\/2025\/11\/Banner-300x200.jpg\" alt=\"\" width=\"1194\" height=\"796\" srcset=\"https:\/\/factory.sale\/wp-content\/uploads\/2025\/11\/Banner-300x200.jpg 300w, https:\/\/factory.sale\/wp-content\/uploads\/2025\/11\/Banner-1024x683.jpg 1024w, https:\/\/factory.sale\/wp-content\/uploads\/2025\/11\/Banner-150x100.jpg 150w, https:\/\/factory.sale\/wp-content\/uploads\/2025\/11\/Banner-768x512.jpg 768w, https:\/\/factory.sale\/wp-content\/uploads\/2025\/11\/Banner-1536x1024.jpg 1536w, https:\/\/factory.sale\/wp-content\/uploads\/2025\/11\/Banner-600x400.jpg 600w, https:\/\/factory.sale\/wp-content\/uploads\/2025\/11\/Banner.jpg 2016w\" sizes=\"auto, (max-width: 1194px) 100vw, 1194px\" \/><\/p>\n","protected":false},"excerpt":{"rendered":"<p>Skamet P-22040 on v\u00f5imas puuk\u00fcttega saunaahi 16\u201325 m\u00b3 leiliruumidesse. Valikuline 40-liitrine k\u00fcljele paigaldatav roostevaba veepaak on saadaval nii paremal kui vasakul poolel. Ahju k\u00f5rvalruumist k\u00fctmine hoiab leiliruumi puhta ja mugavana, pakkudes samal ajal tugevat, \u00fchtlast soojust ja mugavat kuuma vee k\u00e4ttesaadavust.<\/p>\n","protected":false},"featured_media":131798,"comment_status":"open","ping_status":"closed","template":"","meta":{"_acf_changed":false},"factory":[],"free-shipment":[],"product_brand":[4640],"product_cat":[306,4638],"product_tag":[],"class_list":{"0":"post-132167","1":"product","2":"type-product","3":"status-publish","4":"has-post-thumbnail","6":"product_brand-skamet","7":"product_cat-saunakerised","8":"product_cat-skamet-et","10":"first","11":"instock","12":"sale","13":"taxable","14":"shipping-taxable","15":"purchasable","16":"product-type-simple"},"acf":[],"_links":{"self":[{"href":"https:\/\/factory.sale\/et\/wp-json\/wp\/v2\/product\/132167","targetHints":{"allow":["GET"]}}],"collection":[{"href":"https:\/\/factory.sale\/et\/wp-json\/wp\/v2\/product"}],"about":[{"href":"https:\/\/factory.sale\/et\/wp-json\/wp\/v2\/types\/product"}],"replies":[{"embeddable":true,"href":"https:\/\/factory.sale\/et\/wp-json\/wp\/v2\/comments?post=132167"}],"wp:featuredmedia":[{"embeddable":true,"href":"https:\/\/factory.sale\/et\/wp-json\/wp\/v2\/media\/131798"}],"wp:attachment":[{"href":"https:\/\/factory.sale\/et\/wp-json\/wp\/v2\/media?parent=132167"}],"wp:term":[{"taxonomy":"factory","embeddable":true,"href":"https:\/\/factory.sale\/et\/wp-json\/wp\/v2\/factory?post=132167"},{"taxonomy":"free-shipment","embeddable":true,"href":"https:\/\/factory.sale\/et\/wp-json\/wp\/v2\/free-shipment?post=132167"},{"taxonomy":"product_brand","embeddable":true,"href":"https:\/\/factory.sale\/et\/wp-json\/wp\/v2\/product_brand?post=132167"},{"taxonomy":"product_cat","embeddable":true,"href":"https:\/\/factory.sale\/et\/wp-json\/wp\/v2\/product_cat?post=132167"},{"taxonomy":"product_tag","embeddable":true,"href":"https:\/\/factory.sale\/et\/wp-json\/wp\/v2\/product_tag?post=132167"}],"curies":[{"name":"wp","href":"https:\/\/api.w.org\/{rel}","templated":true}]}}