{"id":132164,"date":"2025-11-21T16:53:46","date_gmt":"2025-11-21T13:57:30","guid":{"rendered":"https:\/\/factory.sale\/?post_type=product&#038;p=132164"},"modified":"2026-03-18T09:19:54","modified_gmt":"2026-03-18T06:19:54","slug":"skamet-s-220-puukuttega-saunaahi-kandilise-vorkkorpusega-16-25-m%c2%b3-koetav-korvalruumist","status":"publish","type":"product","link":"https:\/\/factory.sale\/et\/toode\/skamet-s-220-puukuttega-saunaahi-kandilise-vorkkorpusega-16-25-m%c2%b3-koetav-korvalruumist\/","title":{"rendered":"Skamet S-220 puuk\u00fcttega saunaahi kandilise v\u00f5rkkorpusega (16\u201325 m\u00b3), k\u00f6etav k\u00f5rvalruumist"},"content":{"rendered":"<p>Skamet S-220 on m\u00f5eldud 16\u201325 m\u00b3 suurustele leiliruumidele ning seda k\u00f6etakse k\u00f5rvalruumist. Tulekolde paigutus l\u00e4bi seina v\u00f5imaldab puid lisada n\u00e4iteks eesruumist v\u00f5i pesuruumist, hoides leiliruumi puhta, avara ja hooldusvaba.<\/p>\n<p>Selle mudeli \u00fcheks peamiseks erip\u00e4raks on kandiline v\u00f5rkkorpus, kuhu mahub ligikaudu 160 kg kerisekive. Suur kivide hulk tagab pehme, \u00fchtlase ja kauakestva leili \u2013 just sellise, mida hindavad nii kodused kui ka professionaalsed saunakasutajad.<br \/>\nAhi on valmistatud vastupidavast teraskorpusest ning kaetud musta kuumakindla v\u00e4rviga. Pikendatud tulekolle v\u00f5imaldab kasutada kuni 70 cm pikkuseid k\u00fcttepuid, mis tagab tugeva ja efektiivse k\u00fcttelahenduse ka suuremates saunades.<\/p>\n<p>Skamet S-220 on toodetud Eestis ning vastab Euroopa standardile EN 15821:2010, mis tagab k\u00f5rge ohutus- ja kvaliteeditaseme.<\/p>\n<p><strong>Tehnilised andmed:<\/strong><\/p>\n<ul>\n<li>K\u00f6etav ruumala: 16\u201325 m\u00b3<\/li>\n<li>K\u00f5rgus: 86 cm<\/li>\n<li>Laius: 49 cm<\/li>\n<li>S\u00fcgavus: 61 cm<\/li>\n<li>Tunneli s\u00fcgavus: 20 cm<\/li>\n<li>Kaal: 75 kg<\/li>\n<li>Kivide kogus: u. 160 kg<\/li>\n<li>K\u00fcttepuude pikkus: kuni 70 cm<\/li>\n<li>Suitsutoru l\u00e4bim\u00f5\u00f5t: 115 mm (\u00fchendus pealt)<\/li>\n<li>Paigaldus: k\u00f6etav k\u00f5rvalruumist \/ l\u00e4bi seina<\/li>\n<li>Korpus: kandiline v\u00f5rkkorpus<\/li>\n<\/ul>\n<p><strong>Standardvarustus:<\/strong><\/p>\n<ul>\n<li>Kandiline v\u00f5rkkorpus suure kivimassi jaoks<\/li>\n<li>Tulekolle l\u00e4bi seina \u2014 k\u00f6etav k\u00f5rvalruumist<\/li>\n<li>Metalluks<\/li>\n<li>Korstna \u00fchendamine pealt<\/li>\n<li>Kaetud musta kuumakindla v\u00e4rviga<\/li>\n<li>Uksehinged vasakul<\/li>\n<li>Valmistatud Eestis, vastab EN 15821:2010 n\u00f5uetele<\/li>\n<\/ul>\n<p><strong>Valikulised lisad:<\/strong><\/p>\n<ul>\n<li>Kuumakindel klaasuks (230 \u00d7 230 mm)<\/li>\n<li>Uksehinged paremal<\/li>\n<li>Korstna\u00fchendus tagant<\/li>\n<li>Boileri \u00fchendus (paremalt, vasakult v\u00f5i tagant)<\/li>\n<li>Viimistlusraam seinaava \u00e4\u00e4rde (soovitatav l\u00e4bi seina paigalduse puhul)<\/li>\n<\/ul>\n<p><strong>Saadaval mudelid:<br \/>\n<\/strong><br \/>\nMudel\u00a0 \u00a0 \u00a0 \u00a0 \u00a0 \u00a0 \u00a0 \u00a0 \u00a0 \u00a0 \u00a0 \u00a0 \u00a0 \u00a0 \u00a0 \u00a0 \u00a0 \u00a0 \u00a0 \u00a0 \u00a0 \u00a0 \u00a0 \u00a0 \u00a0 \u00a0 \u00a0 \u00a0 \u00a0 \u00a0 \u00a0 \u00a0 \u00a0 \u00a0 \u00a0 \u00a0 \u00a0 Kirjeldus\u00a0 \u00a0 \u00a0 \u00a0 \u00a0 \u00a0 \u00a0 \u00a0 \u00a0 \u00a0 \u00a0 \u00a0 \u00a0 \u00a0 \u00a0 \u00a0 \u00a0 \u00a0 \u00a0 \u00a0 \u00a0 \u00a0 \u00a0 \u00a0 \u00a0 \u00a0 \u00a0 \u00a0 \u00a0 \u00a0 \u00a0 \u00a0 \u00a0 \u00a0 \u00a0 \u00a0 \u00a0 \u00a0 \u00a0 \u00a0 \u00a0 \u00a0 \u00a0 \u00a0 \u00a0 \u00a0 \u00a0 \u00a0 \u00a0 \u00a0 \u00a0 \u00a0 \u00a0 \u00a0 \u00a0 \u00a0 EAN\u00a0 \u00a0 \u00a0 \u00a0 \u00a0 \u00a0 \u00a0 \u00a0 \u00a0 \u00a0 \u00a0Hind<br \/>\nS-220\u00a0 \u00a0 \u00a0 \u00a0 \u00a0 \u00a0 \u00a0 Pikendatud koldega saunaahi (16\u201325 m\u00b3), ilma boileri \u00fchenduseta (kandiline v\u00f5rkkorpus)\u00a0 \u00a0 \u00a0 \u00a0 \u00a0 \u00a0 \u00a0 \u00a0 \u00a0 \u00a0 \u00a0 \u00a0 \u00a0 \u00a0 \u00a0 \u00a0 4742482001583\u00a0 \u00a0 563.50 \u20ac<br \/>\nS-220 GL\u00a0 \u00a0 \u00a0 \u00a0 Pikendatud koldega saunaahi (16\u201325 m\u00b3), klaasuksega, ilma boileri \u00fchenduseta (kandiline v\u00f5rkkorpus)\u00a0 \u00a0 \u00a0 \u00a0 4742482001620\u00a0 \u00a0 580.75 \u20ac<br \/>\nS-220 BP\u00a0 \u00a0 \u00a0 \u00a0 Pikendatud koldega saunaahi (16\u201325 m\u00b3), boileri \u00fchendus paremalt (kandiline v\u00f5rkkorpus)\u00a0 \u00a0 \u00a0 \u00a0 \u00a0 \u00a0 \u00a0 \u00a0 \u00a0 \u00a0 \u00a0 \u00a0 \u00a0 \u00a0 \u00a0 4742482001590\u00a0 \u00a0 603.75 \u20ac<br \/>\nS-220 BPGL\u00a0 \u00a0Pikendatud koldega saunaahi (16\u201325 m\u00b3), boileri \u00fchendus paremalt, klaasuksega (kandiline v\u00f5rkkorpus)\u00a0 \u00a0 \u00a0 4742482001637\u00a0 \u00a0 621.00 \u20ac<br \/>\nS-220 BV\u00a0 \u00a0 \u00a0 \u00a0 Pikendatud koldega saunaahi (16\u201325 m\u00b3), boileri \u00fchendus vasakult (kandiline v\u00f5rkkorpus)\u00a0 \u00a0 \u00a0 \u00a0 \u00a0 \u00a0 \u00a0 \u00a0 \u00a0 \u00a0 \u00a0 \u00a0 \u00a0 \u00a0 \u00a0 \u00a0 4742482001606\u00a0 \u00a0 603.75 \u20ac<br \/>\nS-220 BVGL\u00a0 \u00a0Pikendatud koldega saunaahi (16\u201325 m\u00b3), boileri \u00fchendus vasakult, klaasuksega (kandiline v\u00f5rkkorpus)\u00a0 \u00a0 \u00a0 \u00a0 4742482001644\u00a0 \u00a0 621.00 \u20ac<br \/>\nS-220 BT\u00a0 \u00a0 \u00a0 \u00a0 Pikendatud koldega saunaahi (16\u201325 m\u00b3), boileri \u00fchendus tagant (kandiline v\u00f5rkkorpus)\u00a0 \u00a0 \u00a0 \u00a0 \u00a0 \u00a0 \u00a0 \u00a0 \u00a0 \u00a0 \u00a0 \u00a0 \u00a0 \u00a0 \u00a0 \u00a0 \u00a0 \u00a04742482001613\u00a0 \u00a0 603.75 \u20ac<br \/>\nS-220 BTGL\u00a0 \u00a0Pikendatud koldega saunaahi (16\u201325 m\u00b3), boileri \u00fchendus tagant, klaasuksega (kandiline v\u00f5rkkorpus)\u00a0 \u00a0 \u00a0 \u00a0 \u00a0 \u00a04742482001651\u00a0 \u00a0 621.00 \u20ac<\/p>\n<p>&nbsp;<\/p>\n<p><img loading=\"lazy\" decoding=\"async\" class=\"alignnone wp-image-132152\" src=\"https:\/\/factory.sale\/wp-content\/uploads\/2025\/11\/Banner-300x200.jpg\" alt=\"\" width=\"1194\" height=\"796\" srcset=\"https:\/\/factory.sale\/wp-content\/uploads\/2025\/11\/Banner-300x200.jpg 300w, https:\/\/factory.sale\/wp-content\/uploads\/2025\/11\/Banner-1024x683.jpg 1024w, https:\/\/factory.sale\/wp-content\/uploads\/2025\/11\/Banner-150x100.jpg 150w, https:\/\/factory.sale\/wp-content\/uploads\/2025\/11\/Banner-768x512.jpg 768w, https:\/\/factory.sale\/wp-content\/uploads\/2025\/11\/Banner-1536x1024.jpg 1536w, https:\/\/factory.sale\/wp-content\/uploads\/2025\/11\/Banner-600x400.jpg 600w, https:\/\/factory.sale\/wp-content\/uploads\/2025\/11\/Banner.jpg 2016w\" sizes=\"auto, (max-width: 1194px) 100vw, 1194px\" \/><\/p>\n","protected":false},"excerpt":{"rendered":"<p>Skamet S-220 on v\u00f5imas puuk\u00fcttega saunaahi 16\u201325 m\u00b3 leiliruumidesse. Kandiline v\u00f5rkkorpus mahutab suure hulga kive, mis tagab pehme ja kauakestva leili. Ahju k\u00f5rvalruumist k\u00fctmine hoiab leiliruumi puhta ja mugavana ning v\u00f5imaldab lihtsat puude lisamist.<\/p>\n","protected":false},"featured_media":131835,"comment_status":"open","ping_status":"closed","template":"","meta":{"_acf_changed":false},"factory":[],"free-shipment":[],"product_brand":[4640],"product_cat":[265,4637],"product_tag":[2937,757],"class_list":{"0":"post-132164","1":"product","2":"type-product","3":"status-publish","4":"has-post-thumbnail","6":"product_brand-skamet","7":"product_cat-sauna-heaters","8":"product_cat-skamet","9":"product_tag-puukuttega-keris","10":"product_tag-saunakeris","12":"first","13":"instock","14":"sale","15":"taxable","16":"shipping-taxable","17":"purchasable","18":"product-type-simple"},"acf":[],"_links":{"self":[{"href":"https:\/\/factory.sale\/et\/wp-json\/wp\/v2\/product\/132164","targetHints":{"allow":["GET"]}}],"collection":[{"href":"https:\/\/factory.sale\/et\/wp-json\/wp\/v2\/product"}],"about":[{"href":"https:\/\/factory.sale\/et\/wp-json\/wp\/v2\/types\/product"}],"replies":[{"embeddable":true,"href":"https:\/\/factory.sale\/et\/wp-json\/wp\/v2\/comments?post=132164"}],"wp:featuredmedia":[{"embeddable":true,"href":"https:\/\/factory.sale\/et\/wp-json\/wp\/v2\/media\/131835"}],"wp:attachment":[{"href":"https:\/\/factory.sale\/et\/wp-json\/wp\/v2\/media?parent=132164"}],"wp:term":[{"taxonomy":"factory","embeddable":true,"href":"https:\/\/factory.sale\/et\/wp-json\/wp\/v2\/factory?post=132164"},{"taxonomy":"free-shipment","embeddable":true,"href":"https:\/\/factory.sale\/et\/wp-json\/wp\/v2\/free-shipment?post=132164"},{"taxonomy":"product_brand","embeddable":true,"href":"https:\/\/factory.sale\/et\/wp-json\/wp\/v2\/product_brand?post=132164"},{"taxonomy":"product_cat","embeddable":true,"href":"https:\/\/factory.sale\/et\/wp-json\/wp\/v2\/product_cat?post=132164"},{"taxonomy":"product_tag","embeddable":true,"href":"https:\/\/factory.sale\/et\/wp-json\/wp\/v2\/product_tag?post=132164"}],"curies":[{"name":"wp","href":"https:\/\/api.w.org\/{rel}","templated":true}]}}