{"id":132159,"date":"2025-11-21T16:53:46","date_gmt":"2025-11-21T13:57:31","guid":{"rendered":"https:\/\/factory.sale\/?post_type=product&#038;p=132159"},"modified":"2026-02-05T15:29:27","modified_gmt":"2026-02-05T12:29:27","slug":"skamet-sy-220-puukuttega-saunaahi-umara-vorkkorpusega-16-25-m%c2%b3-koetav-korvalruumist","status":"publish","type":"product","link":"https:\/\/factory.sale\/et\/toode\/skamet-sy-220-puukuttega-saunaahi-umara-vorkkorpusega-16-25-m%c2%b3-koetav-korvalruumist\/","title":{"rendered":"Skamet SY-220 puuk\u00fcttega saunaahi \u00fcmara v\u00f5rkkorpusega (16\u201325 m\u00b3), k\u00f6etav k\u00f5rvalruumist"},"content":{"rendered":"<p>Skamet SY-220 on m\u00f5eldud 16\u201325 m\u00b3 suurustele leiliruumidele ning seda k\u00f6etakse k\u00f5rvalruumist. Selline lahendus hoiab leiliruumi puhta ja avara, samal ajal kui puude lisamine toimub mugavalt teisest ruumist.<\/p>\n<p>Mudeli oluliseks tunnuseks on \u00fcmara kujuga v\u00f5rkkorpus, mis mahutab umbes 110 kg kerisekive. Suur kivide hulk tagab pehme ja \u00fchtlase leili ning loob visuaalselt efektse tulemuse, sest kivid on h\u00e4sti n\u00e4htaval. SY-220 on valmistatud vastupidavatest materjalidest ning sobib nii kodustesse kui ka v\u00e4iksematesse \u00e4riliselt kasutatavatesse saunadesse.<\/p>\n<p><strong>Tehnilised andmed:<\/strong><\/p>\n<ul>\n<li>K\u00f6etav ruumala: 16\u201325 m\u00b3<\/li>\n<li>K\u00f5rgus: 84 cm<\/li>\n<li>Diameeter: 56 cm<\/li>\n<li>Tunneli s\u00fcgavus: 20 cm<\/li>\n<li>Kivide kogus: u. 110 kg<\/li>\n<li>K\u00fcttepuude pikkus: kuni 70 cm<\/li>\n<li>Suitsutoru l\u00e4bim\u00f5\u00f5t: 115 mm<\/li>\n<li>Paigaldus: k\u00f6etav k\u00f5rvalruumist \/ l\u00e4bi seina<\/li>\n<li>Korpus: \u00fcmar v\u00f5rkkorpus<\/li>\n<\/ul>\n<p><strong>Standardvarustus:<\/strong><\/p>\n<ul>\n<li>\u00dcmar v\u00f5rkkorpus suure kivimassi jaoks<\/li>\n<li>Tulekolle k\u00f6etav k\u00f5rvalruumist<\/li>\n<li>Metalluks (standard)<\/li>\n<li>Korstna\u00fchendus pealt<\/li>\n<li>Kaetud musta kuumakindla v\u00e4rviga<\/li>\n<li>Uksehinged vasakul (standard)<\/li>\n<li>Vastab k\u00f5igile tootmis- ja ohutusn\u00f5uetele<\/li>\n<\/ul>\n<p><strong>Valikulised lisad:<\/strong><\/p>\n<ul>\n<li>Kuumakindel klaasuks<\/li>\n<li>Korstna\u00fchendus tagant<\/li>\n<li>Uksehinged paremal<\/li>\n<li>Boileri \u00fchendus: paremalt, vasakult v\u00f5i tagant<\/li>\n<li>Viimistlusraam seinaava \u00e4\u00e4rde (soovitatav l\u00e4bi seina paigalduse puhul)<\/li>\n<\/ul>\n<p><strong>Saadaval mudelid:<br \/>\n<\/strong><br \/>\nMudel\u00a0 \u00a0 \u00a0 \u00a0 \u00a0 \u00a0 \u00a0 \u00a0 \u00a0 \u00a0 \u00a0 \u00a0 \u00a0 \u00a0 \u00a0 \u00a0 \u00a0 \u00a0 \u00a0 \u00a0 \u00a0 \u00a0 \u00a0 \u00a0 \u00a0 \u00a0 \u00a0 \u00a0 \u00a0 \u00a0 \u00a0 \u00a0 \u00a0 \u00a0 \u00a0 \u00a0 \u00a0 \u00a0 \u00a0 \u00a0 \u00a0 \u00a0 \u00a0 \u00a0Kirjeldus\u00a0 \u00a0 \u00a0 \u00a0 \u00a0 \u00a0 \u00a0 \u00a0 \u00a0 \u00a0 \u00a0 \u00a0 \u00a0 \u00a0 \u00a0 \u00a0 \u00a0 \u00a0 \u00a0 \u00a0 \u00a0 \u00a0 \u00a0 \u00a0 \u00a0 \u00a0 \u00a0 \u00a0 \u00a0 \u00a0 \u00a0 \u00a0 \u00a0 \u00a0 \u00a0 \u00a0 \u00a0 \u00a0 \u00a0 \u00a0 \u00a0 \u00a0 \u00a0 \u00a0 \u00a0 \u00a0 \u00a0 EAN\u00a0 \u00a0 \u00a0 \u00a0 \u00a0 \u00a0 \u00a0 \u00a0 \u00a0 \u00a0 \u00a0 Hind<br \/>\nSY-220\u00a0 \u00a0 \u00a0 \u00a0 \u00a0 \u00a0 \u00a0Pikendatud koldega saunaahi (16\u201325 m\u00b3) ilma boileri \u00fchenduseta (\u00fcmar v\u00f5rkkorpus)\u00a0 \u00a0 \u00a0 \u00a0 \u00a0 \u00a0 \u00a0 \u00a0 \u00a0 \u00a0 \u00a0 \u00a0 \u00a0 \u00a0 \u00a0 \u00a0 4742482001743\u00a0 \u00a0 563.50 \u20ac<br \/>\nSY-220 GL\u00a0 \u00a0 \u00a0 \u00a0Pikendatud koldega saunaahi (16\u201325 m\u00b3) ilma boileri \u00fchenduseta, klaasuksega (\u00fcmar v\u00f5rkkorpus)\u00a0 \u00a0 \u00a0 \u00a0 4742482001781\u00a0 \u00a0 580.75 \u20ac<br \/>\nSY-220 BP\u00a0 \u00a0 \u00a0 \u00a0Pikendatud koldega saunaahi (16\u201325 m\u00b3), boileri \u00fchendus paremalt (\u00fcmar v\u00f5rkkorpus)\u00a0 \u00a0 \u00a0 \u00a0 \u00a0 \u00a0 \u00a0 \u00a0 \u00a0 \u00a0 \u00a0 \u00a0 \u00a0 \u00a0 4742482001750\u00a0 \u00a0 603.75 \u20ac<br \/>\nSY-220 BPGL\u00a0 Pikendatud koldega saunaahi (16\u201325 m\u00b3), boileri \u00fchendus paremalt, klaasuksega (\u00fcmar v\u00f5rkkorpus)\u00a0 \u00a0 4742482001798\u00a0 \u00a0 621.00 \u20ac<br \/>\nSY-220 BV\u00a0 \u00a0 \u00a0 \u00a0Pikendatud koldega saunaahi (16\u201325 m\u00b3), boileri \u00fchendus vasakult (\u00fcmar v\u00f5rkkorpus)\u00a0 \u00a0 \u00a0 \u00a0 \u00a0 \u00a0 \u00a0 \u00a0 \u00a0 \u00a0 \u00a0 \u00a0 \u00a0 \u00a0 \u00a0 4742482001767\u00a0 \u00a0 603.75 \u20ac<br \/>\nSY-220 BVGL\u00a0 Pikendatud koldega saunaahi (16\u201325 m\u00b3), boileri \u00fchendus vasakult, klaasuksega (\u00fcmar v\u00f5rkkorpus)\u00a0 \u00a0 \u00a0 4742482001804\u00a0 \u00a0621.00 \u20ac<br \/>\nSY-220 BT\u00a0 \u00a0 \u00a0 \u00a0Pikendatud koldega saunaahi (16\u201325 m\u00b3), boileri \u00fchendus tagant (\u00fcmar v\u00f5rkkorpus)\u00a0 \u00a0 \u00a0 \u00a0 \u00a0 \u00a0 \u00a0 \u00a0 \u00a0 \u00a0 \u00a0 \u00a0 \u00a0 \u00a0 \u00a0 \u00a0 \u00a04742482001774\u00a0 \u00a0 603.75 \u20ac<br \/>\nSY-220 BTGL\u00a0 Pikendatud koldega saunaahi (16\u201325 m\u00b3), boileri \u00fchendus tagant, klaasuksega (\u00fcmar v\u00f5rkkorpus)\u00a0 \u00a0 \u00a0 \u00a0 \u00a04742482001811\u00a0 \u00a0 \u00a0621.00 \u20ac<\/p>\n<p>&nbsp;<\/p>\n<p><img loading=\"lazy\" decoding=\"async\" class=\"alignnone wp-image-132152\" src=\"https:\/\/factory.sale\/wp-content\/uploads\/2025\/11\/Banner-300x200.jpg\" alt=\"\" width=\"1194\" height=\"796\" srcset=\"https:\/\/factory.sale\/wp-content\/uploads\/2025\/11\/Banner-300x200.jpg 300w, https:\/\/factory.sale\/wp-content\/uploads\/2025\/11\/Banner-1024x683.jpg 1024w, https:\/\/factory.sale\/wp-content\/uploads\/2025\/11\/Banner-150x100.jpg 150w, https:\/\/factory.sale\/wp-content\/uploads\/2025\/11\/Banner-768x512.jpg 768w, https:\/\/factory.sale\/wp-content\/uploads\/2025\/11\/Banner-1536x1024.jpg 1536w, https:\/\/factory.sale\/wp-content\/uploads\/2025\/11\/Banner-600x400.jpg 600w, https:\/\/factory.sale\/wp-content\/uploads\/2025\/11\/Banner.jpg 2016w\" sizes=\"auto, (max-width: 1194px) 100vw, 1194px\" \/><\/p>\n","protected":false},"excerpt":{"rendered":"<p>Skamet SY-220 on v\u00f5imas puuk\u00fcttega saunaahi 16\u201325 m\u00b3 leiliruumidesse. \u00dcmar v\u00f5rkkorpus mahutab suure hulga kive, mis tagab pehme ja kauakestva leili. Ahju k\u00f5rvalruumist k\u00fctmine hoiab leiliruumi puhta ja mugavana ning v\u00f5imaldab lihtsat puude lisamist.<\/p>\n","protected":false},"featured_media":131884,"comment_status":"open","ping_status":"closed","template":"","meta":{"_acf_changed":false},"factory":[],"free-shipment":[],"product_brand":[4640],"product_cat":[306,4638],"product_tag":[],"class_list":{"0":"post-132159","1":"product","2":"type-product","3":"status-publish","4":"has-post-thumbnail","6":"product_brand-skamet","7":"product_cat-saunakerised","8":"product_cat-skamet-et","10":"first","11":"instock","12":"sale","13":"taxable","14":"shipping-taxable","15":"purchasable","16":"product-type-simple"},"acf":[],"_links":{"self":[{"href":"https:\/\/factory.sale\/et\/wp-json\/wp\/v2\/product\/132159","targetHints":{"allow":["GET"]}}],"collection":[{"href":"https:\/\/factory.sale\/et\/wp-json\/wp\/v2\/product"}],"about":[{"href":"https:\/\/factory.sale\/et\/wp-json\/wp\/v2\/types\/product"}],"replies":[{"embeddable":true,"href":"https:\/\/factory.sale\/et\/wp-json\/wp\/v2\/comments?post=132159"}],"wp:featuredmedia":[{"embeddable":true,"href":"https:\/\/factory.sale\/et\/wp-json\/wp\/v2\/media\/131884"}],"wp:attachment":[{"href":"https:\/\/factory.sale\/et\/wp-json\/wp\/v2\/media?parent=132159"}],"wp:term":[{"taxonomy":"factory","embeddable":true,"href":"https:\/\/factory.sale\/et\/wp-json\/wp\/v2\/factory?post=132159"},{"taxonomy":"free-shipment","embeddable":true,"href":"https:\/\/factory.sale\/et\/wp-json\/wp\/v2\/free-shipment?post=132159"},{"taxonomy":"product_brand","embeddable":true,"href":"https:\/\/factory.sale\/et\/wp-json\/wp\/v2\/product_brand?post=132159"},{"taxonomy":"product_cat","embeddable":true,"href":"https:\/\/factory.sale\/et\/wp-json\/wp\/v2\/product_cat?post=132159"},{"taxonomy":"product_tag","embeddable":true,"href":"https:\/\/factory.sale\/et\/wp-json\/wp\/v2\/product_tag?post=132159"}],"curies":[{"name":"wp","href":"https:\/\/api.w.org\/{rel}","templated":true}]}}