{"id":132151,"date":"2025-11-21T16:53:45","date_gmt":"2025-11-21T13:57:32","guid":{"rendered":"https:\/\/factory.sale\/?post_type=product&#038;p=132151"},"modified":"2026-02-05T15:30:34","modified_gmt":"2026-02-05T12:30:34","slug":"skamet-st-220-gl-suure-klaasuksega-puukuttega-saunaahi-kandilise-vorkkorpusega-16-25-m%c2%b3-saunadele-koetav-korvalruumist","status":"publish","type":"product","link":"https:\/\/factory.sale\/et\/toode\/skamet-st-220-gl-suure-klaasuksega-puukuttega-saunaahi-kandilise-vorkkorpusega-16-25-m%c2%b3-saunadele-koetav-korvalruumist\/","title":{"rendered":"Skamet ST-220 GL suure klaasuksega puuk\u00fcttega saunaahi kandilise v\u00f5rkkorpusega (16\u201325 m\u00b3 saunadele), k\u00f6etav k\u00f5rvalruumist"},"content":{"rendered":"<p>Skamet ST-220 GL on m\u00f5eldud 16\u201325 m\u00b3 suurustele leiliruumidele ning seda k\u00f6etakse k\u00f5rvalruumist. Selline lahendus hoiab leiliruumi puhta ja avara, kuid s\u00e4ilitab traditsioonilise puuk\u00fcttega sauna kogemuse.<\/p>\n<p>Selle mudeli peamisteks eelisteks on suur kuumakindel klaasuks (330 \u00d7 330 mm), mis pakub head vaadet tulele ja annab saunale hubase atmosf\u00e4\u00e4ri, ning kandiline v\u00f5rkkorpus, mis mahutab umbes 160 kg kerise\u00adkive. Suur kivide hulk tagab pehme ja \u00fchtlase leili ning pikaajalise sooja. ST-220 GL pakub tugevat ja efektiivset k\u00fcttelahendust ka suurematesse saunadesse.<\/p>\n<p>Ahi on valmistatud Eestis. Kasutatud on vastupidavaid materjale, on kaetud musta kuumakindla v\u00e4rviga ning j\u00e4rgib k\u00f5iki kaasaegseid ohutus- ja kvaliteedin\u00f5udeid.<\/p>\n<p><strong>Tehnilised andmed:<\/strong><\/p>\n<ul>\n<li>K\u00f6etav ruumala: 16\u201325 m\u00b3<\/li>\n<li>K\u00f5rgus: 84 cm<\/li>\n<li>Laius: 49 cm<\/li>\n<li>S\u00fcgavus: 61 cm<\/li>\n<li>Tunneli s\u00fcgavus: 20 cm<\/li>\n<li>Kaal: 80 kg<\/li>\n<li>Kivide kogus: u. 160 kg<\/li>\n<li>K\u00fcttepuude pikkus: kuni 70 cm<\/li>\n<li>Klaasukse m\u00f5\u00f5t: 330 \u00d7 330 mm<\/li>\n<li>Suitsutoru l\u00e4bim\u00f5\u00f5t: 115 mm (\u00fchendus pealt)<\/li>\n<li>Paigaldus: k\u00f6etav k\u00f5rvalruumist \/ l\u00e4bi seina<\/li>\n<li>Korpus: kandiline v\u00f5rkkorpus<\/li>\n<\/ul>\n<p><strong>Standardvarustus:<\/strong><\/p>\n<ul>\n<li>Suur kuumakindel klaasuks (330 \u00d7 330 mm)<\/li>\n<li>Kandiline v\u00f5rkkorpus<\/li>\n<li>L\u00e4bi seina tulekolle k\u00f5rvalt ruumist k\u00fctmiseks<\/li>\n<li>Korstna\u00fchendus pealt<\/li>\n<li>Roostevabast terasest k\u00e4epide<\/li>\n<li>Kaetud musta kuumakindla v\u00e4rviga<\/li>\n<li>Uksehinged vasakul (standard)<\/li>\n<li>Sobib 16\u201325 m\u00b3 leiliruumidele<\/li>\n<\/ul>\n<p><strong>Valikulised lisad:<\/strong><\/p>\n<ul>\n<li>Uksehinged paremal<\/li>\n<li>Puidust k\u00e4epide<\/li>\n<li>Boileri \u00fchendus (paremalt, vasakult v\u00f5i tagant)<\/li>\n<li>Viimistlusraam seinaava \u00e4\u00e4rde (soovitatav l\u00e4bi seina paigalduse puhul)<\/li>\n<\/ul>\n<p><strong>Saadaval mudelid:<\/strong><\/p>\n<p>Mudel\u00a0 \u00a0 \u00a0 \u00a0 \u00a0 \u00a0 \u00a0 \u00a0 \u00a0 \u00a0 \u00a0 \u00a0 \u00a0 \u00a0 \u00a0 \u00a0 \u00a0 \u00a0 \u00a0 \u00a0 \u00a0 \u00a0 \u00a0 \u00a0 \u00a0 \u00a0 \u00a0 \u00a0 \u00a0 \u00a0 \u00a0 \u00a0Kirjeldus\u00a0 \u00a0 \u00a0 \u00a0 \u00a0 \u00a0 \u00a0 \u00a0 \u00a0 \u00a0 \u00a0 \u00a0 \u00a0 \u00a0 \u00a0 \u00a0 \u00a0 \u00a0 \u00a0 \u00a0 \u00a0 \u00a0 \u00a0 \u00a0 \u00a0 \u00a0 \u00a0 \u00a0 \u00a0 \u00a0 \u00a0 \u00a0 \u00a0 \u00a0 \u00a0 \u00a0 \u00a0 \u00a0 \u00a0 \u00a0 \u00a0 \u00a0 \u00a0 \u00a0 \u00a0 \u00a0 \u00a0 \u00a0 \u00a0 \u00a0 \u00a0 EAN\u00a0 \u00a0 \u00a0 \u00a0 \u00a0 \u00a0 \u00a0 \u00a0 \u00a0 \u00a0 \u00a0 \u00a0 Hind<br \/>\nST-220 GL\u00a0 \u00a0 \u00a0 \u00a0 \u00a0Pikendatud koldega saunaahi suure klaasuksega (16\u201325 m\u00b3), ilma boileri \u00fchenduseta\u00a0 \u00a0 \u00a0 \u00a0 \u00a0 4742482001828\u00a0 \u00a0 \u00a0 \u00a0 \u00a0741.75 \u20ac<br \/>\nST-220 BPGL\u00a0 \u00a0 Pikendatud koldega saunaahi suure klaasuksega (16\u201325 m\u00b3), boileri \u00fchendus paremalt\u00a0 \u00a0 \u00a0 \u00a04742482001835\u00a0 \u00a0 \u00a0 \u00a0 \u00a0782.00 \u20ac<br \/>\nST-220 BVGL\u00a0 \u00a0 Pikendatud koldega saunaahi suure klaasuksega (16\u201325 m\u00b3), boileri \u00fchendus vasakult\u00a0 \u00a0 \u00a0 \u00a0 \u00a04742482001842\u00a0 \u00a0 \u00a0 \u00a0 782.00 \u20ac<br \/>\nST-220 BTGL\u00a0 \u00a0 Pikendatud koldega saunaahi suure klaasuksega (16\u201325 m\u00b3), boileri \u00fchendus tagant\u00a0 \u00a0 \u00a0 \u00a0 \u00a0 \u00a0 4742482001859\u00a0 \u00a0 \u00a0 \u00a0 \u00a0782.00 \u20ac<\/p>\n<p>&nbsp;<\/p>\n<p><img loading=\"lazy\" decoding=\"async\" class=\"alignnone wp-image-132152\" src=\"https:\/\/factory.sale\/wp-content\/uploads\/2025\/11\/Banner-300x200.jpg\" alt=\"\" width=\"1194\" height=\"796\" srcset=\"https:\/\/factory.sale\/wp-content\/uploads\/2025\/11\/Banner-300x200.jpg 300w, https:\/\/factory.sale\/wp-content\/uploads\/2025\/11\/Banner-1024x683.jpg 1024w, https:\/\/factory.sale\/wp-content\/uploads\/2025\/11\/Banner-150x100.jpg 150w, https:\/\/factory.sale\/wp-content\/uploads\/2025\/11\/Banner-768x512.jpg 768w, https:\/\/factory.sale\/wp-content\/uploads\/2025\/11\/Banner-1536x1024.jpg 1536w, https:\/\/factory.sale\/wp-content\/uploads\/2025\/11\/Banner-600x400.jpg 600w, https:\/\/factory.sale\/wp-content\/uploads\/2025\/11\/Banner.jpg 2016w\" sizes=\"auto, (max-width: 1194px) 100vw, 1194px\" \/><\/p>\n","protected":false},"excerpt":{"rendered":"<p>Skamet ST-220 GL on v\u00f5imas puuk\u00fcttega saunaahi 16\u201325 m\u00b3 leiliruumidesse. Suur kuumakindel klaasuks (330 \u00d7 330 mm) loob kauni vaate tulele, samas kui kandiline v\u00f5rkkorpus mahutab suure hulga kive, mis tagab pehme ja kauakestva leili. Ahju k\u00f5rvalruumist k\u00fctmine hoiab leiliruumi puhta ja mugavana ning v\u00f5imaldab lihtsat puude lisamist.<\/p>\n","protected":false},"featured_media":131888,"comment_status":"open","ping_status":"closed","template":"","meta":{"_acf_changed":false},"factory":[],"free-shipment":[],"product_brand":[4640],"product_cat":[306,4638],"product_tag":[2937,757],"class_list":{"0":"post-132151","1":"product","2":"type-product","3":"status-publish","4":"has-post-thumbnail","6":"product_brand-skamet","7":"product_cat-saunakerised","8":"product_cat-skamet-et","9":"product_tag-puukuttega-keris","10":"product_tag-saunakeris","12":"first","13":"instock","14":"sale","15":"taxable","16":"shipping-taxable","17":"purchasable","18":"product-type-simple"},"acf":[],"_links":{"self":[{"href":"https:\/\/factory.sale\/et\/wp-json\/wp\/v2\/product\/132151","targetHints":{"allow":["GET"]}}],"collection":[{"href":"https:\/\/factory.sale\/et\/wp-json\/wp\/v2\/product"}],"about":[{"href":"https:\/\/factory.sale\/et\/wp-json\/wp\/v2\/types\/product"}],"replies":[{"embeddable":true,"href":"https:\/\/factory.sale\/et\/wp-json\/wp\/v2\/comments?post=132151"}],"wp:featuredmedia":[{"embeddable":true,"href":"https:\/\/factory.sale\/et\/wp-json\/wp\/v2\/media\/131888"}],"wp:attachment":[{"href":"https:\/\/factory.sale\/et\/wp-json\/wp\/v2\/media?parent=132151"}],"wp:term":[{"taxonomy":"factory","embeddable":true,"href":"https:\/\/factory.sale\/et\/wp-json\/wp\/v2\/factory?post=132151"},{"taxonomy":"free-shipment","embeddable":true,"href":"https:\/\/factory.sale\/et\/wp-json\/wp\/v2\/free-shipment?post=132151"},{"taxonomy":"product_brand","embeddable":true,"href":"https:\/\/factory.sale\/et\/wp-json\/wp\/v2\/product_brand?post=132151"},{"taxonomy":"product_cat","embeddable":true,"href":"https:\/\/factory.sale\/et\/wp-json\/wp\/v2\/product_cat?post=132151"},{"taxonomy":"product_tag","embeddable":true,"href":"https:\/\/factory.sale\/et\/wp-json\/wp\/v2\/product_tag?post=132151"}],"curies":[{"name":"wp","href":"https:\/\/api.w.org\/{rel}","templated":true}]}}