{"id":132030,"date":"2025-11-18T22:18:36","date_gmt":"2025-11-18T19:18:56","guid":{"rendered":"https:\/\/factory.sale\/?post_type=product&#038;p=132030"},"modified":"2026-02-04T18:48:02","modified_gmt":"2026-02-04T15:48:02","slug":"varikatus-pergola-rose-3-m-x-3-m","status":"publish","type":"product","link":"https:\/\/factory.sale\/et\/toode\/varikatus-pergola-rose-3-m-x-3-m\/","title":{"rendered":"Varikatus pergola Rose (3 m x 3 m)"},"content":{"rendered":"<div class=\"_tableContainer_1rjym_1\">\n<p>Puidust varikatus kaunistab aeda v\u00f5i hoovi ning lisab sellele elegantse ja samas loodusl\u00e4hedase ilme, tuues v\u00f5lu ka k\u00f5ige tagasihoidlikumasse tagaaeda. See on ideaalne koht, kus veeta meeldivaid hetki oma l\u00e4hedastega ja nautida p\u00e4ikesepaistelisi p\u00e4evi. Varikatus on suurep\u00e4rane paik l\u00f5\u00f5gastumiseks ja oma t\u00f6\u00f6 viljade nautimiseks oma kodus.<br \/>\nMuuda oma aed kutsuvaks ja hubaseks pelgupaigaks selle kaunilt valmistatud puidust varikatusega. Kvaliteetsest kuusepuidust valmistatud varikatus annab aiale elegantse ja loodusliku ilme, mis rikastab iga v\u00e4liruumi. Olenemata sellest, kas sinu aed juba \u00f5itseb v\u00f5i vajab veidi rohkem elu, lisab see varikatus iseloomu, soojust ja stiili.<\/p>\n<p>Avara 9 m\u00b2 sisealaga pakub see ideaalset kohta puhkamiseks, l\u00f5\u00f5gastumiseks v\u00f5i kaunite hetkede nautimiseks koos l\u00e4hedastega p\u00e4ikeselistel p\u00e4rastl\u00f5unatel. Olgu selleks rahulik hommikukohv v\u00f5i \u00f5htused jutuajamised \u2013 lehtla muutub sinu isiklikuks oaasiks, kus nautida looduse ilu ja oma aia v\u00f5lu.<br \/>\nLehtla on loodud vastupidavust, v\u00f5lu ja funktsionaalsust silmas pidades. See ei ole lihtsalt aiakaunistus \u2013 see on investeering mugavusse, atmosf\u00e4\u00e4ri ja \u00f5ues elamisse.<\/p>\n<p>&nbsp;<\/p>\n<p><strong>Tehnilised andmed:<\/strong><\/p>\n<div class=\"_tableContainer_1rjym_1\">\n<div class=\"group _tableWrapper_1rjym_13 flex w-fit flex-col-reverse\" tabindex=\"-1\">\n<table class=\"w-fit min-w-(--thread-content-width)\" style=\"height: 318px;\" width=\"489\" data-start=\"42\" data-end=\"373\">\n<thead data-start=\"42\" data-end=\"80\">\n<tr data-start=\"42\" data-end=\"80\">\n<th data-start=\"42\" data-end=\"65\" data-col-size=\"sm\"><\/th>\n<th data-start=\"65\" data-end=\"80\" data-col-size=\"sm\"><\/th>\n<\/tr>\n<\/thead>\n<tbody data-start=\"120\" data-end=\"373\">\n<tr data-start=\"120\" data-end=\"144\">\n<td data-start=\"120\" data-end=\"131\" data-col-size=\"sm\">Materjal<\/td>\n<td data-col-size=\"sm\" data-start=\"131\" data-end=\"144\">Kuusepuit<\/td>\n<\/tr>\n<tr data-start=\"145\" data-end=\"163\">\n<td data-start=\"145\" data-end=\"155\" data-col-size=\"sm\">Siseala<\/td>\n<td data-col-size=\"sm\" data-start=\"155\" data-end=\"163\">9 m\u00b2<\/td>\n<\/tr>\n<tr data-start=\"164\" data-end=\"188\">\n<td data-start=\"164\" data-end=\"178\" data-col-size=\"sm\">Harja k\u00f5rgus<\/td>\n<td data-col-size=\"sm\" data-start=\"178\" data-end=\"188\">319 cm<\/td>\n<\/tr>\n<tr data-start=\"189\" data-end=\"230\">\n<td data-start=\"189\" data-end=\"211\" data-col-size=\"sm\">V\u00e4lism\u00f5\u00f5dud (L \u00d7 P)<\/td>\n<td data-col-size=\"sm\" data-start=\"211\" data-end=\"230\">300 cm \u00d7 300 cm<\/td>\n<\/tr>\n<tr data-start=\"231\" data-end=\"271\">\n<td data-start=\"231\" data-end=\"252\" data-col-size=\"sm\">Sisem\u00f5\u00f5dud (L \u00d7 P)<\/td>\n<td data-col-size=\"sm\" data-start=\"252\" data-end=\"271\">300 cm \u00d7 300 cm<\/td>\n<\/tr>\n<tr data-start=\"272\" data-end=\"309\">\n<td data-start=\"272\" data-end=\"285\" data-col-size=\"sm\">Katuselaud<\/td>\n<td data-col-size=\"sm\" data-start=\"285\" data-end=\"309\">19 mm paksused lauad<\/td>\n<\/tr>\n<tr data-start=\"310\" data-end=\"336\">\n<td data-start=\"310\" data-end=\"327\" data-col-size=\"sm\">Katuse pindala<\/td>\n<td data-col-size=\"sm\" data-start=\"327\" data-end=\"336\">13 m\u00b2<\/td>\n<\/tr>\n<tr data-start=\"337\" data-end=\"373\">\n<td data-start=\"337\" data-end=\"354\" data-col-size=\"sm\">Postide m\u00f5\u00f5dud<\/td>\n<td data-col-size=\"sm\" data-start=\"354\" data-end=\"373\">115 cm \u00d7 115 cm<\/td>\n<\/tr>\n<\/tbody>\n<\/table>\n<\/div>\n<\/div>\n<\/div>\n<p>&nbsp;<\/p>\n<p>&nbsp;<\/p>\n<p><strong>Transpordi andmed:<\/strong><\/p>\n<div class=\"TyagGW_tableContainer\">\n<div class=\"group TyagGW_tableWrapper flex flex-col-reverse w-fit\" tabindex=\"-1\">\n<table class=\"w-fit min-w-(--thread-content-width)\" style=\"height: 145px;\" width=\"483\" data-start=\"80\" data-end=\"225\">\n<thead data-start=\"80\" data-end=\"101\">\n<tr data-start=\"80\" data-end=\"101\">\n<th class=\"\" data-start=\"80\" data-end=\"90\" data-col-size=\"sm\"><\/th>\n<th class=\"\" data-start=\"90\" data-end=\"101\" data-col-size=\"sm\"><\/th>\n<\/tr>\n<\/thead>\n<tbody data-start=\"121\" data-end=\"225\">\n<tr data-start=\"121\" data-end=\"173\">\n<td data-start=\"121\" data-end=\"149\" data-col-size=\"sm\">S\u00fcgavus \/ K\u00f5rgus \/ Pikkus<\/td>\n<td data-start=\"149\" data-end=\"173\" data-col-size=\"sm\">1100 \u00d7 600 \u00d7 3400 cm<\/td>\n<\/tr>\n<tr data-start=\"174\" data-end=\"191\">\n<td data-start=\"174\" data-end=\"181\" data-col-size=\"sm\">Kaal<\/td>\n<td data-start=\"181\" data-end=\"191\" data-col-size=\"sm\">475 kg<\/td>\n<\/tr>\n<tr data-start=\"192\" data-end=\"225\">\n<td data-start=\"192\" data-end=\"215\" data-col-size=\"sm\">Kaal koos terrassiga<\/td>\n<td data-start=\"215\" data-end=\"225\" data-col-size=\"sm\">600 kg<\/td>\n<\/tr>\n<\/tbody>\n<\/table>\n<\/div>\n<\/div>\n<p>&nbsp;<\/p>\n<div class=\"_tableContainer_1rjym_1\">\n<p><strong>Katusematerjal (bituumenkatus) \u2013 230 \u20ac (ilma KM-ta)<\/strong><\/p>\n<\/div>\n<p>&nbsp;<\/p>\n<p><iframe loading=\"lazy\" title=\"YouTube video\" src=\"\/\/www.youtube.com\/embed\/k9kK04ZBp0o?autoplay=1&amp;mute=1&amp;controls=1&amp;start=110&amp;loop=1&amp;playlist=k9kK04ZBp0o\" width=\"800\" height=\"450\" frameborder=\"0\" allowfullscreen=\"allowfullscreen\" data-mce-fragment=\"1\"><\/iframe><\/p>\n<p>&nbsp;<\/p>\n<p><iframe loading=\"lazy\" title=\"YouTube video\" src=\"\/\/www.youtube.com\/embed\/9S4j3SFXrjM?autoplay=1&amp;mute=1&amp;controls=1&amp;loop=1&amp;playlist=9S4j3SFXrjM\" width=\"800\" height=\"315\" frameborder=\"0\" allowfullscreen=\"allowfullscreen\" data-mce-fragment=\"1\"><\/iframe><\/p>\n<p>&nbsp;<\/p>\n<p>&nbsp;<\/p>\n<p>&nbsp;<\/p>\n","protected":false},"excerpt":{"rendered":"<p>Elegantne kuusepuidust varikatus igasse aeda v\u00f5i hoovi. Pakub 9 m\u00b2 hubast ja loodusl\u00e4hedast puhkeala \u2013 ideaalne p\u00e4ikesepaisteliste p\u00e4evade nautimiseks ja v\u00e4liala kaunistamiseks.<\/p>\n","protected":false},"featured_media":132108,"comment_status":"open","ping_status":"closed","template":"","meta":{"_acf_changed":false},"factory":[],"free-shipment":[],"product_brand":[],"product_cat":[924,1912],"product_tag":[1918,1483,1484,2714],"class_list":{"0":"post-132030","1":"product","2":"type-product","3":"status-publish","4":"has-post-thumbnail","6":"product_cat-aiatooted","7":"product_cat-varikatused","8":"product_tag-canopies-et","9":"product_tag-garden-et","10":"product_tag-yard-et","11":"product_tag-yard-and-garden-et","13":"first","14":"instock","15":"sale","16":"taxable","17":"shipping-taxable","18":"purchasable","19":"product-type-simple"},"acf":[],"_links":{"self":[{"href":"https:\/\/factory.sale\/et\/wp-json\/wp\/v2\/product\/132030","targetHints":{"allow":["GET"]}}],"collection":[{"href":"https:\/\/factory.sale\/et\/wp-json\/wp\/v2\/product"}],"about":[{"href":"https:\/\/factory.sale\/et\/wp-json\/wp\/v2\/types\/product"}],"replies":[{"embeddable":true,"href":"https:\/\/factory.sale\/et\/wp-json\/wp\/v2\/comments?post=132030"}],"wp:featuredmedia":[{"embeddable":true,"href":"https:\/\/factory.sale\/et\/wp-json\/wp\/v2\/media\/132108"}],"wp:attachment":[{"href":"https:\/\/factory.sale\/et\/wp-json\/wp\/v2\/media?parent=132030"}],"wp:term":[{"taxonomy":"factory","embeddable":true,"href":"https:\/\/factory.sale\/et\/wp-json\/wp\/v2\/factory?post=132030"},{"taxonomy":"free-shipment","embeddable":true,"href":"https:\/\/factory.sale\/et\/wp-json\/wp\/v2\/free-shipment?post=132030"},{"taxonomy":"product_brand","embeddable":true,"href":"https:\/\/factory.sale\/et\/wp-json\/wp\/v2\/product_brand?post=132030"},{"taxonomy":"product_cat","embeddable":true,"href":"https:\/\/factory.sale\/et\/wp-json\/wp\/v2\/product_cat?post=132030"},{"taxonomy":"product_tag","embeddable":true,"href":"https:\/\/factory.sale\/et\/wp-json\/wp\/v2\/product_tag?post=132030"}],"curies":[{"name":"wp","href":"https:\/\/api.w.org\/{rel}","templated":true}]}}