{"id":132024,"date":"2025-11-17T14:44:19","date_gmt":"2025-11-17T11:53:21","guid":{"rendered":"https:\/\/factory.sale\/?post_type=product&#038;p=132024"},"modified":"2025-11-17T14:54:11","modified_gmt":"2025-11-17T11:54:11","slug":"elementmaja-mo-house-11-4-m2","status":"publish","type":"product","link":"https:\/\/factory.sale\/et\/toode\/elementmaja-mo-house-11-4-m2\/","title":{"rendered":"Elementmaja MO-House 11.4 m2"},"content":{"rendered":"<p>Kaasaegne, t\u00e4ielikult varustatud v\u00e4ike elementmaja. Kliendil on v\u00f5imalus kujundada sisem\u00f6\u00f6bel ja seadmete paigutus vastavalt oma soovidele.<br \/>\nAvastage MO maja \u2013 kompaktne ja kasutusvalmis 11,4 m\u00b2 moodulmaja, mis sobib suurep\u00e4raselt 2\u20134 inimesele. Soojustuse ning elegantsete, v\u00e4rvitud puitakende ja -ustega MO maja pakub mugavat ja stiilset elukeskkonda. Lisaks on majas kaasaegsed mugavused nagu liuguksed ja linoleumist p\u00f5randakate, luues praktilise ja kauni lahenduse neile, kes hindavad nii vormi kui funktsiooni. L\u00f5puks saate sisustuse ja paigalduse kohandada vastavalt oma soovidele ja vajadustele, et luua just endale t\u00e4iuslik v\u00e4ikemaja.<\/p>\n<p>&nbsp;<\/p>\n<p><strong>Tehnilised andmed:<\/strong><\/p>\n<ul>\n<li>Mahutavus: 2\u20134 inimest<\/li>\n<li>V\u00e4lism\u00f5\u00f5dud: 2,3 \u00d7 6 m<\/li>\n<li>Sisepindala: 11,4 m\u00b2<\/li>\n<li>Puit: m\u00e4nnipuit<\/li>\n<li>Seinte soojustus: 100 mm (kivivill)<\/li>\n<li>Voodrilaud: sisevooder 14 \u00d7 96 mm ja v\u00e4lisvooder 18 \u00d7 145 mm<\/li>\n<li>Valmis seina paksus: 145 mm<\/li>\n<li>P\u00f5rand: 28 mm m\u00e4nnilaud; p\u00f5randa soojustus: 158 mm<\/li>\n<li>Aknad: 735 \u00d7 1955 mm; WC aken: 410 \u00d7 1150 mm<\/li>\n<li>Uks: 1480 \u00d7 2000 mm<\/li>\n<li>Kivivill: 100 mm (p\u00f5rand, seinad, lagi)<\/li>\n<li>Katus: bituumenkattega<\/li>\n<\/ul>\n<p>&nbsp;<\/p>\n<p><strong>Standardkomplekt:<\/strong><\/p>\n<ul>\n<li>100 mm soojustusega konstruktsioon<\/li>\n<li>Sise- ja v\u00e4lisvooder<\/li>\n<li>Bituumenkatus<\/li>\n<li>Vihmaveerennid<\/li>\n<li>V\u00e4rvitud luksuslikud puitaken ja -uks<\/li>\n<li>Sisesein liuguksega<\/li>\n<li>Linoleum p\u00f5rand<\/li>\n<\/ul>\n<p>&nbsp;<\/p>\n<p><em>Tarnitakse t\u00e4ielikult kokkupanduna ja kasutusvalmis!<\/em><\/p>\n<p>&nbsp;<\/p>\n<p><strong>Saadaval lisavarustus (hinnad ei sisalda k\u00e4ibemaksu):<\/strong><\/p>\n<p><strong>V\u00e4rv<\/strong><br \/>\nV\u00e4lisv\u00e4rv \u2013 \u20ac557.75<br \/>\nSisev\u00e4rv \u2013 \u20ac557.75<\/p>\n<p>&nbsp;<\/p>\n<p><strong>Vannituba<\/strong> (r\u00e4tikuivati, WC, du\u0161\u0161, kraanikauss, boiler + paigaldus) \u2013 \u20ac2,328.75<\/p>\n<p><strong>K\u00f6\u00f6k<\/strong> (seinakapp, p\u00f5randakapp kraanikausiga, k\u00fclmkapp, pesumasin, kokkupandud) \u2013 \u20ac1,886.00<\/p>\n<p>&nbsp;<\/p>\n<p><strong>Elektripaigaldus<\/strong><br \/>\n\u00dchekordne pistik \u2013 \u20ac69.00<br \/>\nKahekordne pistik \u2013 \u20ac74.75<br \/>\n\u00dchekordne l\u00fcliti \u2013 \u20ac69.00<br \/>\nKahekordne l\u00fcliti \u2013 \u20ac86.25<br \/>\nKaabel \u00fche lambi jaoks \u2013 \u20ac28.75<br \/>\nLED-lamp \u2013 \u20ac51.75<br \/>\nKaitsmete kilp \u2013 \u20ac138.00<br \/>\nKonvektork\u00fcte \u2013 \u20ac126.50<\/p>\n<p>&nbsp;<\/p>\n<p>&nbsp;<\/p>\n<p><strong>M\u00f6\u00f6bel<\/strong><br \/>\n\u00dcheinimesevoodi \u2013 \u20ac126.50<br \/>\nKaheinimesevoodi \u2013 \u20ac126.50<br \/>\nNarivoodi \u2013 \u20ac253.00<br \/>\nPuitjalgadel laud \u2013 \u20ac247.25<br \/>\nKokkupandav laud \u2013 \u20ac103.50<br \/>\nV\u00e4ike kokkupandav tool \u2013 \u20ac166.75<\/p>\n<p>&nbsp;<\/p>\n<p>&nbsp;<\/p>\n<p><img loading=\"lazy\" decoding=\"async\" class=\"alignnone wp-image-131997\" src=\"https:\/\/factory.sale\/wp-content\/uploads\/2025\/11\/Element-house-MO-House-11.4-factory-sale-1-300x210.webp\" alt=\"\" width=\"546\" height=\"382\" srcset=\"https:\/\/factory.sale\/wp-content\/uploads\/2025\/11\/Element-house-MO-House-11.4-factory-sale-1-300x210.webp 300w, https:\/\/factory.sale\/wp-content\/uploads\/2025\/11\/Element-house-MO-House-11.4-factory-sale-1-1024x717.webp 1024w, https:\/\/factory.sale\/wp-content\/uploads\/2025\/11\/Element-house-MO-House-11.4-factory-sale-1-150x105.webp 150w, https:\/\/factory.sale\/wp-content\/uploads\/2025\/11\/Element-house-MO-House-11.4-factory-sale-1-768x537.webp 768w, https:\/\/factory.sale\/wp-content\/uploads\/2025\/11\/Element-house-MO-House-11.4-factory-sale-1-600x420.webp 600w, https:\/\/factory.sale\/wp-content\/uploads\/2025\/11\/Element-house-MO-House-11.4-factory-sale-1.webp 1246w\" sizes=\"auto, (max-width: 546px) 100vw, 546px\" \/> <img loading=\"lazy\" decoding=\"async\" class=\"alignnone wp-image-132000\" src=\"https:\/\/factory.sale\/wp-content\/uploads\/2025\/11\/Element-house-MO-House-11.4-factory-sale-2-300x198.webp\" alt=\"\" width=\"547\" height=\"361\" srcset=\"https:\/\/factory.sale\/wp-content\/uploads\/2025\/11\/Element-house-MO-House-11.4-factory-sale-2-300x198.webp 300w, https:\/\/factory.sale\/wp-content\/uploads\/2025\/11\/Element-house-MO-House-11.4-factory-sale-2-1024x676.webp 1024w, https:\/\/factory.sale\/wp-content\/uploads\/2025\/11\/Element-house-MO-House-11.4-factory-sale-2-150x99.webp 150w, https:\/\/factory.sale\/wp-content\/uploads\/2025\/11\/Element-house-MO-House-11.4-factory-sale-2-768x507.webp 768w, https:\/\/factory.sale\/wp-content\/uploads\/2025\/11\/Element-house-MO-House-11.4-factory-sale-2-1536x1014.webp 1536w, https:\/\/factory.sale\/wp-content\/uploads\/2025\/11\/Element-house-MO-House-11.4-factory-sale-2-600x396.webp 600w, https:\/\/factory.sale\/wp-content\/uploads\/2025\/11\/Element-house-MO-House-11.4-factory-sale-2.webp 1600w\" sizes=\"auto, (max-width: 547px) 100vw, 547px\" \/><\/p>\n<p><video style=\"width: 100%; height: auto; border: none; outline: none;\" autoplay=\"autoplay\" loop=\"loop\" muted=\"\" width=\"300\" height=\"150\" data-mce-fragment=\"1\"><source src=\"https:\/\/factory.sale\/wp-content\/uploads\/2025\/11\/MO_HOUSE-.mp4\" type=\"video\/mp4\" \/><\/video><\/p>\n","protected":false},"excerpt":{"rendered":"<p>Avastage MO maja \u2013 kompaktne ja kasutusvalmis 11,4 m\u00b2 moodulmaja, mis sobib suurep\u00e4raselt 2\u20134 inimesele. Soojustuse ning elegantsete, v\u00e4rvitud puitakende ja -ustega MO maja pakub mugavat ja stiilset elukeskkonda. Lisaks on majas kaasaegsed mugavused nagu liuguksed ja linoleumist p\u00f5randakate, luues praktilise ja kauni lahenduse neile, kes hindavad nii vormi kui funktsiooni. L\u00f5puks saate sisustuse ja paigalduse kohandada vastavalt oma soovidele ja vajadustele, et luua just endale t\u00e4iuslik v\u00e4ikemaja.<\/p>\n","protected":false},"featured_media":132010,"comment_status":"open","ping_status":"closed","template":"","meta":{"_acf_changed":false},"factory":[],"free-shipment":[],"product_brand":[],"product_cat":[801],"product_tag":[911],"class_list":{"0":"post-132024","1":"product","2":"type-product","3":"status-publish","4":"has-post-thumbnail","6":"product_cat-elementmajad-2","7":"product_tag-modular-house-et","9":"first","10":"instock","11":"sale","12":"taxable","13":"shipping-taxable","14":"purchasable","15":"product-type-simple"},"acf":[],"_links":{"self":[{"href":"https:\/\/factory.sale\/et\/wp-json\/wp\/v2\/product\/132024","targetHints":{"allow":["GET"]}}],"collection":[{"href":"https:\/\/factory.sale\/et\/wp-json\/wp\/v2\/product"}],"about":[{"href":"https:\/\/factory.sale\/et\/wp-json\/wp\/v2\/types\/product"}],"replies":[{"embeddable":true,"href":"https:\/\/factory.sale\/et\/wp-json\/wp\/v2\/comments?post=132024"}],"wp:featuredmedia":[{"embeddable":true,"href":"https:\/\/factory.sale\/et\/wp-json\/wp\/v2\/media\/132010"}],"wp:attachment":[{"href":"https:\/\/factory.sale\/et\/wp-json\/wp\/v2\/media?parent=132024"}],"wp:term":[{"taxonomy":"factory","embeddable":true,"href":"https:\/\/factory.sale\/et\/wp-json\/wp\/v2\/factory?post=132024"},{"taxonomy":"free-shipment","embeddable":true,"href":"https:\/\/factory.sale\/et\/wp-json\/wp\/v2\/free-shipment?post=132024"},{"taxonomy":"product_brand","embeddable":true,"href":"https:\/\/factory.sale\/et\/wp-json\/wp\/v2\/product_brand?post=132024"},{"taxonomy":"product_cat","embeddable":true,"href":"https:\/\/factory.sale\/et\/wp-json\/wp\/v2\/product_cat?post=132024"},{"taxonomy":"product_tag","embeddable":true,"href":"https:\/\/factory.sale\/et\/wp-json\/wp\/v2\/product_tag?post=132024"}],"curies":[{"name":"wp","href":"https:\/\/api.w.org\/{rel}","templated":true}]}}