{"id":1320,"date":"2019-11-02T10:22:46","date_gmt":"2019-11-02T10:22:46","guid":{"rendered":"https:\/\/factory.sale\/product\/fortelock-invisible\/"},"modified":"2024-06-29T12:28:45","modified_gmt":"2024-06-29T12:28:45","slug":"fortelock-invisible","status":"publish","type":"product","link":"https:\/\/factory.sale\/et\/toode\/fortelock-invisible\/","title":{"rendered":"Fortelock N\u00e4htamatu"},"content":{"rendered":"<p><span style=\"font-weight: 400;\">Uus Fortelocki n\u00e4htamatu PVC-p\u00f5rand loodi nii, et see vastaks iga kasutaja k\u00f5ige visamatele n\u00f5udmistele. Saate valida need peidetud lukkudega homogeensed plaadid nii \u00e4ri kui ka tsiviilelamute laopindade jaoks.<\/span><\/p>\n<p><span style=\"font-weight: 400;\">P\u00f5randa arendamisel p\u00f6\u00f6rati erilist t\u00e4helepanu t\u00f5husale ja mugavale kasutamisele ning paigaldamise lihtsusele.<\/span><\/p>\n<p><span style=\"font-weight: 400;\">Materjali k\u00f5rge vastupidavus koormusele, libisemisvastane pind, t\u00e4iuslik lukustuss\u00fcsteem, mis hoiab plaadid kindlalt koos, keemiline vastupidavus, spetsiaalselt loodud turvis, mis teeb puhastamise lihtsaks ning viimaks, \u00f5huvoolu s\u00fcsteemi kanalid, mis takistavad vee kogunemist p\u00f5randa alla ja hoiavad seda ventileerituna. Need on vaid m\u00f5ned eelised, mida v\u00f5ite eeldada p\u00e4rast Fortelock N\u00e4htamatu PVC p\u00f5randaplaatide paigaldamist.<\/span><\/p>\n<p><span style=\"font-weight: 400;\">Varjatud lukud ja vaped \u00fches reas suurendavad harmooniliselt p\u00f5randate konsistentsi.<\/span><\/p>\n<p><span style=\"font-weight: 400;\">Seda t\u00fc\u00fcpi p\u00f5randakatete jaoks saate valida j\u00e4rgmised v\u00e4rvid: punane, roheline, sinine, hall, grafiitne ja must.<\/span><\/p>\n<p><span style=\"font-weight: 400;\">Plaatide turvis on tehtud Snake Skin&#8217;is, mis v\u00f5imaldab p\u00f5randa pinnal luua mao naha tegeliku mulje. See annab teile valgusk\u00fcllase ruumi, mis kutsub esile p\u00f5randakatetes animatsiooni ja kujutlusv\u00f5imet, kuid ennek\u00f5ike muudab hooldamise lihtsaks, sest individuaalseid lisandeid ei s\u00e4ilitata mustris.<\/span><\/p>\n<p><strong>Miks Fortelock N\u00e4htamatu?<\/strong><\/p>\n<ul>\n<li>Lihtne paigaldus<\/li>\n<li>Lihtne holds ja puhastamine<\/li>\n<li>Plaate pole vaja liimida<\/li>\n<li><span style=\"font-weight: 400;\">\u00dcksikuid osi saab asendada v\u00f5i kogu p\u00f5randa \u00fcmber paigutada<\/span><\/li>\n<li><span style=\"font-weight: 400;\">Suurep\u00e4rane vastupidavus ja libisemisvastased omadused<\/span><\/li>\n<li><span style=\"font-weight: 400;\">Ohutu p\u00f5rand jalgsi ja liikuvate veoautode jaoks<\/span><\/li>\n<li><span style=\"font-weight: 400;\">Kanalite s\u00fcsteem p\u00f5randa ventileerimiseks<\/span><\/li>\n<\/ul>\n<p><strong>Lihtne paigaldus<\/strong><\/p>\n<ul>\n<li><span style=\"font-weight: 400;\">Paigaldamise kiirus ja lihtsus<\/span><\/li>\n<li><span style=\"font-weight: 400;\">Substraadist s\u00f5ltumatu<\/span><\/li>\n<li><span style=\"font-weight: 400;\">Paigaldamine painduvale aluspinnale<\/span><\/li>\n<\/ul>\n<p><strong><br \/>\nK\u00f5rgkvaliteetne ja vastupidav materjal<\/strong><\/p>\n<ul>\n<li><span style=\"font-weight: 400;\">V\u00e4ga vastupidav lukustuss\u00fcsteem<br \/>\n<\/span><\/li>\n<li>Vastupidavus veerevate toolide m\u00f5judele<\/li>\n<li>Heli, &#8211; soojus -ja vibratsiooniisolatsioon &#8211; ideaalne t\u00f6\u00f6keskkondadele, kus on vaja suuremat kontsentratsiooni<\/li>\n<li>Pikaajaline vastupidavus ja stabiilsus &#8211; garantii kuni 12 aastat<\/li>\n<li>\u00d5huvoolu s\u00fcsteem niiskuse vastu &#8211; p\u00f5randal v\u00f5i seintel pole hallitust<\/li>\n<li>Vastupidav vee -ja kohviplekkidele, h\u00f5lpsa hoolduse tagamine<\/li>\n<\/ul>\n<p><b>M\u00e4\u00e4ra oma vajadused<\/b><\/p>\n<ul>\n<li><span style=\"font-weight: 400;\">Lai valik mustreid ja v\u00e4rve<\/span><span style=\"font-weight: 400;\"><br \/>\n<\/span><\/li>\n<li>Kombineeritavad kujundused<\/li>\n<li>Loo koridorid, silte, teid<\/li>\n<\/ul>\n<p><strong>V\u00e4henda kulutusi<\/strong><\/p>\n<ul>\n<li><span style=\"font-weight: 400;\">Pole vaja liimida- s\u00e4\u00e4state aega ja kulusid kuni 10%<br \/>\n<\/span><\/li>\n<li>Minimaalne algse pinna parandamise vajadus &#8211; aja kokkuhoid kuni 20%<\/li>\n<li>Te ei pea kogu p\u00f5randat renoveerima; piisab lihtsalt valitud aladest<\/li>\n<li>P\u00f5rand on kohe saadaval &#8211; \u00e4ritegevus ei kao<\/li>\n<li>Majanduslikult kasulik jagatud piirkondade jaoks<\/li>\n<\/ul>\n<p><strong><br \/>\n\u00d6koloogiline<\/strong><\/p>\n<ul>\n<li><span style=\"font-weight: 400;\">Pole raskemetalle<br \/>\n<\/span><\/li>\n<li><span style=\"font-weight: 400;\">Keskkonnas\u00f5bralik toode<br \/>\n<\/span><\/li>\n<li>100% taaskasutatav<\/li>\n<li>Pole vaha ega l\u00e4ikeid<\/li>\n<\/ul>\n","protected":false},"excerpt":{"rendered":"<p><span style=\"font-weight: 400;\">Uus Fortelocki N\u00e4htamatu PVC-p\u00f5rand loodi nii, et see vastaks iga kasutaja k\u00f5ige visamatele n\u00f5udmistele. Saate valida need peidetud lukkudega homogeensed plaadid nii \u00e4ri kui ka tsiviilelamute laopindade jaoks.<\/span><\/p>\n<p>&nbsp;<\/p>\n<p><span style=\"font-weight: 400;\">P\u00f5randa arendamisel p\u00f6\u00f6rati erilist t\u00e4helepanu t\u00f5husale ja mugavale kasutamisele ning paigaldamise lihtsusele.<\/span><\/p>\n<p>&nbsp;<\/p>\n<p><span style=\"font-weight: 400;\">Materjali k\u00f5rge vastupidavus koormusele, libisemisvastane pind, t\u00e4iuslik lukustuss\u00fcsteem, mis hoiab plaadid kindlalt koos, keemiline vastupidavus, spetsiaalselt loodud turvis, mis teeb puhastamise lihtsaks ning viimaks, \u00f5huvoolu s\u00fcsteemi kanalid, mis takistavad vee kogunemist p\u00f5randa alla ja hoiavad seda ventileerituna. Need on vaid m\u00f5ned eelised, mida v\u00f5ite eeldada p\u00e4rast Fortelock N\u00e4htamatu PVC p\u00f5randaplaatide paigaldamist.<\/span><\/p>\n<p>&nbsp;<\/p>\n","protected":false},"featured_media":1321,"comment_status":"open","ping_status":"closed","template":"","meta":{"_acf_changed":false},"factory":[],"free-shipment":[],"product_brand":[],"product_cat":[176,178],"product_tag":[132],"class_list":{"0":"post-1320","1":"product","2":"type-product","3":"status-publish","4":"has-post-thumbnail","6":"product_cat-porand","7":"product_cat-fortelock","8":"product_tag-floor-et-2","10":"first","11":"instock","12":"sale","13":"taxable","14":"shipping-taxable","15":"purchasable","16":"product-type-simple"},"acf":[],"_links":{"self":[{"href":"https:\/\/factory.sale\/et\/wp-json\/wp\/v2\/product\/1320","targetHints":{"allow":["GET"]}}],"collection":[{"href":"https:\/\/factory.sale\/et\/wp-json\/wp\/v2\/product"}],"about":[{"href":"https:\/\/factory.sale\/et\/wp-json\/wp\/v2\/types\/product"}],"replies":[{"embeddable":true,"href":"https:\/\/factory.sale\/et\/wp-json\/wp\/v2\/comments?post=1320"}],"wp:featuredmedia":[{"embeddable":true,"href":"https:\/\/factory.sale\/et\/wp-json\/wp\/v2\/media\/1321"}],"wp:attachment":[{"href":"https:\/\/factory.sale\/et\/wp-json\/wp\/v2\/media?parent=1320"}],"wp:term":[{"taxonomy":"factory","embeddable":true,"href":"https:\/\/factory.sale\/et\/wp-json\/wp\/v2\/factory?post=1320"},{"taxonomy":"free-shipment","embeddable":true,"href":"https:\/\/factory.sale\/et\/wp-json\/wp\/v2\/free-shipment?post=1320"},{"taxonomy":"product_brand","embeddable":true,"href":"https:\/\/factory.sale\/et\/wp-json\/wp\/v2\/product_brand?post=1320"},{"taxonomy":"product_cat","embeddable":true,"href":"https:\/\/factory.sale\/et\/wp-json\/wp\/v2\/product_cat?post=1320"},{"taxonomy":"product_tag","embeddable":true,"href":"https:\/\/factory.sale\/et\/wp-json\/wp\/v2\/product_tag?post=1320"}],"curies":[{"name":"wp","href":"https:\/\/api.w.org\/{rel}","templated":true}]}}