{"id":131970,"date":"2025-11-16T23:45:43","date_gmt":"2025-11-16T21:21:28","guid":{"rendered":"https:\/\/factory.sale\/?post_type=product&#038;p=131970"},"modified":"2025-11-17T00:49:52","modified_gmt":"2025-11-16T21:49:52","slug":"elementmaja-mo-house-712-m%c2%b2","status":"publish","type":"product","link":"https:\/\/factory.sale\/et\/toode\/elementmaja-mo-house-712-m%c2%b2\/","title":{"rendered":"Elementmaja MO-House 7,12 m\u00b2"},"content":{"rendered":"<p>Kaasaegne t\u00e4ielikult varustatud v\u00e4ike elementmaja. Klientidel on v\u00f5imalik teha oma lahendusi siseruumide m\u00f6\u00f6bli ning seadmete paigalduse osas.<br \/>\nAvastage MO House \u2013 kompaktne ja v\u00f5tmed-k\u00e4tte moodulmaja suurusega 7,12 m\u00b2, mis sobib ideaalselt 2\u20133 inimesele. Maja on varustatud soojustusega ning elegantsete, v\u00e4rvitud puitakende ja -ustega. See sisaldab kaasaegseid lahendusi nagu liuguksed ja linoleumkattega p\u00f5rand, muutes selle suurep\u00e4raseks valikuks neile, kes otsivad stiilset, kuid praktilist elamist. Kohandage sisekujundus ja seadmete paigaldus vastavalt oma soovidele ja vajadustele.<\/p>\n<p>&nbsp;<\/p>\n<p><strong>Tehnilised andmed:<\/strong><\/p>\n<ul>\n<li>Mahutavus: 2\u20133 inimest<\/li>\n<li>V\u00e4lism\u00f5\u00f5dud: 2,3 \u00d7 3,9 m<\/li>\n<li>Siseala: 7,12 m\u00b2<\/li>\n<li>Puit: M\u00e4nd<\/li>\n<li>Seina isolatsioon: 100 mm (kivivill)<\/li>\n<li>Paneelvooder: seest 14 \u00d7 96 mm, v\u00e4ljast 18 \u00d7 145 mm<\/li>\n<li>Valmisseina paksus: 145 mm<\/li>\n<li>Aken: 735 \u00d7 1955 mm<\/li>\n<li>Uks: 1480 \u00d7 2000 mm<\/li>\n<li>Kivivill: 100 mm (p\u00f5rand, seinad, lagi)<\/li>\n<\/ul>\n<p>&nbsp;<\/p>\n<p>&nbsp;<\/p>\n<p><strong>P\u00f5rand:<\/strong><\/p>\n<ul>\n<li>V\u00e4line: DURELIS TG \/ niiskuskindel puitlaastplaat \u2013 12 mm<\/li>\n<li>Sisemine: m\u00e4nnilaudis 28 mm<\/li>\n<li>M\u00e4nnist konstruktsiooniraam: 45 \u00d7 120 mm<\/li>\n<li>Kivivill: 100 mm<\/li>\n<li>P\u00f5randa kogupaksus: 158 mm<\/li>\n<\/ul>\n<p>&nbsp;<\/p>\n<p><strong>Katus:<\/strong><\/p>\n<ul>\n<li>Sisemine m\u00e4nnipaneel 14 mm, konstruktsioonim\u00e4nd 45 \u00d7 95 mm, aurut\u00f5kkekile, 100 mm kivivill, difusioonikile, v\u00e4line<\/li>\n<li>m\u00e4nnipaneel 18 mm, bituumenikiht<\/li>\n<\/ul>\n<p>&nbsp;<\/p>\n<p><strong>Standardkomplekt:<\/strong><\/p>\n<ul>\n<li>Isolatsioon: 100 mm<\/li>\n<li>Vooder: Sees ja v\u00e4ljas<\/li>\n<li>Katus: Bituumen<\/li>\n<li>Aknad ja uksed: Luksuslikud v\u00e4rvitud puitelemendid<\/li>\n<li>P\u00f5rand: Linoleum<\/li>\n<li>Elektripaigaldus: Lisatasu eest vastavalt spetsifikatsioonile<\/li>\n<li>Paigaldus: Tarnitakse ainult kokkupanduna<\/li>\n<li>Tarnitakse t\u00e4ielikult kokkupanduna ja kohe kasutusvalmis!<\/li>\n<\/ul>\n<p>&nbsp;<\/p>\n<p><strong>Saadaval lisatarvikud (hinnad ei sisalda k\u00e4ibemaksu):<\/strong><\/p>\n<p><strong>V\u00e4rvimine:<\/strong><\/p>\n<p>V\u00e4lisv\u00e4rv: \u20ac368<br \/>\nSisev\u00e4rv: \u20ac368<\/p>\n<p>&nbsp;<\/p>\n<p><strong>K\u00f6\u00f6k:<\/strong><\/p>\n<p>K\u00f6\u00f6gikomplekt (\u00fclemine ja alumine kapp, kraanikauss, k\u00fclmik, pesumasin, kokkupandud): \u20ac1,886<\/p>\n<p>&nbsp;<\/p>\n<p><strong>Elekter:<\/strong><\/p>\n<p>\u00dchekordne pistikupesa: \u20ac69<br \/>\nKahekordne pistikupesa: \u20ac74.75<br \/>\n\u00dchekordne l\u00fcliti: \u20ac69<br \/>\nKahekordne l\u00fcliti: \u20ac86.25<br \/>\nJuhe \u00fche valgusti jaoks: \u20ac28.75<br \/>\nLED-valgusti: \u20ac51.75<br \/>\nKaitseautomaatide kapp: \u20ac138<br \/>\nKonvektork\u00fcte: \u20ac126.50<\/p>\n<p>&nbsp;<\/p>\n<p><strong>M\u00f6\u00f6bel:<\/strong><\/p>\n<p>\u00dcheinimesevoodi: \u20ac126.50<br \/>\nKaheinimesevoodi: \u20ac126.50<br \/>\nNarivoodi: \u20ac253<br \/>\nPuitjalgadel laud: \u20ac247.25<br \/>\nKokkupandav laud: \u20ac103.50<br \/>\nV\u00e4ike kokkupandav tool: \u20ac166.75<\/p>\n<p>&nbsp;<\/p>\n<p>&nbsp;<\/p>\n<p><img loading=\"lazy\" decoding=\"async\" class=\"alignnone wp-image-131964\" src=\"https:\/\/factory.sale\/wp-content\/uploads\/2025\/11\/MO-house-7.12-factory-sale-8-300x226.webp\" alt=\"\" width=\"612\" height=\"461\" srcset=\"https:\/\/factory.sale\/wp-content\/uploads\/2025\/11\/MO-house-7.12-factory-sale-8-300x226.webp 300w, https:\/\/factory.sale\/wp-content\/uploads\/2025\/11\/MO-house-7.12-factory-sale-8-1024x771.webp 1024w, https:\/\/factory.sale\/wp-content\/uploads\/2025\/11\/MO-house-7.12-factory-sale-8-150x113.webp 150w, https:\/\/factory.sale\/wp-content\/uploads\/2025\/11\/MO-house-7.12-factory-sale-8-768x578.webp 768w, https:\/\/factory.sale\/wp-content\/uploads\/2025\/11\/MO-house-7.12-factory-sale-8-1536x1157.webp 1536w, https:\/\/factory.sale\/wp-content\/uploads\/2025\/11\/MO-house-7.12-factory-sale-8-600x452.webp 600w, https:\/\/factory.sale\/wp-content\/uploads\/2025\/11\/MO-house-7.12-factory-sale-8.webp 2048w\" sizes=\"auto, (max-width: 612px) 100vw, 612px\" \/><\/p>\n<p>&nbsp;<\/p>\n<p><video style=\"width: 100%; height: auto; border: none; outline: none;\" autoplay=\"autoplay\" loop=\"loop\" muted=\"\" width=\"300\" height=\"150\"><source src=\"https:\/\/factory.sale\/wp-content\/uploads\/2025\/11\/MO_HOUSE-.mp4\" type=\"video\/mp4\" \/><\/video><\/p>\n","protected":false},"excerpt":{"rendered":"<p>Avastage MO House \u2013 kompaktne ja v\u00f5tmed-k\u00e4tte moodulmaja suurusega 7,12 m\u00b2, mis sobib ideaalselt 2\u20133 inimesele. Maja on varustatud soojustusega ning elegantsete, v\u00e4rvitud puitakende ja -ustega. See sisaldab kaasaegseid lahendusi nagu liuguksed ja linoleumkattega p\u00f5rand, muutes selle suurep\u00e4raseks valikuks neile, kes otsivad stiilset, kuid praktilist elamist. Kohandage sisekujundus ja seadmete paigaldus vastavalt oma soovidele ja vajadustele.<\/p>\n","protected":false},"featured_media":131944,"comment_status":"open","ping_status":"closed","template":"","meta":{"_acf_changed":false},"factory":[],"free-shipment":[],"product_brand":[],"product_cat":[801],"product_tag":[911,1020],"class_list":{"0":"post-131970","1":"product","2":"type-product","3":"status-publish","4":"has-post-thumbnail","6":"product_cat-elementmajad-2","7":"product_tag-modular-house-et","8":"product_tag-small-house-et","10":"first","11":"instock","12":"sale","13":"taxable","14":"shipping-taxable","15":"purchasable","16":"product-type-simple"},"acf":[],"_links":{"self":[{"href":"https:\/\/factory.sale\/et\/wp-json\/wp\/v2\/product\/131970","targetHints":{"allow":["GET"]}}],"collection":[{"href":"https:\/\/factory.sale\/et\/wp-json\/wp\/v2\/product"}],"about":[{"href":"https:\/\/factory.sale\/et\/wp-json\/wp\/v2\/types\/product"}],"replies":[{"embeddable":true,"href":"https:\/\/factory.sale\/et\/wp-json\/wp\/v2\/comments?post=131970"}],"wp:featuredmedia":[{"embeddable":true,"href":"https:\/\/factory.sale\/et\/wp-json\/wp\/v2\/media\/131944"}],"wp:attachment":[{"href":"https:\/\/factory.sale\/et\/wp-json\/wp\/v2\/media?parent=131970"}],"wp:term":[{"taxonomy":"factory","embeddable":true,"href":"https:\/\/factory.sale\/et\/wp-json\/wp\/v2\/factory?post=131970"},{"taxonomy":"free-shipment","embeddable":true,"href":"https:\/\/factory.sale\/et\/wp-json\/wp\/v2\/free-shipment?post=131970"},{"taxonomy":"product_brand","embeddable":true,"href":"https:\/\/factory.sale\/et\/wp-json\/wp\/v2\/product_brand?post=131970"},{"taxonomy":"product_cat","embeddable":true,"href":"https:\/\/factory.sale\/et\/wp-json\/wp\/v2\/product_cat?post=131970"},{"taxonomy":"product_tag","embeddable":true,"href":"https:\/\/factory.sale\/et\/wp-json\/wp\/v2\/product_tag?post=131970"}],"curies":[{"name":"wp","href":"https:\/\/api.w.org\/{rel}","templated":true}]}}