{"id":1318,"date":"2019-11-02T11:12:00","date_gmt":"2019-11-02T11:12:00","guid":{"rendered":"https:\/\/factory.sale\/product\/justyr-eps-100-038-roof-floor\/"},"modified":"2024-06-25T14:31:57","modified_gmt":"2024-06-25T14:31:57","slug":"justyr-eps-100-038-roof-floor","status":"publish","type":"product","link":"https:\/\/factory.sale\/et\/toode\/justyr-eps-100-038-roof-floor\/","title":{"rendered":"JUSTYR EPS 100-038 KATUS ja P\u00d5RAND"},"content":{"rendered":"<p><span style=\"font-weight: 400;\">JUST EPS 100-038 katuse \/ p\u00f5randa vahtplaadid, mida kasutatakse suurema koormusega kohtades<\/span><\/p>\n<h4>Rakendus<\/h4>\n<ul>\n<li><span style=\"font-weight: 400;\">terrasside ja katuste soojustamine<br \/>\n<\/span><\/li>\n<li><span style=\"font-weight: 400;\">p\u00f5randa soojustamine<br \/>\n<\/span><\/li>\n<li><span style=\"font-weight: 400;\">lae soojustamine<br \/>\n<\/span><\/li>\n<li><span style=\"font-weight: 400;\">soojusisolatsioon p\u00f5randak\u00fcttes\u00fcsteemis<br \/>\n<\/span><\/li>\n<li><span style=\"font-weight: 400;\">garaa\u017ei p\u00f5randate soojustamine<\/span><\/li>\n<\/ul>\n<p><img loading=\"lazy\" decoding=\"async\" class=\"alignnone size-large wp-image-475\" src=\"https:\/\/factory.sale\/wp-content\/uploads\/2019\/11\/factory-sale-client-technical-data-1024x682.jpg\" alt=\"\" width=\"1024\" height=\"682\" srcset=\"https:\/\/factory.sale\/wp-content\/uploads\/2019\/11\/factory-sale-client-technical-data-1024x682.jpg 1024w, https:\/\/factory.sale\/wp-content\/uploads\/2019\/11\/factory-sale-client-technical-data-150x100.jpg 150w, https:\/\/factory.sale\/wp-content\/uploads\/2019\/11\/factory-sale-client-technical-data-300x200.jpg 300w, https:\/\/factory.sale\/wp-content\/uploads\/2019\/11\/factory-sale-client-technical-data-600x399.jpg 600w, https:\/\/factory.sale\/wp-content\/uploads\/2019\/11\/factory-sale-client-technical-data.jpg 1190w\" sizes=\"auto, (max-width: 1024px) 100vw, 1024px\" \/><\/p>\n","protected":false},"excerpt":{"rendered":"<p><span style=\"font-weight: 400;\">JUST EPS 100-038 katuse \/ p\u00f5randa vahtplaadid, mida kasutatakse suurema koormusega kohtades<\/span><\/p>\n<h4>Rakendus<\/h4>\n<ul>\n<li><span style=\"font-weight: 400;\">terrasside ja katuste soojustamine<br \/>\n<\/span><\/li>\n<li><span style=\"font-weight: 400;\">p\u00f5randa soojustamine<br \/>\n<\/span><\/li>\n<li><span style=\"font-weight: 400;\">lae soojustamine<br \/>\n<\/span><\/li>\n<li><span style=\"font-weight: 400;\">soojusisolatsioon p\u00f5randak\u00fcttes\u00fcsteemis<br \/>\n<\/span><\/li>\n<li><span style=\"font-weight: 400;\">garaa\u017ei p\u00f5randate soojustamine<\/span><\/li>\n<\/ul>\n","protected":false},"featured_media":1319,"comment_status":"open","ping_status":"closed","template":"","meta":{"_acf_changed":false},"factory":[],"free-shipment":[],"product_brand":[],"product_cat":[180,181],"product_tag":[159],"class_list":{"0":"post-1318","1":"product","2":"type-product","3":"status-publish","4":"has-post-thumbnail","6":"product_cat-isolatsioon","7":"product_cat-eps","8":"product_tag-insulation-et-2","10":"first","11":"instock","12":"sale","13":"taxable","14":"shipping-taxable","15":"purchasable","16":"product-type-simple"},"acf":[],"_links":{"self":[{"href":"https:\/\/factory.sale\/et\/wp-json\/wp\/v2\/product\/1318","targetHints":{"allow":["GET"]}}],"collection":[{"href":"https:\/\/factory.sale\/et\/wp-json\/wp\/v2\/product"}],"about":[{"href":"https:\/\/factory.sale\/et\/wp-json\/wp\/v2\/types\/product"}],"replies":[{"embeddable":true,"href":"https:\/\/factory.sale\/et\/wp-json\/wp\/v2\/comments?post=1318"}],"wp:featuredmedia":[{"embeddable":true,"href":"https:\/\/factory.sale\/et\/wp-json\/wp\/v2\/media\/1319"}],"wp:attachment":[{"href":"https:\/\/factory.sale\/et\/wp-json\/wp\/v2\/media?parent=1318"}],"wp:term":[{"taxonomy":"factory","embeddable":true,"href":"https:\/\/factory.sale\/et\/wp-json\/wp\/v2\/factory?post=1318"},{"taxonomy":"free-shipment","embeddable":true,"href":"https:\/\/factory.sale\/et\/wp-json\/wp\/v2\/free-shipment?post=1318"},{"taxonomy":"product_brand","embeddable":true,"href":"https:\/\/factory.sale\/et\/wp-json\/wp\/v2\/product_brand?post=1318"},{"taxonomy":"product_cat","embeddable":true,"href":"https:\/\/factory.sale\/et\/wp-json\/wp\/v2\/product_cat?post=1318"},{"taxonomy":"product_tag","embeddable":true,"href":"https:\/\/factory.sale\/et\/wp-json\/wp\/v2\/product_tag?post=1318"}],"curies":[{"name":"wp","href":"https:\/\/api.w.org\/{rel}","templated":true}]}}