{"id":13179,"date":"2022-09-14T11:15:07","date_gmt":"2022-09-14T11:16:40","guid":{"rendered":"https:\/\/factory.sale\/?post_type=product&#038;p=13179"},"modified":"2025-03-26T01:38:37","modified_gmt":"2025-03-25T22:38:37","slug":"ds-1-gt-1l","status":"publish","type":"product","link":"https:\/\/factory.sale\/et\/toode\/ds-1-gt-1l\/","title":{"rendered":"DS 1 GT 1L"},"content":{"rendered":"<p>Kiire desinfitseerimine 1 minutiga<\/p>\n<p>Kasutusvalmis<\/p>\n<p>Bakteritsiidne ja fungitsiidne vedelik (p\u00e4rmilaadsed seened) toiduainet\u00f6\u00f6stuse taimede pindade ja protsessiliinide, sealhulgas toidu kokkupuutuvate pindade desinfitseerimiseks.<\/p>\n<p>Soovitatav kasutada wellness-salongides, juuksuri- ja ilusalongides ning toitlustusettev\u00f5tetes.<\/p>\n<p><em>1 l pudelis.<\/em><\/p>\n<p>&nbsp;<\/p>\n<p>&nbsp;<\/p>\n<p><strong><em>* Miinimum tellimus 6 pudelit.<\/em><\/strong><\/p>\n","protected":false},"excerpt":{"rendered":"<p>Bakteritsiidne ja fungitsiidne vedelik (p\u00e4rmilaadsed seened) toiduainet\u00f6\u00f6stuse taimede pindade ja protsessiliinide, sealhulgas toidu kokkupuutuvate pindade desinfitseerimiseks.<\/p>\n","protected":false},"featured_media":13177,"comment_status":"open","ping_status":"closed","template":"","meta":{"_acf_changed":false},"factory":[],"free-shipment":[],"product_brand":[],"product_cat":[232,344],"product_tag":[321],"class_list":{"0":"post-13179","1":"product","2":"type-product","3":"status-publish","4":"has-post-thumbnail","6":"product_cat-desinfitseerimisvahendid-ja-enesehugieen","7":"product_cat-keemia","8":"product_tag-disinfectant-et-2","10":"first","11":"instock","12":"sale","13":"taxable","14":"shipping-taxable","15":"purchasable","16":"product-type-simple"},"acf":[],"_links":{"self":[{"href":"https:\/\/factory.sale\/et\/wp-json\/wp\/v2\/product\/13179","targetHints":{"allow":["GET"]}}],"collection":[{"href":"https:\/\/factory.sale\/et\/wp-json\/wp\/v2\/product"}],"about":[{"href":"https:\/\/factory.sale\/et\/wp-json\/wp\/v2\/types\/product"}],"replies":[{"embeddable":true,"href":"https:\/\/factory.sale\/et\/wp-json\/wp\/v2\/comments?post=13179"}],"wp:featuredmedia":[{"embeddable":true,"href":"https:\/\/factory.sale\/et\/wp-json\/wp\/v2\/media\/13177"}],"wp:attachment":[{"href":"https:\/\/factory.sale\/et\/wp-json\/wp\/v2\/media?parent=13179"}],"wp:term":[{"taxonomy":"factory","embeddable":true,"href":"https:\/\/factory.sale\/et\/wp-json\/wp\/v2\/factory?post=13179"},{"taxonomy":"free-shipment","embeddable":true,"href":"https:\/\/factory.sale\/et\/wp-json\/wp\/v2\/free-shipment?post=13179"},{"taxonomy":"product_brand","embeddable":true,"href":"https:\/\/factory.sale\/et\/wp-json\/wp\/v2\/product_brand?post=13179"},{"taxonomy":"product_cat","embeddable":true,"href":"https:\/\/factory.sale\/et\/wp-json\/wp\/v2\/product_cat?post=13179"},{"taxonomy":"product_tag","embeddable":true,"href":"https:\/\/factory.sale\/et\/wp-json\/wp\/v2\/product_tag?post=13179"}],"curies":[{"name":"wp","href":"https:\/\/api.w.org\/{rel}","templated":true}]}}