{"id":1316,"date":"2019-11-02T11:17:51","date_gmt":"2019-11-02T11:17:51","guid":{"rendered":"https:\/\/factory.sale\/product\/justyr-fasada-solid-styrofoam\/"},"modified":"2024-06-30T13:21:36","modified_gmt":"2024-06-30T13:21:36","slug":"justyr-fasada-solid-styrofoam","status":"publish","type":"product","link":"https:\/\/factory.sale\/et\/toode\/justyr-fasada-solid-styrofoam\/","title":{"rendered":"JUSTYR FASADA SOLID ST\u00dcROVAHT"},"content":{"rendered":"<p>JUSTYR FASADA SOLD paisutatud pol\u00fcst\u00fcreenplaadid, mida kasutatakse madala mehaanilise koormusega kohtades<\/p>\n<h4>Rakendus<\/h4>\n<ul>\n<li><span style=\"font-weight: 400;\">v\u00e4line soojusisolatsioon, mida teostatakse&#8221; light wet &#8221; (BSO) meetodil<br \/>\n<\/span><\/li>\n<li><span style=\"font-weight: 400;\">puidust lagede isolatsioon<br \/>\n<\/span><\/li>\n<li><span style=\"font-weight: 400;\">m\u00fc\u00fcritise seinte kihtide isolatsioon<br \/>\n<\/span><\/li>\n<li><span style=\"font-weight: 400;\">aknakatete soojusisolatsioon<br \/>\n<\/span><\/li>\n<li><span style=\"font-weight: 400;\">taandr\u00f5du soojustamine<br \/>\n<\/span><\/li>\n<li><span style=\"font-weight: 400;\">raami seinte soojusisolatsioon<br \/>\n<\/span><\/li>\n<li><span style=\"font-weight: 400;\">paisumisvuukide t\u00e4itmine<br \/>\n<\/span><\/li>\n<li><span style=\"font-weight: 400;\">Soojusisolatsioon suletud kolmekihilise seina pilus<\/span><\/li>\n<\/ul>\n<p><img loading=\"lazy\" decoding=\"async\" class=\"alignnone size-full wp-image-469\" src=\"https:\/\/factory.sale\/wp-content\/uploads\/2019\/11\/Technical-data.jpg\" alt=\"\" width=\"1190\" height=\"792\" srcset=\"https:\/\/factory.sale\/wp-content\/uploads\/2019\/11\/Technical-data.jpg 1190w, https:\/\/factory.sale\/wp-content\/uploads\/2019\/11\/Technical-data-150x100.jpg 150w, https:\/\/factory.sale\/wp-content\/uploads\/2019\/11\/Technical-data-300x200.jpg 300w, https:\/\/factory.sale\/wp-content\/uploads\/2019\/11\/Technical-data-1024x682.jpg 1024w, https:\/\/factory.sale\/wp-content\/uploads\/2019\/11\/Technical-data-600x399.jpg 600w\" sizes=\"auto, (max-width: 1190px) 100vw, 1190px\" \/><\/p>\n","protected":false},"excerpt":{"rendered":"<p>JUSTYR FASADA M\u00dc\u00dcDUD paisutatud pol\u00fcst\u00fcreenplaadid, mida kasutatakse madala mehaanilise koormusega kohtades<\/p>\n<h4>Rakendus<\/h4>\n<ul>\n<li><span style=\"font-weight: 400;\">v\u00e4line soojusisolatsioon, mida teostatakse&#8221; light wet &#8221; (BSO) meetodil<br \/>\n<\/span><\/li>\n<li><span style=\"font-weight: 400;\">puidust lagede isolatsioon<br \/>\n<\/span><\/li>\n<li><span style=\"font-weight: 400;\">m\u00fc\u00fcritise seinte kihtide isolatsioon<br \/>\n<\/span><\/li>\n<li><span style=\"font-weight: 400;\">aknakatete soojusisolatsioon<br \/>\n<\/span><\/li>\n<li><span style=\"font-weight: 400;\">taandr\u00f5du soojustamine<br \/>\n<\/span><\/li>\n<li><span style=\"font-weight: 400;\">raami seinte soojusisolatsioon<br \/>\n<\/span><\/li>\n<li><span style=\"font-weight: 400;\">paisumisvuukide t\u00e4itmine<br \/>\n<\/span><\/li>\n<li><span style=\"font-weight: 400;\">Soojusisolatsioon suletud kolmekihilise seina pilus<\/span><\/li>\n<\/ul>\n","protected":false},"featured_media":1317,"comment_status":"open","ping_status":"closed","template":"","meta":{"_acf_changed":false},"factory":[],"free-shipment":[],"product_brand":[],"product_cat":[181,180],"product_tag":[],"class_list":{"0":"post-1316","1":"product","2":"type-product","3":"status-publish","4":"has-post-thumbnail","6":"product_cat-eps","7":"product_cat-isolatsioon","9":"first","10":"instock","11":"sale","12":"taxable","13":"shipping-taxable","14":"purchasable","15":"product-type-simple"},"acf":[],"_links":{"self":[{"href":"https:\/\/factory.sale\/et\/wp-json\/wp\/v2\/product\/1316","targetHints":{"allow":["GET"]}}],"collection":[{"href":"https:\/\/factory.sale\/et\/wp-json\/wp\/v2\/product"}],"about":[{"href":"https:\/\/factory.sale\/et\/wp-json\/wp\/v2\/types\/product"}],"replies":[{"embeddable":true,"href":"https:\/\/factory.sale\/et\/wp-json\/wp\/v2\/comments?post=1316"}],"wp:featuredmedia":[{"embeddable":true,"href":"https:\/\/factory.sale\/et\/wp-json\/wp\/v2\/media\/1317"}],"wp:attachment":[{"href":"https:\/\/factory.sale\/et\/wp-json\/wp\/v2\/media?parent=1316"}],"wp:term":[{"taxonomy":"factory","embeddable":true,"href":"https:\/\/factory.sale\/et\/wp-json\/wp\/v2\/factory?post=1316"},{"taxonomy":"free-shipment","embeddable":true,"href":"https:\/\/factory.sale\/et\/wp-json\/wp\/v2\/free-shipment?post=1316"},{"taxonomy":"product_brand","embeddable":true,"href":"https:\/\/factory.sale\/et\/wp-json\/wp\/v2\/product_brand?post=1316"},{"taxonomy":"product_cat","embeddable":true,"href":"https:\/\/factory.sale\/et\/wp-json\/wp\/v2\/product_cat?post=1316"},{"taxonomy":"product_tag","embeddable":true,"href":"https:\/\/factory.sale\/et\/wp-json\/wp\/v2\/product_tag?post=1316"}],"curies":[{"name":"wp","href":"https:\/\/api.w.org\/{rel}","templated":true}]}}