{"id":1313,"date":"2019-11-02T11:23:46","date_gmt":"2019-11-02T11:23:46","guid":{"rendered":"https:\/\/factory.sale\/product\/izovat-40-izovat-45\/"},"modified":"2024-06-27T16:07:11","modified_gmt":"2024-06-27T16:07:11","slug":"izovat-40-izovat-45","status":"publish","type":"product","link":"https:\/\/factory.sale\/et\/toode\/izovat-40-izovat-45\/","title":{"rendered":"IZOVAT VILLA ISOLATSIOON"},"content":{"rendered":"<p><span style=\"font-weight: 400;\">Raamkonstruktsioonide heliisolatsioon ja soojusisolatsioon, kui isolatsiooniplaadil puudub v\u00e4line m\u00f5ju. Izovati lauad paigaldatakse raami elementide vahele. Efektiivse helikindluse teostamine Izovati soojusisolatsiooniplaatide abil on parim lahendus vaheseinte jaoks.<\/span><\/p>\n<p>Mark (t\u00fc\u00fcpi) isolatsioonmaterjali v\u00f5etakse:<\/p>\n<p>\u0430)\u00a0<span style=\"font-weight: 400;\">s\u00f5ltuvalt konstruktsioonidest, milles seda rakendatakse (katus, seinad, p\u00f5randad ja laed)<\/span>;<\/p>\n<p>b)<span style=\"font-weight: 400;\">\u00a0s\u00f5ltuvalt koormustest, tegutsedes nendes struktuurides ja tuvastades tugevusarvutusi;<\/span><\/p>\n<p>c) isolatsiooni paksus peab vastama piirkonna normatiivdokumentide n\u00f5uetele. M\u00e4\u00e4ratakse tugevusarvutuste abil.<\/p>\n<p><span style=\"font-weight: 400;\">Hoone\u00fcmbrised peavad vastama<\/span>:<\/p>\n<ul>\n<li>\u00a0soojus\u00fclekande takistusele<\/li>\n<li>\u00f5hu l\u00e4bilaskvusele<\/li>\n<li>kuumakindlusele<\/li>\n<li><span style=\"font-weight: 400;\">temperatuuri &#8211; niiskuse re\u017eiimile (niiskuse kogunemine ja kondenseerumine puudub)<\/span><\/li>\n<\/ul>\n<p><span style=\"font-weight: 400;\">Enne isolatsiooni paigaldamise alustamist tuleb l\u00f5pule viia j\u00e4rgmine<\/span>:<\/p>\n<ul>\n<li>k\u00f5ik hoone paigaldamise ja m\u00fc\u00fcriladumise t\u00f6\u00f6d;<\/li>\n<li>akende ja uste paigaldamine, ristmike tihendamine hoone v\u00e4lisseinte k\u00fclge;<\/li>\n<li>terrasside ja r\u00f5dude veekindlus;<\/li>\n<\/ul>\n<p>&nbsp;<\/p>\n<p>Enne isolatsioonimaterjalide paigaldamist tuleks kontrollida hoone v\u00e4lispiirete tehnilisi tingimusi. Hoonekonstruktsioonide pind tuleks puhastada ja tasandada, vajadusel paigaldada aurut\u00f5ke. M\u00e4rkige isolatsiooniplaatide paigalduskohad paelte abil, veetase peaks olema jooksev. Soojusisolatsioon tuleks asetada hoonete v\u00e4lisseintele.\u00a0Iga j\u00e4rgneva kihi p\u00f5ik\u00fchendused peaksid olema eelnevalt moodustatud kihi suhtes 0,3\u20130,5 plaadi pikkusest kiired. Lauad tuleks tihedalt \u00fcksteise k\u00fclge suruda &#8211; vahed pole vastuv\u00f5etavad. Paigaldatud isolatsiooniplaate tuleb kaitsta niiskuse eest (maapinnale sattumine v\u00f5i \u00f5huniiskus).<\/p>\n","protected":false},"excerpt":{"rendered":"<p><span style=\"font-weight: 400;\">Raamkonstruktsioonide heliisolatsioon ja soojusisolatsioon, kui isolatsiooniplaadil puudub v\u00e4line m\u00f5ju. Izovati lauad paigaldatakse raami elementide vahele. Efektiivse helikindluse teostamine Izovati soojusisolatsiooniplaatide abil on parim lahendus vaheseinte jaoks.<\/span><\/p>\n","protected":false},"featured_media":1315,"comment_status":"open","ping_status":"closed","template":"","meta":{"_acf_changed":false},"factory":[],"free-shipment":[],"product_brand":[],"product_cat":[180,185],"product_tag":[152],"class_list":{"0":"post-1313","1":"product","2":"type-product","3":"status-publish","4":"has-post-thumbnail","6":"product_cat-isolatsioon","7":"product_cat-vill","8":"product_tag-wool-et-2","10":"first","11":"instock","12":"sale","13":"taxable","14":"shipping-taxable","15":"purchasable","16":"product-type-simple"},"acf":[],"_links":{"self":[{"href":"https:\/\/factory.sale\/et\/wp-json\/wp\/v2\/product\/1313","targetHints":{"allow":["GET"]}}],"collection":[{"href":"https:\/\/factory.sale\/et\/wp-json\/wp\/v2\/product"}],"about":[{"href":"https:\/\/factory.sale\/et\/wp-json\/wp\/v2\/types\/product"}],"replies":[{"embeddable":true,"href":"https:\/\/factory.sale\/et\/wp-json\/wp\/v2\/comments?post=1313"}],"wp:featuredmedia":[{"embeddable":true,"href":"https:\/\/factory.sale\/et\/wp-json\/wp\/v2\/media\/1315"}],"wp:attachment":[{"href":"https:\/\/factory.sale\/et\/wp-json\/wp\/v2\/media?parent=1313"}],"wp:term":[{"taxonomy":"factory","embeddable":true,"href":"https:\/\/factory.sale\/et\/wp-json\/wp\/v2\/factory?post=1313"},{"taxonomy":"free-shipment","embeddable":true,"href":"https:\/\/factory.sale\/et\/wp-json\/wp\/v2\/free-shipment?post=1313"},{"taxonomy":"product_brand","embeddable":true,"href":"https:\/\/factory.sale\/et\/wp-json\/wp\/v2\/product_brand?post=1313"},{"taxonomy":"product_cat","embeddable":true,"href":"https:\/\/factory.sale\/et\/wp-json\/wp\/v2\/product_cat?post=1313"},{"taxonomy":"product_tag","embeddable":true,"href":"https:\/\/factory.sale\/et\/wp-json\/wp\/v2\/product_tag?post=1313"}],"curies":[{"name":"wp","href":"https:\/\/api.w.org\/{rel}","templated":true}]}}