{"id":13119,"date":"2022-09-13T18:20:36","date_gmt":"2022-09-13T18:23:20","guid":{"rendered":"https:\/\/factory.sale\/?post_type=product&#038;p=13119"},"modified":"2024-06-25T19:58:10","modified_gmt":"2024-06-25T19:58:10","slug":"simplefire-simplebox-400","status":"publish","type":"product","link":"https:\/\/factory.sale\/et\/toode\/simplefire-simplebox-400\/","title":{"rendered":"SIMPLEfire Simplebox 400"},"content":{"rendered":"<div>Biop\u00f5leti SIMPLEfire Simplebox 400 kasutab p\u00f5lemiseks \u00f6koloogiliselt puhast bioetanooli ja pakub tule maagiat ilma suitsuta, ilma gaasita, l\u00f5hnatult ja ohutult.<\/div>\n<div><\/div>\n<div>See vabaltseisev biop\u00f5leti sobib ideaalselt igasse interj\u00f6\u00f6ri kuna see ei vaja korstna\u00fchendust ega spetsiaalset ventilatsioonis\u00fcsteemi. T\u00e4nu oma kompaktsele suurusele saab antud biop\u00f5leti paigutada peaaegu k\u00f5ikjale ja seda on lihtne t\u00f5sta \u00fchest kohast teise. Sobib suurep\u00e4raselt ka tavalise kamina sisse v\u00f5i lauale. Bioetanool p\u00f5leb puhtalt (ei l\u00f5hna, ei suitse, ei tahma) ja on usaldusv\u00e4\u00e4rne ning ohutu.<\/div>\n<div><\/div>\n<div>Biop\u00f5leti kasutamine on \u00e4\u00e4retult lihtne, vala lihtsalt bioetanool anumasse, s\u00fc\u00fcta see ja saadki koheselt nautida elavat tuld ja sellega kaasnevat soojust. Selle k\u00fcttev\u00f5imsus on umbes 2kW ja 100% soojusest eraldub ruumi. \u00dcks liiter bioetanooli v\u00f5imaldab nautida tuld ja soojust 1,5-2 tundi.<\/div>\n<div><\/div>\n<div><\/div>\n<div><strong>Toote informatsioon:<\/strong><\/div>\n<ul>\n<li>Kaal: 10 kg<\/li>\n<li>K\u00f5rgus:\u00a08 cm<\/li>\n<li>Laius:\u00a040 cm<\/li>\n<li>S\u00fcgavus:\u00a020 cm<\/li>\n<li>Paigaldamine:\u00a0Lauale, Vabaltseisev<\/li>\n<li>P\u00f5lemisaeg:\u00a01,5-2 tundi<\/li>\n<\/ul>\n<p>&nbsp;<\/p>\n<p>&nbsp;<\/p>\n<p>&nbsp;<\/p>\n<p><a href=\"https:\/\/factory.sale\/wp-content\/uploads\/2022\/09\/400PL-1.pdf\">SIMPLEfire Simplebox 400PL<\/a><\/p>\n","protected":false},"excerpt":{"rendered":"<p>Biop\u00f5leti SIMPLEfire Simplebox 400 kasutab p\u00f5lemiseks \u00f6koloogiliselt puhast bioetanooli ja pakub tule maagiat ilma suitsuta, ilma gaasita, l\u00f5hnatult ja ohutult.<\/p>\n","protected":false},"featured_media":13108,"comment_status":"open","ping_status":"closed","template":"","meta":{"_acf_changed":false},"factory":[],"free-shipment":[],"product_brand":[],"product_cat":[1253,2628],"product_tag":[],"class_list":{"0":"post-13119","1":"product","2":"type-product","3":"status-publish","4":"has-post-thumbnail","6":"product_cat-bio-kaminad","7":"product_cat-simplefire-et","9":"first","10":"instock","11":"sale","12":"taxable","13":"shipping-taxable","14":"purchasable","15":"product-type-simple"},"acf":[],"_links":{"self":[{"href":"https:\/\/factory.sale\/et\/wp-json\/wp\/v2\/product\/13119","targetHints":{"allow":["GET"]}}],"collection":[{"href":"https:\/\/factory.sale\/et\/wp-json\/wp\/v2\/product"}],"about":[{"href":"https:\/\/factory.sale\/et\/wp-json\/wp\/v2\/types\/product"}],"replies":[{"embeddable":true,"href":"https:\/\/factory.sale\/et\/wp-json\/wp\/v2\/comments?post=13119"}],"wp:featuredmedia":[{"embeddable":true,"href":"https:\/\/factory.sale\/et\/wp-json\/wp\/v2\/media\/13108"}],"wp:attachment":[{"href":"https:\/\/factory.sale\/et\/wp-json\/wp\/v2\/media?parent=13119"}],"wp:term":[{"taxonomy":"factory","embeddable":true,"href":"https:\/\/factory.sale\/et\/wp-json\/wp\/v2\/factory?post=13119"},{"taxonomy":"free-shipment","embeddable":true,"href":"https:\/\/factory.sale\/et\/wp-json\/wp\/v2\/free-shipment?post=13119"},{"taxonomy":"product_brand","embeddable":true,"href":"https:\/\/factory.sale\/et\/wp-json\/wp\/v2\/product_brand?post=13119"},{"taxonomy":"product_cat","embeddable":true,"href":"https:\/\/factory.sale\/et\/wp-json\/wp\/v2\/product_cat?post=13119"},{"taxonomy":"product_tag","embeddable":true,"href":"https:\/\/factory.sale\/et\/wp-json\/wp\/v2\/product_tag?post=13119"}],"curies":[{"name":"wp","href":"https:\/\/api.w.org\/{rel}","templated":true}]}}