{"id":1311,"date":"2019-11-02T11:46:47","date_gmt":"2019-11-02T11:46:47","guid":{"rendered":"https:\/\/factory.sale\/product\/areco-tp-128-high-profile\/"},"modified":"2024-06-28T13:27:56","modified_gmt":"2024-06-28T13:27:56","slug":"areco-tp-128-high-profile","status":"publish","type":"product","link":"https:\/\/factory.sale\/et\/toode\/areco-tp-128-high-profile\/","title":{"rendered":"Areco TP 128 K\u00f5rge Profiil"},"content":{"rendered":"<ul>\n<li><span style=\"font-weight: 400;\">Tp128 on t\u00e4nap\u00e4eval katusekonstruktsiooni standardelement ja seda saab kasutada enamiku kandvate katusekonstruktsioonide t\u00fc\u00fcpide jaoks.<br \/>\n<\/span><\/li>\n<li><span lang=\"et\">Profiili saab kasutada koos isolatsiooniga ja ka v\u00e4lise plekk-katusega<\/span>.<\/li>\n<li>Isetugestatud kuni 10 m.<\/li>\n<li>Sellel on ujuvuse suhtes k\u00f5rge katte laius, mis annab hea \u00fcldise \u00f6konoomsuse.<\/li>\n<li><span style=\"font-weight: 400;\">Air corp 128 on saadaval kas Aluzinc v\u00f5i kerge interj\u00f6\u00f6ri pol\u00fcester.<br \/>\n<\/span><\/li>\n<li>Pakume ka profiili musta v\u00e4listingimustes pol\u00fcestrist, kui see toimib v\u00e4lise katusena.<\/li>\n<li>TP128 on saadaval isegi perforatsiooniga, kus on vaja m\u00fcra v\u00e4henda.<\/li>\n<li>Profiilil on v\u00e4ike kaal, mis muudab paigaldamise lihtsaks.<\/li>\n<\/ul>\n<p>&nbsp;<\/p>\n<table border=\"0\" width=\"100%\">\n<tbody>\n<tr>\n<td bgcolor=\"#f1f1f1\" width=\"30%\"><b>Paksus<\/b><\/td>\n<td bgcolor=\"#f1f1f1\" width=\"70%\">0,70 &#8211; 1,50 mm<\/td>\n<\/tr>\n<tr>\n<td width=\"30%\"><b>Kaal<\/b><\/td>\n<td width=\"70%\">ca 8,5 &#8211; 15 kg\/m2<\/td>\n<\/tr>\n<tr>\n<td bgcolor=\"#f1f1f1\" width=\"30%\"><b>Pikkus<\/b><\/td>\n<td bgcolor=\"#f1f1f1\" width=\"70%\">400 &#8211; 18 000 mm<\/td>\n<\/tr>\n<tr>\n<td width=\"30%\"><strong>Katte\u00a0Laius<\/strong><\/td>\n<td width=\"70%\">930 mm<\/td>\n<\/tr>\n<tr>\n<td width=\"30%\"><strong>Kruvide kogus\/m2<\/strong><\/td>\n<td width=\"70%\">7 st 35 mm isekruvitavad kruvid<\/td>\n<\/tr>\n<tr>\n<td width=\"30%\"><\/td>\n<td width=\"70%\">2 st 23 mm kattekruvid<\/td>\n<\/tr>\n<tr>\n<td bgcolor=\"#f1f1f1\" width=\"30%\"><strong>Valikuline<\/strong><\/td>\n<td bgcolor=\"#f1f1f1\" width=\"70%\">Perforatsioon<\/td>\n<\/tr>\n<\/tbody>\n<\/table>\n<h4>Saadaval olevad v\u00e4rvid<\/h4>\n<p><img loading=\"lazy\" decoding=\"async\" class=\"alignnone size-full wp-image-481\" src=\"https:\/\/factory.sale\/wp-content\/uploads\/2019\/11\/Colors.png\" alt=\"\" width=\"931\" height=\"804\" srcset=\"https:\/\/factory.sale\/wp-content\/uploads\/2019\/11\/Colors.png 931w, https:\/\/factory.sale\/wp-content\/uploads\/2019\/11\/Colors-150x130.png 150w, https:\/\/factory.sale\/wp-content\/uploads\/2019\/11\/Colors-300x259.png 300w, https:\/\/factory.sale\/wp-content\/uploads\/2019\/11\/Colors-600x518.png 600w\" sizes=\"auto, (max-width: 931px) 100vw, 931px\" \/><\/p>\n","protected":false},"excerpt":{"rendered":"<p><span lang=\"et\">TP128 on t\u00e4nap\u00e4eval katusekujunduse standardne element ja seda saab kasutada enamiku t\u00fc\u00fcpi kandvate katusekonstruktsioonide jaoks. Profiili saab kasutada koos isolatsiooniga ja ka v\u00e4lise plekk-katusega. Isetugestatud kuni 10 m. Sellel on k\u00f5rge kattelaius ujuvuse suhtes, mis annab hea \u00fcldise \u00f6konoomsuse. Areco TP128 on saadaval kas alumiinium-tsingist v\u00f5i heledast pol\u00fcestrist. Pakume profiili ka mustast v\u00e4lispol\u00fcestrist, kus see toimib v\u00e4lise katusena. TP128 on saadaval isegi perforatsiooniga, seal kus on vaja m\u00fcra v\u00e4hendada. Profiilil on v\u00e4ike kaal, mis muudab paigaldamise lihtsaks.<\/span><\/p>\n<p>Miinimumkogus 300 m2.<\/p>\n","protected":false},"featured_media":1312,"comment_status":"open","ping_status":"closed","template":"","meta":{"_acf_changed":false},"factory":[],"free-shipment":[],"product_brand":[],"product_cat":[188,189],"product_tag":[160],"class_list":{"0":"post-1311","1":"product","2":"type-product","3":"status-publish","4":"has-post-thumbnail","6":"product_cat-profiil","7":"product_cat-katuse-profiilid","8":"product_tag-metal-profile-et-2","10":"first","11":"instock","12":"sale","13":"taxable","14":"shipping-taxable","15":"purchasable","16":"product-type-simple"},"acf":[],"_links":{"self":[{"href":"https:\/\/factory.sale\/et\/wp-json\/wp\/v2\/product\/1311","targetHints":{"allow":["GET"]}}],"collection":[{"href":"https:\/\/factory.sale\/et\/wp-json\/wp\/v2\/product"}],"about":[{"href":"https:\/\/factory.sale\/et\/wp-json\/wp\/v2\/types\/product"}],"replies":[{"embeddable":true,"href":"https:\/\/factory.sale\/et\/wp-json\/wp\/v2\/comments?post=1311"}],"wp:featuredmedia":[{"embeddable":true,"href":"https:\/\/factory.sale\/et\/wp-json\/wp\/v2\/media\/1312"}],"wp:attachment":[{"href":"https:\/\/factory.sale\/et\/wp-json\/wp\/v2\/media?parent=1311"}],"wp:term":[{"taxonomy":"factory","embeddable":true,"href":"https:\/\/factory.sale\/et\/wp-json\/wp\/v2\/factory?post=1311"},{"taxonomy":"free-shipment","embeddable":true,"href":"https:\/\/factory.sale\/et\/wp-json\/wp\/v2\/free-shipment?post=1311"},{"taxonomy":"product_brand","embeddable":true,"href":"https:\/\/factory.sale\/et\/wp-json\/wp\/v2\/product_brand?post=1311"},{"taxonomy":"product_cat","embeddable":true,"href":"https:\/\/factory.sale\/et\/wp-json\/wp\/v2\/product_cat?post=1311"},{"taxonomy":"product_tag","embeddable":true,"href":"https:\/\/factory.sale\/et\/wp-json\/wp\/v2\/product_tag?post=1311"}],"curies":[{"name":"wp","href":"https:\/\/api.w.org\/{rel}","templated":true}]}}