{"id":1307,"date":"2019-11-02T12:14:57","date_gmt":"2019-11-02T12:14:57","guid":{"rendered":"https:\/\/factory.sale\/product\/areco-tp45-roof\/"},"modified":"2024-06-26T14:31:50","modified_gmt":"2024-06-26T14:31:50","slug":"areco-tp45-roof","status":"publish","type":"product","link":"https:\/\/factory.sale\/et\/toode\/areco-tp45-roof\/","title":{"rendered":"Areco TP45 Katus"},"content":{"rendered":"<ul>\n<li><span style=\"font-weight: 400;\">Areco TP45 on traditsiooniline profiil, mida kasutatakse laohoonetes.<br \/>\n<\/span><\/li>\n<li>See \u00fchendab laia kattevaliku suure kandev\u00f5imega.<\/li>\n<li>Selle profiili \u00fclesehituse t\u00f5ttu on v\u00f5imalik juba 0,5 mm plaadi paksusega saavutada 2 m \u00fchenduskauguse.<\/li>\n<li>Meie tootmisettev\u00f5ttes saame plaati toota Arcondi kondensatsioonivastase kattega.<\/li>\n<li>Areco TP45 saab toota pikkusega kuni 11,5 m.<\/li>\n<\/ul>\n<p>&nbsp;<\/p>\n<table border=\"0\" width=\"100%\">\n<tbody>\n<tr>\n<td bgcolor=\"#f1f1f1\" width=\"30%\"><b>Paksus<\/b><\/td>\n<td bgcolor=\"#f1f1f1\" width=\"70%\">0,50 &#8211; 0,65 mm<\/td>\n<\/tr>\n<tr>\n<td width=\"30%\"><b>Kaal<\/b><\/td>\n<td width=\"70%\">ca 4,5 &#8211; 7,0 kg\/m2<\/td>\n<\/tr>\n<tr>\n<td bgcolor=\"#f1f1f1\" width=\"30%\"><b>Pikkus<\/b><\/td>\n<td bgcolor=\"#f1f1f1\" width=\"70%\">400 &#8211; 11 500 mm<\/td>\n<\/tr>\n<tr>\n<td width=\"30%\"><strong>Kattelaius<\/strong><\/td>\n<td width=\"70%\">900 mm<\/td>\n<\/tr>\n<tr>\n<td bgcolor=\"#f1f1f1\" width=\"30%\"><strong>Kruvide kogus\/m2<\/strong><\/td>\n<td bgcolor=\"#f1f1f1\" width=\"70%\">5 pcs 35 mm isekruvitavad kruvid<\/td>\n<\/tr>\n<tr>\n<td width=\"30%\"><\/td>\n<td width=\"70%\">2 pcs 23 mm kattekruvid<\/td>\n<\/tr>\n<tr>\n<td bgcolor=\"#f1f1f1\" width=\"30%\"><strong>Valikuline<\/strong><\/td>\n<td bgcolor=\"#f1f1f1\" width=\"70%\">Arcond kontsentraadi kaitse<\/td>\n<\/tr>\n<\/tbody>\n<\/table>\n<p><img loading=\"lazy\" decoding=\"async\" class=\"alignnone size-full wp-image-481\" src=\"https:\/\/factory.sale\/wp-content\/uploads\/2019\/11\/Colors.png\" alt=\"\" width=\"931\" height=\"804\" srcset=\"https:\/\/factory.sale\/wp-content\/uploads\/2019\/11\/Colors.png 931w, https:\/\/factory.sale\/wp-content\/uploads\/2019\/11\/Colors-150x130.png 150w, https:\/\/factory.sale\/wp-content\/uploads\/2019\/11\/Colors-300x259.png 300w, https:\/\/factory.sale\/wp-content\/uploads\/2019\/11\/Colors-600x518.png 600w\" sizes=\"auto, (max-width: 931px) 100vw, 931px\" \/><\/p>\n","protected":false},"excerpt":{"rendered":"<p><span style=\"font-weight: 400;\">Areco TP45 on traditsiooniline profiil, mida kasutatakse laohoonetes.<br \/>\n<\/span><\/p>\n<p>See \u00fchendab laia kattevaliku suure kandev\u00f5imega.<\/p>\n<p>Selle profiili \u00fclesehituse t\u00f5ttu on v\u00f5imalik juba 0,5 mm plaadi paksusega saavutada 2 m \u00fchenduskauguse.<\/p>\n<p>Meie tootmisettev\u00f5ttes saame plaati toota Arcondi kondensatsioonivastase kattega.<\/p>\n<p>Areco TP45 saab toota pikkusega kuni 11,5 m.<\/p>\n<p>Miinimumkogus 300 m2.<\/p>\n","protected":false},"featured_media":1308,"comment_status":"open","ping_status":"closed","template":"","meta":{"_acf_changed":false},"factory":[],"free-shipment":[],"product_brand":[],"product_cat":[188,189],"product_tag":[160],"class_list":{"0":"post-1307","1":"product","2":"type-product","3":"status-publish","4":"has-post-thumbnail","6":"product_cat-profiil","7":"product_cat-katuse-profiilid","8":"product_tag-metal-profile-et-2","10":"first","11":"instock","12":"sale","13":"taxable","14":"shipping-taxable","15":"purchasable","16":"product-type-simple"},"acf":[],"_links":{"self":[{"href":"https:\/\/factory.sale\/et\/wp-json\/wp\/v2\/product\/1307","targetHints":{"allow":["GET"]}}],"collection":[{"href":"https:\/\/factory.sale\/et\/wp-json\/wp\/v2\/product"}],"about":[{"href":"https:\/\/factory.sale\/et\/wp-json\/wp\/v2\/types\/product"}],"replies":[{"embeddable":true,"href":"https:\/\/factory.sale\/et\/wp-json\/wp\/v2\/comments?post=1307"}],"wp:featuredmedia":[{"embeddable":true,"href":"https:\/\/factory.sale\/et\/wp-json\/wp\/v2\/media\/1308"}],"wp:attachment":[{"href":"https:\/\/factory.sale\/et\/wp-json\/wp\/v2\/media?parent=1307"}],"wp:term":[{"taxonomy":"factory","embeddable":true,"href":"https:\/\/factory.sale\/et\/wp-json\/wp\/v2\/factory?post=1307"},{"taxonomy":"free-shipment","embeddable":true,"href":"https:\/\/factory.sale\/et\/wp-json\/wp\/v2\/free-shipment?post=1307"},{"taxonomy":"product_brand","embeddable":true,"href":"https:\/\/factory.sale\/et\/wp-json\/wp\/v2\/product_brand?post=1307"},{"taxonomy":"product_cat","embeddable":true,"href":"https:\/\/factory.sale\/et\/wp-json\/wp\/v2\/product_cat?post=1307"},{"taxonomy":"product_tag","embeddable":true,"href":"https:\/\/factory.sale\/et\/wp-json\/wp\/v2\/product_tag?post=1307"}],"curies":[{"name":"wp","href":"https:\/\/api.w.org\/{rel}","templated":true}]}}