{"id":1303,"date":"2019-11-07T16:34:46","date_gmt":"2019-11-07T16:34:46","guid":{"rendered":"https:\/\/factory.sale\/product\/styromat-system-of-heat-insulated-clinker-boards\/"},"modified":"2024-06-25T20:34:13","modified_gmt":"2024-06-25T20:34:13","slug":"styromat-system-of-heat-insulated-clinker-boards","status":"publish","type":"product","link":"https:\/\/factory.sale\/et\/toode\/styromat-system-of-heat-insulated-clinker-boards\/","title":{"rendered":"Styromat Soojusisolatsiooniga klinkerplaatide s\u00fcsteem"},"content":{"rendered":"<div class=\"row\">\n<div class=\"col-md-8\">\n<p><span style=\"font-weight: 400;\">Soojusisolatsiooni klinkerplaatide s\u00fcsteem \u00fchendab 126-aastase klinkritoodete tootjate traditsiooni ja uusimaid teadmised ehituskeemia valdkonnas. Uuenduslik tehnoloogia klinkerplaatide \u00fchendamiseks pol\u00fcst\u00fcreeniga ja valmis elementidega alusega on toonud kaasa s\u00fcsteemi loomise, mis ei n\u00f5ua \u00fchelgi tootmisetapil ega monteerimisel liimide v\u00f5i tsemendim\u00f6rtide kasutamist. Klinkerplaatides valmistatud nn &#8220;tuvisaba&#8221; v\u00f5imaldab vastupidavat ja usaldusv\u00e4\u00e4rset \u00fchendust suure tihedusega pol\u00fcst\u00fcreeni kihiga.<\/span><\/p>\n<\/div>\n<div class=\"col-md-4\">\n<p><img loading=\"lazy\" decoding=\"async\" class=\"\" src=\"https:\/\/styromat.com.pl\/images\/design\/mocowanie-plytki-250x188.jpg\" alt=\"mounting\" width=\"250\" height=\"188\" \/><\/p>\n<\/div>\n<\/div>\n<div class=\"row\">\n<div class=\"col-md-8\">\n<p><span style=\"font-weight: 400;\">Soojusisolatsiooniga klinkerplaatide paigaldamine toimub isolatsioonikihiga varjatud pol\u00fckarbonaadist <\/span><span style=\"font-weight: 400;\">varrukatesse <\/span><span style=\"font-weight: 400;\">paigutatud sertifitseeritud pistikute abil. K\u00f5ik s\u00fcsteemi elemendid \u00fchendavad \u00fcksteisega &#8220;j\u00e4rjehoidja&#8221;, mis takistab nn &#8220;termiliste sildade&#8221; moodustumist ja h\u00f5lbustab oluliselt t\u00f6\u00f6d. S\u00fcsteemi on nii lihtne paigaldada, et kvalifitseeritud <\/span><span style=\"font-weight: 400;\">DIYeril<\/span><span style=\"font-weight: 400;\">\u00a0ei ole probleem seda ise luua ja selles kasutatav k\u00f5rgeima kvaliteediga klinker muudab selle mitmete aastate investeeringuks.<\/span><\/p>\n<\/div>\n<div class=\"col-md-4\">\n<p><img loading=\"lazy\" decoding=\"async\" class=\"\" src=\"https:\/\/styromat.com.pl\/images\/design\/laczenie-plytki-z-warstwa-izolacyjna-250x250.jpg\" alt=\"connection\" width=\"250\" height=\"250\" \/><\/p>\n<\/div>\n<\/div>\n<div class=\"row\">\n<div class=\"col-md-12\">\n<p><span style=\"font-weight: 400;\">Sellise laia fassaaditoodete valiku puhul on sageli \u00f5igustatud kanda suuremaid rahalisi kulutusi ja kasutada materjale, mis v\u00f5imaldavad hoone fassaadil s\u00e4ilitada sama kvliteeti.<\/span><\/p>\n<p><span style=\"font-weight: 400;\">Julgustame arhitekte ja disainereid koost\u00f6\u00f6d tegema.<\/span><\/p>\n<p><span style=\"font-weight: 400;\">Ettev\u00f5tte t\u00f6\u00f6tajad vastavad hea meelega k\u00f5ikidele k\u00fcsimustele.<\/span><\/p>\n<p><span style=\"font-weight: 400;\">Klinkerplaatidest ja krohvist valmistatud fassaadide kasutusomaduste v\u00f5rdlus.<\/span><\/p>\n<table class=\"table table-striped\" border=\"1px\" cellpadding=\"10\">\n<tbody>\n<tr>\n<td rowspan=\"2\"><b>Operatiivsed omadused<\/b><\/td>\n<td colspan=\"2\"><b>Materjali t\u00fc\u00fcp<\/b><\/td>\n<\/tr>\n<tr>\n<td><b>Klinkriplaat<\/b><\/td>\n<td><b>Krohv<\/b><\/td>\n<\/tr>\n<tr>\n<td><b>V\u00e4rvuskindlus<\/b><\/td>\n<td><span style=\"font-weight: 400;\">Vastupidav ja pleekimiskindel &#8211; kogu ulatuses. V\u00e4rvuse saamiseks kasutatakse erinevat t\u00fc\u00fcpi savi, mis p\u00f5leb looduslikult erivatesse v\u00e4rvidesse, lisamata v\u00e4rvaineid.<\/span><\/td>\n<td><span style=\"font-weight: 400;\">P\u00fcsiv ja pleekimiskindel &#8211; looduslik on ainult valge. Muud v\u00e4rvid saadakse v\u00e4rvipigmentide (nt raudoksiidi) lisamisega.<\/span><\/td>\n<\/tr>\n<tr>\n<td><b>Vastupidavus mustusele<\/b><\/td>\n<td><span style=\"font-weight: 400;\">Vastupidav &#8211; keraamiliste plaatide struktuur tagab t\u00e4ieliku pestavuse (plaatide imavus vahemikus 3-4,5%). Isegi grafiti saab klinkeri fassaadilt maha pesta.<\/span><\/td>\n<td><span style=\"font-weight: 400;\">Pole vastupidav v\u00f5i vaevalt vastupidav j\u00e4meduse ja poorse struktuuri t\u00f5ttu. Ainult silikoon -ja silikaatplaastritel on minimaalne mustusekindlus. M\u00e4\u00e4rdunud pind tuleks uuesti v\u00e4rvida.<\/span><\/td>\n<\/tr>\n<tr>\n<td><b>Vastupidavus mehhaanilistele kahjustustele<\/b><\/td>\n<td><span style=\"font-weight: 400;\">V\u00e4ga k\u00f5rge &#8211; kaitseb \u00fclej\u00e4\u00e4nud kihte v\u00e4liste tegurite eest.<\/span><\/td>\n<td><span style=\"font-weight: 400;\">Madal v\u00f5i puudub &#8211; \u00f5hukese kihi (1\u20133 mm) t\u00f5ttu mitte vastupidav.<\/span><\/td>\n<\/tr>\n<tr>\n<td><b>Tulekindlus<\/b><\/td>\n<td>Mittes\u00fcttiv.<\/td>\n<td>Mittes\u00fcttiv \/ Tuleohtlik &#8211; olenevalt t\u00fc\u00fcbist.<\/td>\n<\/tr>\n<tr>\n<td><b>N\u00f5rk vastupidavus hapetele<\/b><\/td>\n<td><span style=\"font-weight: 400;\">Vastupidav &#8211; p\u00e4rast p\u00f5letamist muutub savi reageerimatuks hapete (nt happevihmad) ja muude s\u00f6\u00f6vitavate ainete suhtes vastupidavaks.<\/span><\/td>\n<td><span style=\"font-weight: 400;\">Pole vastupidav &#8211; vastupidavuse saab p\u00e4rast krohvi katmist epoks\u00fcvaikudel p\u00f5hinevate ainetega.<\/span><\/td>\n<\/tr>\n<tr>\n<td><b>S\u00e4ilitamine, uuendamise vajalikkus, hoolduse lihtsus<\/b><\/td>\n<td>P\u00e4rast verve imbumist, ei vaja uuendamist.<\/td>\n<td>Vajalik \u00fcle v\u00e4rvida periooditi.<\/td>\n<\/tr>\n<\/tbody>\n<\/table>\n<\/div>\n<\/div>\n","protected":false},"excerpt":{"rendered":"<p><span style=\"font-weight: 400;\">Soojusisolatsiooni klinkerplaatide s\u00fcsteem \u00fchendab 126-aastase klinkritoodete tootjate traditsiooni ja uusimaid teadmised ehituskeemia valdkonnas. Uuenduslik tehnoloogia klinkerplaatide \u00fchendamiseks pol\u00fcst\u00fcreeniga ja valmis elementidega alusega on toonud kaasa s\u00fcsteemi loomise, mis ei n\u00f5ua \u00fchelgi tootmisetapil ega monteerimisel liimide v\u00f5i tsemendim\u00f6rtide kasutamist. Klinkerplaatides valmistatud nn &#8220;tuvisaba&#8221; v\u00f5imaldab vastupidavat ja usaldusv\u00e4\u00e4rset \u00fchendust suure tihedusega pol\u00fcst\u00fcreeni kihiga.<\/span><\/p>\n<p>&nbsp;<\/p>\n","protected":false},"featured_media":1304,"comment_status":"open","ping_status":"closed","template":"","meta":{"_acf_changed":false},"factory":[],"free-shipment":[],"product_brand":[],"product_cat":[710,174,175],"product_tag":[155],"class_list":{"0":"post-1303","1":"product","2":"type-product","3":"status-publish","4":"has-post-thumbnail","6":"product_cat-kobil","7":"product_cat-fassaad","8":"product_cat-klinker-fassaad","9":"product_tag-clinker-et-2","11":"first","12":"instock","13":"sale","14":"taxable","15":"shipping-taxable","16":"purchasable","17":"product-type-simple"},"acf":[],"_links":{"self":[{"href":"https:\/\/factory.sale\/et\/wp-json\/wp\/v2\/product\/1303","targetHints":{"allow":["GET"]}}],"collection":[{"href":"https:\/\/factory.sale\/et\/wp-json\/wp\/v2\/product"}],"about":[{"href":"https:\/\/factory.sale\/et\/wp-json\/wp\/v2\/types\/product"}],"replies":[{"embeddable":true,"href":"https:\/\/factory.sale\/et\/wp-json\/wp\/v2\/comments?post=1303"}],"wp:featuredmedia":[{"embeddable":true,"href":"https:\/\/factory.sale\/et\/wp-json\/wp\/v2\/media\/1304"}],"wp:attachment":[{"href":"https:\/\/factory.sale\/et\/wp-json\/wp\/v2\/media?parent=1303"}],"wp:term":[{"taxonomy":"factory","embeddable":true,"href":"https:\/\/factory.sale\/et\/wp-json\/wp\/v2\/factory?post=1303"},{"taxonomy":"free-shipment","embeddable":true,"href":"https:\/\/factory.sale\/et\/wp-json\/wp\/v2\/free-shipment?post=1303"},{"taxonomy":"product_brand","embeddable":true,"href":"https:\/\/factory.sale\/et\/wp-json\/wp\/v2\/product_brand?post=1303"},{"taxonomy":"product_cat","embeddable":true,"href":"https:\/\/factory.sale\/et\/wp-json\/wp\/v2\/product_cat?post=1303"},{"taxonomy":"product_tag","embeddable":true,"href":"https:\/\/factory.sale\/et\/wp-json\/wp\/v2\/product_tag?post=1303"}],"curies":[{"name":"wp","href":"https:\/\/api.w.org\/{rel}","templated":true}]}}