{"id":1300,"date":"2019-11-07T16:48:44","date_gmt":"2019-11-07T16:48:44","guid":{"rendered":"https:\/\/factory.sale\/product\/mat-system\/"},"modified":"2024-07-05T17:52:16","modified_gmt":"2024-07-05T17:52:16","slug":"mat-system","status":"publish","type":"product","link":"https:\/\/factory.sale\/et\/toode\/mat-system\/","title":{"rendered":"MAT s\u00fcsteem"},"content":{"rendered":"<div>\n<p><span style=\"font-weight: 400;\">Meie pakkumine sisaldab kergesti paigaldatavat Mat s\u00fcsteemi, mis on v\u00e4lja t\u00f6\u00f6tatud maapealsete k\u00fcttev\u00f5rkude t\u00f5husaks soojustamiseks. MAT S\u00dcSTEEM on torujuhtmete soojusisolatsioon, mis tuleneb spetsiaalsest j\u00e4igast pol\u00fcuretaanvahust, millel on optimaalsed parameetrid k\u00fctte, &#8211; jahutus -ja kliimaseadmete torustike, samuti k\u00fctteseadmete, n\u00e4iteks soojusvahetite, veesoojendite, filtrite ja liitmike soojustamiseks.<\/span><\/p>\n<\/div>\n<h4>Mat s\u00fcsteemi kohta<\/h4>\n<div>\n<p><span style=\"font-weight: 400;\">Kaasaegne MAT s\u00fcsteem torujuhtmeisolatsioon on ette n\u00e4htud torujuhtmete jaoks l\u00e4bim\u00f5\u00f5duga vahemikus DN25 kuni DN1000 paksusega vastavalt F14-B-02421: 2000. Torujuhtmete jaoks kasutatavad katted eristuvad spetsiaalse silindrilise kuju poolest ja lihtsustatud kokkupanekuks koosnevad need kahest poolest, mis on kaetud kaitsekattega.<\/span><\/p>\n<p><span style=\"font-weight: 400;\">Kaitsekatete t\u00fc\u00fcbid<\/span>:<\/p>\n<\/div>\n<ul>\n<li><span style=\"font-weight: 400;\">tsingitud terasleht,<br \/>\n<\/span><\/li>\n<li><span style=\"font-weight: 400;\">lakitud tsingitud terasleht (saadaval on erinevad v\u00e4rvid),<br \/>\n<\/span><\/li>\n<li><span style=\"font-weight: 400;\">alumiiniumleht,<br \/>\n<\/span><\/li>\n<li><span style=\"font-weight: 400;\">soojusisolatsiooniga katusekate,<br \/>\n<\/span><\/li>\n<li><span style=\"font-weight: 400;\">PVC foolium.<\/span><\/li>\n<\/ul>\n<p><img decoding=\"async\" src=\"http:\/\/www.mat-lodz.pl\/sites\/default\/files\/pliki\/zdjecie_system_mat.png\" alt=\"mat system\" \/><\/p>\n<h4><strong>Isolatsiooni omadused ja selle eelised:<\/strong><\/h4>\n<ul>\n<li><span style=\"font-weight: 400;\">isolatsiooni efektiivsus,<br \/>\n<\/span><\/li>\n<li><span style=\"font-weight: 400;\">madal \u03bb-tegur (&lt;0, 0263 W \/ mk 40 \u00b0 C juures),<br \/>\n<\/span><\/li>\n<li><span style=\"font-weight: 400;\">n\u00e4ivtihedus (40-60kg \/ m3),<br \/>\n<\/span><\/li>\n<li><span style=\"font-weight: 400;\">veeimavus<br \/>\n<\/span><\/li>\n<li><span style=\"font-weight: 400;\">v\u00e4ga v\u00e4ike (umbes 3%),<br \/>\n<\/span><\/li>\n<li><span style=\"font-weight: 400;\">keemiline vastupidavus<br \/>\n<\/span><\/li>\n<li><span style=\"font-weight: 400;\">v\u00e4ga hea (vastupidavus lahustitele),<br \/>\n<\/span><\/li>\n<li><span style=\"font-weight: 400;\">naftamaterjalid, lahjendatud happed ja alused, samuti m\u00e4danemine ja lagunemine),<br \/>\n<\/span><\/li>\n<li><span style=\"font-weight: 400;\">klassifikatsioon tuletundlikkuse valdkonnas-klass E vastavalt standardile PN-EN 13501-1 + a: 2010,<br \/>\n<\/span><\/li>\n<li><span style=\"font-weight: 400;\">orgaaniline,<br \/>\n<\/span><\/li>\n<li><span style=\"font-weight: 400;\">keemiliselt ja bioloogiliselt inertsed,<br \/>\n<\/span><\/li>\n<li><span style=\"font-weight: 400;\">lihtne kokkupanek,<br \/>\n<\/span><\/li>\n<li><span style=\"font-weight: 400;\">v\u00e4ga hea, vastupidavus-garantii 5 aastat<\/span><\/li>\n<\/ul>\n<h4><strong>Kasutuspiirangud:<\/strong><\/h4>\n<ul>\n<li>alates -40 \u00b0 C kuni + 140 \u00b0 C.<\/li>\n<\/ul>\n","protected":false},"excerpt":{"rendered":"<p><span style=\"font-weight: 400;\">Meie pakkumine sisaldab kergesti paigaldatavat Mat s\u00fcsteemi, mis on v\u00e4lja t\u00f6\u00f6tatud maapealsete k\u00fcttev\u00f5rkude t\u00f5husaks soojustamiseks. MAT S\u00dcSTEEM on torujuhtmete soojusisolatsioon, mis tuleneb spetsiaalsest j\u00e4igast pol\u00fcuretaanvahust, millel on optimaalsed parameetrid k\u00fctte, &#8211; jahutus -ja kliimaseadmete torustike, samuti k\u00fctteseadmete, n\u00e4iteks soojusvahetite, veesoojendite, filtrite ja liitmike soojustamiseks.<\/span><\/p>\n","protected":false},"featured_media":1302,"comment_status":"open","ping_status":"closed","template":"","meta":{"_acf_changed":false},"factory":[],"free-shipment":[],"product_brand":[],"product_cat":[180,184],"product_tag":[149],"class_list":{"0":"post-1300","1":"product","2":"type-product","3":"status-publish","4":"has-post-thumbnail","6":"product_cat-isolatsioon","7":"product_cat-termiline-isolatsioon","8":"product_tag-thermal-et-2","10":"first","11":"instock","12":"sale","13":"taxable","14":"shipping-taxable","15":"purchasable","16":"product-type-simple"},"acf":[],"_links":{"self":[{"href":"https:\/\/factory.sale\/et\/wp-json\/wp\/v2\/product\/1300","targetHints":{"allow":["GET"]}}],"collection":[{"href":"https:\/\/factory.sale\/et\/wp-json\/wp\/v2\/product"}],"about":[{"href":"https:\/\/factory.sale\/et\/wp-json\/wp\/v2\/types\/product"}],"replies":[{"embeddable":true,"href":"https:\/\/factory.sale\/et\/wp-json\/wp\/v2\/comments?post=1300"}],"wp:featuredmedia":[{"embeddable":true,"href":"https:\/\/factory.sale\/et\/wp-json\/wp\/v2\/media\/1302"}],"wp:attachment":[{"href":"https:\/\/factory.sale\/et\/wp-json\/wp\/v2\/media?parent=1300"}],"wp:term":[{"taxonomy":"factory","embeddable":true,"href":"https:\/\/factory.sale\/et\/wp-json\/wp\/v2\/factory?post=1300"},{"taxonomy":"free-shipment","embeddable":true,"href":"https:\/\/factory.sale\/et\/wp-json\/wp\/v2\/free-shipment?post=1300"},{"taxonomy":"product_brand","embeddable":true,"href":"https:\/\/factory.sale\/et\/wp-json\/wp\/v2\/product_brand?post=1300"},{"taxonomy":"product_cat","embeddable":true,"href":"https:\/\/factory.sale\/et\/wp-json\/wp\/v2\/product_cat?post=1300"},{"taxonomy":"product_tag","embeddable":true,"href":"https:\/\/factory.sale\/et\/wp-json\/wp\/v2\/product_tag?post=1300"}],"curies":[{"name":"wp","href":"https:\/\/api.w.org\/{rel}","templated":true}]}}