{"id":1298,"date":"2019-11-07T16:57:43","date_gmt":"2019-11-07T16:57:43","guid":{"rendered":"https:\/\/factory.sale\/product\/mathermic-system\/"},"modified":"2024-06-25T20:53:05","modified_gmt":"2024-06-25T20:53:05","slug":"mathermic-system","status":"publish","type":"product","link":"https:\/\/factory.sale\/et\/toode\/mathermic-system\/","title":{"rendered":"Mathermic\u00ae s\u00fcsteem"},"content":{"rendered":"<div><span style=\"font-weight: 400;\">Me m\u00f5tleme p\u00f5hjalikult oma klientide vajaduste \u00fcle. Seet\u00f5ttu sisaldab meie pakkumine Mathermic\u00ae seina isolatsioonis\u00fcsteemi, mis kasutab j\u00e4igast pol\u00fcuretaanvahust valmistatud soojusisolatsiooniga s\u00fcdamikuga valmis mooduleid, milles klinkritaolised fassaadiplaadid on kinnitatud tellistesse. T\u00e4nu oma k\u00f5rgele esteetilisele tasemele sobib<\/span> <span style=\"font-weight: 400;\">\u00a0Mathermic\u00ae <\/span><span style=\"font-weight: 400;\">nii v\u00e4listingimustes kui ka siseruumides kasutamiseks.<\/span><\/div>\n<div><\/div>\n<div><\/div>\n<div><img loading=\"lazy\" decoding=\"async\" class=\"alignnone size-full wp-image-526\" src=\"https:\/\/factory.sale\/wp-content\/uploads\/2019\/11\/mathermic-clinker-system.jpg\" alt=\"\" width=\"1766\" height=\"933\" srcset=\"https:\/\/factory.sale\/wp-content\/uploads\/2019\/11\/mathermic-clinker-system.jpg 1766w, https:\/\/factory.sale\/wp-content\/uploads\/2019\/11\/mathermic-clinker-system-150x79.jpg 150w, https:\/\/factory.sale\/wp-content\/uploads\/2019\/11\/mathermic-clinker-system-300x158.jpg 300w, https:\/\/factory.sale\/wp-content\/uploads\/2019\/11\/mathermic-clinker-system-1024x541.jpg 1024w, https:\/\/factory.sale\/wp-content\/uploads\/2019\/11\/mathermic-clinker-system-600x317.jpg 600w\" sizes=\"auto, (max-width: 1766px) 100vw, 1766px\" \/><\/div>\n","protected":false},"excerpt":{"rendered":"<p><span style=\"font-weight: 400;\">Me m\u00f5tleme p\u00f5hjalikult oma klientide vajaduste \u00fcle. Seet\u00f5ttu sisaldab meie pakkumine Mathermic\u00ae seina isolatsioonis\u00fcsteemi, mis kasutab j\u00e4igast pol\u00fcuretaanvahust valmistatud soojusisolatsiooniga s\u00fcdamikuga valmis mooduleid, milles klinkritaolised fassaadiplaadid on kinnitatud tellistesse. T\u00e4nu oma k\u00f5rgele esteetilisele tasemele sobib<\/span> <span style=\"font-weight: 400;\">\u00a0Mathermic\u00ae <\/span><span style=\"font-weight: 400;\">nii v\u00e4listingimustes kui ka siseruumides kasutamiseks.<\/span><\/p>\n","protected":false},"featured_media":1299,"comment_status":"open","ping_status":"closed","template":"","meta":{"_acf_changed":false},"factory":[],"free-shipment":[],"product_brand":[],"product_cat":[174,175],"product_tag":[155],"class_list":{"0":"post-1298","1":"product","2":"type-product","3":"status-publish","4":"has-post-thumbnail","6":"product_cat-fassaad","7":"product_cat-klinker-fassaad","8":"product_tag-clinker-et-2","10":"first","11":"instock","12":"sale","13":"taxable","14":"shipping-taxable","15":"purchasable","16":"product-type-simple"},"acf":[],"_links":{"self":[{"href":"https:\/\/factory.sale\/et\/wp-json\/wp\/v2\/product\/1298","targetHints":{"allow":["GET"]}}],"collection":[{"href":"https:\/\/factory.sale\/et\/wp-json\/wp\/v2\/product"}],"about":[{"href":"https:\/\/factory.sale\/et\/wp-json\/wp\/v2\/types\/product"}],"replies":[{"embeddable":true,"href":"https:\/\/factory.sale\/et\/wp-json\/wp\/v2\/comments?post=1298"}],"wp:featuredmedia":[{"embeddable":true,"href":"https:\/\/factory.sale\/et\/wp-json\/wp\/v2\/media\/1299"}],"wp:attachment":[{"href":"https:\/\/factory.sale\/et\/wp-json\/wp\/v2\/media?parent=1298"}],"wp:term":[{"taxonomy":"factory","embeddable":true,"href":"https:\/\/factory.sale\/et\/wp-json\/wp\/v2\/factory?post=1298"},{"taxonomy":"free-shipment","embeddable":true,"href":"https:\/\/factory.sale\/et\/wp-json\/wp\/v2\/free-shipment?post=1298"},{"taxonomy":"product_brand","embeddable":true,"href":"https:\/\/factory.sale\/et\/wp-json\/wp\/v2\/product_brand?post=1298"},{"taxonomy":"product_cat","embeddable":true,"href":"https:\/\/factory.sale\/et\/wp-json\/wp\/v2\/product_cat?post=1298"},{"taxonomy":"product_tag","embeddable":true,"href":"https:\/\/factory.sale\/et\/wp-json\/wp\/v2\/product_tag?post=1298"}],"curies":[{"name":"wp","href":"https:\/\/api.w.org\/{rel}","templated":true}]}}