{"id":1296,"date":"2019-11-07T17:10:39","date_gmt":"2019-11-07T17:10:39","guid":{"rendered":"https:\/\/factory.sale\/product\/polyurethane-blocks-and-plates\/"},"modified":"2024-06-25T14:34:54","modified_gmt":"2024-06-25T14:34:54","slug":"polyurethane-blocks-and-plates","status":"publish","type":"product","link":"https:\/\/factory.sale\/et\/toode\/polyurethane-blocks-and-plates\/","title":{"rendered":"Pol\u00fcuretaanplokid ja plaadid"},"content":{"rendered":"<p><span style=\"font-weight: 400;\">MAT pakub k\u00f5rgeima kvaliteediga pol\u00fcuretaanplaate, mis on l\u00f5igatud plokkidest. Pol\u00fcuretaanvahu isolatsiooni kasutatakse laialdaselt ehitust\u00f6\u00f6stuses, sealhulgas soojusisolatsioonis:<\/span><\/p>\n<ul>\n<li><span style=\"font-weight: 400;\">Hoonete seinad ja p\u00f5randad (heli v\u00e4hendamine, kergus),<br \/>\n<\/span><\/li>\n<li>Erinevat t\u00fc\u00fcpi katused.<\/li>\n<li>Termilised sillad, p\u00e4rjad ja sillused.<\/li>\n<\/ul>\n<div>\n<p><span style=\"font-weight: 400;\">Pol\u00fcuretaanvahtpaneele saab kasutada ka seinte konstruktsioonielementidena kokkuklapitavate kambrite k\u00fclmutusseadmetes.<\/span><\/p>\n<\/div>\n<h4><strong>Pol\u00fcuretaanvahtplaatide eelised<\/strong>:<\/h4>\n<ul>\n<li><span style=\"font-weight: 400;\">madal soojusjuhtivus v\u00e4ga hea parameetriga \u03bb \u22640,030 W \/ mK, t\u00e4nu millele on pol\u00fcuretaanvahust soojusisolatsioonil \u00f5huke kiht<br \/>\n<\/span><\/li>\n<li><span style=\"font-weight: 400;\">vee imendumine vastavalt PN-C-89084: 993 &lt;3%,<br \/>\n<\/span><\/li>\n<li><span style=\"font-weight: 400;\">vastupidavus lahustele (happed ja alused),<br \/>\n<\/span><\/li>\n<li><span style=\"font-weight: 400;\">multitsellulaarne struktuur, isegi suletud rakkudega \u00fcle 30%,<br \/>\n<\/span><\/li>\n<li><span style=\"font-weight: 400;\">v\u00e4ga head mehaanilised omadused (survetugevus 180kPa \u2013 vastavalt PN-EN 826-le) v\u00e4ikese kaaluga,<br \/>\n<\/span><\/li>\n<li><span style=\"font-weight: 400;\">v\u00f5ib kombineerida teiste ehitusmaterjalidega (tsement, kivi, betoon, krohv).<\/span><\/li>\n<\/ul>\n<p><span style=\"font-weight: 400;\">Meie ettev\u00f5ttes valmistame plokke tihedusega 40 kuni 100 kg \/ m3, samuti eritellimisel k\u00f5rgemaid<\/span>.<\/p>\n<h4>Pol\u00fcuretaanplokid ortopeedia jaoks<\/h4>\n<div><\/div>\n<p><span style=\"font-weight: 400;\">Ortopeedias kasutatakse ka suure tihedusega pol\u00fcuretaanplokke.<\/span><\/p>\n<p><span style=\"font-weight: 400;\">Need on ette n\u00e4htud t\u00f6\u00f6tlemiseks arvutiga juhitavatel masinatel, millest on loodud mudelid ortopeediliste esemete, nt proteeside tootmiseks.<\/span><\/p>\n<p><span style=\"font-weight: 400;\">Meie Mat sortiment sisaldab mitut t\u00fc\u00fcpi plokke, mille vahu tihedus on ~ 100kg \/ m3 .<\/span><\/p>\n<p><span style=\"font-weight: 400;\">Pakume erineva kujuga plokke s\u00f5ltuvalt kliendi individuaalsetest vajadustest.<\/span><\/p>\n<p><span style=\"font-weight: 400;\">Paremal olev joonis n\u00e4itab t\u00f6\u00f6tlemata plokki, mille saate t\u00f6\u00f6tlemiseks ning v\u00e4ljal\u00f5igatud mudelit koos korseti paigutuse visualiseerimisega.<\/span><\/p>\n<p>&nbsp;<\/p>\n","protected":false},"excerpt":{"rendered":"<p><span style=\"font-weight: 400;\">MAT pakub k\u00f5rgeima kvaliteediga pol\u00fcuretaanplaate, mis on l\u00f5igatud plokkidest. Pol\u00fcuretaanvahu isolatsiooni kasutatakse laialdaselt ehitust\u00f6\u00f6stuses, sealhulgas soojusisolatsioonis:<\/span><\/p>\n<ul>\n<li><span style=\"font-weight: 400;\">Hoonete seinad ja p\u00f5randad (heli v\u00e4hendamine, kergus),<br \/>\n<\/span><\/li>\n<li>Erinevat t\u00fc\u00fcpi katused.<\/li>\n<li>Termilised sillad, p\u00e4rjad ja sillused.<\/li>\n<\/ul>\n<p>&nbsp;<\/p>\n","protected":false},"featured_media":1297,"comment_status":"open","ping_status":"closed","template":"","meta":{"_acf_changed":false},"factory":[],"free-shipment":[],"product_brand":[],"product_cat":[183],"product_tag":[156],"class_list":{"0":"post-1296","1":"product","2":"type-product","3":"status-publish","4":"has-post-thumbnail","6":"product_cat-pir-isolatsioon","7":"product_tag-eps-et-2","9":"first","10":"instock","11":"sale","12":"taxable","13":"shipping-taxable","14":"purchasable","15":"product-type-simple"},"acf":[],"_links":{"self":[{"href":"https:\/\/factory.sale\/et\/wp-json\/wp\/v2\/product\/1296","targetHints":{"allow":["GET"]}}],"collection":[{"href":"https:\/\/factory.sale\/et\/wp-json\/wp\/v2\/product"}],"about":[{"href":"https:\/\/factory.sale\/et\/wp-json\/wp\/v2\/types\/product"}],"replies":[{"embeddable":true,"href":"https:\/\/factory.sale\/et\/wp-json\/wp\/v2\/comments?post=1296"}],"wp:featuredmedia":[{"embeddable":true,"href":"https:\/\/factory.sale\/et\/wp-json\/wp\/v2\/media\/1297"}],"wp:attachment":[{"href":"https:\/\/factory.sale\/et\/wp-json\/wp\/v2\/media?parent=1296"}],"wp:term":[{"taxonomy":"factory","embeddable":true,"href":"https:\/\/factory.sale\/et\/wp-json\/wp\/v2\/factory?post=1296"},{"taxonomy":"free-shipment","embeddable":true,"href":"https:\/\/factory.sale\/et\/wp-json\/wp\/v2\/free-shipment?post=1296"},{"taxonomy":"product_brand","embeddable":true,"href":"https:\/\/factory.sale\/et\/wp-json\/wp\/v2\/product_brand?post=1296"},{"taxonomy":"product_cat","embeddable":true,"href":"https:\/\/factory.sale\/et\/wp-json\/wp\/v2\/product_cat?post=1296"},{"taxonomy":"product_tag","embeddable":true,"href":"https:\/\/factory.sale\/et\/wp-json\/wp\/v2\/product_tag?post=1296"}],"curies":[{"name":"wp","href":"https:\/\/api.w.org\/{rel}","templated":true}]}}