{"id":1294,"date":"2019-11-07T17:35:54","date_gmt":"2019-11-07T17:35:54","guid":{"rendered":"https:\/\/factory.sale\/product\/infatec-p-thermal-insulation-boards\/"},"modified":"2024-06-27T17:22:14","modified_gmt":"2024-06-27T17:22:14","slug":"infatec-p-thermal-insulation-boards","status":"publish","type":"product","link":"https:\/\/factory.sale\/et\/toode\/infatec-p-thermal-insulation-boards\/","title":{"rendered":"INFATEC\u00ae P Soojusisolatsiooniplaadid"},"content":{"rendered":"<table align=\"center\">\n<tbody>\n<tr>\n<td><span style=\"font-weight: 400;\">NFATEC \u00ae P isolatsioonplaat on uuenduslik toode, mille erip\u00e4rad on<\/span>:<\/p>\n<ul>\n<li><span style=\"font-weight: 400;\">Liitmike m\u00f5\u00f5tmetele kohandatud horisontaalsed kontuurid h\u00f5lbustavad klinkerliitmike liimimist ja tagavad esteetilise v\u00e4ljan\u00e4gemise.<\/span><\/li>\n<li><span style=\"font-weight: 400;\">Kaskaadikujulised perifeersed tasapinnad v\u00f5imaldavad paneele omavahel \u00fchendada, lihtsustavad kokkupanekut ja v\u00e4listavad termiliste sildade moodustumise kontaktservades.<\/span><\/li>\n<li><span style=\"font-weight: 400;\">Paneeli tagak\u00fcljel asuv sooneline perimeetris\u00fcsteem suurendab paneeli seinaga \u00fchendavat pinda ja eemaldab niiskuse.<\/span><\/li>\n<li><span style=\"font-weight: 400;\">Plaadi esipinnal olev soonitud teemants\u00fcsteem suurendab klinkerliitmike liimimispinda.<\/span><\/li>\n<li><span style=\"font-weight: 400;\">Mehaaniliste pistikute vormitud ni\u0161id h\u00f5lbustavad pistikute paigaldamist ja k\u00f5rvaldavad klinkerliitmike nihke.<\/span><\/li>\n<\/ul>\n<p><span style=\"font-weight: 400;\">INFATEC \u00ae P soojusisolatsioonplaate toodetakse automaatse vormimise teel<\/span>.<br \/>\nSelle tooth erip\u00e4rad on:<\/p>\n<ul>\n<li>Toorainegraanulite k\u00f5rge sidusus ja tihedus.<\/li>\n<li>Spetsiaalne h\u00fcdrofoobne epidermis.<\/li>\n<li>Suur m\u00f5\u00f5tmete stabiilsus.<\/li>\n<li>K\u00f5rge soojusisolatsioon.<\/li>\n<li>K\u00f5rge mehhaaniline tugevus.<\/li>\n<\/ul>\n<\/td>\n<\/tr>\n<\/tbody>\n<\/table>\n<table style=\"height: 535px;\" width=\"979\" align=\"center\">\n<tbody>\n<tr>\n<td align=\"center\"><\/td>\n<td dir=\"ltr\" align=\"left\">\n<p style=\"text-align: left;\">PAKSUS<\/p>\n<p>50 mm<\/p>\n<p style=\"text-align: left;\">60 mm<\/p>\n<p>80 mm<\/p>\n<p>90 mm<\/p>\n<p>100 mm<\/p>\n<p>120 mm<\/p>\n<p>140 mm<\/p>\n<p>150 mm<\/p>\n<p>160 mm<\/p>\n<p>180 mm<\/p>\n<p>200 mm<\/p>\n<p>Muud paksused soovi korral.<\/td>\n<\/tr>\n<\/tbody>\n<\/table>\n","protected":false},"excerpt":{"rendered":"<p><span style=\"font-weight: 400;\">INFATEC \u00ae P isolatsioonplaat on uuenduslik toode. Liitmike m\u00f5\u00f5tmetele kohandatud kontuuritud reljeefne horisontaalne paigaldus<\/span> <span style=\"font-weight: 400;\">h\u00f5lbustab klinkri liitmike liimimist ja tagab esteetilise v\u00e4limuse. Kaskaadikujulised perifeersed tasapinnad v\u00f5imaldavad paneelide \u00fchendamist, lihtsustavad kokkupanekut ja k\u00f5rvaldavad termiliste sildade moodustumise kontaktservades. Paneeli tagak\u00fcljel asuv sooneline perimeetri s\u00fcsteem suurendab paneeli pinna sidumist seina k\u00fclge ja imabniiskust \u00e4ra<\/span><span style=\"font-weight: 400;\">.<\/span><span style=\"font-weight: 400;\"> Plaadi esipinnal olev sooneline teemants\u00fcsteem suurendab klinkri liitmike liimimispinda. Mehaaniliste pistikute kujulised ni\u0161id h\u00f5lbustavad pistikute paigaldamist ja k\u00f5rvaldavad klinkri liitmike nihke<\/span><\/p>\n","protected":false},"featured_media":1295,"comment_status":"open","ping_status":"closed","template":"","meta":{"_acf_changed":false},"factory":[],"free-shipment":[],"product_brand":[],"product_cat":[182,180],"product_tag":[134],"class_list":{"0":"post-1294","1":"product","2":"type-product","3":"status-publish","4":"has-post-thumbnail","6":"product_cat-infatec-isolatsioon","7":"product_cat-isolatsioon","8":"product_tag-infatec-et-2","10":"first","11":"instock","12":"sale","13":"taxable","14":"shipping-taxable","15":"purchasable","16":"product-type-simple"},"acf":[],"_links":{"self":[{"href":"https:\/\/factory.sale\/et\/wp-json\/wp\/v2\/product\/1294","targetHints":{"allow":["GET"]}}],"collection":[{"href":"https:\/\/factory.sale\/et\/wp-json\/wp\/v2\/product"}],"about":[{"href":"https:\/\/factory.sale\/et\/wp-json\/wp\/v2\/types\/product"}],"replies":[{"embeddable":true,"href":"https:\/\/factory.sale\/et\/wp-json\/wp\/v2\/comments?post=1294"}],"wp:featuredmedia":[{"embeddable":true,"href":"https:\/\/factory.sale\/et\/wp-json\/wp\/v2\/media\/1295"}],"wp:attachment":[{"href":"https:\/\/factory.sale\/et\/wp-json\/wp\/v2\/media?parent=1294"}],"wp:term":[{"taxonomy":"factory","embeddable":true,"href":"https:\/\/factory.sale\/et\/wp-json\/wp\/v2\/factory?post=1294"},{"taxonomy":"free-shipment","embeddable":true,"href":"https:\/\/factory.sale\/et\/wp-json\/wp\/v2\/free-shipment?post=1294"},{"taxonomy":"product_brand","embeddable":true,"href":"https:\/\/factory.sale\/et\/wp-json\/wp\/v2\/product_brand?post=1294"},{"taxonomy":"product_cat","embeddable":true,"href":"https:\/\/factory.sale\/et\/wp-json\/wp\/v2\/product_cat?post=1294"},{"taxonomy":"product_tag","embeddable":true,"href":"https:\/\/factory.sale\/et\/wp-json\/wp\/v2\/product_tag?post=1294"}],"curies":[{"name":"wp","href":"https:\/\/api.w.org\/{rel}","templated":true}]}}