{"id":1291,"date":"2019-11-07T18:28:30","date_gmt":"2019-11-07T18:28:30","guid":{"rendered":"https:\/\/factory.sale\/product\/the-infatec-clinker\/"},"modified":"2024-06-27T13:14:14","modified_gmt":"2024-06-27T13:14:14","slug":"the-infatec-clinker","status":"publish","type":"product","link":"https:\/\/factory.sale\/et\/toode\/the-infatec-clinker\/","title":{"rendered":"The INFATEC\u00ae uuenduslik seinaisolatsioonis\u00fcsteem koos klinkeriga"},"content":{"rendered":"<p><span style=\"font-weight: 400;\">INFATEC \u00ae s\u00fcsteem on uuenduslik klinkriga seinte isolatsioonis\u00fcsteem. K\u00f5rgeima kvaliteediga klinkri kombinatsioon kaasaegse tehnoloogiaga tagab fassaadi vastupidavuse ja minimaliseerib selle toimimise kulusid. Klinkri profiili unikaalsed omadused tagavad fassaadi vastupidavuse. Vaadake lihtsalt ringi ja n\u00e4ete, kui head klinkritellistest ehitatud majad 100 aastat tagasi v\u00e4lja n\u00e4gid.<\/span><\/p>\n<p>&nbsp;<\/p>\n<p><span style=\"font-weight: 400;\">Kiiresti arenev tehnoloogia ja hoonete v\u00e4lisseinte soojusisolatsiooni ja termo-moderniseerimisega seotud sektoris toimuvad muutused sunnivad tootjaid oma tooteid pidevalt t\u00e4iustama ja arendama. Selle protsessi viimane etapp on \u00fchtse ja integreeritud s\u00fcsteemi loomine. S\u00fcsteemi l\u00e4henemisviisi olemus on teadlikkus, et &#8220;k\u00f5ik s\u00f5ltub k\u00f5igest&#8221;, see t\u00e4hendab, et s\u00fcsteemi n\u00f5uetekohaseks toimimiseks on vaja, et iga selle element oleks viimistletud v\u00e4ikseima detailini ja vastaks k\u00f5ige rangematele kvaliteedistandarditele.<\/span><\/p>\n<p>&nbsp;<\/p>\n<p><span style=\"font-weight: 400;\">Klinkri fassaadid on alati olnud seotud Euroopa arhitektuuri traditsiooniga. Klinker muutub Poolas iga aastaga \u00fcha populaarsemaks. Kaasaegsed tootmismeetodid on muutnud t\u00e4nap\u00e4evased klinkri kujundid s\u00f5ltuvalt valguse nurgast ja intensiivsusest erinevateks toonideks. Ebatavalised viisid erinevate v\u00e4rvide<\/span><span style=\"font-weight: 400;\">\u00a0kombineerimiseks \u00a0v\u00f5imaldavad teil saada uue ja\u00a0 originaalse visuaalse efekti.<\/span><\/p>\n<p><span style=\"font-weight: 400;\">Vormi, funktsionaalsuse ja elegantsi j\u00e4rjepidevus v\u00f5imaldab seda suurep\u00e4raselt kombineerida teiste ehitusmaterjalidega. Klinker tellist on hea kasutada kinnisvara viimistluseks. Klinkri fassaad pakub kaitset atmosf\u00e4\u00e4rifaktorite negatiivsete m\u00f5jude eest. Fassaadi valmistamiseks kasutatav klinkri paigaldamine on kestev, vastupidav bioloogilisele korrosioonile, tulele ja k\u00fclmale. Klinker kuulub ehitusmaterjalide hulka, mis on k\u00f5ige vastupidavamad v\u00e4listingimustele, mis omakorda t\u00e4hendab mitut aastat hoone kaitset. Klinkri fassaad j\u00e4\u00e4b ilusaks mitmeks aastaks ja ei vaja hooldust. P\u00f5letusprotsessis moodustunud klinkri vormimise vastupidav pind ei lase saasteainetel sisse tungida. T\u00e4nu sellele on klinker v\u00e4ga vastupidav. V\u00e4rv j\u00e4\u00e4b sama vastupidavaks kui klinkri vormimine ise. Lisaks tagab looduslik materjal \u00f5ige mikrokliima ja suurendab hoone soojusisolatsiooni omadusi. <\/span><span style=\"font-weight: 400;\">Klinker fassaadi Klinker tellis <\/span><span style=\"font-weight: 400;\">on ka v\u00e4ga dekoratiivne, t\u00e4nu millele tundub hoone sein muljetavaldav. Klinkri kaasaegne vorm pakub selle materjali traditsioonilisi omadusi koos uute rakendusv\u00f5imalustega. See on klinkerplaat. Klinker uues vormis, mida kasutatakse INFATEC\u00ae isolatsioonis\u00fcsteemis ja mis annab piiramatud v\u00f5imalused.<\/span><\/p>\n<p>&nbsp;<\/p>\n<p align=\"center\">\n","protected":false},"excerpt":{"rendered":"<p><span style=\"font-weight: 400;\">INFATEC \u00ae s\u00fcsteem on uuenduslik klinkriga seinte isolatsioonis\u00fcsteem. K\u00f5rgeima kvaliteediga klinkri kombinatsioon kaasaegse tehnoloogiaga tagab fassaadi vastupidavuse ja minimaliseerib selle toimimise kulusid. Klinkri profiili unikaalsed omadused tagavad fassaadi vastupidavuse. Vaadake lihtsalt ringi ja n\u00e4ete, kui head klinkritellistest ehitatud majad 100 aastat tagasi v\u00e4lja n\u00e4gid.<\/span><\/p>\n","protected":false},"featured_media":1293,"comment_status":"open","ping_status":"closed","template":"","meta":{"_acf_changed":false},"factory":[],"free-shipment":[],"product_brand":[],"product_cat":[174,175],"product_tag":[155],"class_list":{"0":"post-1291","1":"product","2":"type-product","3":"status-publish","4":"has-post-thumbnail","6":"product_cat-fassaad","7":"product_cat-klinker-fassaad","8":"product_tag-clinker-et-2","10":"first","11":"instock","12":"sale","13":"taxable","14":"shipping-taxable","15":"purchasable","16":"product-type-simple"},"acf":[],"_links":{"self":[{"href":"https:\/\/factory.sale\/et\/wp-json\/wp\/v2\/product\/1291","targetHints":{"allow":["GET"]}}],"collection":[{"href":"https:\/\/factory.sale\/et\/wp-json\/wp\/v2\/product"}],"about":[{"href":"https:\/\/factory.sale\/et\/wp-json\/wp\/v2\/types\/product"}],"replies":[{"embeddable":true,"href":"https:\/\/factory.sale\/et\/wp-json\/wp\/v2\/comments?post=1291"}],"wp:featuredmedia":[{"embeddable":true,"href":"https:\/\/factory.sale\/et\/wp-json\/wp\/v2\/media\/1293"}],"wp:attachment":[{"href":"https:\/\/factory.sale\/et\/wp-json\/wp\/v2\/media?parent=1291"}],"wp:term":[{"taxonomy":"factory","embeddable":true,"href":"https:\/\/factory.sale\/et\/wp-json\/wp\/v2\/factory?post=1291"},{"taxonomy":"free-shipment","embeddable":true,"href":"https:\/\/factory.sale\/et\/wp-json\/wp\/v2\/free-shipment?post=1291"},{"taxonomy":"product_brand","embeddable":true,"href":"https:\/\/factory.sale\/et\/wp-json\/wp\/v2\/product_brand?post=1291"},{"taxonomy":"product_cat","embeddable":true,"href":"https:\/\/factory.sale\/et\/wp-json\/wp\/v2\/product_cat?post=1291"},{"taxonomy":"product_tag","embeddable":true,"href":"https:\/\/factory.sale\/et\/wp-json\/wp\/v2\/product_tag?post=1291"}],"curies":[{"name":"wp","href":"https:\/\/api.w.org\/{rel}","templated":true}]}}