{"id":1285,"date":"2019-11-07T19:11:27","date_gmt":"2019-11-07T19:11:27","guid":{"rendered":"https:\/\/factory.sale\/product\/silpac-universal-silicone-300ml\/"},"modified":"2024-06-27T18:57:55","modified_gmt":"2024-06-27T18:57:55","slug":"silpac-universal-silicone-300ml","status":"publish","type":"product","link":"https:\/\/factory.sale\/et\/toode\/silpac-universal-silicone-300ml\/","title":{"rendered":"Silpac Universal Silicone 300ml"},"content":{"rendered":"<p>Universaalne, \u00fchekomponentne, p\u00fcsivalt elastne silikoonist hermeetik, mis p\u00f5hineb atsetaadiga k\u00f5vendavate pol\u00fcsiloksaanide baasil.<\/p>\n<p><b>Omadused<\/b><\/p>\n<ul>\n<li>p\u00fcsivalt paindlik ja vastupidav erinevates kliimatingimustes<\/li>\n<li>sisemiste ja v\u00e4liste rakenduste jaoks<\/li>\n<li>v\u00e4ga h\u00e4sti kleepuv siledatele pindadele: klaas, keraamika, portselan, lakitud puit, glasuuritud, glasuuritud ja emailitud pinnad<\/li>\n<li>ilmastikutingimustele vastupidav (UV-kiirgus, niiskus, temperatuurik\u00f5ikumised vahemikus -50 \u00b0 C kuni + 100 \u00b0 C)<\/li>\n<li>loob sileda ja l\u00e4ikiva liigese<\/li>\n<li>lihtne peale kanda ja vormida<\/li>\n<li>ei saa \u00fcle v\u00e4rvida<\/li>\n<\/ul>\n<p><b>Kasutus<\/b><\/p>\n<ul>\n<li>ehitusmaterjalide ja viimistluselementide vaheliste \u00fchenduste paindlik tihendamine<\/li>\n<li>vaateakende, vitriinakende, stendide, vitriinide, m\u00e4rkide, tahvlite, reklaamikohvrite pitseerimine<\/li>\n<li>akende klaasimine (peamiselt puitraamides)<\/li>\n<li>majapidamises v\u00e4iksemate remondi -ja hobit\u00f6\u00f6de jaoks<\/li>\n<li>tihenduspaadid, laevad, autod, haagissuvilad<\/li>\n<\/ul>\n<p><b>V\u00e4rvid<\/b><\/p>\n<p>valge, v\u00e4rvitu, pruun &#8211; p\u00f5hiv\u00e4rvid<\/p>\n<p>Muud v\u00e4rvid soovi korral.<\/p>\n","protected":false},"excerpt":{"rendered":"<p>Universaalne, \u00fchekomponentne, p\u00fcsivalt elastne silikoonist hermeetik, mis p\u00f5hineb atsetaadiga k\u00f5vendavate pol\u00fcsiloksaanide baasil.<\/p>\n","protected":false},"featured_media":1287,"comment_status":"open","ping_status":"closed","template":"","meta":{"_acf_changed":false},"factory":[],"free-shipment":[],"product_brand":[],"product_cat":[163,172],"product_tag":[147],"class_list":{"0":"post-1285","1":"product","2":"type-product","3":"status-publish","4":"has-post-thumbnail","6":"product_cat-ehituskeemia","7":"product_cat-silikoon","8":"product_tag-silicone-et-2","10":"first","11":"instock","12":"sale","13":"taxable","14":"shipping-taxable","15":"purchasable","16":"product-type-simple"},"acf":[],"_links":{"self":[{"href":"https:\/\/factory.sale\/et\/wp-json\/wp\/v2\/product\/1285","targetHints":{"allow":["GET"]}}],"collection":[{"href":"https:\/\/factory.sale\/et\/wp-json\/wp\/v2\/product"}],"about":[{"href":"https:\/\/factory.sale\/et\/wp-json\/wp\/v2\/types\/product"}],"replies":[{"embeddable":true,"href":"https:\/\/factory.sale\/et\/wp-json\/wp\/v2\/comments?post=1285"}],"wp:featuredmedia":[{"embeddable":true,"href":"https:\/\/factory.sale\/et\/wp-json\/wp\/v2\/media\/1287"}],"wp:attachment":[{"href":"https:\/\/factory.sale\/et\/wp-json\/wp\/v2\/media?parent=1285"}],"wp:term":[{"taxonomy":"factory","embeddable":true,"href":"https:\/\/factory.sale\/et\/wp-json\/wp\/v2\/factory?post=1285"},{"taxonomy":"free-shipment","embeddable":true,"href":"https:\/\/factory.sale\/et\/wp-json\/wp\/v2\/free-shipment?post=1285"},{"taxonomy":"product_brand","embeddable":true,"href":"https:\/\/factory.sale\/et\/wp-json\/wp\/v2\/product_brand?post=1285"},{"taxonomy":"product_cat","embeddable":true,"href":"https:\/\/factory.sale\/et\/wp-json\/wp\/v2\/product_cat?post=1285"},{"taxonomy":"product_tag","embeddable":true,"href":"https:\/\/factory.sale\/et\/wp-json\/wp\/v2\/product_tag?post=1285"}],"curies":[{"name":"wp","href":"https:\/\/api.w.org\/{rel}","templated":true}]}}