{"id":12830,"date":"2022-09-13T19:19:55","date_gmt":"2022-09-13T19:20:51","guid":{"rendered":"https:\/\/factory.sale\/?post_type=product&#038;p=12830"},"modified":"2024-06-30T08:24:24","modified_gmt":"2024-06-30T08:24:24","slug":"simplefire-blackbox-900","status":"publish","type":"product","link":"https:\/\/factory.sale\/et\/toode\/simplefire-blackbox-900\/","title":{"rendered":"SIMPLEfire Blackbox 900"},"content":{"rendered":"<div>SIMPLEfire Blackbox 900 on stiilne biokamin seinale, mis kasutab p\u00f5lemiseks \u00f6koloogiliselt puhast bioetanooli. See pakub tule maagiat ilma suitsuta, ilma gaasita, l\u00f5hnatult ja ohutult.<\/div>\n<div><\/div>\n<div>See atraktiivne biokamin sobib ideaalselt korterisse, eramusse, hotelli, restorani ja teistesse interj\u00f6\u00f6ridesse kuna see ei vaja korstna\u00fchendust ega spetsiaalset ventilatsioonis\u00fcsteemi. Bioetanool p\u00f5leb puhtalt (ei l\u00f5hna, ei suitse, ei tahma) ja on usaldusv\u00e4\u00e4rne ning ohutu.<\/div>\n<div><\/div>\n<div>Biokamina kasutamine on \u00e4\u00e4retult lihtne, vala lihtsalt bioetanool roostevabast terasest p\u00f5letisse, s\u00fc\u00fcta see ja saadki koheselt nautida elavat tuld ja sellega kaasnevat soojust. Selle k\u00fcttev\u00f5imsus on umbes 3kW ja 100% soojusest eraldub ruumi. \u00a0\u00dcks liiter bioetanooli v\u00f5imaldab nautida tuld ja soojust 2-3 tundi.<\/div>\n<div><\/div>\n<div><\/div>\n<div><em><strong>Biokaminat on v\u00f5imalik soetada nii klaasita kui 4mm paksuse karastatud klaasiga.<\/strong><\/em><\/div>\n<div><\/div>\n<div><\/div>\n<div><\/div>\n<div><strong>Tooteteave:<\/strong><\/div>\n<div><\/div>\n<ul>\n<li>Kaal: 15 kg<\/li>\n<li>K\u00f5rgus:\u00a044 cm<\/li>\n<li>Laius:\u00a091 cm<\/li>\n<li>S\u00fcgavus:\u00a017 cm<\/li>\n<li>Paigaldamine:\u00a0Seinale<\/li>\n<li>P\u00f5leti:\u00a0450 mm = 1 liiter<\/li>\n<li>P\u00f5lemisaeg:\u00a02-3 tundi<\/li>\n<\/ul>\n<p>&nbsp;<\/p>\n<p>&nbsp;<\/p>\n<p>&nbsp;<\/p>\n<p><a href=\"https:\/\/factory.sale\/wp-content\/uploads\/2022\/09\/Simplefire_folder_2022.pdf\">Simplefire_folder_2022<\/a><\/p>\n","protected":false},"excerpt":{"rendered":"<p>SIMPLEfire Blackbox 910 on stiilne biokamin seinale, mis kasutab p\u00f5lemiseks \u00f6koloogiliselt puhast bioetanooli. See pakub tule maagiat ilma suitsuta, ilma gaasita, l\u00f5hnatult ja ohutult.<\/p>\n","protected":false},"featured_media":12803,"comment_status":"open","ping_status":"closed","template":"","meta":{"_acf_changed":false},"factory":[],"free-shipment":[],"product_brand":[],"product_cat":[2630,2628],"product_tag":[],"class_list":{"0":"post-12830","1":"product","2":"type-product","3":"status-publish","4":"has-post-thumbnail","6":"product_cat-infire-et","7":"product_cat-simplefire-et","9":"first","10":"instock","11":"sale","12":"taxable","13":"shipping-taxable","14":"purchasable","15":"product-type-simple"},"acf":[],"_links":{"self":[{"href":"https:\/\/factory.sale\/et\/wp-json\/wp\/v2\/product\/12830","targetHints":{"allow":["GET"]}}],"collection":[{"href":"https:\/\/factory.sale\/et\/wp-json\/wp\/v2\/product"}],"about":[{"href":"https:\/\/factory.sale\/et\/wp-json\/wp\/v2\/types\/product"}],"replies":[{"embeddable":true,"href":"https:\/\/factory.sale\/et\/wp-json\/wp\/v2\/comments?post=12830"}],"wp:featuredmedia":[{"embeddable":true,"href":"https:\/\/factory.sale\/et\/wp-json\/wp\/v2\/media\/12803"}],"wp:attachment":[{"href":"https:\/\/factory.sale\/et\/wp-json\/wp\/v2\/media?parent=12830"}],"wp:term":[{"taxonomy":"factory","embeddable":true,"href":"https:\/\/factory.sale\/et\/wp-json\/wp\/v2\/factory?post=12830"},{"taxonomy":"free-shipment","embeddable":true,"href":"https:\/\/factory.sale\/et\/wp-json\/wp\/v2\/free-shipment?post=12830"},{"taxonomy":"product_brand","embeddable":true,"href":"https:\/\/factory.sale\/et\/wp-json\/wp\/v2\/product_brand?post=12830"},{"taxonomy":"product_cat","embeddable":true,"href":"https:\/\/factory.sale\/et\/wp-json\/wp\/v2\/product_cat?post=12830"},{"taxonomy":"product_tag","embeddable":true,"href":"https:\/\/factory.sale\/et\/wp-json\/wp\/v2\/product_tag?post=12830"}],"curies":[{"name":"wp","href":"https:\/\/api.w.org\/{rel}","templated":true}]}}