{"id":1282,"date":"2019-11-07T19:15:46","date_gmt":"2019-11-07T19:15:46","guid":{"rendered":"https:\/\/factory.sale\/product\/silpac-hi-temp-300c-silicone-70ml\/"},"modified":"2024-06-28T12:30:28","modified_gmt":"2024-06-28T12:30:28","slug":"silpac-hi-temp-300c-silicone-70ml","status":"publish","type":"product","link":"https:\/\/factory.sale\/et\/toode\/silpac-hi-temp-300c-silicone-70ml\/","title":{"rendered":"Silpac Hi-Temp 300C Silicone 70ml"},"content":{"rendered":"<p>\u00dchekomponentne, p\u00fcsivalt elastne, k\u00f5rge temperatuuriga silikoonist tihenduskiht, vastupidav temperatuurile kuni + 300 \u00b0 C. K\u00f5veneb \u00f5hu niiskuse imendumise tagaj\u00e4rjel.<\/p>\n<p><strong>Omadused<\/strong><\/p>\n<ul>\n<li>vastupidav temperatuurik\u00f5ikumistele vahemikus \u201360 \u00b0 C kuni + 300 \u00b0 C<\/li>\n<li>keemiliselt vastupidav &#8220;vedel&#8221; tihend, mis asendab traditsioonilisi auto tihendeid (kummi, klinker, kork, paber, vilt, asbest<\/li>\n<li>jne)<\/li>\n<li>vastupidav ultraviolettkiirgusele, veele, soolale ja paljude keemiliste tegurite m\u00f5jule, n\u00e4iteks bensiin, happed, rasvad, \u00f5lid, k\u00fctused, h\u00fcdraulilised vedelikud, m\u00e4\u00e4rded, heitgaasid, k\u00fclmakindlad vedelikud, jahutusvedelikud jne.<\/li>\n<li>lihtne peale kanda, hoolimata pinna kujust<\/li>\n<li>liim siledate ja poorsete pindade jaoks, nt. keraamika, teras, metallid ja nende sulamid, klaas, lakitud puit<\/li>\n<li>p\u00fcsivalt elastne kogu temperatuurivahemikus<\/li>\n<li>ei sisalda lahusteid<\/li>\n<li>kerge kokkut\u00f5mbumine<\/li>\n<li>ei pragune<\/li>\n<\/ul>\n<p><strong>Kasutus<\/strong><\/p>\n<ul>\n<li>tihendusliited ehituses, transpordis ja t\u00f6\u00f6stuses, millel on k\u00f5rge keemiline ja termiline vastupidavus vahemikus -60 \u00b0 C kuni + 300 \u00b0 C<\/li>\n<li>k\u00fcttetehnika (katlad, k\u00fcttekehad, pliidid, pliidid, mahutid, soojusvahetid, suitsutorud, filtrid, termostaadid)<\/li>\n<li>auto tihendid (nt veepumbad, klapikaaned, \u00f5likannid, juhtimisahela katted, veotelje katted, k\u00e4igukasti, termostaadi katted)<\/li>\n<li>tihendab p\u00e4ikesekollektori komponente<\/li>\n<\/ul>\n<p><b>V\u00e4rvid<\/b><\/p>\n<p>punane, must<\/p>\n","protected":false},"excerpt":{"rendered":"<p>\u00dchekomponentne, p\u00fcsivalt elastne, k\u00f5rge temperatuuriga silikoonist tihenduskiht, vastupidav temperatuurile kuni + 300 \u00b0 C. K\u00f5veneb \u00f5hu niiskuse imendumise tagaj\u00e4rjel.<\/p>\n","protected":false},"featured_media":1284,"comment_status":"open","ping_status":"closed","template":"","meta":{"_acf_changed":false},"factory":[],"free-shipment":[],"product_brand":[],"product_cat":[163,172],"product_tag":[147],"class_list":{"0":"post-1282","1":"product","2":"type-product","3":"status-publish","4":"has-post-thumbnail","6":"product_cat-ehituskeemia","7":"product_cat-silikoon","8":"product_tag-silicone-et-2","10":"first","11":"instock","12":"sale","13":"taxable","14":"shipping-taxable","15":"purchasable","16":"product-type-simple"},"acf":[],"_links":{"self":[{"href":"https:\/\/factory.sale\/et\/wp-json\/wp\/v2\/product\/1282","targetHints":{"allow":["GET"]}}],"collection":[{"href":"https:\/\/factory.sale\/et\/wp-json\/wp\/v2\/product"}],"about":[{"href":"https:\/\/factory.sale\/et\/wp-json\/wp\/v2\/types\/product"}],"replies":[{"embeddable":true,"href":"https:\/\/factory.sale\/et\/wp-json\/wp\/v2\/comments?post=1282"}],"wp:featuredmedia":[{"embeddable":true,"href":"https:\/\/factory.sale\/et\/wp-json\/wp\/v2\/media\/1284"}],"wp:attachment":[{"href":"https:\/\/factory.sale\/et\/wp-json\/wp\/v2\/media?parent=1282"}],"wp:term":[{"taxonomy":"factory","embeddable":true,"href":"https:\/\/factory.sale\/et\/wp-json\/wp\/v2\/factory?post=1282"},{"taxonomy":"free-shipment","embeddable":true,"href":"https:\/\/factory.sale\/et\/wp-json\/wp\/v2\/free-shipment?post=1282"},{"taxonomy":"product_brand","embeddable":true,"href":"https:\/\/factory.sale\/et\/wp-json\/wp\/v2\/product_brand?post=1282"},{"taxonomy":"product_cat","embeddable":true,"href":"https:\/\/factory.sale\/et\/wp-json\/wp\/v2\/product_cat?post=1282"},{"taxonomy":"product_tag","embeddable":true,"href":"https:\/\/factory.sale\/et\/wp-json\/wp\/v2\/product_tag?post=1282"}],"curies":[{"name":"wp","href":"https:\/\/api.w.org\/{rel}","templated":true}]}}