{"id":1280,"date":"2019-11-09T12:01:13","date_gmt":"2019-11-09T12:01:13","guid":{"rendered":"https:\/\/factory.sale\/product\/alamentti-wool-sandwich-panels\/"},"modified":"2024-06-26T18:14:32","modified_gmt":"2024-06-26T18:14:32","slug":"alamentti-wool-sandwich-panels","status":"publish","type":"product","link":"https:\/\/factory.sale\/et\/toode\/alamentti-wool-sandwich-panels\/","title":{"rendered":"Alamentti villa sandwich-paneelid"},"content":{"rendered":"<p><span style=\"font-weight: 400;\">Valmis toodetud sandwich &#8211; paneelid kivivillaga 200mm EI 120 moodul 1000.<\/span><\/p>\n<p><span style=\"font-weight: 400;\">V\u00e4ikese defektiga, muidu kasutamata ja heas seisukorras.<\/span><\/p>\n<p><span style=\"font-weight: 400;\">V\u00e4rv RAL 9007\/9002 v\u00e4limine kiht Micro.<\/span><\/p>\n<p>PIKKUSED<\/p>\n<p>6365<br \/>\n6255<br \/>\n5980<br \/>\n5670<br \/>\n5650<br \/>\n4980<\/p>\n","protected":false},"excerpt":{"rendered":"<p><strong>Kiire m\u00fc\u00fck!<\/strong><\/p>\n<p><strong>Eesm\u00e4rk:<\/strong><br \/>\n<span style=\"font-weight: 400;\">Seina sandwich &#8211; paneelid hea soojusisolatsiooniga<\/span>.<\/p>\n<p><strong>Tuum:<\/strong><br \/>\n<span style=\"font-weight: 400;\">K\u00f5va mineraalvill tihedusega 115 [kg \/ m3] v\u00f5i vahustatud pol\u00fcst\u00fcreen FS 15.<\/span><\/p>\n<p>Miinimumkogus 500 m2.<\/p>\n","protected":false},"featured_media":1167,"comment_status":"open","ping_status":"closed","template":"","meta":{"_acf_changed":false},"factory":[],"free-shipment":[],"product_brand":[],"product_cat":[197,199],"product_tag":[],"class_list":{"0":"post-1280","1":"product","2":"type-product","3":"status-publish","4":"has-post-thumbnail","6":"product_cat-sandwich-paneelid","7":"product_cat-mineraalvill","9":"first","10":"instock","11":"sale","12":"taxable","13":"shipping-taxable","14":"purchasable","15":"product-type-simple"},"acf":[],"_links":{"self":[{"href":"https:\/\/factory.sale\/et\/wp-json\/wp\/v2\/product\/1280","targetHints":{"allow":["GET"]}}],"collection":[{"href":"https:\/\/factory.sale\/et\/wp-json\/wp\/v2\/product"}],"about":[{"href":"https:\/\/factory.sale\/et\/wp-json\/wp\/v2\/types\/product"}],"replies":[{"embeddable":true,"href":"https:\/\/factory.sale\/et\/wp-json\/wp\/v2\/comments?post=1280"}],"wp:featuredmedia":[{"embeddable":true,"href":"https:\/\/factory.sale\/et\/wp-json\/wp\/v2\/media\/1167"}],"wp:attachment":[{"href":"https:\/\/factory.sale\/et\/wp-json\/wp\/v2\/media?parent=1280"}],"wp:term":[{"taxonomy":"factory","embeddable":true,"href":"https:\/\/factory.sale\/et\/wp-json\/wp\/v2\/factory?post=1280"},{"taxonomy":"free-shipment","embeddable":true,"href":"https:\/\/factory.sale\/et\/wp-json\/wp\/v2\/free-shipment?post=1280"},{"taxonomy":"product_brand","embeddable":true,"href":"https:\/\/factory.sale\/et\/wp-json\/wp\/v2\/product_brand?post=1280"},{"taxonomy":"product_cat","embeddable":true,"href":"https:\/\/factory.sale\/et\/wp-json\/wp\/v2\/product_cat?post=1280"},{"taxonomy":"product_tag","embeddable":true,"href":"https:\/\/factory.sale\/et\/wp-json\/wp\/v2\/product_tag?post=1280"}],"curies":[{"name":"wp","href":"https:\/\/api.w.org\/{rel}","templated":true}]}}