{"id":12785,"date":"2022-09-11T09:19:01","date_gmt":"2022-09-11T09:21:19","guid":{"rendered":"https:\/\/factory.sale\/?post_type=product&#038;p=12785"},"modified":"2024-06-28T12:49:29","modified_gmt":"2024-06-28T12:49:29","slug":"infire-insert-1000","status":"publish","type":"product","link":"https:\/\/factory.sale\/et\/toode\/infire-insert-1000\/","title":{"rendered":"InFire Insert 1000"},"content":{"rendered":"<div>InFire Insert 1000 on kauni viimistlusega biop\u00f5leti, mis koos 4 mm karastatud klaasidega loob \u00fchtse ja esteetilise terviku. Antud biop\u00f5leti sobib suurep\u00e4raselt s\u00fcvistamiseks erinevatesse k\u00f5rgetele temperatuuridele mittetundlikesse materjalidesse. Tulemus j\u00e4\u00e4b k\u00f5ikjal atraktiivne ja stiilne. Pealegi ei vaja see korstna\u00fchendust ega ka spetsiaalset ventilatsioonis\u00fcsteemi.<\/div>\n<div><\/div>\n<div>Biop\u00f5leti InFire Insert 1000 on valmistatud kvaliteetsest roostevabast terasest, mis tagab hea vastupidavuse. Biop\u00f5leti kasutab k\u00fctuseks \u00f6koloogiliselt puhast bioetanooli ja pakub t\u00e4nu puhtale p\u00f5lemisele tule maagiat suitsuta, gaasita, l\u00f5hnatult ja ohutult.<\/div>\n<div><\/div>\n<div><\/div>\n<div><\/div>\n<div><strong>Tooteteave:\u00a0<\/strong><\/div>\n<ul>\n<li>KAAL: 22 kg<\/li>\n<li>K\u00d5RGUS:\u00a05 cm<\/li>\n<li>LAIUS:\u00a0100 cm<\/li>\n<li>S\u00dcGAVUS:\u00a032 cm<\/li>\n<li>PAIGALDAMINE:\u00a0S\u00fcvistatav<\/li>\n<li>P\u00d5LEMISAEG:\u00a02-4 tundi<\/li>\n<\/ul>\n<p>&nbsp;<\/p>\n<p>&nbsp;<\/p>\n<p><a href=\"https:\/\/factory.sale\/wp-content\/uploads\/2022\/09\/Insert-1000.pdf\">Insert 1000<\/a><\/p>\n","protected":false},"excerpt":{"rendered":"<p>InFire Insert 1000 on kauni viimistlusega biop\u00f5leti, mis koos 4 mm karastatud klaasidega loob \u00fchtse ja esteetilise terviku.<\/p>\n","protected":false},"featured_media":12774,"comment_status":"open","ping_status":"closed","template":"","meta":{"_acf_changed":false},"factory":[],"free-shipment":[],"product_brand":[],"product_cat":[1253,2630],"product_tag":[],"class_list":{"0":"post-12785","1":"product","2":"type-product","3":"status-publish","4":"has-post-thumbnail","6":"product_cat-bio-kaminad","7":"product_cat-infire-et","9":"first","10":"instock","11":"sale","12":"taxable","13":"shipping-taxable","14":"purchasable","15":"product-type-simple"},"acf":[],"_links":{"self":[{"href":"https:\/\/factory.sale\/et\/wp-json\/wp\/v2\/product\/12785","targetHints":{"allow":["GET"]}}],"collection":[{"href":"https:\/\/factory.sale\/et\/wp-json\/wp\/v2\/product"}],"about":[{"href":"https:\/\/factory.sale\/et\/wp-json\/wp\/v2\/types\/product"}],"replies":[{"embeddable":true,"href":"https:\/\/factory.sale\/et\/wp-json\/wp\/v2\/comments?post=12785"}],"wp:featuredmedia":[{"embeddable":true,"href":"https:\/\/factory.sale\/et\/wp-json\/wp\/v2\/media\/12774"}],"wp:attachment":[{"href":"https:\/\/factory.sale\/et\/wp-json\/wp\/v2\/media?parent=12785"}],"wp:term":[{"taxonomy":"factory","embeddable":true,"href":"https:\/\/factory.sale\/et\/wp-json\/wp\/v2\/factory?post=12785"},{"taxonomy":"free-shipment","embeddable":true,"href":"https:\/\/factory.sale\/et\/wp-json\/wp\/v2\/free-shipment?post=12785"},{"taxonomy":"product_brand","embeddable":true,"href":"https:\/\/factory.sale\/et\/wp-json\/wp\/v2\/product_brand?post=12785"},{"taxonomy":"product_cat","embeddable":true,"href":"https:\/\/factory.sale\/et\/wp-json\/wp\/v2\/product_cat?post=12785"},{"taxonomy":"product_tag","embeddable":true,"href":"https:\/\/factory.sale\/et\/wp-json\/wp\/v2\/product_tag?post=12785"}],"curies":[{"name":"wp","href":"https:\/\/api.w.org\/{rel}","templated":true}]}}