{"id":1277,"date":"2019-11-09T12:23:44","date_gmt":"2019-11-09T12:23:44","guid":{"rendered":"https:\/\/factory.sale\/product\/roofbit-300ml-bituminous-roofing-sealant\/"},"modified":"2024-07-11T20:52:44","modified_gmt":"2024-07-11T17:52:44","slug":"roofbit-300ml-bituminous-roofing-sealant","status":"publish","type":"product","link":"https:\/\/factory.sale\/et\/toode\/roofbit-300ml-bituminous-roofing-sealant\/","title":{"rendered":"ROOFBIT 300ML &#8211; BITUMINOUS ROOFING SEALANT"},"content":{"rendered":"<p>Spetsialiseeritud bituumen-kummist hermeetik, koheseks kasutamiseks valmis, kleepub ehituses kasutatavatele erinevat t\u00fc\u00fcpi aluspindadele, isegi niisketele. K\u00fclmmass, liimitugevus on suurem kui traditsioonilistel liimimassidel. Pikaajalise \u00fchenduse jaoks viivitatud siduv efekt. Pole tundlik muutuvate ilmastikuolude suhtes. P\u00fcsivalt vastupidav ultraviolettkiirgusele.<\/p>\n<p><b>T\u00fc\u00fcpilised rakendused<\/b><\/p>\n<ul>\n<li>katusematerjalide renoveerimiseks ja remondiks<\/li>\n<li>igasuguste pragude, rebendite, vuukide, vuukide, katuste, vihmaveerennide, \u00e4ravoolutorude, katuseakende, seina\u00fchenduste ja muude materjalide p\u00fcsivaks tihendamiseks ja tihendamiseks<\/li>\n<li>sobib suurep\u00e4raselt bituumensindlite ja s\u00fcnteetiliste plaatide liimina<\/li>\n<li>kasulik ka tsingi, plii ja vase aknalaudade tasandamiseks<\/li>\n<li>tihenduskaabli juhtmed, elektri- ja antennikarbid<\/li>\n<li>kergete reklaamkorpuste remont<\/li>\n<\/ul>\n<p><b>V\u00e4rv<\/b><\/p>\n<p>must<\/p>\n","protected":false},"excerpt":{"rendered":"<p>Spetsialiseeritud bituumen-kummist hermeetik, koheseks kasutamiseks valmis, kleepub ehituses kasutatavatele erinevat t\u00fc\u00fcpi aluspindadele, isegi niisketele. K\u00fclmmass, liimitugevus on suurem kui traditsioonilistel liimimassidel. Pikaajalise \u00fchenduse jaoks viivitatud siduv efekt. Pole tundlik muutuvate ilmastikuolude suhtes. P\u00fcsivalt vastupidav ultraviolettkiirgusele..<\/p>\n","protected":false},"featured_media":1279,"comment_status":"open","ping_status":"closed","template":"","meta":{"_acf_changed":false},"factory":[],"free-shipment":[],"product_brand":[],"product_cat":[163,171],"product_tag":[162],"class_list":{"0":"post-1277","1":"product","2":"type-product","3":"status-publish","4":"has-post-thumbnail","6":"product_cat-ehituskeemia","7":"product_cat-hermeetikud","8":"product_tag-sealants-et-2","10":"first","11":"instock","12":"sale","13":"taxable","14":"shipping-taxable","15":"purchasable","16":"product-type-simple"},"acf":[],"_links":{"self":[{"href":"https:\/\/factory.sale\/et\/wp-json\/wp\/v2\/product\/1277","targetHints":{"allow":["GET"]}}],"collection":[{"href":"https:\/\/factory.sale\/et\/wp-json\/wp\/v2\/product"}],"about":[{"href":"https:\/\/factory.sale\/et\/wp-json\/wp\/v2\/types\/product"}],"replies":[{"embeddable":true,"href":"https:\/\/factory.sale\/et\/wp-json\/wp\/v2\/comments?post=1277"}],"wp:featuredmedia":[{"embeddable":true,"href":"https:\/\/factory.sale\/et\/wp-json\/wp\/v2\/media\/1279"}],"wp:attachment":[{"href":"https:\/\/factory.sale\/et\/wp-json\/wp\/v2\/media?parent=1277"}],"wp:term":[{"taxonomy":"factory","embeddable":true,"href":"https:\/\/factory.sale\/et\/wp-json\/wp\/v2\/factory?post=1277"},{"taxonomy":"free-shipment","embeddable":true,"href":"https:\/\/factory.sale\/et\/wp-json\/wp\/v2\/free-shipment?post=1277"},{"taxonomy":"product_brand","embeddable":true,"href":"https:\/\/factory.sale\/et\/wp-json\/wp\/v2\/product_brand?post=1277"},{"taxonomy":"product_cat","embeddable":true,"href":"https:\/\/factory.sale\/et\/wp-json\/wp\/v2\/product_cat?post=1277"},{"taxonomy":"product_tag","embeddable":true,"href":"https:\/\/factory.sale\/et\/wp-json\/wp\/v2\/product_tag?post=1277"}],"curies":[{"name":"wp","href":"https:\/\/api.w.org\/{rel}","templated":true}]}}