{"id":12769,"date":"2022-09-11T08:48:09","date_gmt":"2022-09-11T08:56:09","guid":{"rendered":"https:\/\/factory.sale\/?post_type=product&#038;p=12769"},"modified":"2024-06-26T12:42:02","modified_gmt":"2024-06-26T12:42:02","slug":"infire-inround","status":"publish","type":"product","link":"https:\/\/factory.sale\/et\/toode\/infire-inround\/","title":{"rendered":"InFire Inround"},"content":{"rendered":"<div>InFire Inround on enneolematu vormiga biokamin, selle \u00fcmmargune disain v\u00f5imaldab tuld nautida igast k\u00fcljest. Biokamina alumise osa saab paigaldada v\u00f5i s\u00fcvistada tasapinnale ja komplekti kuuluva \u00fclemise osa saab paigaldada lakke. \u00dclemine osa imiteerib disainielemendina suitsugaaside v\u00e4ljajuhtimist aga biokamin ise korstna\u00fchendust ega ka spetsiaalset ventilatsioonis\u00fcsteemi ei vaja, mist\u00f5ttu saab seda paigaldada absoluutselt k\u00f5ikjale \u2013 kodudesse, kontoritesse, restoranidesse v\u00f5i teistesse kliente teenindavatesse ruumidesse. V\u00f5id kindel olla, et InFire Inround biokamin oma kauni disainiga ei j\u00e4\u00e4 m\u00e4rkamatuks kellelegi. Kamin on varustatud 4 mm karastatud klaasiga (2 poolringi), mis suurendab ohutust ja stabiliseerib tulejoont.<\/div>\n<div><\/div>\n<div>InFire Inround biokamin kasutab k\u00fctuseks \u00f6koloogiliselt puhast bioetanooli, mis p\u00f5leb \u00e4\u00e4retult puhtalt, pakkudes tule maagiat suitsuta, gaasita, l\u00f5hnatult ja ohutult.<\/div>\n<div><\/div>\n<div><\/div>\n<div><\/div>\n<div><strong>Toote informatsioon:<\/strong><\/div>\n<ul>\n<li>KAAL: 26 kg<\/li>\n<li>K\u00d5RGUS:\u00a022 cm \/ 200 cm<\/li>\n<li>L\u00c4BIM\u00d5\u00d5T:\u00a080 cm<\/li>\n<li>PAIGALDAMINE:\u00a0S\u00fcvistatav, Vabaltseisev<\/li>\n<li>P\u00d5LEMISAEG:\u00a02-3 tundi<\/li>\n<\/ul>\n","protected":false},"excerpt":{"rendered":"<p>InFire Inround on enneolematu vormiga biokamin, selle \u00fcmmargune disain v\u00f5imaldab tuld nautida igast k\u00fcljest.<\/p>\n","protected":false},"featured_media":12761,"comment_status":"open","ping_status":"closed","template":"","meta":{"_acf_changed":false},"factory":[],"free-shipment":[],"product_brand":[],"product_cat":[1253,2630],"product_tag":[],"class_list":{"0":"post-12769","1":"product","2":"type-product","3":"status-publish","4":"has-post-thumbnail","6":"product_cat-bio-kaminad","7":"product_cat-infire-et","9":"first","10":"instock","11":"sale","12":"taxable","13":"shipping-taxable","14":"purchasable","15":"product-type-simple"},"acf":[],"_links":{"self":[{"href":"https:\/\/factory.sale\/et\/wp-json\/wp\/v2\/product\/12769","targetHints":{"allow":["GET"]}}],"collection":[{"href":"https:\/\/factory.sale\/et\/wp-json\/wp\/v2\/product"}],"about":[{"href":"https:\/\/factory.sale\/et\/wp-json\/wp\/v2\/types\/product"}],"replies":[{"embeddable":true,"href":"https:\/\/factory.sale\/et\/wp-json\/wp\/v2\/comments?post=12769"}],"wp:featuredmedia":[{"embeddable":true,"href":"https:\/\/factory.sale\/et\/wp-json\/wp\/v2\/media\/12761"}],"wp:attachment":[{"href":"https:\/\/factory.sale\/et\/wp-json\/wp\/v2\/media?parent=12769"}],"wp:term":[{"taxonomy":"factory","embeddable":true,"href":"https:\/\/factory.sale\/et\/wp-json\/wp\/v2\/factory?post=12769"},{"taxonomy":"free-shipment","embeddable":true,"href":"https:\/\/factory.sale\/et\/wp-json\/wp\/v2\/free-shipment?post=12769"},{"taxonomy":"product_brand","embeddable":true,"href":"https:\/\/factory.sale\/et\/wp-json\/wp\/v2\/product_brand?post=12769"},{"taxonomy":"product_cat","embeddable":true,"href":"https:\/\/factory.sale\/et\/wp-json\/wp\/v2\/product_cat?post=12769"},{"taxonomy":"product_tag","embeddable":true,"href":"https:\/\/factory.sale\/et\/wp-json\/wp\/v2\/product_tag?post=12769"}],"curies":[{"name":"wp","href":"https:\/\/api.w.org\/{rel}","templated":true}]}}