{"id":12753,"date":"2022-09-10T19:48:55","date_gmt":"2022-09-10T19:52:01","guid":{"rendered":"https:\/\/factory.sale\/?post_type=product&#038;p=12753"},"modified":"2024-06-28T20:56:33","modified_gmt":"2024-06-28T20:56:33","slug":"infire-inportal-2","status":"publish","type":"product","link":"https:\/\/factory.sale\/et\/toode\/infire-inportal-2\/","title":{"rendered":"InFire Inportal 2"},"content":{"rendered":"<div>InFire Inportal 2 on klassikalise kamina disainiga biokamin, mis sobib suurep\u00e4raselt igasse interj\u00f6\u00f6ri. Poleeritud MDF-materjalist kamina korpus on elegantne ja silmapaistev.<\/div>\n<div><\/div>\n<div>Biokamin ei vaja korstna\u00fchendust ega ka spetsiaalset ventilatsioonis\u00fcsteemi ja sobib seet\u00f5ttu absoluutselt k\u00f5ikjale \u2013 kodudesse, kontoritesse, restoranidesse v\u00f5i teistesse kliente teenindavatesse ruumidesse. V\u00f5id kindel olla, et InFire Inportal 2 biokamin oma kauni disainiga ei j\u00e4\u00e4 m\u00e4rkamatuks kellelegi. Kamin on varustatud 4 mm paksusega ja \u00f5rnalt toonitud karastatud klaasiga, mis suurendab ohutust ja stabiliseerib tulejoont.<\/div>\n<div><\/div>\n<div><\/div>\n<div><\/div>\n<div><strong>Tooteteave:<\/strong><\/div>\n<div><\/div>\n<ul>\n<li>KAAL: \u00a028 kg<\/li>\n<li>K\u00d5RGUS: 100 cm<\/li>\n<li>LAIUS: 110 cm<\/li>\n<li>S\u00dcGAVUS: 30 cm<\/li>\n<li>PAIGALDAMINE: Vabaltseisev<\/li>\n<li>P\u00d5LEMISAEG: 3-5 tund<\/li>\n<\/ul>\n","protected":false},"excerpt":{"rendered":"<p>Mudel on klassikaline vorm, mis on \u00fchendatud kaasaegse biokamina lahendusega. Poleeritud MDF-korpus tagab teie interj\u00f6\u00f6ris elegantsi ja hubase tunde.<\/p>\n","protected":false},"featured_media":12739,"comment_status":"open","ping_status":"closed","template":"","meta":{"_acf_changed":false},"factory":[],"free-shipment":[],"product_brand":[],"product_cat":[1253,2630],"product_tag":[],"class_list":{"0":"post-12753","1":"product","2":"type-product","3":"status-publish","4":"has-post-thumbnail","6":"product_cat-bio-kaminad","7":"product_cat-infire-et","9":"first","10":"instock","11":"sale","12":"taxable","13":"shipping-taxable","14":"purchasable","15":"product-type-simple"},"acf":[],"_links":{"self":[{"href":"https:\/\/factory.sale\/et\/wp-json\/wp\/v2\/product\/12753","targetHints":{"allow":["GET"]}}],"collection":[{"href":"https:\/\/factory.sale\/et\/wp-json\/wp\/v2\/product"}],"about":[{"href":"https:\/\/factory.sale\/et\/wp-json\/wp\/v2\/types\/product"}],"replies":[{"embeddable":true,"href":"https:\/\/factory.sale\/et\/wp-json\/wp\/v2\/comments?post=12753"}],"wp:featuredmedia":[{"embeddable":true,"href":"https:\/\/factory.sale\/et\/wp-json\/wp\/v2\/media\/12739"}],"wp:attachment":[{"href":"https:\/\/factory.sale\/et\/wp-json\/wp\/v2\/media?parent=12753"}],"wp:term":[{"taxonomy":"factory","embeddable":true,"href":"https:\/\/factory.sale\/et\/wp-json\/wp\/v2\/factory?post=12753"},{"taxonomy":"free-shipment","embeddable":true,"href":"https:\/\/factory.sale\/et\/wp-json\/wp\/v2\/free-shipment?post=12753"},{"taxonomy":"product_brand","embeddable":true,"href":"https:\/\/factory.sale\/et\/wp-json\/wp\/v2\/product_brand?post=12753"},{"taxonomy":"product_cat","embeddable":true,"href":"https:\/\/factory.sale\/et\/wp-json\/wp\/v2\/product_cat?post=12753"},{"taxonomy":"product_tag","embeddable":true,"href":"https:\/\/factory.sale\/et\/wp-json\/wp\/v2\/product_tag?post=12753"}],"curies":[{"name":"wp","href":"https:\/\/api.w.org\/{rel}","templated":true}]}}