{"id":1274,"date":"2019-11-09T12:27:53","date_gmt":"2019-11-09T12:27:53","guid":{"rendered":"https:\/\/factory.sale\/product\/mirror-fix-sil-300ml-silicone-adhesive-and-sealant-for-mirrors-2\/"},"modified":"2024-06-28T12:36:06","modified_gmt":"2024-06-28T12:36:06","slug":"mirror-fix-sil-300ml-silicone-adhesive-and-sealant-for-mirrors-2","status":"publish","type":"product","link":"https:\/\/factory.sale\/et\/toode\/mirror-fix-sil-300ml-silicone-adhesive-and-sealant-for-mirrors-2\/","title":{"rendered":"MIRROR FIX SIL 300ML &#8211; SILICONE ADHESIVE AND SEALANT FOR MIRRORS"},"content":{"rendered":"<p>Spetsiaalne silikoonliim ja hoone hermeetik, mis on m\u00f5eldud peeglite, laminaatide ja klaasmosaiigi liimimiseks, ka peegel-peeglis\u00fcsteemis. Sellel on v\u00e4ga hea haardumine t\u00fc\u00fcpiliste ehitusmaterjalidega nagu klaas, metallid, plastid, puit, tellis, glasuur, betoon, kivi, keraamika, kipsielemendid jne. Tootel on neutraalne k\u00f5vas\u00fcsteem. Lahustivaba. See on elastne, vastupidav ja vastupidav temperatuurimuutustele: -40 kuni + 180 \u00b0 C ning seentele, hallitusseentele ja UV-kiirtele.<\/p>\n<p>Kasutusmeetod<\/p>\n<p>liimitavad pinnad peavad olema kuivad ja puhtad, tolmu, mustuse, rasva, rasva, rooste ja muude nakkumist n\u00f5rgendavate aineteta. Klaasist, glasuuritud pindadest, puidust tuleks rasvatustada alkoholi, bensiini v\u00f5i m\u00f5ne muu lahustiga. Imavad pinnad, n\u00e4iteks krohv v\u00f5i tellis, tuleks kruntida. Liim tuleb kanda vertikaalsete triipude v\u00f5i t\u00e4ppidega &#8211; liimile peab olema tagatud \u00f5hu juurdep\u00e4\u00e4s. Vajutage liimitud pindu tugevasti ja \u00fchtlaselt, peegli kinnitamiseks kasutage liimi t\u00e4ielikuks k\u00f5venemiseks tugeid (s\u00fcgavk\u00f5vendusaeg: 2 mm \/ 24 tundi). Enne k\u00f5venemist \u00e4rge sulgege peegli serva.<\/p>\n<p><b>Hoiatused<\/b><\/p>\n<p>Tundmatu tootja peeglite puhul tuleks l\u00e4bi viia liimimiskatsed. Sisekasutuseks m\u00f5eldud peeglid tuleks kaitsta 0,7 g \/ m 2 h\u00f5beda, 0,2 g \/ m 2 vase, 50 \u03bcm paksuse praimeri ja pealiskihiga, sealhulgas 20 um praimeriga.<\/p>\n<p>Enne toote pealekandmist on soovitatav l\u00e4bi viia ka aluspinna adhesioonitesti.<\/p>\n","protected":false},"excerpt":{"rendered":"<p>Spetsiaalne silikoonliim ja hoone hermeetik, mis on m\u00f5eldud peeglite, laminaatide ja klaasmosaiigi liimimiseks, ka peegel-peeglis\u00fcsteemis. Sellel on v\u00e4ga hea haardumine t\u00fc\u00fcpiliste ehitusmaterjalidega nagu klaas, metallid, plastid, puit, tellis, glasuur, betoon, kivi, keraamika, kipsielemendid jne. Tootel on neutraalne k\u00f5vas\u00fcsteem. Lahustivaba. See on elastne, vastupidav ja vastupidav temperatuurimuutustele: -40 kuni + 180 \u00b0 C ning seentele, hallitusseentele ja UV-kiirtele.<\/p>\n","protected":false},"featured_media":1276,"comment_status":"open","ping_status":"closed","template":"","meta":{"_acf_changed":false},"factory":[],"free-shipment":[],"product_brand":[],"product_cat":[163,168],"product_tag":[158],"class_list":{"0":"post-1274","1":"product","2":"type-product","3":"status-publish","4":"has-post-thumbnail","6":"product_cat-ehituskeemia","7":"product_cat-liimid","8":"product_tag-glues-et-2","10":"first","11":"instock","12":"sale","13":"taxable","14":"shipping-taxable","15":"purchasable","16":"product-type-simple"},"acf":[],"_links":{"self":[{"href":"https:\/\/factory.sale\/et\/wp-json\/wp\/v2\/product\/1274","targetHints":{"allow":["GET"]}}],"collection":[{"href":"https:\/\/factory.sale\/et\/wp-json\/wp\/v2\/product"}],"about":[{"href":"https:\/\/factory.sale\/et\/wp-json\/wp\/v2\/types\/product"}],"replies":[{"embeddable":true,"href":"https:\/\/factory.sale\/et\/wp-json\/wp\/v2\/comments?post=1274"}],"wp:featuredmedia":[{"embeddable":true,"href":"https:\/\/factory.sale\/et\/wp-json\/wp\/v2\/media\/1276"}],"wp:attachment":[{"href":"https:\/\/factory.sale\/et\/wp-json\/wp\/v2\/media?parent=1274"}],"wp:term":[{"taxonomy":"factory","embeddable":true,"href":"https:\/\/factory.sale\/et\/wp-json\/wp\/v2\/factory?post=1274"},{"taxonomy":"free-shipment","embeddable":true,"href":"https:\/\/factory.sale\/et\/wp-json\/wp\/v2\/free-shipment?post=1274"},{"taxonomy":"product_brand","embeddable":true,"href":"https:\/\/factory.sale\/et\/wp-json\/wp\/v2\/product_brand?post=1274"},{"taxonomy":"product_cat","embeddable":true,"href":"https:\/\/factory.sale\/et\/wp-json\/wp\/v2\/product_cat?post=1274"},{"taxonomy":"product_tag","embeddable":true,"href":"https:\/\/factory.sale\/et\/wp-json\/wp\/v2\/product_tag?post=1274"}],"curies":[{"name":"wp","href":"https:\/\/api.w.org\/{rel}","templated":true}]}}