{"id":1271,"date":"2019-11-09T12:31:09","date_gmt":"2019-11-09T12:31:09","guid":{"rendered":"https:\/\/factory.sale\/product\/plastic-glue-20ml-adhesive-for-hard-plastics-and-pvc\/"},"modified":"2025-03-20T00:06:18","modified_gmt":"2025-03-19T21:06:18","slug":"plastic-glue-20ml-adhesive-for-hard-plastics-and-pvc","status":"publish","type":"product","link":"https:\/\/factory.sale\/et\/toode\/plastic-glue-20ml-adhesive-for-hard-plastics-and-pvc\/","title":{"rendered":"PLASTIC GLUE 20ML &#8211; ADHESIVE FOR HARD PLASTICS AND PVC"},"content":{"rendered":"<p><strong>Adhesive for hard plastics<\/strong> on m\u00f5eldud t\u00e4nap\u00e4evaste s\u00fcnteetiliste materjalide nagu ABS, akr\u00fc\u00fclklaas, TR, EVA ja k\u00f5va PVC \u00fchendamiseks torude, liitmike, vihmaveetorude, liitmike, plaatide kujul (va PE, PA, HDPE). Moodustab v\u00e4ga tugeva vuugi, mis on vastupidav k\u00fclma ja kuuma vee ning kemikaalide vastu.<\/p>\n<p><b>T\u00fc\u00fcpilised rakendused<\/b><\/p>\n<p>Kodumasinate remont: tolmuimejad, segistid, k\u00fclmikud, kohvimasinad, kuivatid, mahlapressid, autode plastist esitulede katted, arvutid, magnetofonid, telefonid, armatuurlauad, plastm\u00e4nguasjad. K\u00f5vast PVC-st valmistatud vee- ja kanalisatsiooniseadmete \u00fchenduselemendid.<\/p>\n","protected":false},"excerpt":{"rendered":"<p><strong>Adhesive for hard plastics\u00a0<\/strong>on m\u00f5eldud t\u00e4nap\u00e4evaste s\u00fcnteetiliste materjalide nagu ABS, akr\u00fc\u00fclklaas, TR, EVA ja k\u00f5va PVC \u00fchendamiseks torude, liitmike, vihmaveetorude, liitmike, plaatide kujul (va PE, PA, HDPE). Moodustab v\u00e4ga tugeva vuugi, mis on vastupidav k\u00fclma ja kuuma vee ning kemikaalide vastu.<\/p>\n<p>&nbsp;<\/p>\n","protected":false},"featured_media":1273,"comment_status":"open","ping_status":"closed","template":"","meta":{"_acf_changed":false},"factory":[],"free-shipment":[],"product_brand":[],"product_cat":[163,168],"product_tag":[],"class_list":{"0":"post-1271","1":"product","2":"type-product","3":"status-publish","4":"has-post-thumbnail","6":"product_cat-ehituskeemia","7":"product_cat-liimid","9":"first","10":"instock","11":"sale","12":"taxable","13":"shipping-taxable","14":"purchasable","15":"product-type-simple"},"acf":[],"_links":{"self":[{"href":"https:\/\/factory.sale\/et\/wp-json\/wp\/v2\/product\/1271","targetHints":{"allow":["GET"]}}],"collection":[{"href":"https:\/\/factory.sale\/et\/wp-json\/wp\/v2\/product"}],"about":[{"href":"https:\/\/factory.sale\/et\/wp-json\/wp\/v2\/types\/product"}],"replies":[{"embeddable":true,"href":"https:\/\/factory.sale\/et\/wp-json\/wp\/v2\/comments?post=1271"}],"wp:featuredmedia":[{"embeddable":true,"href":"https:\/\/factory.sale\/et\/wp-json\/wp\/v2\/media\/1273"}],"wp:attachment":[{"href":"https:\/\/factory.sale\/et\/wp-json\/wp\/v2\/media?parent=1271"}],"wp:term":[{"taxonomy":"factory","embeddable":true,"href":"https:\/\/factory.sale\/et\/wp-json\/wp\/v2\/factory?post=1271"},{"taxonomy":"free-shipment","embeddable":true,"href":"https:\/\/factory.sale\/et\/wp-json\/wp\/v2\/free-shipment?post=1271"},{"taxonomy":"product_brand","embeddable":true,"href":"https:\/\/factory.sale\/et\/wp-json\/wp\/v2\/product_brand?post=1271"},{"taxonomy":"product_cat","embeddable":true,"href":"https:\/\/factory.sale\/et\/wp-json\/wp\/v2\/product_cat?post=1271"},{"taxonomy":"product_tag","embeddable":true,"href":"https:\/\/factory.sale\/et\/wp-json\/wp\/v2\/product_tag?post=1271"}],"curies":[{"name":"wp","href":"https:\/\/api.w.org\/{rel}","templated":true}]}}