{"id":12706,"date":"2022-09-10T10:28:11","date_gmt":"2022-09-10T10:28:36","guid":{"rendered":"https:\/\/factory.sale\/?post_type=product&#038;p=12706"},"modified":"2024-06-28T03:13:09","modified_gmt":"2024-06-28T03:13:09","slug":"infire-inecco","status":"publish","type":"product","link":"https:\/\/factory.sale\/et\/toode\/infire-inecco\/","title":{"rendered":"InFire Inecco"},"content":{"rendered":"<p>INECCO mudel on kaasaegne iseseisev kamin. Selle ainulaadne vorm sobib ideaalselt kaasaegsesse interj\u00f6\u00f6ri ning t\u00e4idab need kauni tule ja soojusega. Kamin v\u00f5ib olla ka t\u00e4iuslik dekoratiivne element v\u00e4ljas, nt. terrassil. Kamin on varustatud karkassi sisseehitatud isolatsiooniga ja \u00f5hutorudega, mis annavad tuppa sooja. Karastatud klaas suurendab ohutust ja stabiliseerib tulejoont.<\/p>\n<p>&nbsp;<\/p>\n<p>&nbsp;<\/p>\n<p><strong>Tooteteave:<\/strong><\/p>\n<ul>\n<li>M\u00f5\u00f5tmed:\u00a01100 x 750 x 300 mm<\/li>\n<li>Kolle:\u00a0500 mm = 1 l<\/li>\n<li>P\u00f5lemine:\u00a024 tundi<\/li>\n<li>Klaas:\u00a0Karastatud klaas 4 mm, toonitud<\/li>\n<li>Garantii:\u00a024 kuud<\/li>\n<li>V\u00e4rv:\u00a0Valge must<\/li>\n<li>Montaa\u017e:\u00a0Vabaltseisev<\/li>\n<\/ul>\n","protected":false},"excerpt":{"rendered":"<p>INECCO mudel on kaasaegne iseseisev kamin. Selle ainulaadne vorm sobib ideaalselt kaasaegsesse interj\u00f6\u00f6ri ning t\u00e4idab need kauni tule ja soojusega.<\/p>\n","protected":false},"featured_media":12692,"comment_status":"open","ping_status":"closed","template":"","meta":{"_acf_changed":false},"factory":[],"free-shipment":[],"product_brand":[],"product_cat":[1253,2630],"product_tag":[],"class_list":{"0":"post-12706","1":"product","2":"type-product","3":"status-publish","4":"has-post-thumbnail","6":"product_cat-bio-kaminad","7":"product_cat-infire-et","9":"first","10":"instock","11":"sale","12":"taxable","13":"shipping-taxable","14":"purchasable","15":"product-type-simple"},"acf":[],"_links":{"self":[{"href":"https:\/\/factory.sale\/et\/wp-json\/wp\/v2\/product\/12706","targetHints":{"allow":["GET"]}}],"collection":[{"href":"https:\/\/factory.sale\/et\/wp-json\/wp\/v2\/product"}],"about":[{"href":"https:\/\/factory.sale\/et\/wp-json\/wp\/v2\/types\/product"}],"replies":[{"embeddable":true,"href":"https:\/\/factory.sale\/et\/wp-json\/wp\/v2\/comments?post=12706"}],"wp:featuredmedia":[{"embeddable":true,"href":"https:\/\/factory.sale\/et\/wp-json\/wp\/v2\/media\/12692"}],"wp:attachment":[{"href":"https:\/\/factory.sale\/et\/wp-json\/wp\/v2\/media?parent=12706"}],"wp:term":[{"taxonomy":"factory","embeddable":true,"href":"https:\/\/factory.sale\/et\/wp-json\/wp\/v2\/factory?post=12706"},{"taxonomy":"free-shipment","embeddable":true,"href":"https:\/\/factory.sale\/et\/wp-json\/wp\/v2\/free-shipment?post=12706"},{"taxonomy":"product_brand","embeddable":true,"href":"https:\/\/factory.sale\/et\/wp-json\/wp\/v2\/product_brand?post=12706"},{"taxonomy":"product_cat","embeddable":true,"href":"https:\/\/factory.sale\/et\/wp-json\/wp\/v2\/product_cat?post=12706"},{"taxonomy":"product_tag","embeddable":true,"href":"https:\/\/factory.sale\/et\/wp-json\/wp\/v2\/product_tag?post=12706"}],"curies":[{"name":"wp","href":"https:\/\/api.w.org\/{rel}","templated":true}]}}