{"id":12687,"date":"2022-09-10T10:06:00","date_gmt":"2022-09-10T10:11:45","guid":{"rendered":"https:\/\/factory.sale\/?post_type=product&#038;p=12687"},"modified":"2024-07-04T20:43:54","modified_gmt":"2024-07-04T20:43:54","slug":"infire-industrial","status":"publish","type":"product","link":"https:\/\/factory.sale\/et\/toode\/infire-industrial\/","title":{"rendered":"InFire Industrial"},"content":{"rendered":"<p>Kamin sobib loft-t\u00fc\u00fcpi interj\u00f6\u00f6riga, kuid mitte ainult. See sobib suurep\u00e4raselt ka kaasaegsesse, puidust ja klassikalisesse interj\u00f6\u00f6ri. See on varustatud PRL (Poola Rahvavabariik) stiilis puidust jalgadega ja v\u00f5rguga, mis n\u00e4eb v\u00e4lja nagu oleks korrodeerunud. Selle v\u00f5ib asetada vastu seina, kuid see n\u00e4eb mudeli h\u00e4sti kujundatud viimistluse t\u00f5ttu v\u00e4lja ka ruumi keskpunktis.<\/p>\n<p>&nbsp;<\/p>\n<p>&nbsp;<\/p>\n<p><strong>Tooteteave:<\/strong><\/p>\n<ul>\n<li>M\u00f5\u00f5dud: 1000 x 470 x 300 mm<\/li>\n<li>Kolle: 500 mm = 1 l<\/li>\n<li>P\u00f5lemine: 3-5 tundi<\/li>\n<li>Klaas: 2 karastatud 4mm klaaspaneeli &#8211; toonitud<\/li>\n<li>Garantii: 24 kuud<\/li>\n<li>V\u00e4rv: teras, must<\/li>\n<li>Montaa\u017e: eraldiseisev<\/li>\n<\/ul>\n","protected":false},"excerpt":{"rendered":"<p>Kamin sobib loft-t\u00fc\u00fcpi interj\u00f6\u00f6riga, kuid mitte ainult. See sobib suurep\u00e4raselt ka kaasaegsesse, puidust ja klassikalisesse interj\u00f6\u00f6ri.<\/p>\n","protected":false},"featured_media":12676,"comment_status":"open","ping_status":"closed","template":"","meta":{"_acf_changed":false},"factory":[],"free-shipment":[],"product_brand":[],"product_cat":[1253,2630],"product_tag":[],"class_list":{"0":"post-12687","1":"product","2":"type-product","3":"status-publish","4":"has-post-thumbnail","6":"product_cat-bio-kaminad","7":"product_cat-infire-et","9":"first","10":"instock","11":"sale","12":"taxable","13":"shipping-taxable","14":"purchasable","15":"product-type-simple"},"acf":[],"_links":{"self":[{"href":"https:\/\/factory.sale\/et\/wp-json\/wp\/v2\/product\/12687","targetHints":{"allow":["GET"]}}],"collection":[{"href":"https:\/\/factory.sale\/et\/wp-json\/wp\/v2\/product"}],"about":[{"href":"https:\/\/factory.sale\/et\/wp-json\/wp\/v2\/types\/product"}],"replies":[{"embeddable":true,"href":"https:\/\/factory.sale\/et\/wp-json\/wp\/v2\/comments?post=12687"}],"wp:featuredmedia":[{"embeddable":true,"href":"https:\/\/factory.sale\/et\/wp-json\/wp\/v2\/media\/12676"}],"wp:attachment":[{"href":"https:\/\/factory.sale\/et\/wp-json\/wp\/v2\/media?parent=12687"}],"wp:term":[{"taxonomy":"factory","embeddable":true,"href":"https:\/\/factory.sale\/et\/wp-json\/wp\/v2\/factory?post=12687"},{"taxonomy":"free-shipment","embeddable":true,"href":"https:\/\/factory.sale\/et\/wp-json\/wp\/v2\/free-shipment?post=12687"},{"taxonomy":"product_brand","embeddable":true,"href":"https:\/\/factory.sale\/et\/wp-json\/wp\/v2\/product_brand?post=12687"},{"taxonomy":"product_cat","embeddable":true,"href":"https:\/\/factory.sale\/et\/wp-json\/wp\/v2\/product_cat?post=12687"},{"taxonomy":"product_tag","embeddable":true,"href":"https:\/\/factory.sale\/et\/wp-json\/wp\/v2\/product_tag?post=12687"}],"curies":[{"name":"wp","href":"https:\/\/api.w.org\/{rel}","templated":true}]}}