{"id":1268,"date":"2019-11-09T12:33:46","date_gmt":"2019-11-09T12:33:46","guid":{"rendered":"https:\/\/factory.sale\/product\/rubber-glue-20ml-rubber-adhesive\/"},"modified":"2024-06-26T23:24:43","modified_gmt":"2024-06-26T23:24:43","slug":"rubber-glue-20ml-rubber-adhesive","status":"publish","type":"product","link":"https:\/\/factory.sale\/et\/toode\/rubber-glue-20ml-rubber-adhesive\/","title":{"rendered":"RUBBER GLUE 20ML &#8211; RUBBER ADHESIVE"},"content":{"rendered":"<p>Suurep\u00e4rane liim kummielementide jaoks. See loob tugeva ja v\u00e4ga elastse vuugi, mis on vastupidav muutuvatele temperatuuridele.<br \/>\nSee sobib suurep\u00e4raselt auto -ja jalgrattatorude liimimiseks, lekkivate kummivoolikute jaoks. See sobib ka kummist derivaatide liimimiseks, mis on valmistatud kaetud kummist nagu n\u00e4iteks t\u00e4ispuhutavad madratsid.<\/p>\n<p><b>Kasutus<\/b><\/p>\n<p>Kandke m\u00f5lemale puhastatud (nt liivapaberiga) ja atsetooniga rasvatustatud pinnale \u00f5huke liimikiht. V\u00e4ga imavate pindade jaoks kandke m\u00f5ne minuti jooksul teine \u200b\u200bliimikiht. Enne liitumist oodake 5\u201310 minutit, vajutage tugevasti ja j\u00e4tke umbes 12 tunniks kokkusurutuks.<\/p>\n<p>Kinni j\u00e4\u00e4nud sisemised torud saab rataste k\u00fclge kinnitada kohe p\u00e4rast liimimist.<\/p>\n<p>Liimiga t\u00f6\u00f6tamise temperatuur: +12 kuni + 25 \u00b0 C.<\/p>\n","protected":false},"excerpt":{"rendered":"<p>Suurep\u00e4rane liim kummielementide jaoks. See loob tugeva ja v\u00e4ga elastse vuugi, mis on vastupidav muutuvatele temperatuuridele.<br \/>\nSee sobib suurep\u00e4raselt auto -ja jalgrattatorude liimimiseks, lekkivate kummivoolikute jaoks. See sobib ka kummist derivaatide liimimiseks, mis on valmistatud kaetud kummist nagu n\u00e4iteks t\u00e4ispuhutavad madratsid.<\/p>\n","protected":false},"featured_media":1270,"comment_status":"open","ping_status":"closed","template":"","meta":{"_acf_changed":false},"factory":[],"free-shipment":[],"product_brand":[],"product_cat":[163,168],"product_tag":[158],"class_list":{"0":"post-1268","1":"product","2":"type-product","3":"status-publish","4":"has-post-thumbnail","6":"product_cat-ehituskeemia","7":"product_cat-liimid","8":"product_tag-glues-et-2","10":"first","11":"instock","12":"sale","13":"taxable","14":"shipping-taxable","15":"purchasable","16":"product-type-simple"},"acf":[],"_links":{"self":[{"href":"https:\/\/factory.sale\/et\/wp-json\/wp\/v2\/product\/1268","targetHints":{"allow":["GET"]}}],"collection":[{"href":"https:\/\/factory.sale\/et\/wp-json\/wp\/v2\/product"}],"about":[{"href":"https:\/\/factory.sale\/et\/wp-json\/wp\/v2\/types\/product"}],"replies":[{"embeddable":true,"href":"https:\/\/factory.sale\/et\/wp-json\/wp\/v2\/comments?post=1268"}],"wp:featuredmedia":[{"embeddable":true,"href":"https:\/\/factory.sale\/et\/wp-json\/wp\/v2\/media\/1270"}],"wp:attachment":[{"href":"https:\/\/factory.sale\/et\/wp-json\/wp\/v2\/media?parent=1268"}],"wp:term":[{"taxonomy":"factory","embeddable":true,"href":"https:\/\/factory.sale\/et\/wp-json\/wp\/v2\/factory?post=1268"},{"taxonomy":"free-shipment","embeddable":true,"href":"https:\/\/factory.sale\/et\/wp-json\/wp\/v2\/free-shipment?post=1268"},{"taxonomy":"product_brand","embeddable":true,"href":"https:\/\/factory.sale\/et\/wp-json\/wp\/v2\/product_brand?post=1268"},{"taxonomy":"product_cat","embeddable":true,"href":"https:\/\/factory.sale\/et\/wp-json\/wp\/v2\/product_cat?post=1268"},{"taxonomy":"product_tag","embeddable":true,"href":"https:\/\/factory.sale\/et\/wp-json\/wp\/v2\/product_tag?post=1268"}],"curies":[{"name":"wp","href":"https:\/\/api.w.org\/{rel}","templated":true}]}}