{"id":12670,"date":"2022-09-10T09:27:24","date_gmt":"2022-09-10T09:29:05","guid":{"rendered":"https:\/\/factory.sale\/?post_type=product&#038;p=12670"},"modified":"2024-06-27T21:47:18","modified_gmt":"2024-06-27T21:47:18","slug":"infire-incyrcle","status":"publish","type":"product","link":"https:\/\/factory.sale\/et\/toode\/infire-incyrcle\/","title":{"rendered":"InFire Incyrcle"},"content":{"rendered":"<p>InFire Incyrcle kamin on lakke riputatav disainerkamin. Selle vorm sobib kaasaegse ja loft-interj\u00f6\u00f6riga. Toru pikkust ning korpuse ja toru v\u00e4rvi saab kohandada vastavalt kliendi vajadustele.<\/p>\n<p>&nbsp;<\/p>\n<p>&nbsp;<\/p>\n<p><strong>Tooteteave:<\/strong><\/p>\n<ul>\n<li>M\u00f5\u00f5dud:\u00a0700 x 350 x 1500 (toru) mm<\/li>\n<li>Kolle: 500 mm = 1 l<\/li>\n<li>P\u00f5lemine: 3-5 tundi<\/li>\n<li>Klaas: 2 karastatud 4 mm klaaspaneeli \u2013 toonitud<\/li>\n<li>Garantii: 24 kuud<\/li>\n<li>V\u00e4rv:\u00a0must, valge, kroom<\/li>\n<li>Montaa\u017e: riputamine<\/li>\n<\/ul>\n","protected":false},"excerpt":{"rendered":"<p>InFire Incyrcle kamin on lakke riputatav disainerkamin. Selle vorm sobib kaasaegse ja loft-interj\u00f6\u00f6riga.<\/p>\n","protected":false},"featured_media":12656,"comment_status":"open","ping_status":"closed","template":"","meta":{"_acf_changed":false},"factory":[],"free-shipment":[],"product_brand":[],"product_cat":[1253,2630],"product_tag":[],"class_list":{"0":"post-12670","1":"product","2":"type-product","3":"status-publish","4":"has-post-thumbnail","6":"product_cat-bio-kaminad","7":"product_cat-infire-et","9":"first","10":"instock","11":"sale","12":"taxable","13":"shipping-taxable","14":"purchasable","15":"product-type-simple"},"acf":[],"_links":{"self":[{"href":"https:\/\/factory.sale\/et\/wp-json\/wp\/v2\/product\/12670","targetHints":{"allow":["GET"]}}],"collection":[{"href":"https:\/\/factory.sale\/et\/wp-json\/wp\/v2\/product"}],"about":[{"href":"https:\/\/factory.sale\/et\/wp-json\/wp\/v2\/types\/product"}],"replies":[{"embeddable":true,"href":"https:\/\/factory.sale\/et\/wp-json\/wp\/v2\/comments?post=12670"}],"wp:featuredmedia":[{"embeddable":true,"href":"https:\/\/factory.sale\/et\/wp-json\/wp\/v2\/media\/12656"}],"wp:attachment":[{"href":"https:\/\/factory.sale\/et\/wp-json\/wp\/v2\/media?parent=12670"}],"wp:term":[{"taxonomy":"factory","embeddable":true,"href":"https:\/\/factory.sale\/et\/wp-json\/wp\/v2\/factory?post=12670"},{"taxonomy":"free-shipment","embeddable":true,"href":"https:\/\/factory.sale\/et\/wp-json\/wp\/v2\/free-shipment?post=12670"},{"taxonomy":"product_brand","embeddable":true,"href":"https:\/\/factory.sale\/et\/wp-json\/wp\/v2\/product_brand?post=12670"},{"taxonomy":"product_cat","embeddable":true,"href":"https:\/\/factory.sale\/et\/wp-json\/wp\/v2\/product_cat?post=12670"},{"taxonomy":"product_tag","embeddable":true,"href":"https:\/\/factory.sale\/et\/wp-json\/wp\/v2\/product_tag?post=12670"}],"curies":[{"name":"wp","href":"https:\/\/api.w.org\/{rel}","templated":true}]}}