{"id":1265,"date":"2019-11-09T12:37:09","date_gmt":"2019-11-09T12:37:09","guid":{"rendered":"https:\/\/factory.sale\/product\/montage-gunfoam-b1-750ml-flame-retardant-low-expansion-pistol-assembly-foam\/"},"modified":"2025-03-23T12:04:52","modified_gmt":"2025-03-23T09:04:52","slug":"montage-gunfoam-b1-750ml-flame-retardant-low-expansion-pistol-assembly-foam","status":"publish","type":"product","link":"https:\/\/factory.sale\/et\/toode\/montage-gunfoam-b1-750ml-flame-retardant-low-expansion-pistol-assembly-foam\/","title":{"rendered":"MONTAGE GUNFOAM B1 750ML &#8211; FLAME RETARDANT LOW EXPANSION PISTOL ASSEMBLY FOAM"},"content":{"rendered":"<p>\u00dchekomponentne p\u00fcstol, madala paisumisega, leegiaeglustav pol\u00fcuretaanist koosnev koost ja isolatsioonvaht, mida iseloomustab suletud elementide \u00fchtlane ja korrap\u00e4rane struktuur, madal niiskuseimavus ning suurep\u00e4rased parameetrid soojus- ja heliisolatsiooni valdkonnas. Kasutustemperatuuri vahemik: + 10 \u00b0 C kuni + 35 \u00b0 C<\/p>\n<p><b>Omadused<\/b><\/p>\n<ul>\n<li>kasutamiseks laias temperatuurivahemikus + 10 \u00b0 C kuni + 35 \u00b0 C<\/li>\n<li>laieneb, kui puutub kokku substraadis sisalduva niiskuse ja atmosf\u00e4\u00e4ri\u00f5huga<\/li>\n<li>h\u00e4sti liimitav betooni, krohvi, tellise, puidu, PVC, metallide, klaasi ja paljude plastikute jms jaoks.<\/li>\n<li>tagab hea soojus- ja heliisolatsiooni<\/li>\n<li>sellel on \u00f5ige t\u00f6\u00f6tlemise aeg ja esialgne v\u00f5imsus<\/li>\n<li>liim vertikaalsele ja horisontaalsele pinnale &#8211; ei tilgu<\/li>\n<li>m\u00f5\u00f5tmetega stabiilne aja jooksul<\/li>\n<li>tagab kokkupandud elementide stabiilsuse ja paindlikkuse<\/li>\n<\/ul>\n<p><b>Kasutus<\/b><\/p>\n<ul>\n<li>puidust, metallist ja plastist elementide kokkupanek ehituses ja t\u00f6\u00f6stuses<\/li>\n<li>ruloode, akna- ja ukseraamide paigaldamine ja tihendamine<\/li>\n<li>pragude ja l\u00fcnkade t\u00e4itmine hoonete vaheseinte elementide \u00fchenduskohtades<\/li>\n<li>torude ja paigaldustorude t\u00fchimike ja soonte t\u00e4itmine seintes, lagedes ja katustes<\/li>\n<li>katuste ja katuste soojusisolatsioon<\/li>\n<li>katuse vuukide tihendamine<\/li>\n<li>vee, -kanalisatsiooni -ja keskk\u00fcttev\u00f5rkude soojusisolatsioon<\/li>\n<li>skelettkonstruktsioonide monteeritavate puitelementide helikindlus, \u00fchendamine ja tihendamine<\/li>\n<\/ul>\n","protected":false},"excerpt":{"rendered":"<p>\u00dchekomponentne p\u00fcstol, madala paisumisega, leegiaeglustav pol\u00fcuretaanist koosnev koost ja isolatsioonvaht, mida iseloomustab suletud elementide \u00fchtlane ja korrap\u00e4rane struktuur, madal niiskuseimavus ning suurep\u00e4rased parameetrid soojus- ja heliisolatsiooni valdkonnas. Kasutustemperatuuri vahemik: + 10 \u00b0 C kuni + 35 \u00b0 C<\/p>\n","protected":false},"featured_media":1267,"comment_status":"open","ping_status":"closed","template":"","meta":{"_acf_changed":false},"factory":[],"free-shipment":[],"product_brand":[],"product_cat":[163,167],"product_tag":[157],"class_list":{"0":"post-1265","1":"product","2":"type-product","3":"status-publish","4":"has-post-thumbnail","6":"product_cat-ehituskeemia","7":"product_cat-montaazivahud","8":"product_tag-foams-et-2","10":"first","11":"instock","12":"sale","13":"taxable","14":"shipping-taxable","15":"purchasable","16":"product-type-simple"},"acf":[],"_links":{"self":[{"href":"https:\/\/factory.sale\/et\/wp-json\/wp\/v2\/product\/1265","targetHints":{"allow":["GET"]}}],"collection":[{"href":"https:\/\/factory.sale\/et\/wp-json\/wp\/v2\/product"}],"about":[{"href":"https:\/\/factory.sale\/et\/wp-json\/wp\/v2\/types\/product"}],"replies":[{"embeddable":true,"href":"https:\/\/factory.sale\/et\/wp-json\/wp\/v2\/comments?post=1265"}],"wp:featuredmedia":[{"embeddable":true,"href":"https:\/\/factory.sale\/et\/wp-json\/wp\/v2\/media\/1267"}],"wp:attachment":[{"href":"https:\/\/factory.sale\/et\/wp-json\/wp\/v2\/media?parent=1265"}],"wp:term":[{"taxonomy":"factory","embeddable":true,"href":"https:\/\/factory.sale\/et\/wp-json\/wp\/v2\/factory?post=1265"},{"taxonomy":"free-shipment","embeddable":true,"href":"https:\/\/factory.sale\/et\/wp-json\/wp\/v2\/free-shipment?post=1265"},{"taxonomy":"product_brand","embeddable":true,"href":"https:\/\/factory.sale\/et\/wp-json\/wp\/v2\/product_brand?post=1265"},{"taxonomy":"product_cat","embeddable":true,"href":"https:\/\/factory.sale\/et\/wp-json\/wp\/v2\/product_cat?post=1265"},{"taxonomy":"product_tag","embeddable":true,"href":"https:\/\/factory.sale\/et\/wp-json\/wp\/v2\/product_tag?post=1265"}],"curies":[{"name":"wp","href":"https:\/\/api.w.org\/{rel}","templated":true}]}}