{"id":12648,"date":"2022-09-10T09:02:19","date_gmt":"2022-09-10T09:03:58","guid":{"rendered":"https:\/\/factory.sale\/?post_type=product&#038;p=12648"},"modified":"2024-06-28T21:12:11","modified_gmt":"2024-06-28T21:12:11","slug":"infire-incoza","status":"publish","type":"product","link":"https:\/\/factory.sale\/et\/toode\/infire-incoza\/","title":{"rendered":"InFire Incoza"},"content":{"rendered":"<p>Oma unikaalse disainiga InFire Incoza biokamin sobib suurep\u00e4raselt nii modernsesse kui ka rustikaalsesse interj\u00f6\u00f6ri. See ei n\u00f5ua korstna\u00fchendust ega spetsiaalset ventilatsioonis\u00fcsteemi ning sobib seet\u00f5ttu absoluutselt k\u00f5ikjale \u2013 kodudesse, kontoritesse, restoranidesse v\u00f5i muudesse kliente teenindavatesse ruumidesse. V\u00f5id kindel olla, et kauni disainiga InFire Incoza biokamin ei j\u00e4\u00e4 kellelegi m\u00e4rkamata. Kamin on varustatud 4 mm karastatud klaasiga, mis suurendab ohutust ja stabiliseerib tulejoont.<\/p>\n<p>See biokamin kasutab k\u00fctusena \u00f6koloogiliselt puhast bioetanooli, mis p\u00f5leb \u00fclimalt puhtalt, pakkudes suitsu, gaasita, l\u00f5hnatu ja ohutu tule v\u00f5lu.<\/p>\n<p>&nbsp;<\/p>\n<p><strong>Tooteteave:<\/strong><\/p>\n<ul>\n<li>KAAL: 26 kg<\/li>\n<li>K\u00d5RGUS: 125 cm<\/li>\n<li>LAIUS: 60 cm<\/li>\n<li>S\u00dcGAVUS: 34 cm<\/li>\n<li>PAIGALDAMINE: Vabaltseisev<\/li>\n<li>P\u00d5LEMISAEG: 2-4 tundi<\/li>\n<\/ul>\n","protected":false},"excerpt":{"rendered":"<p>InFire Incoza biokamin sobib suurep\u00e4raselt nii modernsesse kui ka maal\u00e4hedasse interj\u00f6\u00f6ri.<\/p>\n","protected":false},"featured_media":12634,"comment_status":"open","ping_status":"closed","template":"","meta":{"_acf_changed":false},"factory":[],"free-shipment":[],"product_brand":[],"product_cat":[1253,2630],"product_tag":[],"class_list":{"0":"post-12648","1":"product","2":"type-product","3":"status-publish","4":"has-post-thumbnail","6":"product_cat-bio-kaminad","7":"product_cat-infire-et","9":"first","10":"instock","11":"sale","12":"taxable","13":"shipping-taxable","14":"purchasable","15":"product-type-simple"},"acf":[],"_links":{"self":[{"href":"https:\/\/factory.sale\/et\/wp-json\/wp\/v2\/product\/12648","targetHints":{"allow":["GET"]}}],"collection":[{"href":"https:\/\/factory.sale\/et\/wp-json\/wp\/v2\/product"}],"about":[{"href":"https:\/\/factory.sale\/et\/wp-json\/wp\/v2\/types\/product"}],"replies":[{"embeddable":true,"href":"https:\/\/factory.sale\/et\/wp-json\/wp\/v2\/comments?post=12648"}],"wp:featuredmedia":[{"embeddable":true,"href":"https:\/\/factory.sale\/et\/wp-json\/wp\/v2\/media\/12634"}],"wp:attachment":[{"href":"https:\/\/factory.sale\/et\/wp-json\/wp\/v2\/media?parent=12648"}],"wp:term":[{"taxonomy":"factory","embeddable":true,"href":"https:\/\/factory.sale\/et\/wp-json\/wp\/v2\/factory?post=12648"},{"taxonomy":"free-shipment","embeddable":true,"href":"https:\/\/factory.sale\/et\/wp-json\/wp\/v2\/free-shipment?post=12648"},{"taxonomy":"product_brand","embeddable":true,"href":"https:\/\/factory.sale\/et\/wp-json\/wp\/v2\/product_brand?post=12648"},{"taxonomy":"product_cat","embeddable":true,"href":"https:\/\/factory.sale\/et\/wp-json\/wp\/v2\/product_cat?post=12648"},{"taxonomy":"product_tag","embeddable":true,"href":"https:\/\/factory.sale\/et\/wp-json\/wp\/v2\/product_tag?post=12648"}],"curies":[{"name":"wp","href":"https:\/\/api.w.org\/{rel}","templated":true}]}}