{"id":12627,"date":"2022-09-10T08:27:25","date_gmt":"2022-09-10T08:39:32","guid":{"rendered":"https:\/\/factory.sale\/?post_type=product&#038;p=12627"},"modified":"2024-07-03T16:26:35","modified_gmt":"2024-07-03T16:26:35","slug":"infire-incube","status":"publish","type":"product","link":"https:\/\/factory.sale\/et\/toode\/infire-incube\/","title":{"rendered":"InFire Incube"},"content":{"rendered":"<p>INCUBE on eraldiseisev kamin, mida oma geomeetrilise s\u00fcmmeetria t\u00f5ttu saab paigutada praktiliselt igasse interj\u00f6\u00f6ri &#8211; nii vastu seina kui ka eelk\u00f5ige ruumi keskele.<\/p>\n<p>&nbsp;<\/p>\n<p><strong>Tooteteave:<\/strong><\/p>\n<ul>\n<li>M\u00f5\u00f5dud: 1100 x 650 x 300<\/li>\n<li>Mahutavus: 1,5 L<\/li>\n<li>P\u00f5leti: 800 mm roostevaba teras<\/li>\n<li>P\u00f5lemine: 2-4 tundi<\/li>\n<li>Klaas: karastatud klaas 4mm<\/li>\n<li>Garantii: 24 kuud<\/li>\n<li>V\u00e4rvus: must, valge, pulberv\u00e4rvitud roostevaba teras<\/li>\n<li>Kaal: 22 kg<\/li>\n<li>Paigaldus: eraldiseisev<\/li>\n<\/ul>\n","protected":false},"excerpt":{"rendered":"<p>INCUBE on eraldiseisev kamin, mida oma geomeetrilise s\u00fcmmeetria t\u00f5ttu saab paigutada praktiliselt igasse interj\u00f6\u00f6ri &#8211; nii vastu seina kui ka eelk\u00f5ige ruumi keskele.<\/p>\n","protected":false},"featured_media":12607,"comment_status":"open","ping_status":"closed","template":"","meta":{"_acf_changed":false},"factory":[],"free-shipment":[],"product_brand":[],"product_cat":[1253,2630],"product_tag":[],"class_list":{"0":"post-12627","1":"product","2":"type-product","3":"status-publish","4":"has-post-thumbnail","6":"product_cat-bio-kaminad","7":"product_cat-infire-et","9":"first","10":"instock","11":"sale","12":"taxable","13":"shipping-taxable","14":"purchasable","15":"product-type-simple"},"acf":[],"_links":{"self":[{"href":"https:\/\/factory.sale\/et\/wp-json\/wp\/v2\/product\/12627","targetHints":{"allow":["GET"]}}],"collection":[{"href":"https:\/\/factory.sale\/et\/wp-json\/wp\/v2\/product"}],"about":[{"href":"https:\/\/factory.sale\/et\/wp-json\/wp\/v2\/types\/product"}],"replies":[{"embeddable":true,"href":"https:\/\/factory.sale\/et\/wp-json\/wp\/v2\/comments?post=12627"}],"wp:featuredmedia":[{"embeddable":true,"href":"https:\/\/factory.sale\/et\/wp-json\/wp\/v2\/media\/12607"}],"wp:attachment":[{"href":"https:\/\/factory.sale\/et\/wp-json\/wp\/v2\/media?parent=12627"}],"wp:term":[{"taxonomy":"factory","embeddable":true,"href":"https:\/\/factory.sale\/et\/wp-json\/wp\/v2\/factory?post=12627"},{"taxonomy":"free-shipment","embeddable":true,"href":"https:\/\/factory.sale\/et\/wp-json\/wp\/v2\/free-shipment?post=12627"},{"taxonomy":"product_brand","embeddable":true,"href":"https:\/\/factory.sale\/et\/wp-json\/wp\/v2\/product_brand?post=12627"},{"taxonomy":"product_cat","embeddable":true,"href":"https:\/\/factory.sale\/et\/wp-json\/wp\/v2\/product_cat?post=12627"},{"taxonomy":"product_tag","embeddable":true,"href":"https:\/\/factory.sale\/et\/wp-json\/wp\/v2\/product_tag?post=12627"}],"curies":[{"name":"wp","href":"https:\/\/api.w.org\/{rel}","templated":true}]}}